{"id":6694,"date":"2021-04-12T17:02:24","date_gmt":"2021-04-12T23:02:24","guid":{"rendered":"https:\/\/www.cannamm.com\/?page_id=6694"},"modified":"2024-03-06T11:30:07","modified_gmt":"2024-03-06T18:30:07","slug":"edmonton","status":"publish","type":"page","link":"https:\/\/www.cannamm.com\/fr\/contact\/heures-de-bureau-et-localisations-corporate-office-et-branch\/edmonton\/","title":{"rendered":"Edmonton Locations"},"content":{"rendered":"<p>Nous sommes le guichet unique au Canada pour les organisations soucieuses de la s\u00e9curit\u00e9 qui cherchent \u00e0 r\u00e9duire les risques pour la sant\u00e9 et la s\u00e9curit\u00e9 de leurs employ\u00e9s dus aux drogues et \u00e0 l\u2019alcool.<\/p>\n<p>Edmonton est notre maison. Notre si\u00e8ge social est bas\u00e9 dans cette ville, ainsi que sur trois sites dans les r\u00e9gions Sud, Nord et Ouest. Avec ces sites, nous sommes fiers de fournir \u00e0 Edmonton des services tels que l&rsquo;\u00e9laboration et le soutien efficaces de politiques, la formation de sensibilisation pour les superviseurs et le personnel, les \u00e9valuations de la sant\u00e9, les services de m\u00e9decin examinateur (MRO), la communication des r\u00e9sultats via notre portail en ligne s\u00e9curis\u00e9 pour les administrateurs et les \u00e9valuations de la toxicomanie. et les programmes de retour au travail.<\/p>\n<p>CannAmm fournit un service fiable et rapide en utilisant des pratiques de r\u00e9f\u00e9rence pour garantir que nos clients re\u00e7oivent toujours des r\u00e9sultats fiables. C\u2019est pourquoi un grand pourcentage des principaux entrepreneurs, soci\u00e9t\u00e9s d\u2019\u00e9nergie, mines, propri\u00e9taires de sites, soci\u00e9t\u00e9s de transport, fabricants industriels et autres organisations sensibles \u00e0 la s\u00e9curit\u00e9 au Canada choisissent CannAmm.<\/p>\n<h2><span style=\"font-weight: 400;\">Bureau corporatif d&rsquo;Edmonton<\/span><\/h2>\n<p>Le si\u00e8ge social de CannAmm est l&rsquo;un des deux si\u00e8ges sociaux du pays. Construit sur une philosophie consistant \u00e0 \u00abfaire les choses correctement, rapidement\u00bb, CannAmm est devenu le fournisseur de r\u00e9sultats de tests professionnels le plus fiable au Canada et un conseiller pr\u00e9cieux pour nos clients sur la fa\u00e7on d&rsquo;\u00e9tablir et de g\u00e9rer des programmes de test qui les aident \u00e0 atteindre leurs objectifs de s\u00e9curit\u00e9 au travail. , tout en prot\u00e9geant la vie priv\u00e9e et les droits de l&rsquo;homme de leur ressource la plus pr\u00e9cieuse: leur peuple.<\/p>\n<p>Ce si\u00e8ge social accueille les membres de l&rsquo;\u00e9quipe de direction, le service marketing, l&rsquo;informatique, les services \u00e0 la client\u00e8le, certains membres de l&rsquo;\u00e9quipe des ventes et du RSAP, notre responsable de la confidentialit\u00e9, le sp\u00e9cialiste FFE, les finances, les ressources humaines, ainsi qu&rsquo;un centre d&rsquo;appels pr\u00eat \u00e0 prendre et diriger les appels des clients de mani\u00e8re coh\u00e9rente.<\/p>\n<p><span style=\"font-weight: 400;\">\u00a0<\/span><\/p>\n<h2><span style=\"font-weight: 400;\">Edmonton Nord<\/span><\/h2>\n<p><span style=\"font-weight: 400;\">La plus r\u00e9cente \u00e9dition des sites de collecte d&rsquo;Edmonton se trouve du c\u00f4t\u00e9 nord de la ville. \u00c0 proximit\u00e9 du bingo de Fort Road, CannAmm North est dot\u00e9 des derni\u00e8res technologies et de la zone d&rsquo;attente la plus confortable et accueillante pour ceux qui viennent tester. Cr\u00e9\u00e9 pour accueillir plus de rendez-vous et \u00eatre id\u00e9alement situ\u00e9 pour ceux du c\u00f4t\u00e9 nord de la ville, CannAmm Edmonton North r\u00e9pond \u00e0 une vari\u00e9t\u00e9 de besoins en mati\u00e8re <a href=\"https:\/\/www.cannamm.com\/fr\/services\/tests-de-sante-au-travail\/\">de tests professionnels<\/a>. Il s&rsquo;agit de l&rsquo;un des trois \u00e9tablissements CannAmm d&rsquo;Edmonton.<\/span><\/p>\n<p><span style=\"font-weight: 400;\">\u00a0<\/span><\/p>\n<h3><span style=\"font-weight: 400;\">Services d&rsquo;essais chez CannAmm Edmonton Nord<\/span><\/h3>\n<ul>\n<li style=\"font-weight: 400;\" aria-level=\"1\"><a href=\"https:\/\/www.cannamm.com\/fr\/services\/tests-de-depistage-de-drogue-et-dalcool\/les-raisons-du-depistage\/tests-aleatoires-de-depistage-de-drogue-et-dalcool\/\"><span style=\"font-weight: 400;\">random drug and alcohol testing<\/span><\/a><\/li>\n<li style=\"font-weight: 400;\" aria-level=\"1\"><a href=\"https:\/\/www.cannamm.com\/fr\/services\/tests-de-depistage-de-drogue-et-dalcool\/alcootest-analyse-dhaleine\/\"><span style=\"font-weight: 400;\">breath alcohol testing<\/span><\/a><\/li>\n<li style=\"font-weight: 400;\" aria-level=\"1\"><a href=\"https:\/\/www.cannamm.com\/fr\/services\/tests-de-depistage-de-drogue-et-dalcool\/tests-de-depistage-de-drogue-par-voie-oralesalivaire\/\"><span style=\"font-weight: 400;\">oral fluid testing\/ saliva drug testing<\/span><\/a><\/li>\n<li style=\"font-weight: 400;\" aria-level=\"1\"><span style=\"font-weight: 400;\">hair testing<\/span><\/li>\n<li style=\"font-weight: 400;\" aria-level=\"1\"><a href=\"https:\/\/www.cannamm.com\/fr\/services\/tests-de-sante-au-travail\/tests-daudition\/\"><span style=\"font-weight: 400;\">audios<\/span><\/a><\/li>\n<li style=\"font-weight: 400;\" aria-level=\"1\"><span style=\"font-weight: 400;\">mask fitting<\/span><\/li>\n<li style=\"font-weight: 400;\" aria-level=\"1\"><a href=\"https:\/\/www.cannamm.com\/fr\/services\/tests-de-sante-au-travail\/tests-respiratoires\/\"><span style=\"font-weight: 400;\">pulmonary function testing (PFT)<\/span><\/a><\/li>\n<li style=\"font-weight: 400;\" aria-level=\"1\"><span style=\"font-weight: 400;\">electrocardiogram (ECG)<\/span><\/li>\n<li style=\"font-weight: 400;\" aria-level=\"1\"><span style=\"font-weight: 400;\">nurse medicals<\/span><\/li>\n<li style=\"font-weight: 400;\" aria-level=\"1\"><span style=\"font-weight: 400;\">back assessments<\/span><\/li>\n<li style=\"font-weight: 400;\" aria-level=\"1\"><span style=\"font-weight: 400;\">visual testing<\/span><\/li>\n<li style=\"font-weight: 400;\" aria-level=\"1\"><span style=\"font-weight: 400;\">immunizations<\/span><\/li>\n<li style=\"font-weight: 400;\" aria-level=\"1\"><span style=\"font-weight: 400;\">bloodwork<\/span><\/li>\n<\/ul>\n<p>En plus de ces services, cet emplacement accueille \u00e9galement des tests post-accidentels 24 heures sur 24, 7 jours sur 7, et effectue <a href=\"https:\/\/www.cannamm.com\/fr\/services\/tests-de-condition-physique\/\">des \u00e9valuations de la condition physique fonctionnelle<\/a> avec l&rsquo;aide de repr\u00e9sentants de CBI Health.<\/p>\n<p>En tant que chefs de file du march\u00e9, nous comprenons la n\u00e9cessit\u00e9 d&rsquo;\u00eatre au top des options de tests professionnels les plus efficaces et les plus efficaces. Avec l&rsquo;objectif global d&rsquo;am\u00e9liorer la s\u00e9curit\u00e9 au travail, CannAmm fournit des services, des solutions et une expertise pour aider les entreprises \u00e0 cr\u00e9er une main-d&rsquo;\u0153uvre sans drogue. Avec chaque test ex\u00e9cut\u00e9 de la plus haute qualit\u00e9, et effectu\u00e9 de mani\u00e8re professionnelle, les individus peuvent \u00eatre assur\u00e9s que les r\u00e9sultats g\u00e9n\u00e9r\u00e9s sont d\u00e9fendables.<\/p>\n<p>Dans le but (si possible) de faire entrer et sortir les gens de nos installations de test et de retourner au travail le plus rapidement possible, nous nous assurons que les actions \u00aben coulisse\u00bb semblent rapides, transparentes et simples. En raison de la nature sensible et importante de ces tests, nos \u00e9quipes de collecte sont form\u00e9es pour effectuer ces tests avec la plus grande prudence et pr\u00e9cision. En tant que pionnier dans les domaines de la sant\u00e9 au travail et des tests de d\u00e9pistage de drogues et d&rsquo;alcool, nous \u00e9tablissons la norme. Nous faisons les choses correctement &#8211; rapidement.<\/p>\n<p>&nbsp;<\/p>\n<h2><span style=\"font-weight: 400;\">Edmonton Sud<\/span><\/h2>\n<p>CannAmm Edmonton South est un \u00e9tablissement \u00e0 service complet et \u00e0 la fine pointe de la technologie offrant une gamme de services, notamment: d\u00e9pistage des drogues dans l&rsquo;urine, analyse de la salive \/ liquide bucco-dentaire, alcootests, tests al\u00e9atoires de d\u00e9pistage de drogues et d&rsquo;alcool, tests audiom\u00e9triques (audition), fonction pulmonaire ( tests respiratoires), surveillance de l&rsquo;exposition aux dangers sur le lieu de travail, tests m\u00e9dicaux et \u00e9valuations de l&rsquo;aptitude fonctionnelle. Sachant que toutes les entreprises ne fonctionnent pas de la m\u00eame mani\u00e8re, CannAmm est fi\u00e8re de pouvoir personnaliser ces tests afin de r\u00e9pondre aux besoins des clients.<\/p>\n<h3><span style=\"font-weight: 400;\">Services d&rsquo;essais chez CannAmm Edmonton Sud<\/span><\/h3>\n<p>Cet emplacement \u00e0 la fine pointe de la technologie offre une gamme de services, notamment:<\/p>\n<ul>\n<li style=\"font-weight: 400;\" aria-level=\"1\"><a href=\"https:\/\/www.cannamm.com\/fr\/services\/tests-de-depistage-de-drogue-et-dalcool\/test-de-depistage-de-drogue-dans-lurine\/\"><span style=\"font-weight: 400;\">urine drug testing<\/span><\/a><\/li>\n<li style=\"font-weight: 400;\" aria-level=\"1\"><a href=\"https:\/\/www.cannamm.com\/fr\/services\/tests-de-depistage-de-drogue-et-dalcool\/tests-de-depistage-de-drogue-par-voie-oralesalivaire\/\"><span style=\"font-weight: 400;\">oral fluid\/saliva drug testing<\/span><\/a><\/li>\n<li style=\"font-weight: 400;\" aria-level=\"1\"><a href=\"https:\/\/www.cannamm.com\/fr\/services\/tests-de-depistage-de-drogue-et-dalcool\/alcootest-analyse-dhaleine\/\"><span style=\"font-weight: 400;\">breath alcohol testing<\/span><\/a><\/li>\n<li style=\"font-weight: 400;\" aria-level=\"1\"><a href=\"https:\/\/www.cannamm.com\/fr\/services\/tests-de-depistage-de-drogue-et-dalcool\/les-raisons-du-depistage\/tests-aleatoires-de-depistage-de-drogue-et-dalcool\/\"><span style=\"font-weight: 400;\">random drug and alcohol testing<\/span><\/a><\/li>\n<li style=\"font-weight: 400;\" aria-level=\"1\"><a href=\"https:\/\/www.cannamm.com\/fr\/services\/tests-de-sante-au-travail\/tests-daudition\/\"><span style=\"font-weight: 400;\">audiometric (hearing) testing<\/span><\/a><\/li>\n<li style=\"font-weight: 400;\" aria-level=\"1\"><a href=\"https:\/\/www.cannamm.com\/fr\/services\/tests-de-sante-au-travail\/tests-respiratoires\/\"><span style=\"font-weight: 400;\">pulmonary function (respiratory) testing<\/span><\/a><\/li>\n<li style=\"font-weight: 400;\" aria-level=\"1\"><a href=\"https:\/\/www.cannamm.com\/fr\/services\/tests-de-sante-au-travail\/surveillance-dexposition-au-risque-en-milieu-de-travail\/\"><span style=\"font-weight: 400;\">workplace hazardous exposure monitoring<\/span><\/a><\/li>\n<li style=\"font-weight: 400;\" aria-level=\"1\"><a href=\"https:\/\/www.cannamm.com\/fr\/services\/tests-de-condition-physique\/\"><span style=\"font-weight: 400;\">medical evaluations<\/span><\/a><span style=\"font-weight: 400;\">\u00a0<\/span><\/li>\n<\/ul>\n<p>Sachant que toutes les entreprises ne fonctionnent pas de la m\u00eame mani\u00e8re, CannAmm est fi\u00e8re de pouvoir personnaliser ces tests afin de r\u00e9pondre aux besoins des clients.<\/p>\n<p>L\u2019offre de services de CannAmm couvre toute la gamme des services d\u2019essais professionnels. Nous sommes le guichet unique au Canada pour les organisations soucieuses de la s\u00e9curit\u00e9 qui cherchent \u00e0 r\u00e9duire les risques pour la sant\u00e9 et la s\u00e9curit\u00e9 de leurs employ\u00e9s dus aux drogues et \u00e0 l\u2019alcool.<\/p>\n<p>CannAmm fournit un service fiable et rapide en utilisant des pratiques de r\u00e9f\u00e9rence pour garantir que nos clients re\u00e7oivent toujours des r\u00e9sultats fiables. C\u2019est pourquoi un grand pourcentage des principaux entrepreneurs, soci\u00e9t\u00e9s d\u2019\u00e9nergie, mines, propri\u00e9taires de sites, soci\u00e9t\u00e9s de transport, fabricants industriels et autres organisations sensibles \u00e0 la s\u00e9curit\u00e9 au Canada choisissent CannAmm.<\/p>\n<h2><span style=\"font-weight: 400;\">Edmonton Ouest<\/span><\/h2>\n<p>Juste au nord du West Edmonton Mall, dans un centre commercial de la 170e rue, CannAmm Edmonton-West est l&rsquo;un des trois endroits de la ville. En entrant dans ce bureau, vous verrez un mur rempli de salles de collecte et serez accueillis par les experts qui aident \u00e0 administrer les tests appropri\u00e9s aux donneurs.<\/p>\n<h3><span style=\"font-weight: 400;\">Services d&rsquo;essais chez CannAmm Edmonton West<\/span><\/h3>\n<ul>\n<li style=\"font-weight: 400;\" aria-level=\"1\"><a href=\"https:\/\/www.cannamm.com\/fr\/services\/tests-de-depistage-de-drogue-et-dalcool\/test-de-depistage-de-drogue-dans-lurine\/\"><span style=\"font-weight: 400;\">urine drug testing<\/span><\/a><\/li>\n<li style=\"font-weight: 400;\" aria-level=\"1\"><a href=\"https:\/\/www.cannamm.com\/fr\/services\/tests-de-depistage-de-drogue-et-dalcool\/tests-de-depistage-de-drogue-par-voie-oralesalivaire\/\"><span style=\"font-weight: 400;\">oral fluid\/saliva drug testing<\/span><\/a><\/li>\n<li style=\"font-weight: 400;\" aria-level=\"1\"><a href=\"https:\/\/www.cannamm.com\/fr\/services\/tests-de-depistage-de-drogue-et-dalcool\/alcootest-analyse-dhaleine\/\"><span style=\"font-weight: 400;\">breath and alcohol testing<\/span><\/a><\/li>\n<li style=\"font-weight: 400;\" aria-level=\"1\"><a href=\"https:\/\/www.cannamm.com\/fr\/services\/tests-de-depistage-de-drogue-et-dalcool\/tests-durgenceen-dehors-des-heures-de-travail\/\"><span style=\"font-weight: 400;\">emergency\/after-hours testing<\/span><\/a><span style=\"font-weight: 400;\">\u00a0<\/span><\/li>\n<\/ul>\n<h2><span style=\"font-weight: 400;\">Programmes de formation disponibles au CannAmm Edmonton West<\/span><\/h2>\n<p>Cet emplacement de l&rsquo;ouest d&rsquo;Edmonton abrite \u00e9galement quelques <a href=\"https:\/\/www.cannamm.com\/fr\/services\/formation\/\">programmes de formation<\/a> avanc\u00e9e de sensibilisation des superviseurs et des superviseurs qui sont offerts en salle de classe aux personnes int\u00e9ress\u00e9es.<\/p>\n<p><span style=\"font-weight: 400;\">This west Edmonton location is also home to a few supervisor and advanced supervisor awareness<\/span><a href=\"https:\/\/www.cannamm.com\/fr\/services\/formation\/\"> <span style=\"font-weight: 400;\">training programs<\/span><\/a><span style=\"font-weight: 400;\"> that are delivered in a classroom setting to those interested. Chaque cours dure quatre heures et offre un forum de discussion interactif et informatif pour les gestionnaires, les superviseurs ou les employ\u00e9s responsables de la s\u00e9curit\u00e9 au travail. Pour consulter le programme de formation, <a href=\"https:\/\/www.cannamm.com\/fr\/services\/formation\/horaires-des-formation\/\">cliquez ici.<\/a><\/span><\/p>\n<ul>\n<li aria-level=\"1\"><a href=\"https:\/\/www.cannamm.com\/fr\/services\/formation\/formation-et-sensibilisation-aux-drogues-et-a-lalcool\/formation-et-sensibilisation-des-superviseurs\/\">La formation de sensibilisation des superviseurs<\/a> renseignera les clients sur les bases d&rsquo;un programme d&rsquo;aptitude au travail, ainsi que sur les signes et sympt\u00f4mes de consommation et d&rsquo;abus de drogues et d&rsquo;alcool. Il propose des approches et la documentation requise pour les tests de cause raisonnable.<\/li>\n<\/ul>\n<p>Tous les programmes de formation sont \u00e9labor\u00e9s et dispens\u00e9s par certaines des personnes les plus exp\u00e9riment\u00e9es et les plus comp\u00e9tentes dans le domaine des tests de d\u00e9pistage de drogues et d&rsquo;alcool \u00e0 l&rsquo;heure actuelle. Pour en savoir plus ou <a href=\"https:\/\/www.cannamm.com\/fr\/services\/formation\/\">pour vous inscrire \u00e0 une session de formation<\/a>, contactez <a href=\"mailto:training@cannamm.com\">training@cannamm.com.<\/a><\/p>\n","protected":false},"excerpt":{"rendered":"<p>Nous sommes le guichet unique au Canada pour les organisations soucieuses de la s\u00e9curit\u00e9 qui cherchent<\/p>\n","protected":false},"author":15,"featured_media":0,"parent":6050,"menu_order":0,"comment_status":"closed","ping_status":"closed","template":"template-locations.php","meta":{"_acf_changed":false,"inline_featured_image":false,"iawp_total_views":34,"footnotes":""},"class_list":["post-6694","page","type-page","status-publish","hentry"],"acf":[],"yoast_head":"<!-- This site is optimized with the Yoast SEO plugin v27.3 - https:\/\/yoast.com\/product\/yoast-seo-wordpress\/ -->\n<title>Our Edmonton Locations | CannAmm Occupational Testing<\/title>\n<meta name=\"description\" content=\"YEG abrite notre si\u00e8ge social et 3 sites au Sud, au Nord et \u00e0 l&#039;Ouest. Nous fournissons des services de tests et de formation. Visitez-nous aujourd&#039;hui.\" \/>\n<meta name=\"robots\" content=\"index, follow, max-snippet:-1, max-image-preview:large, max-video-preview:-1\" \/>\n<link rel=\"canonical\" href=\"https:\/\/www.cannamm.com\/fr\/contact\/heures-de-bureau-et-localisations-corporate-office-et-branch\/edmonton\/\" \/>\n<meta property=\"og:locale\" content=\"fr_FR\" \/>\n<meta property=\"og:type\" content=\"article\" \/>\n<meta property=\"og:title\" content=\"Our Edmonton Locations | CannAmm Occupational Testing\" \/>\n<meta property=\"og:description\" content=\"YEG abrite notre si\u00e8ge social et 3 sites au Sud, au Nord et \u00e0 l&#039;Ouest. Nous fournissons des services de tests et de formation. Visitez-nous aujourd&#039;hui.\" \/>\n<meta property=\"og:url\" content=\"https:\/\/www.cannamm.com\/fr\/contact\/heures-de-bureau-et-localisations-corporate-office-et-branch\/edmonton\/\" \/>\n<meta property=\"og:site_name\" content=\"CannAmm Occupational Testing Services\" \/>\n<meta property=\"article:publisher\" content=\"https:\/\/www.facebook.com\/CannAmm\/\" \/>\n<meta property=\"article:modified_time\" content=\"2024-03-06T18:30:07+00:00\" \/>\n<meta name=\"twitter:card\" content=\"summary_large_image\" \/>\n<meta name=\"twitter:site\" content=\"@CannAmm\" \/>\n<meta name=\"twitter:label1\" content=\"Dur\u00e9e de lecture estim\u00e9e\" \/>\n\t<meta name=\"twitter:data1\" content=\"6 minutes\" \/>\n<script type=\"application\/ld+json\" class=\"yoast-schema-graph\">{\"@context\":\"https:\\\/\\\/schema.org\",\"@graph\":[{\"@type\":\"WebPage\",\"@id\":\"https:\\\/\\\/www.cannamm.com\\\/fr\\\/contact\\\/heures-de-bureau-et-localisations-corporate-office-et-branch\\\/edmonton\\\/\",\"url\":\"https:\\\/\\\/www.cannamm.com\\\/fr\\\/contact\\\/heures-de-bureau-et-localisations-corporate-office-et-branch\\\/edmonton\\\/\",\"name\":\"Our Edmonton Locations | CannAmm Occupational Testing\",\"isPartOf\":{\"@id\":\"https:\\\/\\\/www.cannamm.com\\\/fr\\\/#website\"},\"datePublished\":\"2021-04-12T23:02:24+00:00\",\"dateModified\":\"2024-03-06T18:30:07+00:00\",\"description\":\"YEG abrite notre si\u00e8ge social et 3 sites au Sud, au Nord et \u00e0 l'Ouest. Nous fournissons des services de tests et de formation. Visitez-nous aujourd'hui.\",\"breadcrumb\":{\"@id\":\"https:\\\/\\\/www.cannamm.com\\\/fr\\\/contact\\\/heures-de-bureau-et-localisations-corporate-office-et-branch\\\/edmonton\\\/#breadcrumb\"},\"inLanguage\":\"fr-FR\",\"potentialAction\":[{\"@type\":\"ReadAction\",\"target\":[\"https:\\\/\\\/www.cannamm.com\\\/fr\\\/contact\\\/heures-de-bureau-et-localisations-corporate-office-et-branch\\\/edmonton\\\/\"]}]},{\"@type\":\"BreadcrumbList\",\"@id\":\"https:\\\/\\\/www.cannamm.com\\\/fr\\\/contact\\\/heures-de-bureau-et-localisations-corporate-office-et-branch\\\/edmonton\\\/#breadcrumb\",\"itemListElement\":[{\"@type\":\"ListItem\",\"position\":1,\"name\":\"Contact\",\"item\":\"https:\\\/\\\/www.cannamm.com\\\/fr\\\/contact\\\/\"},{\"@type\":\"ListItem\",\"position\":2,\"name\":\"Heures de Bureau et Localisations \\\/ Corporate Office et Branch\",\"item\":\"https:\\\/\\\/www.cannamm.com\\\/fr\\\/contact\\\/heures-de-bureau-et-localisations-corporate-office-et-branch\\\/\"},{\"@type\":\"ListItem\",\"position\":3,\"name\":\"Edmonton Locations\"}]},{\"@type\":\"WebSite\",\"@id\":\"https:\\\/\\\/www.cannamm.com\\\/fr\\\/#website\",\"url\":\"https:\\\/\\\/www.cannamm.com\\\/fr\\\/\",\"name\":\"CannAmm Occupational Testing Services\",\"description\":\"Occupational &amp; Employment Drug Testing Services Canada\",\"publisher\":{\"@id\":\"https:\\\/\\\/www.cannamm.com\\\/fr\\\/#organization\"},\"potentialAction\":[{\"@type\":\"SearchAction\",\"target\":{\"@type\":\"EntryPoint\",\"urlTemplate\":\"https:\\\/\\\/www.cannamm.com\\\/fr\\\/?s={search_term_string}\"},\"query-input\":{\"@type\":\"PropertyValueSpecification\",\"valueRequired\":true,\"valueName\":\"search_term_string\"}}],\"inLanguage\":\"fr-FR\"},{\"@type\":\"Organization\",\"@id\":\"https:\\\/\\\/www.cannamm.com\\\/fr\\\/#organization\",\"name\":\"CannAmm Occupational Testing\",\"url\":\"https:\\\/\\\/www.cannamm.com\\\/fr\\\/\",\"logo\":{\"@type\":\"ImageObject\",\"inLanguage\":\"fr-FR\",\"@id\":\"https:\\\/\\\/www.cannamm.com\\\/fr\\\/#\\\/schema\\\/logo\\\/image\\\/\",\"url\":\"https:\\\/\\\/www.cannamm.com\\\/wp-content\\\/uploads\\\/2021\\\/04\\\/CannAmm-Square.jpg\",\"contentUrl\":\"https:\\\/\\\/www.cannamm.com\\\/wp-content\\\/uploads\\\/2021\\\/04\\\/CannAmm-Square.jpg\",\"width\":400,\"height\":400,\"caption\":\"CannAmm Occupational Testing\"},\"image\":{\"@id\":\"https:\\\/\\\/www.cannamm.com\\\/fr\\\/#\\\/schema\\\/logo\\\/image\\\/\"},\"sameAs\":[\"https:\\\/\\\/www.facebook.com\\\/CannAmm\\\/\",\"https:\\\/\\\/x.com\\\/CannAmm\",\"https:\\\/\\\/www.linkedin.com\\\/company\\\/2537762\"]}]}<\/script>\n<!-- \/ Yoast SEO plugin. -->","yoast_head_json":{"title":"Our Edmonton Locations | CannAmm Occupational Testing","description":"YEG abrite notre si\u00e8ge social et 3 sites au Sud, au Nord et \u00e0 l'Ouest. Nous fournissons des services de tests et de formation. Visitez-nous aujourd'hui.","robots":{"index":"index","follow":"follow","max-snippet":"max-snippet:-1","max-image-preview":"max-image-preview:large","max-video-preview":"max-video-preview:-1"},"canonical":"https:\/\/www.cannamm.com\/fr\/contact\/heures-de-bureau-et-localisations-corporate-office-et-branch\/edmonton\/","og_locale":"fr_FR","og_type":"article","og_title":"Our Edmonton Locations | CannAmm Occupational Testing","og_description":"YEG abrite notre si\u00e8ge social et 3 sites au Sud, au Nord et \u00e0 l'Ouest. Nous fournissons des services de tests et de formation. Visitez-nous aujourd'hui.","og_url":"https:\/\/www.cannamm.com\/fr\/contact\/heures-de-bureau-et-localisations-corporate-office-et-branch\/edmonton\/","og_site_name":"CannAmm Occupational Testing Services","article_publisher":"https:\/\/www.facebook.com\/CannAmm\/","article_modified_time":"2024-03-06T18:30:07+00:00","twitter_card":"summary_large_image","twitter_site":"@CannAmm","twitter_misc":{"Dur\u00e9e de lecture estim\u00e9e":"6 minutes"},"schema":{"@context":"https:\/\/schema.org","@graph":[{"@type":"WebPage","@id":"https:\/\/www.cannamm.com\/fr\/contact\/heures-de-bureau-et-localisations-corporate-office-et-branch\/edmonton\/","url":"https:\/\/www.cannamm.com\/fr\/contact\/heures-de-bureau-et-localisations-corporate-office-et-branch\/edmonton\/","name":"Our Edmonton Locations | CannAmm Occupational Testing","isPartOf":{"@id":"https:\/\/www.cannamm.com\/fr\/#website"},"datePublished":"2021-04-12T23:02:24+00:00","dateModified":"2024-03-06T18:30:07+00:00","description":"YEG abrite notre si\u00e8ge social et 3 sites au Sud, au Nord et \u00e0 l'Ouest. Nous fournissons des services de tests et de formation. Visitez-nous aujourd'hui.","breadcrumb":{"@id":"https:\/\/www.cannamm.com\/fr\/contact\/heures-de-bureau-et-localisations-corporate-office-et-branch\/edmonton\/#breadcrumb"},"inLanguage":"fr-FR","potentialAction":[{"@type":"ReadAction","target":["https:\/\/www.cannamm.com\/fr\/contact\/heures-de-bureau-et-localisations-corporate-office-et-branch\/edmonton\/"]}]},{"@type":"BreadcrumbList","@id":"https:\/\/www.cannamm.com\/fr\/contact\/heures-de-bureau-et-localisations-corporate-office-et-branch\/edmonton\/#breadcrumb","itemListElement":[{"@type":"ListItem","position":1,"name":"Contact","item":"https:\/\/www.cannamm.com\/fr\/contact\/"},{"@type":"ListItem","position":2,"name":"Heures de Bureau et Localisations \/ Corporate Office et Branch","item":"https:\/\/www.cannamm.com\/fr\/contact\/heures-de-bureau-et-localisations-corporate-office-et-branch\/"},{"@type":"ListItem","position":3,"name":"Edmonton Locations"}]},{"@type":"WebSite","@id":"https:\/\/www.cannamm.com\/fr\/#website","url":"https:\/\/www.cannamm.com\/fr\/","name":"CannAmm Occupational Testing Services","description":"Occupational &amp; Employment Drug Testing Services Canada","publisher":{"@id":"https:\/\/www.cannamm.com\/fr\/#organization"},"potentialAction":[{"@type":"SearchAction","target":{"@type":"EntryPoint","urlTemplate":"https:\/\/www.cannamm.com\/fr\/?s={search_term_string}"},"query-input":{"@type":"PropertyValueSpecification","valueRequired":true,"valueName":"search_term_string"}}],"inLanguage":"fr-FR"},{"@type":"Organization","@id":"https:\/\/www.cannamm.com\/fr\/#organization","name":"CannAmm Occupational Testing","url":"https:\/\/www.cannamm.com\/fr\/","logo":{"@type":"ImageObject","inLanguage":"fr-FR","@id":"https:\/\/www.cannamm.com\/fr\/#\/schema\/logo\/image\/","url":"https:\/\/www.cannamm.com\/wp-content\/uploads\/2021\/04\/CannAmm-Square.jpg","contentUrl":"https:\/\/www.cannamm.com\/wp-content\/uploads\/2021\/04\/CannAmm-Square.jpg","width":400,"height":400,"caption":"CannAmm Occupational Testing"},"image":{"@id":"https:\/\/www.cannamm.com\/fr\/#\/schema\/logo\/image\/"},"sameAs":["https:\/\/www.facebook.com\/CannAmm\/","https:\/\/x.com\/CannAmm","https:\/\/www.linkedin.com\/company\/2537762"]}]}},"_links":{"self":[{"href":"https:\/\/www.cannamm.com\/fr\/wp-json\/wp\/v2\/pages\/6694","targetHints":{"allow":["GET"]}}],"collection":[{"href":"https:\/\/www.cannamm.com\/fr\/wp-json\/wp\/v2\/pages"}],"about":[{"href":"https:\/\/www.cannamm.com\/fr\/wp-json\/wp\/v2\/types\/page"}],"author":[{"embeddable":true,"href":"https:\/\/www.cannamm.com\/fr\/wp-json\/wp\/v2\/users\/15"}],"replies":[{"embeddable":true,"href":"https:\/\/www.cannamm.com\/fr\/wp-json\/wp\/v2\/comments?post=6694"}],"version-history":[{"count":0,"href":"https:\/\/www.cannamm.com\/fr\/wp-json\/wp\/v2\/pages\/6694\/revisions"}],"up":[{"embeddable":true,"href":"https:\/\/www.cannamm.com\/fr\/wp-json\/wp\/v2\/pages\/6050"}],"wp:attachment":[{"href":"https:\/\/www.cannamm.com\/fr\/wp-json\/wp\/v2\/media?parent=6694"}],"curies":[{"name":"wp","href":"https:\/\/api.w.org\/{rel}","templated":true}]}}