{"id":6534,"date":"2021-01-06T15:54:21","date_gmt":"2021-01-06T22:54:21","guid":{"rendered":"https:\/\/www.cannamm.com\/?page_id=6534"},"modified":"2025-07-16T11:01:46","modified_gmt":"2025-07-16T17:01:46","slug":"grande-prairie","status":"publish","type":"page","link":"https:\/\/www.cannamm.com\/fr\/contact\/heures-de-bureau-et-localisations-corporate-office-et-branch\/grande-prairie\/","title":{"rendered":"GRANDE PRAIRIE"},"content":{"rendered":"<h2>Contact CannAmm Grande Prairie<\/h2>\n<p>CannAmm\u2019s Grande Prairie location, located approximately 456km northwest of Edmonton, focuses on the collections side of the business. In a diverse landscape filled with northern hospitality, the Grand Prairie\u2019s CannAmm location is built for clients in need of a <a href=\"https:\/\/www.cannamm.com\/services\/drug-alcohol-testing\/\">drug and alcohol test<\/a> and\/or <a href=\"https:\/\/www.cannamm.com\/services\/occupational-health-testing\/\">occupational testing services<\/a>.<\/p>\n<p>Equipped with the most qualified staff, donors will be able to take a sigh of relief knowing that all tests are done safely and to industry standards. With the capacity for high volume testing, clients can rest assured that their employees are getting the most accurate testing done, while all being done in a timely manner. This service eases the minds of both donors and the companies sending these people, as it ensures tests are being done in the best way to ensure employees are safely back to work with the least amount of lost time.<\/p>\n<h2>Testing Services at CannAmm Grande Prairie<\/h2>\n<p>Offering an abundance of services allows for CannAmm to become that one-stop shop for clients. It allows donors to come in, get all required tests completed, and leave knowing that everything is taken care of in one go. The services that can be performed include:<\/p>\n<ul>\n<li><a href=\"https:\/\/www.cannamm.com\/services\/drug-alcohol-testing\/urine\/\">urine drug testing<\/a><\/li>\n<li><a href=\"https:\/\/www.cannamm.com\/services\/drug-alcohol-testing\/oral-fluidsaliva-drug-testing\/\">oral fluid\/saliva drug testing<\/a><\/li>\n<li><a href=\"https:\/\/www.cannamm.com\/services\/drug-alcohol-testing\/breath-alcohol-testing\/\">breath alcohol testing<\/a><\/li>\n<li><a href=\"https:\/\/www.cannamm.com\/services\/drug-alcohol-testing\/emergencyafter-hours-testing\/\">emergency\/after-hours testing<\/a><\/li>\n<li><a href=\"https:\/\/www.cannamm.com\/services\/occupational-health-testing\/fitness-testing\/\">medical testing<\/a><\/li>\n<li><a href=\"https:\/\/www.cannamm.com\/services\/functional-fitness-testing\/\">functional fitness evaluations<\/a><\/li>\n<li><a href=\"https:\/\/www.cannamm.com\/services\/occupational-health-testing\/hearing-testing\/\">audiometric (hearing) testing<\/a><\/li>\n<li><a href=\"https:\/\/www.cannamm.com\/services\/occupational-health-testing\/respiratory-testing\/\">pulmonary function (respiratory) testing<\/a><\/li>\n<\/ul>\n<p>Creating a service that can be reliable and dependable in the face of ever-changing industries is what sets CannAmm apart from the competition. Companies need to be sure that the people they are hiring are complying with their own policy, as well as government-set mandates. Testing with CannAmm makes this job of compliance easier by providing gold-standard practices.<\/p>\n","protected":false},"excerpt":{"rendered":"<p>Contact CannAmm Grande Prairie CannAmm\u2019s Grande Prairie location, located approximately 456km northwest of Edmonton, focuses on<\/p>\n","protected":false},"author":15,"featured_media":5999,"parent":6050,"menu_order":0,"comment_status":"closed","ping_status":"closed","template":"template-office.php","meta":{"_acf_changed":false,"inline_featured_image":false,"iawp_total_views":37,"footnotes":""},"class_list":["post-6534","page","type-page","status-publish","has-post-thumbnail","hentry"],"acf":[],"yoast_head":"<!-- This site is optimized with the Yoast SEO plugin v27.5 - https:\/\/yoast.com\/product\/yoast-seo-wordpress\/ -->\n<title>GRANDE PRAIRIE | CannAmm Occupational Testing Services<\/title>\n<meta name=\"description\" content=\"Nous fournissons des services de tests professionnels, y compris des tests de d\u00e9pistage de drogues et d&#039;audition \u00e0 Grande Prairie. R\u00e9servez d\u00e8s aujourd&#039;hui\" \/>\n<meta name=\"robots\" content=\"index, follow, max-snippet:-1, max-image-preview:large, max-video-preview:-1\" \/>\n<link rel=\"canonical\" href=\"https:\/\/www.cannamm.com\/fr\/contact\/heures-de-bureau-et-localisations-corporate-office-et-branch\/grande-prairie\/\" \/>\n<meta property=\"og:locale\" content=\"fr_FR\" \/>\n<meta property=\"og:type\" content=\"article\" \/>\n<meta property=\"og:title\" content=\"GRANDE PRAIRIE | CannAmm Occupational Testing Services\" \/>\n<meta property=\"og:description\" content=\"Nous fournissons des services de tests professionnels, y compris des tests de d\u00e9pistage de drogues et d&#039;audition \u00e0 Grande Prairie. R\u00e9servez d\u00e8s aujourd&#039;hui\" \/>\n<meta property=\"og:url\" content=\"https:\/\/www.cannamm.com\/fr\/contact\/heures-de-bureau-et-localisations-corporate-office-et-branch\/grande-prairie\/\" \/>\n<meta property=\"og:site_name\" content=\"CannAmm Occupational Testing Services\" \/>\n<meta property=\"article:publisher\" content=\"https:\/\/www.facebook.com\/CannAmm\/\" \/>\n<meta property=\"article:modified_time\" content=\"2025-07-16T17:01:46+00:00\" \/>\n<meta property=\"og:image\" content=\"https:\/\/www.cannamm.com\/wp-content\/uploads\/2013\/10\/Silhouette_Construction2.jpg\" \/>\n\t<meta property=\"og:image:width\" content=\"1440\" \/>\n\t<meta property=\"og:image:height\" content=\"466\" \/>\n\t<meta property=\"og:image:type\" content=\"image\/jpeg\" \/>\n<meta name=\"twitter:card\" content=\"summary_large_image\" \/>\n<meta name=\"twitter:site\" content=\"@CannAmm\" \/>\n<meta name=\"twitter:label1\" content=\"Dur\u00e9e de lecture estim\u00e9e\" \/>\n\t<meta name=\"twitter:data1\" content=\"2 minutes\" \/>\n<script type=\"application\/ld+json\" class=\"yoast-schema-graph\">{\"@context\":\"https:\\\/\\\/schema.org\",\"@graph\":[{\"@type\":\"WebPage\",\"@id\":\"https:\\\/\\\/www.cannamm.com\\\/fr\\\/contact\\\/heures-de-bureau-et-localisations-corporate-office-et-branch\\\/grande-prairie\\\/\",\"url\":\"https:\\\/\\\/www.cannamm.com\\\/fr\\\/contact\\\/heures-de-bureau-et-localisations-corporate-office-et-branch\\\/grande-prairie\\\/\",\"name\":\"GRANDE PRAIRIE | CannAmm Occupational Testing Services\",\"isPartOf\":{\"@id\":\"https:\\\/\\\/www.cannamm.com\\\/fr\\\/#website\"},\"primaryImageOfPage\":{\"@id\":\"https:\\\/\\\/www.cannamm.com\\\/fr\\\/contact\\\/heures-de-bureau-et-localisations-corporate-office-et-branch\\\/grande-prairie\\\/#primaryimage\"},\"image\":{\"@id\":\"https:\\\/\\\/www.cannamm.com\\\/fr\\\/contact\\\/heures-de-bureau-et-localisations-corporate-office-et-branch\\\/grande-prairie\\\/#primaryimage\"},\"thumbnailUrl\":\"https:\\\/\\\/www.cannamm.com\\\/wp-content\\\/uploads\\\/2013\\\/10\\\/Silhouette_Construction2.jpg\",\"datePublished\":\"2021-01-06T22:54:21+00:00\",\"dateModified\":\"2025-07-16T17:01:46+00:00\",\"description\":\"Nous fournissons des services de tests professionnels, y compris des tests de d\u00e9pistage de drogues et d'audition \u00e0 Grande Prairie. R\u00e9servez d\u00e8s aujourd'hui\",\"breadcrumb\":{\"@id\":\"https:\\\/\\\/www.cannamm.com\\\/fr\\\/contact\\\/heures-de-bureau-et-localisations-corporate-office-et-branch\\\/grande-prairie\\\/#breadcrumb\"},\"inLanguage\":\"fr-FR\",\"potentialAction\":[{\"@type\":\"ReadAction\",\"target\":[\"https:\\\/\\\/www.cannamm.com\\\/fr\\\/contact\\\/heures-de-bureau-et-localisations-corporate-office-et-branch\\\/grande-prairie\\\/\"]}]},{\"@type\":\"ImageObject\",\"inLanguage\":\"fr-FR\",\"@id\":\"https:\\\/\\\/www.cannamm.com\\\/fr\\\/contact\\\/heures-de-bureau-et-localisations-corporate-office-et-branch\\\/grande-prairie\\\/#primaryimage\",\"url\":\"https:\\\/\\\/www.cannamm.com\\\/wp-content\\\/uploads\\\/2013\\\/10\\\/Silhouette_Construction2.jpg\",\"contentUrl\":\"https:\\\/\\\/www.cannamm.com\\\/wp-content\\\/uploads\\\/2013\\\/10\\\/Silhouette_Construction2.jpg\",\"width\":1440,\"height\":466},{\"@type\":\"BreadcrumbList\",\"@id\":\"https:\\\/\\\/www.cannamm.com\\\/fr\\\/contact\\\/heures-de-bureau-et-localisations-corporate-office-et-branch\\\/grande-prairie\\\/#breadcrumb\",\"itemListElement\":[{\"@type\":\"ListItem\",\"position\":1,\"name\":\"Contact\",\"item\":\"https:\\\/\\\/www.cannamm.com\\\/fr\\\/contact\\\/\"},{\"@type\":\"ListItem\",\"position\":2,\"name\":\"Heures de Bureau et Localisations \\\/ Corporate Office et Branch\",\"item\":\"https:\\\/\\\/www.cannamm.com\\\/fr\\\/contact\\\/heures-de-bureau-et-localisations-corporate-office-et-branch\\\/\"},{\"@type\":\"ListItem\",\"position\":3,\"name\":\"GRANDE PRAIRIE\"}]},{\"@type\":\"WebSite\",\"@id\":\"https:\\\/\\\/www.cannamm.com\\\/fr\\\/#website\",\"url\":\"https:\\\/\\\/www.cannamm.com\\\/fr\\\/\",\"name\":\"CannAmm Occupational Testing Services\",\"description\":\"Occupational &amp; Employment Drug Testing Services Canada\",\"publisher\":{\"@id\":\"https:\\\/\\\/www.cannamm.com\\\/fr\\\/#organization\"},\"potentialAction\":[{\"@type\":\"SearchAction\",\"target\":{\"@type\":\"EntryPoint\",\"urlTemplate\":\"https:\\\/\\\/www.cannamm.com\\\/fr\\\/?s={search_term_string}\"},\"query-input\":{\"@type\":\"PropertyValueSpecification\",\"valueRequired\":true,\"valueName\":\"search_term_string\"}}],\"inLanguage\":\"fr-FR\"},{\"@type\":\"Organization\",\"@id\":\"https:\\\/\\\/www.cannamm.com\\\/fr\\\/#organization\",\"name\":\"CannAmm Occupational Testing\",\"url\":\"https:\\\/\\\/www.cannamm.com\\\/fr\\\/\",\"logo\":{\"@type\":\"ImageObject\",\"inLanguage\":\"fr-FR\",\"@id\":\"https:\\\/\\\/www.cannamm.com\\\/fr\\\/#\\\/schema\\\/logo\\\/image\\\/\",\"url\":\"https:\\\/\\\/www.cannamm.com\\\/wp-content\\\/uploads\\\/2021\\\/04\\\/CannAmm-Square.jpg\",\"contentUrl\":\"https:\\\/\\\/www.cannamm.com\\\/wp-content\\\/uploads\\\/2021\\\/04\\\/CannAmm-Square.jpg\",\"width\":400,\"height\":400,\"caption\":\"CannAmm Occupational Testing\"},\"image\":{\"@id\":\"https:\\\/\\\/www.cannamm.com\\\/fr\\\/#\\\/schema\\\/logo\\\/image\\\/\"},\"sameAs\":[\"https:\\\/\\\/www.facebook.com\\\/CannAmm\\\/\",\"https:\\\/\\\/x.com\\\/CannAmm\",\"https:\\\/\\\/www.linkedin.com\\\/company\\\/2537762\"]}]}<\/script>\n<!-- \/ Yoast SEO plugin. -->","yoast_head_json":{"title":"GRANDE PRAIRIE | CannAmm Occupational Testing Services","description":"Nous fournissons des services de tests professionnels, y compris des tests de d\u00e9pistage de drogues et d'audition \u00e0 Grande Prairie. R\u00e9servez d\u00e8s aujourd'hui","robots":{"index":"index","follow":"follow","max-snippet":"max-snippet:-1","max-image-preview":"max-image-preview:large","max-video-preview":"max-video-preview:-1"},"canonical":"https:\/\/www.cannamm.com\/fr\/contact\/heures-de-bureau-et-localisations-corporate-office-et-branch\/grande-prairie\/","og_locale":"fr_FR","og_type":"article","og_title":"GRANDE PRAIRIE | CannAmm Occupational Testing Services","og_description":"Nous fournissons des services de tests professionnels, y compris des tests de d\u00e9pistage de drogues et d'audition \u00e0 Grande Prairie. R\u00e9servez d\u00e8s aujourd'hui","og_url":"https:\/\/www.cannamm.com\/fr\/contact\/heures-de-bureau-et-localisations-corporate-office-et-branch\/grande-prairie\/","og_site_name":"CannAmm Occupational Testing Services","article_publisher":"https:\/\/www.facebook.com\/CannAmm\/","article_modified_time":"2025-07-16T17:01:46+00:00","og_image":[{"width":1440,"height":466,"url":"https:\/\/www.cannamm.com\/wp-content\/uploads\/2013\/10\/Silhouette_Construction2.jpg","type":"image\/jpeg"}],"twitter_card":"summary_large_image","twitter_site":"@CannAmm","twitter_misc":{"Dur\u00e9e de lecture estim\u00e9e":"2 minutes"},"schema":{"@context":"https:\/\/schema.org","@graph":[{"@type":"WebPage","@id":"https:\/\/www.cannamm.com\/fr\/contact\/heures-de-bureau-et-localisations-corporate-office-et-branch\/grande-prairie\/","url":"https:\/\/www.cannamm.com\/fr\/contact\/heures-de-bureau-et-localisations-corporate-office-et-branch\/grande-prairie\/","name":"GRANDE PRAIRIE | CannAmm Occupational Testing Services","isPartOf":{"@id":"https:\/\/www.cannamm.com\/fr\/#website"},"primaryImageOfPage":{"@id":"https:\/\/www.cannamm.com\/fr\/contact\/heures-de-bureau-et-localisations-corporate-office-et-branch\/grande-prairie\/#primaryimage"},"image":{"@id":"https:\/\/www.cannamm.com\/fr\/contact\/heures-de-bureau-et-localisations-corporate-office-et-branch\/grande-prairie\/#primaryimage"},"thumbnailUrl":"https:\/\/www.cannamm.com\/wp-content\/uploads\/2013\/10\/Silhouette_Construction2.jpg","datePublished":"2021-01-06T22:54:21+00:00","dateModified":"2025-07-16T17:01:46+00:00","description":"Nous fournissons des services de tests professionnels, y compris des tests de d\u00e9pistage de drogues et d'audition \u00e0 Grande Prairie. R\u00e9servez d\u00e8s aujourd'hui","breadcrumb":{"@id":"https:\/\/www.cannamm.com\/fr\/contact\/heures-de-bureau-et-localisations-corporate-office-et-branch\/grande-prairie\/#breadcrumb"},"inLanguage":"fr-FR","potentialAction":[{"@type":"ReadAction","target":["https:\/\/www.cannamm.com\/fr\/contact\/heures-de-bureau-et-localisations-corporate-office-et-branch\/grande-prairie\/"]}]},{"@type":"ImageObject","inLanguage":"fr-FR","@id":"https:\/\/www.cannamm.com\/fr\/contact\/heures-de-bureau-et-localisations-corporate-office-et-branch\/grande-prairie\/#primaryimage","url":"https:\/\/www.cannamm.com\/wp-content\/uploads\/2013\/10\/Silhouette_Construction2.jpg","contentUrl":"https:\/\/www.cannamm.com\/wp-content\/uploads\/2013\/10\/Silhouette_Construction2.jpg","width":1440,"height":466},{"@type":"BreadcrumbList","@id":"https:\/\/www.cannamm.com\/fr\/contact\/heures-de-bureau-et-localisations-corporate-office-et-branch\/grande-prairie\/#breadcrumb","itemListElement":[{"@type":"ListItem","position":1,"name":"Contact","item":"https:\/\/www.cannamm.com\/fr\/contact\/"},{"@type":"ListItem","position":2,"name":"Heures de Bureau et Localisations \/ Corporate Office et Branch","item":"https:\/\/www.cannamm.com\/fr\/contact\/heures-de-bureau-et-localisations-corporate-office-et-branch\/"},{"@type":"ListItem","position":3,"name":"GRANDE PRAIRIE"}]},{"@type":"WebSite","@id":"https:\/\/www.cannamm.com\/fr\/#website","url":"https:\/\/www.cannamm.com\/fr\/","name":"CannAmm Occupational Testing Services","description":"Occupational &amp; Employment Drug Testing Services Canada","publisher":{"@id":"https:\/\/www.cannamm.com\/fr\/#organization"},"potentialAction":[{"@type":"SearchAction","target":{"@type":"EntryPoint","urlTemplate":"https:\/\/www.cannamm.com\/fr\/?s={search_term_string}"},"query-input":{"@type":"PropertyValueSpecification","valueRequired":true,"valueName":"search_term_string"}}],"inLanguage":"fr-FR"},{"@type":"Organization","@id":"https:\/\/www.cannamm.com\/fr\/#organization","name":"CannAmm Occupational Testing","url":"https:\/\/www.cannamm.com\/fr\/","logo":{"@type":"ImageObject","inLanguage":"fr-FR","@id":"https:\/\/www.cannamm.com\/fr\/#\/schema\/logo\/image\/","url":"https:\/\/www.cannamm.com\/wp-content\/uploads\/2021\/04\/CannAmm-Square.jpg","contentUrl":"https:\/\/www.cannamm.com\/wp-content\/uploads\/2021\/04\/CannAmm-Square.jpg","width":400,"height":400,"caption":"CannAmm Occupational Testing"},"image":{"@id":"https:\/\/www.cannamm.com\/fr\/#\/schema\/logo\/image\/"},"sameAs":["https:\/\/www.facebook.com\/CannAmm\/","https:\/\/x.com\/CannAmm","https:\/\/www.linkedin.com\/company\/2537762"]}]}},"_links":{"self":[{"href":"https:\/\/www.cannamm.com\/fr\/wp-json\/wp\/v2\/pages\/6534","targetHints":{"allow":["GET"]}}],"collection":[{"href":"https:\/\/www.cannamm.com\/fr\/wp-json\/wp\/v2\/pages"}],"about":[{"href":"https:\/\/www.cannamm.com\/fr\/wp-json\/wp\/v2\/types\/page"}],"author":[{"embeddable":true,"href":"https:\/\/www.cannamm.com\/fr\/wp-json\/wp\/v2\/users\/15"}],"replies":[{"embeddable":true,"href":"https:\/\/www.cannamm.com\/fr\/wp-json\/wp\/v2\/comments?post=6534"}],"version-history":[{"count":0,"href":"https:\/\/www.cannamm.com\/fr\/wp-json\/wp\/v2\/pages\/6534\/revisions"}],"up":[{"embeddable":true,"href":"https:\/\/www.cannamm.com\/fr\/wp-json\/wp\/v2\/pages\/6050"}],"wp:featuredmedia":[{"embeddable":true,"href":"https:\/\/www.cannamm.com\/fr\/wp-json\/wp\/v2\/media\/5999"}],"wp:attachment":[{"href":"https:\/\/www.cannamm.com\/fr\/wp-json\/wp\/v2\/media?parent=6534"}],"curies":[{"name":"wp","href":"https:\/\/api.w.org\/{rel}","templated":true}]}}