{"id":6313,"date":"2020-12-23T10:52:49","date_gmt":"2020-12-23T17:52:49","guid":{"rendered":"https:\/\/www.cannamm.com\/?page_id=6313"},"modified":"2024-03-06T11:38:18","modified_gmt":"2024-03-06T18:38:18","slug":"fort-mcmurray","status":"publish","type":"page","link":"https:\/\/www.cannamm.com\/fr\/contact\/heures-de-bureau-et-localisations-corporate-office-et-branch\/fort-mcmurray\/","title":{"rendered":"FORT MCMURRAY"},"content":{"rendered":"<h2>Contact CannAmm Fort McMurray<\/h2>\n<p>Fort McMurray, Alberta is the home to one of many CannAmm testing locations. With a focus on the collections side of the business, this facility is equipped with the most qualified employees ready to provide a reliable and high-quality service. Fort McMurray CannAmm is built to serve clients in need of drug and alcohol testing, while also being able to provide many types of other occupational health tests and evaluations, which can be customized to meet the needs of the client. With a heavy existence of labored work, CannAmm\u2019s Fort McMurray location is one that is constantly busy, yet constantly able to meet company and industry standards.<\/p>\n<p>CannAmm <a href=\"https:\/\/www.cannamm.com\/services\/occupational-health-testing\/\">Occupational Testing Services<\/a> protects your people, business, and profitability with empathy, unquestionable expertise, and trusted solutions. While there is nothing simple about what we do, we make sure it seems that way to our clients and to the people that are being tested. There is a need to make sure that clients do not have to worry about any step, but rather just be satisfied with the ease of the whole process.<\/p>\n<h2>Testing Services at CannAmm Fort McMurray<\/h2>\n<p>CannAmm offers a variety of occupational health tests, as well as drug and alcohol tests. These include:<\/p>\n<ul>\n<li><a href=\"https:\/\/www.cannamm.com\/services\/drug-alcohol-testing\/urine\/\">urine drug testing<\/a><\/li>\n<li><a href=\"https:\/\/www.cannamm.com\/services\/drug-alcohol-testing\/oral-fluidsaliva-drug-testing\/\">oral fluid\/saliva drug testing<\/a><\/li>\n<li><a href=\"https:\/\/www.cannamm.com\/services\/drug-alcohol-testing\/breath-alcohol-testing\/\">breath alcohol testing<\/a><\/li>\n<li><a href=\"https:\/\/www.cannamm.com\/services\/drug-alcohol-testing\/emergencyafter-hours-testing\/\">emergency\/after-hours testing<\/a><\/li>\n<li><a href=\"https:\/\/www.cannamm.com\/services\/occupational-health-testing\/fitness-testing\/\">medical testing<\/a><\/li>\n<li><a href=\"https:\/\/www.cannamm.com\/services\/functional-fitness-testing\/\">functional fitness evaluations<\/a><\/li>\n<li><a href=\"https:\/\/www.cannamm.com\/services\/occupational-health-testing\/hearing-testing\/\">audiometric (hearing) testing<\/a><\/li>\n<li><a href=\"https:\/\/www.cannamm.com\/services\/occupational-health-testing\/respiratory-testing\/\">pulmonary function (respiratory) testing<\/a><\/li>\n<\/ul>\n<p>Timely and reliable service is the standard that clients, donors, and all within the organization hold up to CannAmm. By constantly meeting and exceeding the needs of the people who need these services, CannAmm gains the reputation of being the best in the industry.<\/p>\n","protected":false},"excerpt":{"rendered":"<p>Contact CannAmm Fort McMurray Fort McMurray, Alberta is the home to one of many CannAmm testing<\/p>\n","protected":false},"author":27,"featured_media":5999,"parent":6050,"menu_order":0,"comment_status":"closed","ping_status":"closed","template":"template-office.php","meta":{"_acf_changed":false,"inline_featured_image":false,"iawp_total_views":42,"footnotes":""},"class_list":["post-6313","page","type-page","status-publish","has-post-thumbnail","hentry"],"acf":[],"yoast_head":"<!-- This site is optimized with the Yoast SEO plugin v27.5 - https:\/\/yoast.com\/product\/yoast-seo-wordpress\/ -->\n<title>Fort McMurray | CannAmm Occupational Testing Services<\/title>\n<meta name=\"description\" content=\"Notre site de Ft McMurray propose des tests de d\u00e9pistage de drogues et d&#039;alcool ainsi que des tests et \u00e9valuations de sant\u00e9 au travail. Reserve maintenant.\" \/>\n<meta name=\"robots\" content=\"index, follow, max-snippet:-1, max-image-preview:large, max-video-preview:-1\" \/>\n<link rel=\"canonical\" href=\"https:\/\/www.cannamm.com\/fr\/contact\/heures-de-bureau-et-localisations-corporate-office-et-branch\/fort-mcmurray\/\" \/>\n<meta property=\"og:locale\" content=\"fr_FR\" \/>\n<meta property=\"og:type\" content=\"article\" \/>\n<meta property=\"og:title\" content=\"Fort McMurray | CannAmm Occupational Testing Services\" \/>\n<meta property=\"og:description\" content=\"Notre site de Ft McMurray propose des tests de d\u00e9pistage de drogues et d&#039;alcool ainsi que des tests et \u00e9valuations de sant\u00e9 au travail. Reserve maintenant.\" \/>\n<meta property=\"og:url\" content=\"https:\/\/www.cannamm.com\/fr\/contact\/heures-de-bureau-et-localisations-corporate-office-et-branch\/fort-mcmurray\/\" \/>\n<meta property=\"og:site_name\" content=\"CannAmm Occupational Testing Services\" \/>\n<meta property=\"article:publisher\" content=\"https:\/\/www.facebook.com\/CannAmm\/\" \/>\n<meta property=\"article:modified_time\" content=\"2024-03-06T18:38:18+00:00\" \/>\n<meta property=\"og:image\" content=\"https:\/\/www.cannamm.com\/wp-content\/uploads\/2013\/10\/Silhouette_Construction2.jpg\" \/>\n\t<meta property=\"og:image:width\" content=\"1440\" \/>\n\t<meta property=\"og:image:height\" content=\"466\" \/>\n\t<meta property=\"og:image:type\" content=\"image\/jpeg\" \/>\n<meta name=\"twitter:card\" content=\"summary_large_image\" \/>\n<meta name=\"twitter:site\" content=\"@CannAmm\" \/>\n<meta name=\"twitter:label1\" content=\"Dur\u00e9e de lecture estim\u00e9e\" \/>\n\t<meta name=\"twitter:data1\" content=\"2 minutes\" \/>\n<script type=\"application\/ld+json\" class=\"yoast-schema-graph\">{\"@context\":\"https:\\\/\\\/schema.org\",\"@graph\":[{\"@type\":\"WebPage\",\"@id\":\"https:\\\/\\\/www.cannamm.com\\\/fr\\\/contact\\\/heures-de-bureau-et-localisations-corporate-office-et-branch\\\/fort-mcmurray\\\/\",\"url\":\"https:\\\/\\\/www.cannamm.com\\\/fr\\\/contact\\\/heures-de-bureau-et-localisations-corporate-office-et-branch\\\/fort-mcmurray\\\/\",\"name\":\"Fort McMurray | CannAmm Occupational Testing Services\",\"isPartOf\":{\"@id\":\"https:\\\/\\\/www.cannamm.com\\\/fr\\\/#website\"},\"primaryImageOfPage\":{\"@id\":\"https:\\\/\\\/www.cannamm.com\\\/fr\\\/contact\\\/heures-de-bureau-et-localisations-corporate-office-et-branch\\\/fort-mcmurray\\\/#primaryimage\"},\"image\":{\"@id\":\"https:\\\/\\\/www.cannamm.com\\\/fr\\\/contact\\\/heures-de-bureau-et-localisations-corporate-office-et-branch\\\/fort-mcmurray\\\/#primaryimage\"},\"thumbnailUrl\":\"https:\\\/\\\/www.cannamm.com\\\/wp-content\\\/uploads\\\/2013\\\/10\\\/Silhouette_Construction2.jpg\",\"datePublished\":\"2020-12-23T17:52:49+00:00\",\"dateModified\":\"2024-03-06T18:38:18+00:00\",\"description\":\"Notre site de Ft McMurray propose des tests de d\u00e9pistage de drogues et d'alcool ainsi que des tests et \u00e9valuations de sant\u00e9 au travail. Reserve maintenant.\",\"breadcrumb\":{\"@id\":\"https:\\\/\\\/www.cannamm.com\\\/fr\\\/contact\\\/heures-de-bureau-et-localisations-corporate-office-et-branch\\\/fort-mcmurray\\\/#breadcrumb\"},\"inLanguage\":\"fr-FR\",\"potentialAction\":[{\"@type\":\"ReadAction\",\"target\":[\"https:\\\/\\\/www.cannamm.com\\\/fr\\\/contact\\\/heures-de-bureau-et-localisations-corporate-office-et-branch\\\/fort-mcmurray\\\/\"]}]},{\"@type\":\"ImageObject\",\"inLanguage\":\"fr-FR\",\"@id\":\"https:\\\/\\\/www.cannamm.com\\\/fr\\\/contact\\\/heures-de-bureau-et-localisations-corporate-office-et-branch\\\/fort-mcmurray\\\/#primaryimage\",\"url\":\"https:\\\/\\\/www.cannamm.com\\\/wp-content\\\/uploads\\\/2013\\\/10\\\/Silhouette_Construction2.jpg\",\"contentUrl\":\"https:\\\/\\\/www.cannamm.com\\\/wp-content\\\/uploads\\\/2013\\\/10\\\/Silhouette_Construction2.jpg\",\"width\":1440,\"height\":466},{\"@type\":\"BreadcrumbList\",\"@id\":\"https:\\\/\\\/www.cannamm.com\\\/fr\\\/contact\\\/heures-de-bureau-et-localisations-corporate-office-et-branch\\\/fort-mcmurray\\\/#breadcrumb\",\"itemListElement\":[{\"@type\":\"ListItem\",\"position\":1,\"name\":\"Contact\",\"item\":\"https:\\\/\\\/www.cannamm.com\\\/fr\\\/contact\\\/\"},{\"@type\":\"ListItem\",\"position\":2,\"name\":\"Heures de Bureau et Localisations \\\/ Corporate Office et Branch\",\"item\":\"https:\\\/\\\/www.cannamm.com\\\/fr\\\/contact\\\/heures-de-bureau-et-localisations-corporate-office-et-branch\\\/\"},{\"@type\":\"ListItem\",\"position\":3,\"name\":\"FORT MCMURRAY\"}]},{\"@type\":\"WebSite\",\"@id\":\"https:\\\/\\\/www.cannamm.com\\\/fr\\\/#website\",\"url\":\"https:\\\/\\\/www.cannamm.com\\\/fr\\\/\",\"name\":\"CannAmm Occupational Testing Services\",\"description\":\"Occupational &amp; Employment Drug Testing Services Canada\",\"publisher\":{\"@id\":\"https:\\\/\\\/www.cannamm.com\\\/fr\\\/#organization\"},\"potentialAction\":[{\"@type\":\"SearchAction\",\"target\":{\"@type\":\"EntryPoint\",\"urlTemplate\":\"https:\\\/\\\/www.cannamm.com\\\/fr\\\/?s={search_term_string}\"},\"query-input\":{\"@type\":\"PropertyValueSpecification\",\"valueRequired\":true,\"valueName\":\"search_term_string\"}}],\"inLanguage\":\"fr-FR\"},{\"@type\":\"Organization\",\"@id\":\"https:\\\/\\\/www.cannamm.com\\\/fr\\\/#organization\",\"name\":\"CannAmm Occupational Testing\",\"url\":\"https:\\\/\\\/www.cannamm.com\\\/fr\\\/\",\"logo\":{\"@type\":\"ImageObject\",\"inLanguage\":\"fr-FR\",\"@id\":\"https:\\\/\\\/www.cannamm.com\\\/fr\\\/#\\\/schema\\\/logo\\\/image\\\/\",\"url\":\"https:\\\/\\\/www.cannamm.com\\\/wp-content\\\/uploads\\\/2021\\\/04\\\/CannAmm-Square.jpg\",\"contentUrl\":\"https:\\\/\\\/www.cannamm.com\\\/wp-content\\\/uploads\\\/2021\\\/04\\\/CannAmm-Square.jpg\",\"width\":400,\"height\":400,\"caption\":\"CannAmm Occupational Testing\"},\"image\":{\"@id\":\"https:\\\/\\\/www.cannamm.com\\\/fr\\\/#\\\/schema\\\/logo\\\/image\\\/\"},\"sameAs\":[\"https:\\\/\\\/www.facebook.com\\\/CannAmm\\\/\",\"https:\\\/\\\/x.com\\\/CannAmm\",\"https:\\\/\\\/www.linkedin.com\\\/company\\\/2537762\"]}]}<\/script>\n<!-- \/ Yoast SEO plugin. -->","yoast_head_json":{"title":"Fort McMurray | CannAmm Occupational Testing Services","description":"Notre site de Ft McMurray propose des tests de d\u00e9pistage de drogues et d'alcool ainsi que des tests et \u00e9valuations de sant\u00e9 au travail. Reserve maintenant.","robots":{"index":"index","follow":"follow","max-snippet":"max-snippet:-1","max-image-preview":"max-image-preview:large","max-video-preview":"max-video-preview:-1"},"canonical":"https:\/\/www.cannamm.com\/fr\/contact\/heures-de-bureau-et-localisations-corporate-office-et-branch\/fort-mcmurray\/","og_locale":"fr_FR","og_type":"article","og_title":"Fort McMurray | CannAmm Occupational Testing Services","og_description":"Notre site de Ft McMurray propose des tests de d\u00e9pistage de drogues et d'alcool ainsi que des tests et \u00e9valuations de sant\u00e9 au travail. Reserve maintenant.","og_url":"https:\/\/www.cannamm.com\/fr\/contact\/heures-de-bureau-et-localisations-corporate-office-et-branch\/fort-mcmurray\/","og_site_name":"CannAmm Occupational Testing Services","article_publisher":"https:\/\/www.facebook.com\/CannAmm\/","article_modified_time":"2024-03-06T18:38:18+00:00","og_image":[{"width":1440,"height":466,"url":"https:\/\/www.cannamm.com\/wp-content\/uploads\/2013\/10\/Silhouette_Construction2.jpg","type":"image\/jpeg"}],"twitter_card":"summary_large_image","twitter_site":"@CannAmm","twitter_misc":{"Dur\u00e9e de lecture estim\u00e9e":"2 minutes"},"schema":{"@context":"https:\/\/schema.org","@graph":[{"@type":"WebPage","@id":"https:\/\/www.cannamm.com\/fr\/contact\/heures-de-bureau-et-localisations-corporate-office-et-branch\/fort-mcmurray\/","url":"https:\/\/www.cannamm.com\/fr\/contact\/heures-de-bureau-et-localisations-corporate-office-et-branch\/fort-mcmurray\/","name":"Fort McMurray | CannAmm Occupational Testing Services","isPartOf":{"@id":"https:\/\/www.cannamm.com\/fr\/#website"},"primaryImageOfPage":{"@id":"https:\/\/www.cannamm.com\/fr\/contact\/heures-de-bureau-et-localisations-corporate-office-et-branch\/fort-mcmurray\/#primaryimage"},"image":{"@id":"https:\/\/www.cannamm.com\/fr\/contact\/heures-de-bureau-et-localisations-corporate-office-et-branch\/fort-mcmurray\/#primaryimage"},"thumbnailUrl":"https:\/\/www.cannamm.com\/wp-content\/uploads\/2013\/10\/Silhouette_Construction2.jpg","datePublished":"2020-12-23T17:52:49+00:00","dateModified":"2024-03-06T18:38:18+00:00","description":"Notre site de Ft McMurray propose des tests de d\u00e9pistage de drogues et d'alcool ainsi que des tests et \u00e9valuations de sant\u00e9 au travail. Reserve maintenant.","breadcrumb":{"@id":"https:\/\/www.cannamm.com\/fr\/contact\/heures-de-bureau-et-localisations-corporate-office-et-branch\/fort-mcmurray\/#breadcrumb"},"inLanguage":"fr-FR","potentialAction":[{"@type":"ReadAction","target":["https:\/\/www.cannamm.com\/fr\/contact\/heures-de-bureau-et-localisations-corporate-office-et-branch\/fort-mcmurray\/"]}]},{"@type":"ImageObject","inLanguage":"fr-FR","@id":"https:\/\/www.cannamm.com\/fr\/contact\/heures-de-bureau-et-localisations-corporate-office-et-branch\/fort-mcmurray\/#primaryimage","url":"https:\/\/www.cannamm.com\/wp-content\/uploads\/2013\/10\/Silhouette_Construction2.jpg","contentUrl":"https:\/\/www.cannamm.com\/wp-content\/uploads\/2013\/10\/Silhouette_Construction2.jpg","width":1440,"height":466},{"@type":"BreadcrumbList","@id":"https:\/\/www.cannamm.com\/fr\/contact\/heures-de-bureau-et-localisations-corporate-office-et-branch\/fort-mcmurray\/#breadcrumb","itemListElement":[{"@type":"ListItem","position":1,"name":"Contact","item":"https:\/\/www.cannamm.com\/fr\/contact\/"},{"@type":"ListItem","position":2,"name":"Heures de Bureau et Localisations \/ Corporate Office et Branch","item":"https:\/\/www.cannamm.com\/fr\/contact\/heures-de-bureau-et-localisations-corporate-office-et-branch\/"},{"@type":"ListItem","position":3,"name":"FORT MCMURRAY"}]},{"@type":"WebSite","@id":"https:\/\/www.cannamm.com\/fr\/#website","url":"https:\/\/www.cannamm.com\/fr\/","name":"CannAmm Occupational Testing Services","description":"Occupational &amp; Employment Drug Testing Services Canada","publisher":{"@id":"https:\/\/www.cannamm.com\/fr\/#organization"},"potentialAction":[{"@type":"SearchAction","target":{"@type":"EntryPoint","urlTemplate":"https:\/\/www.cannamm.com\/fr\/?s={search_term_string}"},"query-input":{"@type":"PropertyValueSpecification","valueRequired":true,"valueName":"search_term_string"}}],"inLanguage":"fr-FR"},{"@type":"Organization","@id":"https:\/\/www.cannamm.com\/fr\/#organization","name":"CannAmm Occupational Testing","url":"https:\/\/www.cannamm.com\/fr\/","logo":{"@type":"ImageObject","inLanguage":"fr-FR","@id":"https:\/\/www.cannamm.com\/fr\/#\/schema\/logo\/image\/","url":"https:\/\/www.cannamm.com\/wp-content\/uploads\/2021\/04\/CannAmm-Square.jpg","contentUrl":"https:\/\/www.cannamm.com\/wp-content\/uploads\/2021\/04\/CannAmm-Square.jpg","width":400,"height":400,"caption":"CannAmm Occupational Testing"},"image":{"@id":"https:\/\/www.cannamm.com\/fr\/#\/schema\/logo\/image\/"},"sameAs":["https:\/\/www.facebook.com\/CannAmm\/","https:\/\/x.com\/CannAmm","https:\/\/www.linkedin.com\/company\/2537762"]}]}},"_links":{"self":[{"href":"https:\/\/www.cannamm.com\/fr\/wp-json\/wp\/v2\/pages\/6313","targetHints":{"allow":["GET"]}}],"collection":[{"href":"https:\/\/www.cannamm.com\/fr\/wp-json\/wp\/v2\/pages"}],"about":[{"href":"https:\/\/www.cannamm.com\/fr\/wp-json\/wp\/v2\/types\/page"}],"author":[{"embeddable":true,"href":"https:\/\/www.cannamm.com\/fr\/wp-json\/wp\/v2\/users\/27"}],"replies":[{"embeddable":true,"href":"https:\/\/www.cannamm.com\/fr\/wp-json\/wp\/v2\/comments?post=6313"}],"version-history":[{"count":0,"href":"https:\/\/www.cannamm.com\/fr\/wp-json\/wp\/v2\/pages\/6313\/revisions"}],"up":[{"embeddable":true,"href":"https:\/\/www.cannamm.com\/fr\/wp-json\/wp\/v2\/pages\/6050"}],"wp:featuredmedia":[{"embeddable":true,"href":"https:\/\/www.cannamm.com\/fr\/wp-json\/wp\/v2\/media\/5999"}],"wp:attachment":[{"href":"https:\/\/www.cannamm.com\/fr\/wp-json\/wp\/v2\/media?parent=6313"}],"curies":[{"name":"wp","href":"https:\/\/api.w.org\/{rel}","templated":true}]}}