{"id":6097,"date":"2015-12-07T11:26:23","date_gmt":"2015-12-07T18:26:23","guid":{"rendered":"https:\/\/www.cannamm.com\/factsheets\/"},"modified":"2024-04-10T12:25:09","modified_gmt":"2024-04-10T18:25:09","slug":"factsheets","status":"publish","type":"page","link":"https:\/\/www.cannamm.com\/fr\/resources\/centre-des-ressources\/factsheets\/","title":{"rendered":"Factsheets"},"content":{"rendered":"<p>&nbsp;<\/p>\n<h3>Francais<\/h3>\n<p>&nbsp;<\/p>\n","protected":false},"excerpt":{"rendered":"<p>&nbsp; Francais &nbsp;<\/p>\n","protected":false},"author":15,"featured_media":6128,"parent":6045,"menu_order":0,"comment_status":"closed","ping_status":"closed","template":"","meta":{"_acf_changed":false,"inline_featured_image":false,"iawp_total_views":73,"footnotes":""},"class_list":["post-6097","page","type-page","status-publish","has-post-thumbnail","hentry"],"acf":[],"yoast_head":"<!-- This site is optimized with the Yoast SEO plugin v27.5 - https:\/\/yoast.com\/product\/yoast-seo-wordpress\/ -->\n<title>Factsheets | CannAmm Occupational Testing Services<\/title>\n<meta name=\"description\" content=\"Consultez nos fiches d\u2019information t\u00e9l\u00e9chargeables sur les tests professionnels. Des descriptions d\u00e9taill\u00e9es sont fournies pour chacun.\" \/>\n<meta name=\"robots\" content=\"index, follow, max-snippet:-1, max-image-preview:large, max-video-preview:-1\" \/>\n<link rel=\"canonical\" href=\"https:\/\/www.cannamm.com\/fr\/resources\/centre-des-ressources\/factsheets\/\" \/>\n<meta property=\"og:locale\" content=\"fr_FR\" \/>\n<meta property=\"og:type\" content=\"article\" \/>\n<meta property=\"og:title\" content=\"Factsheets | CannAmm Occupational Testing Services\" \/>\n<meta property=\"og:description\" content=\"Consultez nos fiches d\u2019information t\u00e9l\u00e9chargeables sur les tests professionnels. Des descriptions d\u00e9taill\u00e9es sont fournies pour chacun.\" \/>\n<meta property=\"og:url\" content=\"https:\/\/www.cannamm.com\/fr\/resources\/centre-des-ressources\/factsheets\/\" \/>\n<meta property=\"og:site_name\" content=\"CannAmm Occupational Testing Services\" \/>\n<meta property=\"article:publisher\" content=\"https:\/\/www.facebook.com\/CannAmm\/\" \/>\n<meta property=\"article:modified_time\" content=\"2024-04-10T18:25:09+00:00\" \/>\n<meta property=\"og:image\" content=\"https:\/\/www.cannamm.com\/wp-content\/uploads\/2014\/10\/iStock_000022893970Medium.jpg\" \/>\n\t<meta property=\"og:image:width\" content=\"1800\" \/>\n\t<meta property=\"og:image:height\" content=\"1200\" \/>\n\t<meta property=\"og:image:type\" content=\"image\/jpeg\" \/>\n<meta name=\"twitter:card\" content=\"summary_large_image\" \/>\n<meta name=\"twitter:site\" content=\"@CannAmm\" \/>\n<meta name=\"twitter:label1\" content=\"Dur\u00e9e de lecture estim\u00e9e\" \/>\n\t<meta name=\"twitter:data1\" content=\"1 minute\" \/>\n<script type=\"application\/ld+json\" class=\"yoast-schema-graph\">{\"@context\":\"https:\\\/\\\/schema.org\",\"@graph\":[{\"@type\":\"WebPage\",\"@id\":\"https:\\\/\\\/www.cannamm.com\\\/fr\\\/resources\\\/centre-des-ressources\\\/factsheets\\\/\",\"url\":\"https:\\\/\\\/www.cannamm.com\\\/fr\\\/resources\\\/centre-des-ressources\\\/factsheets\\\/\",\"name\":\"Factsheets | CannAmm Occupational Testing Services\",\"isPartOf\":{\"@id\":\"https:\\\/\\\/www.cannamm.com\\\/fr\\\/#website\"},\"primaryImageOfPage\":{\"@id\":\"https:\\\/\\\/www.cannamm.com\\\/fr\\\/resources\\\/centre-des-ressources\\\/factsheets\\\/#primaryimage\"},\"image\":{\"@id\":\"https:\\\/\\\/www.cannamm.com\\\/fr\\\/resources\\\/centre-des-ressources\\\/factsheets\\\/#primaryimage\"},\"thumbnailUrl\":\"https:\\\/\\\/www.cannamm.com\\\/wp-content\\\/uploads\\\/2014\\\/10\\\/iStock_000022893970Medium.jpg\",\"datePublished\":\"2015-12-07T18:26:23+00:00\",\"dateModified\":\"2024-04-10T18:25:09+00:00\",\"description\":\"Consultez nos fiches d\u2019information t\u00e9l\u00e9chargeables sur les tests professionnels. Des descriptions d\u00e9taill\u00e9es sont fournies pour chacun.\",\"breadcrumb\":{\"@id\":\"https:\\\/\\\/www.cannamm.com\\\/fr\\\/resources\\\/centre-des-ressources\\\/factsheets\\\/#breadcrumb\"},\"inLanguage\":\"fr-FR\",\"potentialAction\":[{\"@type\":\"ReadAction\",\"target\":[\"https:\\\/\\\/www.cannamm.com\\\/fr\\\/resources\\\/centre-des-ressources\\\/factsheets\\\/\"]}]},{\"@type\":\"ImageObject\",\"inLanguage\":\"fr-FR\",\"@id\":\"https:\\\/\\\/www.cannamm.com\\\/fr\\\/resources\\\/centre-des-ressources\\\/factsheets\\\/#primaryimage\",\"url\":\"https:\\\/\\\/www.cannamm.com\\\/wp-content\\\/uploads\\\/2014\\\/10\\\/iStock_000022893970Medium.jpg\",\"contentUrl\":\"https:\\\/\\\/www.cannamm.com\\\/wp-content\\\/uploads\\\/2014\\\/10\\\/iStock_000022893970Medium.jpg\",\"width\":1800,\"height\":1200},{\"@type\":\"BreadcrumbList\",\"@id\":\"https:\\\/\\\/www.cannamm.com\\\/fr\\\/resources\\\/centre-des-ressources\\\/factsheets\\\/#breadcrumb\",\"itemListElement\":[{\"@type\":\"ListItem\",\"position\":1,\"name\":\"Resources\",\"item\":\"https:\\\/\\\/www.cannamm.com\\\/fr\\\/resources\\\/\"},{\"@type\":\"ListItem\",\"position\":2,\"name\":\"Centre des ressources\",\"item\":\"https:\\\/\\\/www.cannamm.com\\\/fr\\\/resources\\\/centre-des-ressources\\\/\"},{\"@type\":\"ListItem\",\"position\":3,\"name\":\"Factsheets\"}]},{\"@type\":\"WebSite\",\"@id\":\"https:\\\/\\\/www.cannamm.com\\\/fr\\\/#website\",\"url\":\"https:\\\/\\\/www.cannamm.com\\\/fr\\\/\",\"name\":\"CannAmm Occupational Testing Services\",\"description\":\"Occupational &amp; Employment Drug Testing Services Canada\",\"publisher\":{\"@id\":\"https:\\\/\\\/www.cannamm.com\\\/fr\\\/#organization\"},\"potentialAction\":[{\"@type\":\"SearchAction\",\"target\":{\"@type\":\"EntryPoint\",\"urlTemplate\":\"https:\\\/\\\/www.cannamm.com\\\/fr\\\/?s={search_term_string}\"},\"query-input\":{\"@type\":\"PropertyValueSpecification\",\"valueRequired\":true,\"valueName\":\"search_term_string\"}}],\"inLanguage\":\"fr-FR\"},{\"@type\":\"Organization\",\"@id\":\"https:\\\/\\\/www.cannamm.com\\\/fr\\\/#organization\",\"name\":\"CannAmm Occupational Testing\",\"url\":\"https:\\\/\\\/www.cannamm.com\\\/fr\\\/\",\"logo\":{\"@type\":\"ImageObject\",\"inLanguage\":\"fr-FR\",\"@id\":\"https:\\\/\\\/www.cannamm.com\\\/fr\\\/#\\\/schema\\\/logo\\\/image\\\/\",\"url\":\"https:\\\/\\\/www.cannamm.com\\\/wp-content\\\/uploads\\\/2021\\\/04\\\/CannAmm-Square.jpg\",\"contentUrl\":\"https:\\\/\\\/www.cannamm.com\\\/wp-content\\\/uploads\\\/2021\\\/04\\\/CannAmm-Square.jpg\",\"width\":400,\"height\":400,\"caption\":\"CannAmm Occupational Testing\"},\"image\":{\"@id\":\"https:\\\/\\\/www.cannamm.com\\\/fr\\\/#\\\/schema\\\/logo\\\/image\\\/\"},\"sameAs\":[\"https:\\\/\\\/www.facebook.com\\\/CannAmm\\\/\",\"https:\\\/\\\/x.com\\\/CannAmm\",\"https:\\\/\\\/www.linkedin.com\\\/company\\\/2537762\"]}]}<\/script>\n<!-- \/ Yoast SEO plugin. -->","yoast_head_json":{"title":"Factsheets | CannAmm Occupational Testing Services","description":"Consultez nos fiches d\u2019information t\u00e9l\u00e9chargeables sur les tests professionnels. Des descriptions d\u00e9taill\u00e9es sont fournies pour chacun.","robots":{"index":"index","follow":"follow","max-snippet":"max-snippet:-1","max-image-preview":"max-image-preview:large","max-video-preview":"max-video-preview:-1"},"canonical":"https:\/\/www.cannamm.com\/fr\/resources\/centre-des-ressources\/factsheets\/","og_locale":"fr_FR","og_type":"article","og_title":"Factsheets | CannAmm Occupational Testing Services","og_description":"Consultez nos fiches d\u2019information t\u00e9l\u00e9chargeables sur les tests professionnels. Des descriptions d\u00e9taill\u00e9es sont fournies pour chacun.","og_url":"https:\/\/www.cannamm.com\/fr\/resources\/centre-des-ressources\/factsheets\/","og_site_name":"CannAmm Occupational Testing Services","article_publisher":"https:\/\/www.facebook.com\/CannAmm\/","article_modified_time":"2024-04-10T18:25:09+00:00","og_image":[{"width":1800,"height":1200,"url":"https:\/\/www.cannamm.com\/wp-content\/uploads\/2014\/10\/iStock_000022893970Medium.jpg","type":"image\/jpeg"}],"twitter_card":"summary_large_image","twitter_site":"@CannAmm","twitter_misc":{"Dur\u00e9e de lecture estim\u00e9e":"1 minute"},"schema":{"@context":"https:\/\/schema.org","@graph":[{"@type":"WebPage","@id":"https:\/\/www.cannamm.com\/fr\/resources\/centre-des-ressources\/factsheets\/","url":"https:\/\/www.cannamm.com\/fr\/resources\/centre-des-ressources\/factsheets\/","name":"Factsheets | CannAmm Occupational Testing Services","isPartOf":{"@id":"https:\/\/www.cannamm.com\/fr\/#website"},"primaryImageOfPage":{"@id":"https:\/\/www.cannamm.com\/fr\/resources\/centre-des-ressources\/factsheets\/#primaryimage"},"image":{"@id":"https:\/\/www.cannamm.com\/fr\/resources\/centre-des-ressources\/factsheets\/#primaryimage"},"thumbnailUrl":"https:\/\/www.cannamm.com\/wp-content\/uploads\/2014\/10\/iStock_000022893970Medium.jpg","datePublished":"2015-12-07T18:26:23+00:00","dateModified":"2024-04-10T18:25:09+00:00","description":"Consultez nos fiches d\u2019information t\u00e9l\u00e9chargeables sur les tests professionnels. Des descriptions d\u00e9taill\u00e9es sont fournies pour chacun.","breadcrumb":{"@id":"https:\/\/www.cannamm.com\/fr\/resources\/centre-des-ressources\/factsheets\/#breadcrumb"},"inLanguage":"fr-FR","potentialAction":[{"@type":"ReadAction","target":["https:\/\/www.cannamm.com\/fr\/resources\/centre-des-ressources\/factsheets\/"]}]},{"@type":"ImageObject","inLanguage":"fr-FR","@id":"https:\/\/www.cannamm.com\/fr\/resources\/centre-des-ressources\/factsheets\/#primaryimage","url":"https:\/\/www.cannamm.com\/wp-content\/uploads\/2014\/10\/iStock_000022893970Medium.jpg","contentUrl":"https:\/\/www.cannamm.com\/wp-content\/uploads\/2014\/10\/iStock_000022893970Medium.jpg","width":1800,"height":1200},{"@type":"BreadcrumbList","@id":"https:\/\/www.cannamm.com\/fr\/resources\/centre-des-ressources\/factsheets\/#breadcrumb","itemListElement":[{"@type":"ListItem","position":1,"name":"Resources","item":"https:\/\/www.cannamm.com\/fr\/resources\/"},{"@type":"ListItem","position":2,"name":"Centre des ressources","item":"https:\/\/www.cannamm.com\/fr\/resources\/centre-des-ressources\/"},{"@type":"ListItem","position":3,"name":"Factsheets"}]},{"@type":"WebSite","@id":"https:\/\/www.cannamm.com\/fr\/#website","url":"https:\/\/www.cannamm.com\/fr\/","name":"CannAmm Occupational Testing Services","description":"Occupational &amp; Employment Drug Testing Services Canada","publisher":{"@id":"https:\/\/www.cannamm.com\/fr\/#organization"},"potentialAction":[{"@type":"SearchAction","target":{"@type":"EntryPoint","urlTemplate":"https:\/\/www.cannamm.com\/fr\/?s={search_term_string}"},"query-input":{"@type":"PropertyValueSpecification","valueRequired":true,"valueName":"search_term_string"}}],"inLanguage":"fr-FR"},{"@type":"Organization","@id":"https:\/\/www.cannamm.com\/fr\/#organization","name":"CannAmm Occupational Testing","url":"https:\/\/www.cannamm.com\/fr\/","logo":{"@type":"ImageObject","inLanguage":"fr-FR","@id":"https:\/\/www.cannamm.com\/fr\/#\/schema\/logo\/image\/","url":"https:\/\/www.cannamm.com\/wp-content\/uploads\/2021\/04\/CannAmm-Square.jpg","contentUrl":"https:\/\/www.cannamm.com\/wp-content\/uploads\/2021\/04\/CannAmm-Square.jpg","width":400,"height":400,"caption":"CannAmm Occupational Testing"},"image":{"@id":"https:\/\/www.cannamm.com\/fr\/#\/schema\/logo\/image\/"},"sameAs":["https:\/\/www.facebook.com\/CannAmm\/","https:\/\/x.com\/CannAmm","https:\/\/www.linkedin.com\/company\/2537762"]}]}},"_links":{"self":[{"href":"https:\/\/www.cannamm.com\/fr\/wp-json\/wp\/v2\/pages\/6097","targetHints":{"allow":["GET"]}}],"collection":[{"href":"https:\/\/www.cannamm.com\/fr\/wp-json\/wp\/v2\/pages"}],"about":[{"href":"https:\/\/www.cannamm.com\/fr\/wp-json\/wp\/v2\/types\/page"}],"author":[{"embeddable":true,"href":"https:\/\/www.cannamm.com\/fr\/wp-json\/wp\/v2\/users\/15"}],"replies":[{"embeddable":true,"href":"https:\/\/www.cannamm.com\/fr\/wp-json\/wp\/v2\/comments?post=6097"}],"version-history":[{"count":0,"href":"https:\/\/www.cannamm.com\/fr\/wp-json\/wp\/v2\/pages\/6097\/revisions"}],"up":[{"embeddable":true,"href":"https:\/\/www.cannamm.com\/fr\/wp-json\/wp\/v2\/pages\/6045"}],"wp:featuredmedia":[{"embeddable":true,"href":"https:\/\/www.cannamm.com\/fr\/wp-json\/wp\/v2\/media\/6128"}],"wp:attachment":[{"href":"https:\/\/www.cannamm.com\/fr\/wp-json\/wp\/v2\/media?parent=6097"}],"curies":[{"name":"wp","href":"https:\/\/api.w.org\/{rel}","templated":true}]}}