{"id":6054,"date":"2013-11-26T12:59:26","date_gmt":"2013-11-26T19:59:26","guid":{"rendered":"https:\/\/www.cannamm.com\/obtenir-les-resultats\/"},"modified":"2024-04-10T11:49:55","modified_gmt":"2024-04-10T17:49:55","slug":"obtenir-les-resultats","status":"publish","type":"page","link":"https:\/\/www.cannamm.com\/fr\/obtenir-les-resultats\/","title":{"rendered":"Obtenir Les R\u00e9sultats"},"content":{"rendered":"<p>&nbsp;<\/p>\n<h3>Ouverture de session sur votre compte<\/h3>\n<p><\/div><\/div><div class=\"eleven columns\"><div> <\/div><div class=\"five columns alpha\"> <div class=\"circle\"><div><a href=\"https:\/\/secure.cannamm.com\/PAWSv2\/login\" class=\"four columns alpha omega\">Me Connecter \u00e0 Mon Compte<\/a><\/div><\/div> <\/div><div class=\"six columns omega\"> Une fois connect\u00e9, vous pourrez :<\/p>\n<ul>\n<li>obtenir des r\u00e9sultats de test<\/li>\n<li>programmer\/reprogrammer des tests ou des examens m\u00e9dicaux<\/li>\n<li>g\u00e9rer les profils et comptes des employ\u00e9s<\/li>\n<li>t\u00e9l\u00e9charger des rapports<\/li>\n<li>et beaucoup plus<\/li>\n<\/ul>\n","protected":false},"excerpt":{"rendered":"<p>&nbsp; Ouverture de session sur votre compte Une fois connect\u00e9, vous pourrez : obtenir des r\u00e9sultats<\/p>\n","protected":false},"author":26,"featured_media":5989,"parent":0,"menu_order":0,"comment_status":"closed","ping_status":"closed","template":"page-sidebar.php","meta":{"_acf_changed":false,"inline_featured_image":false,"iawp_total_views":74,"footnotes":""},"class_list":["post-6054","page","type-page","status-publish","has-post-thumbnail","hentry"],"acf":[],"yoast_head":"<!-- This site is optimized with the Yoast SEO plugin v27.3 - https:\/\/yoast.com\/product\/yoast-seo-wordpress\/ -->\n<title>Obtenir Les R\u00e9sultats | CannAmm Occupational Testing Services<\/title>\n<meta name=\"description\" content=\"Les entreprises associ\u00e9es aux services de tests de CannAmm peuvent acc\u00e9der aux r\u00e9sultats des tests et aux informations sur les examens m\u00e9dicaux ici.\" \/>\n<meta name=\"robots\" content=\"index, follow, max-snippet:-1, max-image-preview:large, max-video-preview:-1\" \/>\n<link rel=\"canonical\" href=\"https:\/\/www.cannamm.com\/fr\/obtenir-les-resultats\/\" \/>\n<meta property=\"og:locale\" content=\"fr_FR\" \/>\n<meta property=\"og:type\" content=\"article\" \/>\n<meta property=\"og:title\" content=\"Obtenir Les R\u00e9sultats | CannAmm Occupational Testing Services\" \/>\n<meta property=\"og:description\" content=\"Les entreprises associ\u00e9es aux services de tests de CannAmm peuvent acc\u00e9der aux r\u00e9sultats des tests et aux informations sur les examens m\u00e9dicaux ici.\" \/>\n<meta property=\"og:url\" content=\"https:\/\/www.cannamm.com\/fr\/obtenir-les-resultats\/\" \/>\n<meta property=\"og:site_name\" content=\"CannAmm Occupational Testing Services\" \/>\n<meta property=\"article:publisher\" content=\"https:\/\/www.facebook.com\/CannAmm\/\" \/>\n<meta property=\"article:modified_time\" content=\"2024-04-10T17:49:55+00:00\" \/>\n<meta property=\"og:image\" content=\"https:\/\/www.cannamm.com\/wp-content\/uploads\/2013\/10\/Construction_Man5.jpg\" \/>\n\t<meta property=\"og:image:width\" content=\"1440\" \/>\n\t<meta property=\"og:image:height\" content=\"633\" \/>\n\t<meta property=\"og:image:type\" content=\"image\/jpeg\" \/>\n<meta name=\"twitter:card\" content=\"summary_large_image\" \/>\n<meta name=\"twitter:site\" content=\"@CannAmm\" \/>\n<meta name=\"twitter:label1\" content=\"Dur\u00e9e de lecture estim\u00e9e\" \/>\n\t<meta name=\"twitter:data1\" content=\"1 minute\" \/>\n<script type=\"application\/ld+json\" class=\"yoast-schema-graph\">{\"@context\":\"https:\\\/\\\/schema.org\",\"@graph\":[{\"@type\":\"WebPage\",\"@id\":\"https:\\\/\\\/www.cannamm.com\\\/fr\\\/obtenir-les-resultats\\\/\",\"url\":\"https:\\\/\\\/www.cannamm.com\\\/fr\\\/obtenir-les-resultats\\\/\",\"name\":\"Obtenir Les R\u00e9sultats | CannAmm Occupational Testing Services\",\"isPartOf\":{\"@id\":\"https:\\\/\\\/www.cannamm.com\\\/fr\\\/#website\"},\"primaryImageOfPage\":{\"@id\":\"https:\\\/\\\/www.cannamm.com\\\/fr\\\/obtenir-les-resultats\\\/#primaryimage\"},\"image\":{\"@id\":\"https:\\\/\\\/www.cannamm.com\\\/fr\\\/obtenir-les-resultats\\\/#primaryimage\"},\"thumbnailUrl\":\"https:\\\/\\\/www.cannamm.com\\\/wp-content\\\/uploads\\\/2013\\\/10\\\/Construction_Man5.jpg\",\"datePublished\":\"2013-11-26T19:59:26+00:00\",\"dateModified\":\"2024-04-10T17:49:55+00:00\",\"description\":\"Les entreprises associ\u00e9es aux services de tests de CannAmm peuvent acc\u00e9der aux r\u00e9sultats des tests et aux informations sur les examens m\u00e9dicaux ici.\",\"inLanguage\":\"fr-FR\",\"potentialAction\":[{\"@type\":\"ReadAction\",\"target\":[\"https:\\\/\\\/www.cannamm.com\\\/fr\\\/obtenir-les-resultats\\\/\"]}]},{\"@type\":\"ImageObject\",\"inLanguage\":\"fr-FR\",\"@id\":\"https:\\\/\\\/www.cannamm.com\\\/fr\\\/obtenir-les-resultats\\\/#primaryimage\",\"url\":\"https:\\\/\\\/www.cannamm.com\\\/wp-content\\\/uploads\\\/2013\\\/10\\\/Construction_Man5.jpg\",\"contentUrl\":\"https:\\\/\\\/www.cannamm.com\\\/wp-content\\\/uploads\\\/2013\\\/10\\\/Construction_Man5.jpg\",\"width\":1440,\"height\":633},{\"@type\":\"WebSite\",\"@id\":\"https:\\\/\\\/www.cannamm.com\\\/fr\\\/#website\",\"url\":\"https:\\\/\\\/www.cannamm.com\\\/fr\\\/\",\"name\":\"CannAmm Occupational Testing Services\",\"description\":\"Occupational &amp; Employment Drug Testing Services Canada\",\"publisher\":{\"@id\":\"https:\\\/\\\/www.cannamm.com\\\/fr\\\/#organization\"},\"potentialAction\":[{\"@type\":\"SearchAction\",\"target\":{\"@type\":\"EntryPoint\",\"urlTemplate\":\"https:\\\/\\\/www.cannamm.com\\\/fr\\\/?s={search_term_string}\"},\"query-input\":{\"@type\":\"PropertyValueSpecification\",\"valueRequired\":true,\"valueName\":\"search_term_string\"}}],\"inLanguage\":\"fr-FR\"},{\"@type\":\"Organization\",\"@id\":\"https:\\\/\\\/www.cannamm.com\\\/fr\\\/#organization\",\"name\":\"CannAmm Occupational Testing\",\"url\":\"https:\\\/\\\/www.cannamm.com\\\/fr\\\/\",\"logo\":{\"@type\":\"ImageObject\",\"inLanguage\":\"fr-FR\",\"@id\":\"https:\\\/\\\/www.cannamm.com\\\/fr\\\/#\\\/schema\\\/logo\\\/image\\\/\",\"url\":\"https:\\\/\\\/www.cannamm.com\\\/wp-content\\\/uploads\\\/2021\\\/04\\\/CannAmm-Square.jpg\",\"contentUrl\":\"https:\\\/\\\/www.cannamm.com\\\/wp-content\\\/uploads\\\/2021\\\/04\\\/CannAmm-Square.jpg\",\"width\":400,\"height\":400,\"caption\":\"CannAmm Occupational Testing\"},\"image\":{\"@id\":\"https:\\\/\\\/www.cannamm.com\\\/fr\\\/#\\\/schema\\\/logo\\\/image\\\/\"},\"sameAs\":[\"https:\\\/\\\/www.facebook.com\\\/CannAmm\\\/\",\"https:\\\/\\\/x.com\\\/CannAmm\",\"https:\\\/\\\/www.linkedin.com\\\/company\\\/2537762\"]}]}<\/script>\n<!-- \/ Yoast SEO plugin. -->","yoast_head_json":{"title":"Obtenir Les R\u00e9sultats | CannAmm Occupational Testing Services","description":"Les entreprises associ\u00e9es aux services de tests de CannAmm peuvent acc\u00e9der aux r\u00e9sultats des tests et aux informations sur les examens m\u00e9dicaux ici.","robots":{"index":"index","follow":"follow","max-snippet":"max-snippet:-1","max-image-preview":"max-image-preview:large","max-video-preview":"max-video-preview:-1"},"canonical":"https:\/\/www.cannamm.com\/fr\/obtenir-les-resultats\/","og_locale":"fr_FR","og_type":"article","og_title":"Obtenir Les R\u00e9sultats | CannAmm Occupational Testing Services","og_description":"Les entreprises associ\u00e9es aux services de tests de CannAmm peuvent acc\u00e9der aux r\u00e9sultats des tests et aux informations sur les examens m\u00e9dicaux ici.","og_url":"https:\/\/www.cannamm.com\/fr\/obtenir-les-resultats\/","og_site_name":"CannAmm Occupational Testing Services","article_publisher":"https:\/\/www.facebook.com\/CannAmm\/","article_modified_time":"2024-04-10T17:49:55+00:00","og_image":[{"width":1440,"height":633,"url":"https:\/\/www.cannamm.com\/wp-content\/uploads\/2013\/10\/Construction_Man5.jpg","type":"image\/jpeg"}],"twitter_card":"summary_large_image","twitter_site":"@CannAmm","twitter_misc":{"Dur\u00e9e de lecture estim\u00e9e":"1 minute"},"schema":{"@context":"https:\/\/schema.org","@graph":[{"@type":"WebPage","@id":"https:\/\/www.cannamm.com\/fr\/obtenir-les-resultats\/","url":"https:\/\/www.cannamm.com\/fr\/obtenir-les-resultats\/","name":"Obtenir Les R\u00e9sultats | CannAmm Occupational Testing Services","isPartOf":{"@id":"https:\/\/www.cannamm.com\/fr\/#website"},"primaryImageOfPage":{"@id":"https:\/\/www.cannamm.com\/fr\/obtenir-les-resultats\/#primaryimage"},"image":{"@id":"https:\/\/www.cannamm.com\/fr\/obtenir-les-resultats\/#primaryimage"},"thumbnailUrl":"https:\/\/www.cannamm.com\/wp-content\/uploads\/2013\/10\/Construction_Man5.jpg","datePublished":"2013-11-26T19:59:26+00:00","dateModified":"2024-04-10T17:49:55+00:00","description":"Les entreprises associ\u00e9es aux services de tests de CannAmm peuvent acc\u00e9der aux r\u00e9sultats des tests et aux informations sur les examens m\u00e9dicaux ici.","inLanguage":"fr-FR","potentialAction":[{"@type":"ReadAction","target":["https:\/\/www.cannamm.com\/fr\/obtenir-les-resultats\/"]}]},{"@type":"ImageObject","inLanguage":"fr-FR","@id":"https:\/\/www.cannamm.com\/fr\/obtenir-les-resultats\/#primaryimage","url":"https:\/\/www.cannamm.com\/wp-content\/uploads\/2013\/10\/Construction_Man5.jpg","contentUrl":"https:\/\/www.cannamm.com\/wp-content\/uploads\/2013\/10\/Construction_Man5.jpg","width":1440,"height":633},{"@type":"WebSite","@id":"https:\/\/www.cannamm.com\/fr\/#website","url":"https:\/\/www.cannamm.com\/fr\/","name":"CannAmm Occupational Testing Services","description":"Occupational &amp; Employment Drug Testing Services Canada","publisher":{"@id":"https:\/\/www.cannamm.com\/fr\/#organization"},"potentialAction":[{"@type":"SearchAction","target":{"@type":"EntryPoint","urlTemplate":"https:\/\/www.cannamm.com\/fr\/?s={search_term_string}"},"query-input":{"@type":"PropertyValueSpecification","valueRequired":true,"valueName":"search_term_string"}}],"inLanguage":"fr-FR"},{"@type":"Organization","@id":"https:\/\/www.cannamm.com\/fr\/#organization","name":"CannAmm Occupational Testing","url":"https:\/\/www.cannamm.com\/fr\/","logo":{"@type":"ImageObject","inLanguage":"fr-FR","@id":"https:\/\/www.cannamm.com\/fr\/#\/schema\/logo\/image\/","url":"https:\/\/www.cannamm.com\/wp-content\/uploads\/2021\/04\/CannAmm-Square.jpg","contentUrl":"https:\/\/www.cannamm.com\/wp-content\/uploads\/2021\/04\/CannAmm-Square.jpg","width":400,"height":400,"caption":"CannAmm Occupational Testing"},"image":{"@id":"https:\/\/www.cannamm.com\/fr\/#\/schema\/logo\/image\/"},"sameAs":["https:\/\/www.facebook.com\/CannAmm\/","https:\/\/x.com\/CannAmm","https:\/\/www.linkedin.com\/company\/2537762"]}]}},"_links":{"self":[{"href":"https:\/\/www.cannamm.com\/fr\/wp-json\/wp\/v2\/pages\/6054","targetHints":{"allow":["GET"]}}],"collection":[{"href":"https:\/\/www.cannamm.com\/fr\/wp-json\/wp\/v2\/pages"}],"about":[{"href":"https:\/\/www.cannamm.com\/fr\/wp-json\/wp\/v2\/types\/page"}],"author":[{"embeddable":true,"href":"https:\/\/www.cannamm.com\/fr\/wp-json\/wp\/v2\/users\/26"}],"replies":[{"embeddable":true,"href":"https:\/\/www.cannamm.com\/fr\/wp-json\/wp\/v2\/comments?post=6054"}],"version-history":[{"count":0,"href":"https:\/\/www.cannamm.com\/fr\/wp-json\/wp\/v2\/pages\/6054\/revisions"}],"wp:featuredmedia":[{"embeddable":true,"href":"https:\/\/www.cannamm.com\/fr\/wp-json\/wp\/v2\/media\/5989"}],"wp:attachment":[{"href":"https:\/\/www.cannamm.com\/fr\/wp-json\/wp\/v2\/media?parent=6054"}],"curies":[{"name":"wp","href":"https:\/\/api.w.org\/{rel}","templated":true}]}}