{"id":6053,"date":"2013-11-22T15:11:33","date_gmt":"2013-11-22T22:11:33","guid":{"rendered":"https:\/\/www.cannamm.com\/rendez-vouz\/"},"modified":"2024-04-10T12:28:13","modified_gmt":"2024-04-10T18:28:13","slug":"rendez-vouz","status":"publish","type":"page","link":"https:\/\/www.cannamm.com\/fr\/rendez-vouz\/","title":{"rendered":"Rendez-Vouz"},"content":{"rendered":"<p><\/div><\/div><div class=\"eleven columns\"><div> <\/div><div class=\"five columns alpha\"><\/p>\n<h3>Connectez-vous \u00e0 votre compte<\/h3>\n<p>Si vous avez besoin d&rsquo;aide pour la r\u00e9servation en ligne, appelez au 1.800.440.0023 et nous referons ensemble la proc\u00e9dure pas \u00e0 pas. Une fois connect\u00e9, vous pourrez :<\/p>\n<ul>\n<li>obtenir des r\u00e9sultats de test<\/li>\n<li>programmer des tests ou des examens m\u00e9dicaux<\/li>\n<li>g\u00e9rer les profils et comptes des employ\u00e9s<\/li>\n<li>t\u00e9l\u00e9charger des rapports<\/li>\n<li>et beaucoup plus<\/li>\n<\/ul>\n<p><div class=\"circle\"><div><a href=\"https:\/\/secure.cannamm.com\/PAWSv2\/login\" class=\"four columns alpha omega\">Me Connecter \u00c0 Mon Compte<\/a><\/div><\/div> <\/div><div class=\"six columns omega\"><\/p>\n<h3>Premi\u00e8re connexion ?<\/h3>\n<p>Les entreprises doivent avoir un compte chez nous pour pouvoir programmer des rendez-vous.\u00a0<a title=\"Contact\" href=\"https:\/\/www.cannamm.com\/contact\/\">Contactez<\/a>\u00a0un de nos repr\u00e9sentants pour cr\u00e9er votre compte maintenant.<\/p>\n<h3><strong>Important<\/strong><\/h3>\n<ul>\n<li>Pour des tests\u00a0<a title=\"Post Incident Testing\" href=\"https:\/\/www.cannamm.com\/services\/drug-alcohol-testing\/reasons-for-testing\/post-incident-testing\/\">apr\u00e8s accident\/incident\u00a0<\/a>et\u00a0<a title=\"Reasonable Cause\" href=\"https:\/\/www.cannamm.com\/services\/drug-alcohol-testing\/reasons-for-testing\/reasonable-cause\/\">de cause raisonnable<\/a>, veuillez r\u00e9server en appelant le 1-800-440-0023, puis faites le 3.\u00a0<strong>Ces tests sont sensibles au facteur temps. R\u00e9server par le t\u00e9l\u00e9phone nous permet d&rsquo;acc\u00e9l\u00e9rer la r\u00e9servation du test.<\/strong><\/li>\n<li>Pour reprogrammer un rendez-vous, appelez ou <a title=\"Contact\" href=\"https:\/\/www.cannamm.com\/contact\/\">transmettez un courriel \u00e0 notre service de prise des rendez-vous<\/a>.\u00a0Veuillez noter qu&rsquo;en raison de la nature sensible au facteur temps des rendez-vous, il est impossible de reprogrammer ou d&rsquo;annuler un rendez-vous en ligne.<\/li>\n<\/ul>\n<p>&nbsp;<\/p>\n","protected":false},"excerpt":{"rendered":"<p>Connectez-vous \u00e0 votre compte Si vous avez besoin d&rsquo;aide pour la r\u00e9servation en ligne, appelez au<\/p>\n","protected":false},"author":27,"featured_media":5989,"parent":0,"menu_order":0,"comment_status":"closed","ping_status":"closed","template":"page-sidebar.php","meta":{"_acf_changed":false,"inline_featured_image":false,"iawp_total_views":163,"footnotes":""},"class_list":["post-6053","page","type-page","status-publish","has-post-thumbnail","hentry"],"acf":[],"yoast_head":"<!-- This site is optimized with the Yoast SEO plugin v27.5 - https:\/\/yoast.com\/product\/yoast-seo-wordpress\/ -->\n<title>Rendez-Vouz | CannAmm Occupational Testing Services<\/title>\n<meta name=\"description\" content=\"Utilisez cette page pour reprogrammer un test de d\u00e9pistage de drogues ou d&#039;alcool ou un examen m\u00e9dical sur le lieu de travail r\u00e9serv\u00e9 avec CannAmm.\" \/>\n<meta name=\"robots\" content=\"index, follow, max-snippet:-1, max-image-preview:large, max-video-preview:-1\" \/>\n<link rel=\"canonical\" href=\"https:\/\/www.cannamm.com\/fr\/rendez-vouz\/\" \/>\n<meta property=\"og:locale\" content=\"fr_FR\" \/>\n<meta property=\"og:type\" content=\"article\" \/>\n<meta property=\"og:title\" content=\"Rendez-Vouz | CannAmm Occupational Testing Services\" \/>\n<meta property=\"og:description\" content=\"Utilisez cette page pour reprogrammer un test de d\u00e9pistage de drogues ou d&#039;alcool ou un examen m\u00e9dical sur le lieu de travail r\u00e9serv\u00e9 avec CannAmm.\" \/>\n<meta property=\"og:url\" content=\"https:\/\/www.cannamm.com\/fr\/rendez-vouz\/\" \/>\n<meta property=\"og:site_name\" content=\"CannAmm Occupational Testing Services\" \/>\n<meta property=\"article:publisher\" content=\"https:\/\/www.facebook.com\/CannAmm\/\" \/>\n<meta property=\"article:modified_time\" content=\"2024-04-10T18:28:13+00:00\" \/>\n<meta property=\"og:image\" content=\"https:\/\/www.cannamm.com\/wp-content\/uploads\/2013\/10\/Construction_Man5.jpg\" \/>\n\t<meta property=\"og:image:width\" content=\"1440\" \/>\n\t<meta property=\"og:image:height\" content=\"633\" \/>\n\t<meta property=\"og:image:type\" content=\"image\/jpeg\" \/>\n<meta name=\"twitter:card\" content=\"summary_large_image\" \/>\n<meta name=\"twitter:site\" content=\"@CannAmm\" \/>\n<meta name=\"twitter:label1\" content=\"Dur\u00e9e de lecture estim\u00e9e\" \/>\n\t<meta name=\"twitter:data1\" content=\"1 minute\" \/>\n<script type=\"application\/ld+json\" class=\"yoast-schema-graph\">{\"@context\":\"https:\\\/\\\/schema.org\",\"@graph\":[{\"@type\":\"WebPage\",\"@id\":\"https:\\\/\\\/www.cannamm.com\\\/fr\\\/rendez-vouz\\\/\",\"url\":\"https:\\\/\\\/www.cannamm.com\\\/fr\\\/rendez-vouz\\\/\",\"name\":\"Rendez-Vouz | CannAmm Occupational Testing Services\",\"isPartOf\":{\"@id\":\"https:\\\/\\\/www.cannamm.com\\\/fr\\\/#website\"},\"primaryImageOfPage\":{\"@id\":\"https:\\\/\\\/www.cannamm.com\\\/fr\\\/rendez-vouz\\\/#primaryimage\"},\"image\":{\"@id\":\"https:\\\/\\\/www.cannamm.com\\\/fr\\\/rendez-vouz\\\/#primaryimage\"},\"thumbnailUrl\":\"https:\\\/\\\/www.cannamm.com\\\/wp-content\\\/uploads\\\/2013\\\/10\\\/Construction_Man5.jpg\",\"datePublished\":\"2013-11-22T22:11:33+00:00\",\"dateModified\":\"2024-04-10T18:28:13+00:00\",\"description\":\"Utilisez cette page pour reprogrammer un test de d\u00e9pistage de drogues ou d'alcool ou un examen m\u00e9dical sur le lieu de travail r\u00e9serv\u00e9 avec CannAmm.\",\"inLanguage\":\"fr-FR\",\"potentialAction\":[{\"@type\":\"ReadAction\",\"target\":[\"https:\\\/\\\/www.cannamm.com\\\/fr\\\/rendez-vouz\\\/\"]}]},{\"@type\":\"ImageObject\",\"inLanguage\":\"fr-FR\",\"@id\":\"https:\\\/\\\/www.cannamm.com\\\/fr\\\/rendez-vouz\\\/#primaryimage\",\"url\":\"https:\\\/\\\/www.cannamm.com\\\/wp-content\\\/uploads\\\/2013\\\/10\\\/Construction_Man5.jpg\",\"contentUrl\":\"https:\\\/\\\/www.cannamm.com\\\/wp-content\\\/uploads\\\/2013\\\/10\\\/Construction_Man5.jpg\",\"width\":1440,\"height\":633},{\"@type\":\"WebSite\",\"@id\":\"https:\\\/\\\/www.cannamm.com\\\/fr\\\/#website\",\"url\":\"https:\\\/\\\/www.cannamm.com\\\/fr\\\/\",\"name\":\"CannAmm Occupational Testing Services\",\"description\":\"Occupational &amp; Employment Drug Testing Services Canada\",\"publisher\":{\"@id\":\"https:\\\/\\\/www.cannamm.com\\\/fr\\\/#organization\"},\"potentialAction\":[{\"@type\":\"SearchAction\",\"target\":{\"@type\":\"EntryPoint\",\"urlTemplate\":\"https:\\\/\\\/www.cannamm.com\\\/fr\\\/?s={search_term_string}\"},\"query-input\":{\"@type\":\"PropertyValueSpecification\",\"valueRequired\":true,\"valueName\":\"search_term_string\"}}],\"inLanguage\":\"fr-FR\"},{\"@type\":\"Organization\",\"@id\":\"https:\\\/\\\/www.cannamm.com\\\/fr\\\/#organization\",\"name\":\"CannAmm Occupational Testing\",\"url\":\"https:\\\/\\\/www.cannamm.com\\\/fr\\\/\",\"logo\":{\"@type\":\"ImageObject\",\"inLanguage\":\"fr-FR\",\"@id\":\"https:\\\/\\\/www.cannamm.com\\\/fr\\\/#\\\/schema\\\/logo\\\/image\\\/\",\"url\":\"https:\\\/\\\/www.cannamm.com\\\/wp-content\\\/uploads\\\/2021\\\/04\\\/CannAmm-Square.jpg\",\"contentUrl\":\"https:\\\/\\\/www.cannamm.com\\\/wp-content\\\/uploads\\\/2021\\\/04\\\/CannAmm-Square.jpg\",\"width\":400,\"height\":400,\"caption\":\"CannAmm Occupational Testing\"},\"image\":{\"@id\":\"https:\\\/\\\/www.cannamm.com\\\/fr\\\/#\\\/schema\\\/logo\\\/image\\\/\"},\"sameAs\":[\"https:\\\/\\\/www.facebook.com\\\/CannAmm\\\/\",\"https:\\\/\\\/x.com\\\/CannAmm\",\"https:\\\/\\\/www.linkedin.com\\\/company\\\/2537762\"]}]}<\/script>\n<!-- \/ Yoast SEO plugin. -->","yoast_head_json":{"title":"Rendez-Vouz | CannAmm Occupational Testing Services","description":"Utilisez cette page pour reprogrammer un test de d\u00e9pistage de drogues ou d'alcool ou un examen m\u00e9dical sur le lieu de travail r\u00e9serv\u00e9 avec CannAmm.","robots":{"index":"index","follow":"follow","max-snippet":"max-snippet:-1","max-image-preview":"max-image-preview:large","max-video-preview":"max-video-preview:-1"},"canonical":"https:\/\/www.cannamm.com\/fr\/rendez-vouz\/","og_locale":"fr_FR","og_type":"article","og_title":"Rendez-Vouz | CannAmm Occupational Testing Services","og_description":"Utilisez cette page pour reprogrammer un test de d\u00e9pistage de drogues ou d'alcool ou un examen m\u00e9dical sur le lieu de travail r\u00e9serv\u00e9 avec CannAmm.","og_url":"https:\/\/www.cannamm.com\/fr\/rendez-vouz\/","og_site_name":"CannAmm Occupational Testing Services","article_publisher":"https:\/\/www.facebook.com\/CannAmm\/","article_modified_time":"2024-04-10T18:28:13+00:00","og_image":[{"width":1440,"height":633,"url":"https:\/\/www.cannamm.com\/wp-content\/uploads\/2013\/10\/Construction_Man5.jpg","type":"image\/jpeg"}],"twitter_card":"summary_large_image","twitter_site":"@CannAmm","twitter_misc":{"Dur\u00e9e de lecture estim\u00e9e":"1 minute"},"schema":{"@context":"https:\/\/schema.org","@graph":[{"@type":"WebPage","@id":"https:\/\/www.cannamm.com\/fr\/rendez-vouz\/","url":"https:\/\/www.cannamm.com\/fr\/rendez-vouz\/","name":"Rendez-Vouz | CannAmm Occupational Testing Services","isPartOf":{"@id":"https:\/\/www.cannamm.com\/fr\/#website"},"primaryImageOfPage":{"@id":"https:\/\/www.cannamm.com\/fr\/rendez-vouz\/#primaryimage"},"image":{"@id":"https:\/\/www.cannamm.com\/fr\/rendez-vouz\/#primaryimage"},"thumbnailUrl":"https:\/\/www.cannamm.com\/wp-content\/uploads\/2013\/10\/Construction_Man5.jpg","datePublished":"2013-11-22T22:11:33+00:00","dateModified":"2024-04-10T18:28:13+00:00","description":"Utilisez cette page pour reprogrammer un test de d\u00e9pistage de drogues ou d'alcool ou un examen m\u00e9dical sur le lieu de travail r\u00e9serv\u00e9 avec CannAmm.","inLanguage":"fr-FR","potentialAction":[{"@type":"ReadAction","target":["https:\/\/www.cannamm.com\/fr\/rendez-vouz\/"]}]},{"@type":"ImageObject","inLanguage":"fr-FR","@id":"https:\/\/www.cannamm.com\/fr\/rendez-vouz\/#primaryimage","url":"https:\/\/www.cannamm.com\/wp-content\/uploads\/2013\/10\/Construction_Man5.jpg","contentUrl":"https:\/\/www.cannamm.com\/wp-content\/uploads\/2013\/10\/Construction_Man5.jpg","width":1440,"height":633},{"@type":"WebSite","@id":"https:\/\/www.cannamm.com\/fr\/#website","url":"https:\/\/www.cannamm.com\/fr\/","name":"CannAmm Occupational Testing Services","description":"Occupational &amp; Employment Drug Testing Services Canada","publisher":{"@id":"https:\/\/www.cannamm.com\/fr\/#organization"},"potentialAction":[{"@type":"SearchAction","target":{"@type":"EntryPoint","urlTemplate":"https:\/\/www.cannamm.com\/fr\/?s={search_term_string}"},"query-input":{"@type":"PropertyValueSpecification","valueRequired":true,"valueName":"search_term_string"}}],"inLanguage":"fr-FR"},{"@type":"Organization","@id":"https:\/\/www.cannamm.com\/fr\/#organization","name":"CannAmm Occupational Testing","url":"https:\/\/www.cannamm.com\/fr\/","logo":{"@type":"ImageObject","inLanguage":"fr-FR","@id":"https:\/\/www.cannamm.com\/fr\/#\/schema\/logo\/image\/","url":"https:\/\/www.cannamm.com\/wp-content\/uploads\/2021\/04\/CannAmm-Square.jpg","contentUrl":"https:\/\/www.cannamm.com\/wp-content\/uploads\/2021\/04\/CannAmm-Square.jpg","width":400,"height":400,"caption":"CannAmm Occupational Testing"},"image":{"@id":"https:\/\/www.cannamm.com\/fr\/#\/schema\/logo\/image\/"},"sameAs":["https:\/\/www.facebook.com\/CannAmm\/","https:\/\/x.com\/CannAmm","https:\/\/www.linkedin.com\/company\/2537762"]}]}},"_links":{"self":[{"href":"https:\/\/www.cannamm.com\/fr\/wp-json\/wp\/v2\/pages\/6053","targetHints":{"allow":["GET"]}}],"collection":[{"href":"https:\/\/www.cannamm.com\/fr\/wp-json\/wp\/v2\/pages"}],"about":[{"href":"https:\/\/www.cannamm.com\/fr\/wp-json\/wp\/v2\/types\/page"}],"author":[{"embeddable":true,"href":"https:\/\/www.cannamm.com\/fr\/wp-json\/wp\/v2\/users\/27"}],"replies":[{"embeddable":true,"href":"https:\/\/www.cannamm.com\/fr\/wp-json\/wp\/v2\/comments?post=6053"}],"version-history":[{"count":0,"href":"https:\/\/www.cannamm.com\/fr\/wp-json\/wp\/v2\/pages\/6053\/revisions"}],"wp:featuredmedia":[{"embeddable":true,"href":"https:\/\/www.cannamm.com\/fr\/wp-json\/wp\/v2\/media\/5989"}],"wp:attachment":[{"href":"https:\/\/www.cannamm.com\/fr\/wp-json\/wp\/v2\/media?parent=6053"}],"curies":[{"name":"wp","href":"https:\/\/api.w.org\/{rel}","templated":true}]}}