{"id":6049,"date":"2013-10-17T02:21:54","date_gmt":"2013-10-17T02:21:54","guid":{"rendered":"https:\/\/www.cannamm.com\/expertise\/"},"modified":"2026-04-05T18:14:46","modified_gmt":"2026-04-06T00:14:46","slug":"expertise","status":"publish","type":"page","link":"https:\/\/www.cannamm.com\/fr\/qui-sommes-nous\/expertise\/","title":{"rendered":"Expertise"},"content":{"rendered":"<h3>Des experts fiables<\/h3>\n<p>Comme les entreprises qui nous font confiance et les personnes que nous testons accordent une grande importance aux r\u00e9sultats, ceux-ci doivent \u00eatre incontestables. C&rsquo;est pourquoi nous disposons des experts les plus chevronn\u00e9s et comp\u00e9tents du secteur des\u00a0<a title=\"Tests de Sant\u00e9\" href=\"https:\/\/www.cannamm.com\/fr\/services\/tests-de-sante-au-travail\/\">tests de sant\u00e9<\/a>\u00a0et\u00a0<a title=\"Tests de D\u00e9pistage de Drogue et D\u2019alcool\" href=\"https:\/\/www.cannamm.com\/services\/drug-alcohol-testing\/\">de d\u00e9pistage de drogue et d&rsquo;alcool au travail<\/a>\u00a0et veillons constamment \u00e0 exercer toutes nos activit\u00e9s conform\u00e9ment aux meilleures pratiques. Pionniers du test de sant\u00e9 et de d\u00e9pistage de drogue et d&rsquo;alcool au travail, nous en sommes la r\u00e9f\u00e9rence qui veut que le travail soit vite fait et bien fait.<\/p>\n<p>Tous les niveaux de nos services de sant\u00e9 au travail sont empreints d&rsquo;expertise : des personnes parfaitement form\u00e9es et comp\u00e9tentes qui r\u00e9pondent au t\u00e9l\u00e9phone aux techniciens certifi\u00e9s de collecte de premi\u00e8re ligne, jusqu&rsquo;aux personnes qui \u00e9laborent et transmettent nos\u00a0<a title=\"Drug and Alcohol Awareness Training\" href=\"https:\/\/www.cannamm.com\/services\/training\/drug-and-alcohol-awareness-training\/\">programmes de formation de sensibilisation \u00e0 la drogue<\/a>. Notre personnel est en outre constamment en apprentissage pour rester au fait des technologies et r\u00e9glementations les plus r\u00e9centes. Nous voulons \u00eatre les meilleurs du secteur, car c&rsquo;est ainsi que les clients et les personnes que nous testons sauront qu&rsquo;ils peuvent nous faire confiance.<\/p>\n<p>Notre r\u00e9servoir d&rsquo;expertise interne comprend les professionnels suivants.<\/p>\n<p><a title=\"Contactez Nous\" href=\"https:\/\/www.cannamm.com\/contact\/\">Contactez-nous<\/a>\u00a0pour davantage d&rsquo;informations.<\/p>\n<\/div>\n<\/div>\n<div class=\"circle_wrapper\"><div class=\"circle\"><div><a href=\"https:\/\/www.cannamm.com\/services\/return-to-duty-services\/sapsae-assessments-case-management\/\" class=\"four columns alpha omega\">Professionnel de L&rsquo;abus de Substance<\/a><\/div><\/div><div class=\"circle\"><div><a href=\"https:\/\/www.cannamm.com\/services\/return-to-duty-services\/sapsae-assessments-case-management\/\" class=\"four columns alpha omega\">Expert de L&rsquo;abus de Substance<\/a><\/div><\/div><div class=\"circle\"><div><a href=\"http:\/\/sapacc.org\/\" class=\"four columns alpha omega\">Administrateur Certifi\u00e9 de Programme D&rsquo;abus de Substance<\/a><\/div><\/div><div class=\"circle\"><div><a href=\"http:\/\/www.ascp.org\/\" class=\"four columns alpha omega\">Technologiste M\u00e9dical<\/a><\/div><\/div><\/p>\n","protected":false},"excerpt":{"rendered":"<p>Des experts fiables Comme les entreprises qui nous font confiance et les personnes que nous testons<\/p>\n","protected":false},"author":26,"featured_media":5999,"parent":6002,"menu_order":0,"comment_status":"closed","ping_status":"closed","template":"page-sidebar.php","meta":{"_acf_changed":false,"inline_featured_image":false,"iawp_total_views":75,"footnotes":""},"class_list":["post-6049","page","type-page","status-publish","has-post-thumbnail","hentry"],"acf":[],"yoast_head":"<!-- This site is optimized with the Yoast SEO plugin v27.4 - https:\/\/yoast.com\/product\/yoast-seo-wordpress\/ -->\n<title>Expertise | CannAmm Occupational Testing Services<\/title>\n<meta name=\"robots\" content=\"index, follow, max-snippet:-1, max-image-preview:large, max-video-preview:-1\" \/>\n<link rel=\"canonical\" href=\"https:\/\/www.cannamm.com\/fr\/qui-sommes-nous\/expertise\/\" \/>\n<meta property=\"og:locale\" content=\"fr_FR\" \/>\n<meta property=\"og:type\" content=\"article\" \/>\n<meta property=\"og:title\" content=\"Expertise | CannAmm Occupational Testing Services\" \/>\n<meta property=\"og:description\" content=\"Des experts fiables Comme les entreprises qui nous font confiance et les personnes que nous testons\" \/>\n<meta property=\"og:url\" content=\"https:\/\/www.cannamm.com\/fr\/qui-sommes-nous\/expertise\/\" \/>\n<meta property=\"og:site_name\" content=\"CannAmm Occupational Testing Services\" \/>\n<meta property=\"article:publisher\" content=\"https:\/\/www.facebook.com\/CannAmm\/\" \/>\n<meta property=\"article:modified_time\" content=\"2026-04-06T00:14:46+00:00\" \/>\n<meta property=\"og:image\" content=\"https:\/\/www.cannamm.com\/wp-content\/uploads\/2013\/10\/Silhouette_Construction2.jpg\" \/>\n\t<meta property=\"og:image:width\" content=\"1440\" \/>\n\t<meta property=\"og:image:height\" content=\"466\" \/>\n\t<meta property=\"og:image:type\" content=\"image\/jpeg\" \/>\n<meta name=\"twitter:card\" content=\"summary_large_image\" \/>\n<meta name=\"twitter:site\" content=\"@CannAmm\" \/>\n<meta name=\"twitter:label1\" content=\"Dur\u00e9e de lecture estim\u00e9e\" \/>\n\t<meta name=\"twitter:data1\" content=\"2 minutes\" \/>\n<script type=\"application\/ld+json\" class=\"yoast-schema-graph\">{\"@context\":\"https:\\\/\\\/schema.org\",\"@graph\":[{\"@type\":\"WebPage\",\"@id\":\"https:\\\/\\\/www.cannamm.com\\\/fr\\\/qui-sommes-nous\\\/expertise\\\/\",\"url\":\"https:\\\/\\\/www.cannamm.com\\\/fr\\\/qui-sommes-nous\\\/expertise\\\/\",\"name\":\"Expertise | CannAmm Occupational Testing Services\",\"isPartOf\":{\"@id\":\"https:\\\/\\\/www.cannamm.com\\\/fr\\\/#website\"},\"primaryImageOfPage\":{\"@id\":\"https:\\\/\\\/www.cannamm.com\\\/fr\\\/qui-sommes-nous\\\/expertise\\\/#primaryimage\"},\"image\":{\"@id\":\"https:\\\/\\\/www.cannamm.com\\\/fr\\\/qui-sommes-nous\\\/expertise\\\/#primaryimage\"},\"thumbnailUrl\":\"https:\\\/\\\/www.cannamm.com\\\/wp-content\\\/uploads\\\/2013\\\/10\\\/Silhouette_Construction2.jpg\",\"datePublished\":\"2013-10-17T02:21:54+00:00\",\"dateModified\":\"2026-04-06T00:14:46+00:00\",\"breadcrumb\":{\"@id\":\"https:\\\/\\\/www.cannamm.com\\\/fr\\\/qui-sommes-nous\\\/expertise\\\/#breadcrumb\"},\"inLanguage\":\"fr-FR\",\"potentialAction\":[{\"@type\":\"ReadAction\",\"target\":[\"https:\\\/\\\/www.cannamm.com\\\/fr\\\/qui-sommes-nous\\\/expertise\\\/\"]}]},{\"@type\":\"ImageObject\",\"inLanguage\":\"fr-FR\",\"@id\":\"https:\\\/\\\/www.cannamm.com\\\/fr\\\/qui-sommes-nous\\\/expertise\\\/#primaryimage\",\"url\":\"https:\\\/\\\/www.cannamm.com\\\/wp-content\\\/uploads\\\/2013\\\/10\\\/Silhouette_Construction2.jpg\",\"contentUrl\":\"https:\\\/\\\/www.cannamm.com\\\/wp-content\\\/uploads\\\/2013\\\/10\\\/Silhouette_Construction2.jpg\",\"width\":1440,\"height\":466},{\"@type\":\"BreadcrumbList\",\"@id\":\"https:\\\/\\\/www.cannamm.com\\\/fr\\\/qui-sommes-nous\\\/expertise\\\/#breadcrumb\",\"itemListElement\":[{\"@type\":\"ListItem\",\"position\":1,\"name\":\"Qui Sommes-Nous\",\"item\":\"https:\\\/\\\/www.cannamm.com\\\/fr\\\/qui-sommes-nous\\\/\"},{\"@type\":\"ListItem\",\"position\":2,\"name\":\"Expertise\"}]},{\"@type\":\"WebSite\",\"@id\":\"https:\\\/\\\/www.cannamm.com\\\/fr\\\/#website\",\"url\":\"https:\\\/\\\/www.cannamm.com\\\/fr\\\/\",\"name\":\"CannAmm Occupational Testing Services\",\"description\":\"Occupational &amp; Employment Drug Testing Services Canada\",\"publisher\":{\"@id\":\"https:\\\/\\\/www.cannamm.com\\\/fr\\\/#organization\"},\"potentialAction\":[{\"@type\":\"SearchAction\",\"target\":{\"@type\":\"EntryPoint\",\"urlTemplate\":\"https:\\\/\\\/www.cannamm.com\\\/fr\\\/?s={search_term_string}\"},\"query-input\":{\"@type\":\"PropertyValueSpecification\",\"valueRequired\":true,\"valueName\":\"search_term_string\"}}],\"inLanguage\":\"fr-FR\"},{\"@type\":\"Organization\",\"@id\":\"https:\\\/\\\/www.cannamm.com\\\/fr\\\/#organization\",\"name\":\"CannAmm Occupational Testing\",\"url\":\"https:\\\/\\\/www.cannamm.com\\\/fr\\\/\",\"logo\":{\"@type\":\"ImageObject\",\"inLanguage\":\"fr-FR\",\"@id\":\"https:\\\/\\\/www.cannamm.com\\\/fr\\\/#\\\/schema\\\/logo\\\/image\\\/\",\"url\":\"https:\\\/\\\/www.cannamm.com\\\/wp-content\\\/uploads\\\/2021\\\/04\\\/CannAmm-Square.jpg\",\"contentUrl\":\"https:\\\/\\\/www.cannamm.com\\\/wp-content\\\/uploads\\\/2021\\\/04\\\/CannAmm-Square.jpg\",\"width\":400,\"height\":400,\"caption\":\"CannAmm Occupational Testing\"},\"image\":{\"@id\":\"https:\\\/\\\/www.cannamm.com\\\/fr\\\/#\\\/schema\\\/logo\\\/image\\\/\"},\"sameAs\":[\"https:\\\/\\\/www.facebook.com\\\/CannAmm\\\/\",\"https:\\\/\\\/x.com\\\/CannAmm\",\"https:\\\/\\\/www.linkedin.com\\\/company\\\/2537762\"]}]}<\/script>\n<!-- \/ Yoast SEO plugin. -->","yoast_head_json":{"title":"Expertise | CannAmm Occupational Testing Services","robots":{"index":"index","follow":"follow","max-snippet":"max-snippet:-1","max-image-preview":"max-image-preview:large","max-video-preview":"max-video-preview:-1"},"canonical":"https:\/\/www.cannamm.com\/fr\/qui-sommes-nous\/expertise\/","og_locale":"fr_FR","og_type":"article","og_title":"Expertise | CannAmm Occupational Testing Services","og_description":"Des experts fiables Comme les entreprises qui nous font confiance et les personnes que nous testons","og_url":"https:\/\/www.cannamm.com\/fr\/qui-sommes-nous\/expertise\/","og_site_name":"CannAmm Occupational Testing Services","article_publisher":"https:\/\/www.facebook.com\/CannAmm\/","article_modified_time":"2026-04-06T00:14:46+00:00","og_image":[{"width":1440,"height":466,"url":"https:\/\/www.cannamm.com\/wp-content\/uploads\/2013\/10\/Silhouette_Construction2.jpg","type":"image\/jpeg"}],"twitter_card":"summary_large_image","twitter_site":"@CannAmm","twitter_misc":{"Dur\u00e9e de lecture estim\u00e9e":"2 minutes"},"schema":{"@context":"https:\/\/schema.org","@graph":[{"@type":"WebPage","@id":"https:\/\/www.cannamm.com\/fr\/qui-sommes-nous\/expertise\/","url":"https:\/\/www.cannamm.com\/fr\/qui-sommes-nous\/expertise\/","name":"Expertise | CannAmm Occupational Testing Services","isPartOf":{"@id":"https:\/\/www.cannamm.com\/fr\/#website"},"primaryImageOfPage":{"@id":"https:\/\/www.cannamm.com\/fr\/qui-sommes-nous\/expertise\/#primaryimage"},"image":{"@id":"https:\/\/www.cannamm.com\/fr\/qui-sommes-nous\/expertise\/#primaryimage"},"thumbnailUrl":"https:\/\/www.cannamm.com\/wp-content\/uploads\/2013\/10\/Silhouette_Construction2.jpg","datePublished":"2013-10-17T02:21:54+00:00","dateModified":"2026-04-06T00:14:46+00:00","breadcrumb":{"@id":"https:\/\/www.cannamm.com\/fr\/qui-sommes-nous\/expertise\/#breadcrumb"},"inLanguage":"fr-FR","potentialAction":[{"@type":"ReadAction","target":["https:\/\/www.cannamm.com\/fr\/qui-sommes-nous\/expertise\/"]}]},{"@type":"ImageObject","inLanguage":"fr-FR","@id":"https:\/\/www.cannamm.com\/fr\/qui-sommes-nous\/expertise\/#primaryimage","url":"https:\/\/www.cannamm.com\/wp-content\/uploads\/2013\/10\/Silhouette_Construction2.jpg","contentUrl":"https:\/\/www.cannamm.com\/wp-content\/uploads\/2013\/10\/Silhouette_Construction2.jpg","width":1440,"height":466},{"@type":"BreadcrumbList","@id":"https:\/\/www.cannamm.com\/fr\/qui-sommes-nous\/expertise\/#breadcrumb","itemListElement":[{"@type":"ListItem","position":1,"name":"Qui Sommes-Nous","item":"https:\/\/www.cannamm.com\/fr\/qui-sommes-nous\/"},{"@type":"ListItem","position":2,"name":"Expertise"}]},{"@type":"WebSite","@id":"https:\/\/www.cannamm.com\/fr\/#website","url":"https:\/\/www.cannamm.com\/fr\/","name":"CannAmm Occupational Testing Services","description":"Occupational &amp; Employment Drug Testing Services Canada","publisher":{"@id":"https:\/\/www.cannamm.com\/fr\/#organization"},"potentialAction":[{"@type":"SearchAction","target":{"@type":"EntryPoint","urlTemplate":"https:\/\/www.cannamm.com\/fr\/?s={search_term_string}"},"query-input":{"@type":"PropertyValueSpecification","valueRequired":true,"valueName":"search_term_string"}}],"inLanguage":"fr-FR"},{"@type":"Organization","@id":"https:\/\/www.cannamm.com\/fr\/#organization","name":"CannAmm Occupational Testing","url":"https:\/\/www.cannamm.com\/fr\/","logo":{"@type":"ImageObject","inLanguage":"fr-FR","@id":"https:\/\/www.cannamm.com\/fr\/#\/schema\/logo\/image\/","url":"https:\/\/www.cannamm.com\/wp-content\/uploads\/2021\/04\/CannAmm-Square.jpg","contentUrl":"https:\/\/www.cannamm.com\/wp-content\/uploads\/2021\/04\/CannAmm-Square.jpg","width":400,"height":400,"caption":"CannAmm Occupational Testing"},"image":{"@id":"https:\/\/www.cannamm.com\/fr\/#\/schema\/logo\/image\/"},"sameAs":["https:\/\/www.facebook.com\/CannAmm\/","https:\/\/x.com\/CannAmm","https:\/\/www.linkedin.com\/company\/2537762"]}]}},"_links":{"self":[{"href":"https:\/\/www.cannamm.com\/fr\/wp-json\/wp\/v2\/pages\/6049","targetHints":{"allow":["GET"]}}],"collection":[{"href":"https:\/\/www.cannamm.com\/fr\/wp-json\/wp\/v2\/pages"}],"about":[{"href":"https:\/\/www.cannamm.com\/fr\/wp-json\/wp\/v2\/types\/page"}],"author":[{"embeddable":true,"href":"https:\/\/www.cannamm.com\/fr\/wp-json\/wp\/v2\/users\/26"}],"replies":[{"embeddable":true,"href":"https:\/\/www.cannamm.com\/fr\/wp-json\/wp\/v2\/comments?post=6049"}],"version-history":[{"count":0,"href":"https:\/\/www.cannamm.com\/fr\/wp-json\/wp\/v2\/pages\/6049\/revisions"}],"up":[{"embeddable":true,"href":"https:\/\/www.cannamm.com\/fr\/wp-json\/wp\/v2\/pages\/6002"}],"wp:featuredmedia":[{"embeddable":true,"href":"https:\/\/www.cannamm.com\/fr\/wp-json\/wp\/v2\/media\/5999"}],"wp:attachment":[{"href":"https:\/\/www.cannamm.com\/fr\/wp-json\/wp\/v2\/media?parent=6049"}],"curies":[{"name":"wp","href":"https:\/\/api.w.org\/{rel}","templated":true}]}}