{"id":6039,"date":"2013-10-17T01:51:52","date_gmt":"2013-10-17T01:51:52","guid":{"rendered":"https:\/\/www.cannamm.com\/inscrivez-vous-a-notre-reseau-de-sites-de-collecte\/"},"modified":"2024-04-16T09:47:55","modified_gmt":"2024-04-16T15:47:55","slug":"inscrivez-vous-a-notre-reseau-de-sites-de-collecte","status":"publish","type":"page","link":"https:\/\/www.cannamm.com\/fr\/sites-de-collecte\/inscrivez-vous-a-notre-reseau-de-sites-de-collecte\/","title":{"rendered":"Inscrivez-Vous \u00e0 Notre R\u00e9seau de Sites de Collecte"},"content":{"rendered":"<p>&nbsp;<\/p>\n<h3>Vous pouvez faire partie du r\u00e9seau des sites de collecte de CannAmm !<\/h3>\n<p>Nous invitons les personnes comp\u00e9tentes et les divers sites de collecte <a title=\"Contact\" href=\"https:\/\/www.cannamm.com\/contact\/\">\u00e0 nous contacter<\/a>\u00a0pour faire partie de notre r\u00e9seau en croissance constante des sites de collecte. En qualit\u00e9 de chefs de file en mati\u00e8re de d\u00e9pistage de drogue et d&rsquo;alcool, nous nous assurons que notre r\u00e9seau de sites de collecte et leur personnel soient bien form\u00e9s et en mesure de livrer des services de tests d&rsquo;alcool et drogue de haute qualit\u00e9, et de garantir que les tests seront d\u00e9fendables et que les gens seront trait\u00e9s avec respect.<\/p>\n<p>En faisant partie de notre r\u00e9seau, vous pourrez recevoir, notamment :<\/p>\n<ul>\n<li>Des r\u00e9f\u00e9rences pour votre r\u00e9gion<\/li>\n<li>Du soutien 24\/7 pour les cas o\u00f9 vous auriez un probl\u00e8me ou des questions<\/li>\n<li>La libert\u00e9 de pouvoir effectuer des collectes pour d&rsquo;autres compagnies<\/li>\n<li>Certaines fournitures sans frais pour les tests \u00e0 faire aupr\u00e8s des clients de CannAmm<\/li>\n<\/ul>\n<h4>De la formation<\/h4>\n<p>Nous \u00e9tablissons des normes tr\u00e8s \u00e9lev\u00e9es en mati\u00e8re de test de d\u00e9pistage de drogue et d&rsquo;alcool et nous exigeons que notre r\u00e9seau de sites de collecte et leur personnel soient bien form\u00e9s dans les divers types de test qu&rsquo;ils effectuent. Avant de faire partie du r\u00e9seau des sites de collecte de CannAmm, nos professionnels de la formation vous aideront \u00e0 identifier toute la formation et les certifications n\u00e9cessaires. La formation est dispens\u00e9e par nos centres CannAmm \u00e0 Edmonton ou \u00e0 North Bay, elle est aussi disponible en ligne. Aucune formation aux normes am\u00e9ricaines DOT est requise.<\/p>\n<a href=\"https:\/\/www.cannamm.com\/fr\/services\/formation\/\" class=\"slashes grey\">Informez-vous sur nos programmes de formation.<\/a>\n<a href=\"https:\/\/www.cannamm.com\/contact\/\" class=\"slashes red\">Contactez-nous pour en apprendre davantage sur notre r\u00e9seau de sites de collecte.<\/a>\n<p>&nbsp;<\/p>\n","protected":false},"excerpt":{"rendered":"<p>&nbsp; Vous pouvez faire partie du r\u00e9seau des sites de collecte de CannAmm ! Nous invitons<\/p>\n","protected":false},"author":27,"featured_media":5994,"parent":5992,"menu_order":0,"comment_status":"closed","ping_status":"closed","template":"page-sidebar.php","meta":{"_acf_changed":false,"inline_featured_image":false,"iawp_total_views":38,"footnotes":""},"class_list":["post-6039","page","type-page","status-publish","has-post-thumbnail","hentry"],"acf":[],"yoast_head":"<!-- This site is optimized with the Yoast SEO plugin v27.5 - https:\/\/yoast.com\/product\/yoast-seo-wordpress\/ -->\n<title>Inscrivez-Vous \u00e0 Notre R\u00e9seau de Sites de Collecte | CannAmm<\/title>\n<meta name=\"description\" content=\"Nous assurons que nos collectionneurs sont bien form\u00e9s et capables de fournir des services de m\u00e9dicaments de qualit\u00e9 et de test d&#039;alcool . Rejoignez-nous.\" \/>\n<meta name=\"robots\" content=\"index, follow, max-snippet:-1, max-image-preview:large, max-video-preview:-1\" \/>\n<link rel=\"canonical\" href=\"https:\/\/www.cannamm.com\/fr\/sites-de-collecte\/inscrivez-vous-a-notre-reseau-de-sites-de-collecte\/\" \/>\n<meta property=\"og:locale\" content=\"fr_FR\" \/>\n<meta property=\"og:type\" content=\"article\" \/>\n<meta property=\"og:title\" content=\"Inscrivez-Vous \u00e0 Notre R\u00e9seau de Sites de Collecte | CannAmm\" \/>\n<meta property=\"og:description\" content=\"Nous assurons que nos collectionneurs sont bien form\u00e9s et capables de fournir des services de m\u00e9dicaments de qualit\u00e9 et de test d&#039;alcool . Rejoignez-nous.\" \/>\n<meta property=\"og:url\" content=\"https:\/\/www.cannamm.com\/fr\/sites-de-collecte\/inscrivez-vous-a-notre-reseau-de-sites-de-collecte\/\" \/>\n<meta property=\"og:site_name\" content=\"CannAmm Occupational Testing Services\" \/>\n<meta property=\"article:publisher\" content=\"https:\/\/www.facebook.com\/CannAmm\/\" \/>\n<meta property=\"article:modified_time\" content=\"2024-04-16T15:47:55+00:00\" \/>\n<meta property=\"og:image\" content=\"https:\/\/www.cannamm.com\/wp-content\/uploads\/2013\/10\/Refinery2.jpg\" \/>\n\t<meta property=\"og:image:width\" content=\"1440\" \/>\n\t<meta property=\"og:image:height\" content=\"316\" \/>\n\t<meta property=\"og:image:type\" content=\"image\/jpeg\" \/>\n<meta name=\"twitter:card\" content=\"summary_large_image\" \/>\n<meta name=\"twitter:site\" content=\"@CannAmm\" \/>\n<meta name=\"twitter:label1\" content=\"Dur\u00e9e de lecture estim\u00e9e\" \/>\n\t<meta name=\"twitter:data1\" content=\"2 minutes\" \/>\n<script type=\"application\/ld+json\" class=\"yoast-schema-graph\">{\"@context\":\"https:\\\/\\\/schema.org\",\"@graph\":[{\"@type\":\"WebPage\",\"@id\":\"https:\\\/\\\/www.cannamm.com\\\/fr\\\/sites-de-collecte\\\/inscrivez-vous-a-notre-reseau-de-sites-de-collecte\\\/\",\"url\":\"https:\\\/\\\/www.cannamm.com\\\/fr\\\/sites-de-collecte\\\/inscrivez-vous-a-notre-reseau-de-sites-de-collecte\\\/\",\"name\":\"Inscrivez-Vous \u00e0 Notre R\u00e9seau de Sites de Collecte | CannAmm\",\"isPartOf\":{\"@id\":\"https:\\\/\\\/www.cannamm.com\\\/fr\\\/#website\"},\"primaryImageOfPage\":{\"@id\":\"https:\\\/\\\/www.cannamm.com\\\/fr\\\/sites-de-collecte\\\/inscrivez-vous-a-notre-reseau-de-sites-de-collecte\\\/#primaryimage\"},\"image\":{\"@id\":\"https:\\\/\\\/www.cannamm.com\\\/fr\\\/sites-de-collecte\\\/inscrivez-vous-a-notre-reseau-de-sites-de-collecte\\\/#primaryimage\"},\"thumbnailUrl\":\"https:\\\/\\\/www.cannamm.com\\\/wp-content\\\/uploads\\\/2013\\\/10\\\/Refinery2.jpg\",\"datePublished\":\"2013-10-17T01:51:52+00:00\",\"dateModified\":\"2024-04-16T15:47:55+00:00\",\"description\":\"Nous assurons que nos collectionneurs sont bien form\u00e9s et capables de fournir des services de m\u00e9dicaments de qualit\u00e9 et de test d'alcool . Rejoignez-nous.\",\"breadcrumb\":{\"@id\":\"https:\\\/\\\/www.cannamm.com\\\/fr\\\/sites-de-collecte\\\/inscrivez-vous-a-notre-reseau-de-sites-de-collecte\\\/#breadcrumb\"},\"inLanguage\":\"fr-FR\",\"potentialAction\":[{\"@type\":\"ReadAction\",\"target\":[\"https:\\\/\\\/www.cannamm.com\\\/fr\\\/sites-de-collecte\\\/inscrivez-vous-a-notre-reseau-de-sites-de-collecte\\\/\"]}]},{\"@type\":\"ImageObject\",\"inLanguage\":\"fr-FR\",\"@id\":\"https:\\\/\\\/www.cannamm.com\\\/fr\\\/sites-de-collecte\\\/inscrivez-vous-a-notre-reseau-de-sites-de-collecte\\\/#primaryimage\",\"url\":\"https:\\\/\\\/www.cannamm.com\\\/wp-content\\\/uploads\\\/2013\\\/10\\\/Refinery2.jpg\",\"contentUrl\":\"https:\\\/\\\/www.cannamm.com\\\/wp-content\\\/uploads\\\/2013\\\/10\\\/Refinery2.jpg\",\"width\":1440,\"height\":316},{\"@type\":\"BreadcrumbList\",\"@id\":\"https:\\\/\\\/www.cannamm.com\\\/fr\\\/sites-de-collecte\\\/inscrivez-vous-a-notre-reseau-de-sites-de-collecte\\\/#breadcrumb\",\"itemListElement\":[{\"@type\":\"ListItem\",\"position\":1,\"name\":\"Sites de Collecte\",\"item\":\"https:\\\/\\\/www.cannamm.com\\\/fr\\\/sites-de-collecte\\\/\"},{\"@type\":\"ListItem\",\"position\":2,\"name\":\"Inscrivez-Vous \u00e0 Notre R\u00e9seau de Sites de Collecte\"}]},{\"@type\":\"WebSite\",\"@id\":\"https:\\\/\\\/www.cannamm.com\\\/fr\\\/#website\",\"url\":\"https:\\\/\\\/www.cannamm.com\\\/fr\\\/\",\"name\":\"CannAmm Occupational Testing Services\",\"description\":\"Occupational &amp; Employment Drug Testing Services Canada\",\"publisher\":{\"@id\":\"https:\\\/\\\/www.cannamm.com\\\/fr\\\/#organization\"},\"potentialAction\":[{\"@type\":\"SearchAction\",\"target\":{\"@type\":\"EntryPoint\",\"urlTemplate\":\"https:\\\/\\\/www.cannamm.com\\\/fr\\\/?s={search_term_string}\"},\"query-input\":{\"@type\":\"PropertyValueSpecification\",\"valueRequired\":true,\"valueName\":\"search_term_string\"}}],\"inLanguage\":\"fr-FR\"},{\"@type\":\"Organization\",\"@id\":\"https:\\\/\\\/www.cannamm.com\\\/fr\\\/#organization\",\"name\":\"CannAmm Occupational Testing\",\"url\":\"https:\\\/\\\/www.cannamm.com\\\/fr\\\/\",\"logo\":{\"@type\":\"ImageObject\",\"inLanguage\":\"fr-FR\",\"@id\":\"https:\\\/\\\/www.cannamm.com\\\/fr\\\/#\\\/schema\\\/logo\\\/image\\\/\",\"url\":\"https:\\\/\\\/www.cannamm.com\\\/wp-content\\\/uploads\\\/2021\\\/04\\\/CannAmm-Square.jpg\",\"contentUrl\":\"https:\\\/\\\/www.cannamm.com\\\/wp-content\\\/uploads\\\/2021\\\/04\\\/CannAmm-Square.jpg\",\"width\":400,\"height\":400,\"caption\":\"CannAmm Occupational Testing\"},\"image\":{\"@id\":\"https:\\\/\\\/www.cannamm.com\\\/fr\\\/#\\\/schema\\\/logo\\\/image\\\/\"},\"sameAs\":[\"https:\\\/\\\/www.facebook.com\\\/CannAmm\\\/\",\"https:\\\/\\\/x.com\\\/CannAmm\",\"https:\\\/\\\/www.linkedin.com\\\/company\\\/2537762\"]}]}<\/script>\n<!-- \/ Yoast SEO plugin. -->","yoast_head_json":{"title":"Inscrivez-Vous \u00e0 Notre R\u00e9seau de Sites de Collecte | CannAmm","description":"Nous assurons que nos collectionneurs sont bien form\u00e9s et capables de fournir des services de m\u00e9dicaments de qualit\u00e9 et de test d'alcool . Rejoignez-nous.","robots":{"index":"index","follow":"follow","max-snippet":"max-snippet:-1","max-image-preview":"max-image-preview:large","max-video-preview":"max-video-preview:-1"},"canonical":"https:\/\/www.cannamm.com\/fr\/sites-de-collecte\/inscrivez-vous-a-notre-reseau-de-sites-de-collecte\/","og_locale":"fr_FR","og_type":"article","og_title":"Inscrivez-Vous \u00e0 Notre R\u00e9seau de Sites de Collecte | CannAmm","og_description":"Nous assurons que nos collectionneurs sont bien form\u00e9s et capables de fournir des services de m\u00e9dicaments de qualit\u00e9 et de test d'alcool . Rejoignez-nous.","og_url":"https:\/\/www.cannamm.com\/fr\/sites-de-collecte\/inscrivez-vous-a-notre-reseau-de-sites-de-collecte\/","og_site_name":"CannAmm Occupational Testing Services","article_publisher":"https:\/\/www.facebook.com\/CannAmm\/","article_modified_time":"2024-04-16T15:47:55+00:00","og_image":[{"width":1440,"height":316,"url":"https:\/\/www.cannamm.com\/wp-content\/uploads\/2013\/10\/Refinery2.jpg","type":"image\/jpeg"}],"twitter_card":"summary_large_image","twitter_site":"@CannAmm","twitter_misc":{"Dur\u00e9e de lecture estim\u00e9e":"2 minutes"},"schema":{"@context":"https:\/\/schema.org","@graph":[{"@type":"WebPage","@id":"https:\/\/www.cannamm.com\/fr\/sites-de-collecte\/inscrivez-vous-a-notre-reseau-de-sites-de-collecte\/","url":"https:\/\/www.cannamm.com\/fr\/sites-de-collecte\/inscrivez-vous-a-notre-reseau-de-sites-de-collecte\/","name":"Inscrivez-Vous \u00e0 Notre R\u00e9seau de Sites de Collecte | CannAmm","isPartOf":{"@id":"https:\/\/www.cannamm.com\/fr\/#website"},"primaryImageOfPage":{"@id":"https:\/\/www.cannamm.com\/fr\/sites-de-collecte\/inscrivez-vous-a-notre-reseau-de-sites-de-collecte\/#primaryimage"},"image":{"@id":"https:\/\/www.cannamm.com\/fr\/sites-de-collecte\/inscrivez-vous-a-notre-reseau-de-sites-de-collecte\/#primaryimage"},"thumbnailUrl":"https:\/\/www.cannamm.com\/wp-content\/uploads\/2013\/10\/Refinery2.jpg","datePublished":"2013-10-17T01:51:52+00:00","dateModified":"2024-04-16T15:47:55+00:00","description":"Nous assurons que nos collectionneurs sont bien form\u00e9s et capables de fournir des services de m\u00e9dicaments de qualit\u00e9 et de test d'alcool . Rejoignez-nous.","breadcrumb":{"@id":"https:\/\/www.cannamm.com\/fr\/sites-de-collecte\/inscrivez-vous-a-notre-reseau-de-sites-de-collecte\/#breadcrumb"},"inLanguage":"fr-FR","potentialAction":[{"@type":"ReadAction","target":["https:\/\/www.cannamm.com\/fr\/sites-de-collecte\/inscrivez-vous-a-notre-reseau-de-sites-de-collecte\/"]}]},{"@type":"ImageObject","inLanguage":"fr-FR","@id":"https:\/\/www.cannamm.com\/fr\/sites-de-collecte\/inscrivez-vous-a-notre-reseau-de-sites-de-collecte\/#primaryimage","url":"https:\/\/www.cannamm.com\/wp-content\/uploads\/2013\/10\/Refinery2.jpg","contentUrl":"https:\/\/www.cannamm.com\/wp-content\/uploads\/2013\/10\/Refinery2.jpg","width":1440,"height":316},{"@type":"BreadcrumbList","@id":"https:\/\/www.cannamm.com\/fr\/sites-de-collecte\/inscrivez-vous-a-notre-reseau-de-sites-de-collecte\/#breadcrumb","itemListElement":[{"@type":"ListItem","position":1,"name":"Sites de Collecte","item":"https:\/\/www.cannamm.com\/fr\/sites-de-collecte\/"},{"@type":"ListItem","position":2,"name":"Inscrivez-Vous \u00e0 Notre R\u00e9seau de Sites de Collecte"}]},{"@type":"WebSite","@id":"https:\/\/www.cannamm.com\/fr\/#website","url":"https:\/\/www.cannamm.com\/fr\/","name":"CannAmm Occupational Testing Services","description":"Occupational &amp; Employment Drug Testing Services Canada","publisher":{"@id":"https:\/\/www.cannamm.com\/fr\/#organization"},"potentialAction":[{"@type":"SearchAction","target":{"@type":"EntryPoint","urlTemplate":"https:\/\/www.cannamm.com\/fr\/?s={search_term_string}"},"query-input":{"@type":"PropertyValueSpecification","valueRequired":true,"valueName":"search_term_string"}}],"inLanguage":"fr-FR"},{"@type":"Organization","@id":"https:\/\/www.cannamm.com\/fr\/#organization","name":"CannAmm Occupational Testing","url":"https:\/\/www.cannamm.com\/fr\/","logo":{"@type":"ImageObject","inLanguage":"fr-FR","@id":"https:\/\/www.cannamm.com\/fr\/#\/schema\/logo\/image\/","url":"https:\/\/www.cannamm.com\/wp-content\/uploads\/2021\/04\/CannAmm-Square.jpg","contentUrl":"https:\/\/www.cannamm.com\/wp-content\/uploads\/2021\/04\/CannAmm-Square.jpg","width":400,"height":400,"caption":"CannAmm Occupational Testing"},"image":{"@id":"https:\/\/www.cannamm.com\/fr\/#\/schema\/logo\/image\/"},"sameAs":["https:\/\/www.facebook.com\/CannAmm\/","https:\/\/x.com\/CannAmm","https:\/\/www.linkedin.com\/company\/2537762"]}]}},"_links":{"self":[{"href":"https:\/\/www.cannamm.com\/fr\/wp-json\/wp\/v2\/pages\/6039","targetHints":{"allow":["GET"]}}],"collection":[{"href":"https:\/\/www.cannamm.com\/fr\/wp-json\/wp\/v2\/pages"}],"about":[{"href":"https:\/\/www.cannamm.com\/fr\/wp-json\/wp\/v2\/types\/page"}],"author":[{"embeddable":true,"href":"https:\/\/www.cannamm.com\/fr\/wp-json\/wp\/v2\/users\/27"}],"replies":[{"embeddable":true,"href":"https:\/\/www.cannamm.com\/fr\/wp-json\/wp\/v2\/comments?post=6039"}],"version-history":[{"count":0,"href":"https:\/\/www.cannamm.com\/fr\/wp-json\/wp\/v2\/pages\/6039\/revisions"}],"up":[{"embeddable":true,"href":"https:\/\/www.cannamm.com\/fr\/wp-json\/wp\/v2\/pages\/5992"}],"wp:featuredmedia":[{"embeddable":true,"href":"https:\/\/www.cannamm.com\/fr\/wp-json\/wp\/v2\/media\/5994"}],"wp:attachment":[{"href":"https:\/\/www.cannamm.com\/fr\/wp-json\/wp\/v2\/media?parent=6039"}],"curies":[{"name":"wp","href":"https:\/\/api.w.org\/{rel}","templated":true}]}}