{"id":6036,"date":"2013-10-17T01:41:31","date_gmt":"2013-10-17T01:41:31","guid":{"rendered":"https:\/\/www.cannamm.com\/creation-bilan-de-politique-de-tests-de-depistage-de-drogue-et-dalcool\/"},"modified":"2024-08-21T13:36:59","modified_gmt":"2024-08-21T19:36:59","slug":"creationbilan-de-politique-de-tests-de-depistage-de-drogue-et-dalcool","status":"publish","type":"page","link":"https:\/\/www.cannamm.com\/fr\/english-managing-your-health-safety-programs\/creationbilan-de-politique-de-tests-de-depistage-de-drogue-et-dalcool\/","title":{"rendered":"Cr\u00e9ation\/Bilan de Politique de Tests de D\u00e9pistage de Drogue et D&rsquo;alcool"},"content":{"rendered":"<p>Votre politique en mati\u00e8re de drogue et d&rsquo;alcool d\u00e9finit les bases d&rsquo;un programme d&rsquo;aptitude au travail bien pens\u00e9. L&rsquo;instauration d&rsquo;une politique document\u00e9e en mati\u00e8re de drogue et d&rsquo;alcool fournit un cadre permettant d&rsquo;aborder les aspects difficiles et souvent sensibles qui entourent l&rsquo;abus de substances, les \u00e9tats pathologiques, ainsi que le stress et la fatigue qui leur sont li\u00e9s. Avec une politique en place, votre personnel sait ce qui est attendu et ce qu&rsquo;il convient de faire pour assurer un milieu professionnel s\u00e9curis\u00e9 et sans drogue.<\/p>\n<p>CannAmm poss\u00e8de des ann\u00e9es d&rsquo;exp\u00e9rience dans la cr\u00e9ation de politiques en mati\u00e8re de drogue et d&rsquo;alcool efficaces. Nous \u00e9laborons votre politique en mati\u00e8re de drogue et d&rsquo;alcool en adaptation avec votre programme de tests de d\u00e9pistage de drogue et d&rsquo;alcool. Elle contribue \u00e0 assurer que votre \u00e9quipe mette en application et respecte votre politique.<\/p>\n<h3>Avantages d&rsquo;une politique en mati\u00e8re de drogue et d&rsquo;alcool<\/h3>\n<p>Une politique efficace en mati\u00e8re de drogue et d&rsquo;alcool pr\u00e9sente de nombreux avantages pour l&rsquo;entreprise, notamment :<\/p>\n<ul>\n<li>Assurance que chacun dans l&rsquo;entreprise comprend les exigences et les cons\u00e9quences de l&rsquo;abus de substances<\/li>\n<li>Mise en place de lignes directrices \u00e9quilibrant s\u00e9curit\u00e9 et vie priv\u00e9e<\/li>\n<li>Assurance d&rsquo;un programme de tests de d\u00e9pistage de drogue et d&rsquo;alcool valable devant les tribunaux<\/li>\n<li>Constitution du socle d&rsquo;un programme assurant moins d&rsquo;accidents et d&rsquo;absences, de roulement du personnel et une productivit\u00e9 augment\u00e9e<\/li>\n<\/ul>\n<h3>Facteurs \u00e0 prendre en compte<\/h3>\n<p><strong>Objectifs\u00a0:<\/strong>\u00a0avant de d\u00e9finir une politique en mati\u00e8re de drogue et d&rsquo;alcool, CannAmm vous aide \u00e0 d\u00e9terminer vos buts afin de garantir que cette politique vous permette d&rsquo;atteindre vos objectifs.<\/p>\n<p>Vos objectifs d\u00e9pendront des raisons de l&rsquo;instauration d&rsquo;une politique, ce qui peut comprendre :<\/p>\n<ul>\n<li>Le souhait de r\u00e9duire les risques de s\u00e9curit\u00e9 et d&rsquo;effectuer des v\u00e9rifications pr\u00e9alables<\/li>\n<li>Un incident r\u00e9cent sur le chantier ou avec un employ\u00e9<\/li>\n<li>Une exigence du site<\/li>\n<\/ul>\n<p><strong>R\u00e9sultats\u00a0:<\/strong>\u00a0votre politique en mati\u00e8re de drogue et d&rsquo;alcool doit pr\u00e9voir des mesures de suivi de performance. Celles-ci peuvent comprendre le contr\u00f4le des \u00e9volutions de l&rsquo;absent\u00e9isme, du nombre d&rsquo;incidents, du nombre de refus, etc. Suivre les performances vous permet de voir clairement s&rsquo;il existe un lien direct entre l&rsquo;abus de substance et les incidents et de modifier au besoin votre programme de tests de d\u00e9pistage de drogue et d&rsquo;alcool.<\/p>\n<p><strong><\/p>\n<p>Caract\u00e8re global\u00a0:<\/strong>\u00a0pour \u00eatre efficace, une politique en mati\u00e8re de drogue et d&rsquo;alcool doit aborder :<\/p>\n<ul>\n<li>Objet de la politique<\/li>\n<li>R\u00f4les et responsabilit\u00e9s des superviseurs et employ\u00e9s<\/li>\n<li>D\u00e9finitions<\/li>\n<li>Description des circonstances dans lesquelles s&rsquo;inscrivent les tests de d\u00e9pistage<\/li>\n<li>Cons\u00e9quences pour les employ\u00e9s refusant les tests de d\u00e9pistage<\/li>\n<li>Que faire quand un employ\u00e9 r\u00e9v\u00e8le spontan\u00e9ment un probl\u00e8me d&rsquo;abus de substance<\/li>\n<li>Comment seront enregistr\u00e9s les r\u00e9sultats et ce qui sera fait pour garantir la confidentialit\u00e9<\/li>\n<\/ul>\n<a href=\"https:\/\/www.cannamm.com\/fr\/contact\/\" class=\"slashes red\">Contactez-nous d\u00e8s \u00e0 pr\u00e9sent pour d\u00e9couvrir comment nous pouvons vous aider \u00e0 \u00e9laborer une politique en mati\u00e8re de drogue et d&rsquo;alcool qui soit compl\u00e8te et valable devant les tribunaux, tout en \u00e9tant adapt\u00e9e \u00e0 votre entreprise.<\/a>\n","protected":false},"excerpt":{"rendered":"<p>Votre politique en mati\u00e8re de drogue et d&rsquo;alcool d\u00e9finit les bases d&rsquo;un programme d&rsquo;aptitude au travail<\/p>\n","protected":false},"author":26,"featured_media":6037,"parent":5997,"menu_order":0,"comment_status":"closed","ping_status":"closed","template":"page-sidebar.php","meta":{"_acf_changed":false,"inline_featured_image":false,"iawp_total_views":30,"footnotes":""},"class_list":["post-6036","page","type-page","status-publish","has-post-thumbnail","hentry"],"acf":[],"yoast_head":"<!-- This site is optimized with the Yoast SEO plugin v27.4 - https:\/\/yoast.com\/product\/yoast-seo-wordpress\/ -->\n<title>Bilan de Politique de Tests de D\u00e9pistage de Drogue et D&#039;alcool<\/title>\n<meta name=\"description\" content=\"Contactez CannAmm pour vous aider \u00e0 concevoir une politique de d\u00e9pistage de drogues et d&#039;alcool personnalis\u00e9e qui r\u00e9pond aux besoins de votre entreprise.\" \/>\n<meta name=\"robots\" content=\"index, follow, max-snippet:-1, max-image-preview:large, max-video-preview:-1\" \/>\n<link rel=\"canonical\" href=\"https:\/\/www.cannamm.com\/fr\/english-managing-your-health-safety-programs\/creationbilan-de-politique-de-tests-de-depistage-de-drogue-et-dalcool\/\" \/>\n<meta property=\"og:locale\" content=\"fr_FR\" \/>\n<meta property=\"og:type\" content=\"article\" \/>\n<meta property=\"og:title\" content=\"Bilan de Politique de Tests de D\u00e9pistage de Drogue et D&#039;alcool\" \/>\n<meta property=\"og:description\" content=\"Contactez CannAmm pour vous aider \u00e0 concevoir une politique de d\u00e9pistage de drogues et d&#039;alcool personnalis\u00e9e qui r\u00e9pond aux besoins de votre entreprise.\" \/>\n<meta property=\"og:url\" content=\"https:\/\/www.cannamm.com\/fr\/english-managing-your-health-safety-programs\/creationbilan-de-politique-de-tests-de-depistage-de-drogue-et-dalcool\/\" \/>\n<meta property=\"og:site_name\" content=\"CannAmm Occupational Testing Services\" \/>\n<meta property=\"article:publisher\" content=\"https:\/\/www.facebook.com\/CannAmm\/\" \/>\n<meta property=\"article:modified_time\" content=\"2024-08-21T19:36:59+00:00\" \/>\n<meta property=\"og:image\" content=\"https:\/\/www.cannamm.com\/wp-content\/uploads\/2013\/12\/Truck_Red.jpg\" \/>\n\t<meta property=\"og:image:width\" content=\"1440\" \/>\n\t<meta property=\"og:image:height\" content=\"748\" \/>\n\t<meta property=\"og:image:type\" content=\"image\/jpeg\" \/>\n<meta name=\"twitter:card\" content=\"summary_large_image\" \/>\n<meta name=\"twitter:site\" content=\"@CannAmm\" \/>\n<meta name=\"twitter:label1\" content=\"Dur\u00e9e de lecture estim\u00e9e\" \/>\n\t<meta name=\"twitter:data1\" content=\"3 minutes\" \/>\n<script type=\"application\/ld+json\" class=\"yoast-schema-graph\">{\"@context\":\"https:\\\/\\\/schema.org\",\"@graph\":[{\"@type\":\"WebPage\",\"@id\":\"https:\\\/\\\/www.cannamm.com\\\/fr\\\/english-managing-your-health-safety-programs\\\/creationbilan-de-politique-de-tests-de-depistage-de-drogue-et-dalcool\\\/\",\"url\":\"https:\\\/\\\/www.cannamm.com\\\/fr\\\/english-managing-your-health-safety-programs\\\/creationbilan-de-politique-de-tests-de-depistage-de-drogue-et-dalcool\\\/\",\"name\":\"Bilan de Politique de Tests de D\u00e9pistage de Drogue et D'alcool\",\"isPartOf\":{\"@id\":\"https:\\\/\\\/www.cannamm.com\\\/fr\\\/#website\"},\"primaryImageOfPage\":{\"@id\":\"https:\\\/\\\/www.cannamm.com\\\/fr\\\/english-managing-your-health-safety-programs\\\/creationbilan-de-politique-de-tests-de-depistage-de-drogue-et-dalcool\\\/#primaryimage\"},\"image\":{\"@id\":\"https:\\\/\\\/www.cannamm.com\\\/fr\\\/english-managing-your-health-safety-programs\\\/creationbilan-de-politique-de-tests-de-depistage-de-drogue-et-dalcool\\\/#primaryimage\"},\"thumbnailUrl\":\"https:\\\/\\\/www.cannamm.com\\\/wp-content\\\/uploads\\\/2013\\\/12\\\/Truck_Red.jpg\",\"datePublished\":\"2013-10-17T01:41:31+00:00\",\"dateModified\":\"2024-08-21T19:36:59+00:00\",\"description\":\"Contactez CannAmm pour vous aider \u00e0 concevoir une politique de d\u00e9pistage de drogues et d'alcool personnalis\u00e9e qui r\u00e9pond aux besoins de votre entreprise.\",\"breadcrumb\":{\"@id\":\"https:\\\/\\\/www.cannamm.com\\\/fr\\\/english-managing-your-health-safety-programs\\\/creationbilan-de-politique-de-tests-de-depistage-de-drogue-et-dalcool\\\/#breadcrumb\"},\"inLanguage\":\"fr-FR\",\"potentialAction\":[{\"@type\":\"ReadAction\",\"target\":[\"https:\\\/\\\/www.cannamm.com\\\/fr\\\/english-managing-your-health-safety-programs\\\/creationbilan-de-politique-de-tests-de-depistage-de-drogue-et-dalcool\\\/\"]}]},{\"@type\":\"ImageObject\",\"inLanguage\":\"fr-FR\",\"@id\":\"https:\\\/\\\/www.cannamm.com\\\/fr\\\/english-managing-your-health-safety-programs\\\/creationbilan-de-politique-de-tests-de-depistage-de-drogue-et-dalcool\\\/#primaryimage\",\"url\":\"https:\\\/\\\/www.cannamm.com\\\/wp-content\\\/uploads\\\/2013\\\/12\\\/Truck_Red.jpg\",\"contentUrl\":\"https:\\\/\\\/www.cannamm.com\\\/wp-content\\\/uploads\\\/2013\\\/12\\\/Truck_Red.jpg\",\"width\":1440,\"height\":748},{\"@type\":\"BreadcrumbList\",\"@id\":\"https:\\\/\\\/www.cannamm.com\\\/fr\\\/english-managing-your-health-safety-programs\\\/creationbilan-de-politique-de-tests-de-depistage-de-drogue-et-dalcool\\\/#breadcrumb\",\"itemListElement\":[{\"@type\":\"ListItem\",\"position\":1,\"name\":\"Gestion de vos Programmes de Sant\u00e9 et S\u00e9curit\u00e9\",\"item\":\"https:\\\/\\\/www.cannamm.com\\\/fr\\\/english-managing-your-health-safety-programs\\\/\"},{\"@type\":\"ListItem\",\"position\":2,\"name\":\"Cr\u00e9ation\\\/Bilan de Politique de Tests de D\u00e9pistage de Drogue et D&#8217;alcool\"}]},{\"@type\":\"WebSite\",\"@id\":\"https:\\\/\\\/www.cannamm.com\\\/fr\\\/#website\",\"url\":\"https:\\\/\\\/www.cannamm.com\\\/fr\\\/\",\"name\":\"CannAmm Occupational Testing Services\",\"description\":\"Occupational &amp; Employment Drug Testing Services Canada\",\"publisher\":{\"@id\":\"https:\\\/\\\/www.cannamm.com\\\/fr\\\/#organization\"},\"potentialAction\":[{\"@type\":\"SearchAction\",\"target\":{\"@type\":\"EntryPoint\",\"urlTemplate\":\"https:\\\/\\\/www.cannamm.com\\\/fr\\\/?s={search_term_string}\"},\"query-input\":{\"@type\":\"PropertyValueSpecification\",\"valueRequired\":true,\"valueName\":\"search_term_string\"}}],\"inLanguage\":\"fr-FR\"},{\"@type\":\"Organization\",\"@id\":\"https:\\\/\\\/www.cannamm.com\\\/fr\\\/#organization\",\"name\":\"CannAmm Occupational Testing\",\"url\":\"https:\\\/\\\/www.cannamm.com\\\/fr\\\/\",\"logo\":{\"@type\":\"ImageObject\",\"inLanguage\":\"fr-FR\",\"@id\":\"https:\\\/\\\/www.cannamm.com\\\/fr\\\/#\\\/schema\\\/logo\\\/image\\\/\",\"url\":\"https:\\\/\\\/www.cannamm.com\\\/wp-content\\\/uploads\\\/2021\\\/04\\\/CannAmm-Square.jpg\",\"contentUrl\":\"https:\\\/\\\/www.cannamm.com\\\/wp-content\\\/uploads\\\/2021\\\/04\\\/CannAmm-Square.jpg\",\"width\":400,\"height\":400,\"caption\":\"CannAmm Occupational Testing\"},\"image\":{\"@id\":\"https:\\\/\\\/www.cannamm.com\\\/fr\\\/#\\\/schema\\\/logo\\\/image\\\/\"},\"sameAs\":[\"https:\\\/\\\/www.facebook.com\\\/CannAmm\\\/\",\"https:\\\/\\\/x.com\\\/CannAmm\",\"https:\\\/\\\/www.linkedin.com\\\/company\\\/2537762\"]}]}<\/script>\n<!-- \/ Yoast SEO plugin. -->","yoast_head_json":{"title":"Bilan de Politique de Tests de D\u00e9pistage de Drogue et D'alcool","description":"Contactez CannAmm pour vous aider \u00e0 concevoir une politique de d\u00e9pistage de drogues et d'alcool personnalis\u00e9e qui r\u00e9pond aux besoins de votre entreprise.","robots":{"index":"index","follow":"follow","max-snippet":"max-snippet:-1","max-image-preview":"max-image-preview:large","max-video-preview":"max-video-preview:-1"},"canonical":"https:\/\/www.cannamm.com\/fr\/english-managing-your-health-safety-programs\/creationbilan-de-politique-de-tests-de-depistage-de-drogue-et-dalcool\/","og_locale":"fr_FR","og_type":"article","og_title":"Bilan de Politique de Tests de D\u00e9pistage de Drogue et D'alcool","og_description":"Contactez CannAmm pour vous aider \u00e0 concevoir une politique de d\u00e9pistage de drogues et d'alcool personnalis\u00e9e qui r\u00e9pond aux besoins de votre entreprise.","og_url":"https:\/\/www.cannamm.com\/fr\/english-managing-your-health-safety-programs\/creationbilan-de-politique-de-tests-de-depistage-de-drogue-et-dalcool\/","og_site_name":"CannAmm Occupational Testing Services","article_publisher":"https:\/\/www.facebook.com\/CannAmm\/","article_modified_time":"2024-08-21T19:36:59+00:00","og_image":[{"width":1440,"height":748,"url":"https:\/\/www.cannamm.com\/wp-content\/uploads\/2013\/12\/Truck_Red.jpg","type":"image\/jpeg"}],"twitter_card":"summary_large_image","twitter_site":"@CannAmm","twitter_misc":{"Dur\u00e9e de lecture estim\u00e9e":"3 minutes"},"schema":{"@context":"https:\/\/schema.org","@graph":[{"@type":"WebPage","@id":"https:\/\/www.cannamm.com\/fr\/english-managing-your-health-safety-programs\/creationbilan-de-politique-de-tests-de-depistage-de-drogue-et-dalcool\/","url":"https:\/\/www.cannamm.com\/fr\/english-managing-your-health-safety-programs\/creationbilan-de-politique-de-tests-de-depistage-de-drogue-et-dalcool\/","name":"Bilan de Politique de Tests de D\u00e9pistage de Drogue et D'alcool","isPartOf":{"@id":"https:\/\/www.cannamm.com\/fr\/#website"},"primaryImageOfPage":{"@id":"https:\/\/www.cannamm.com\/fr\/english-managing-your-health-safety-programs\/creationbilan-de-politique-de-tests-de-depistage-de-drogue-et-dalcool\/#primaryimage"},"image":{"@id":"https:\/\/www.cannamm.com\/fr\/english-managing-your-health-safety-programs\/creationbilan-de-politique-de-tests-de-depistage-de-drogue-et-dalcool\/#primaryimage"},"thumbnailUrl":"https:\/\/www.cannamm.com\/wp-content\/uploads\/2013\/12\/Truck_Red.jpg","datePublished":"2013-10-17T01:41:31+00:00","dateModified":"2024-08-21T19:36:59+00:00","description":"Contactez CannAmm pour vous aider \u00e0 concevoir une politique de d\u00e9pistage de drogues et d'alcool personnalis\u00e9e qui r\u00e9pond aux besoins de votre entreprise.","breadcrumb":{"@id":"https:\/\/www.cannamm.com\/fr\/english-managing-your-health-safety-programs\/creationbilan-de-politique-de-tests-de-depistage-de-drogue-et-dalcool\/#breadcrumb"},"inLanguage":"fr-FR","potentialAction":[{"@type":"ReadAction","target":["https:\/\/www.cannamm.com\/fr\/english-managing-your-health-safety-programs\/creationbilan-de-politique-de-tests-de-depistage-de-drogue-et-dalcool\/"]}]},{"@type":"ImageObject","inLanguage":"fr-FR","@id":"https:\/\/www.cannamm.com\/fr\/english-managing-your-health-safety-programs\/creationbilan-de-politique-de-tests-de-depistage-de-drogue-et-dalcool\/#primaryimage","url":"https:\/\/www.cannamm.com\/wp-content\/uploads\/2013\/12\/Truck_Red.jpg","contentUrl":"https:\/\/www.cannamm.com\/wp-content\/uploads\/2013\/12\/Truck_Red.jpg","width":1440,"height":748},{"@type":"BreadcrumbList","@id":"https:\/\/www.cannamm.com\/fr\/english-managing-your-health-safety-programs\/creationbilan-de-politique-de-tests-de-depistage-de-drogue-et-dalcool\/#breadcrumb","itemListElement":[{"@type":"ListItem","position":1,"name":"Gestion de vos Programmes de Sant\u00e9 et S\u00e9curit\u00e9","item":"https:\/\/www.cannamm.com\/fr\/english-managing-your-health-safety-programs\/"},{"@type":"ListItem","position":2,"name":"Cr\u00e9ation\/Bilan de Politique de Tests de D\u00e9pistage de Drogue et D&#8217;alcool"}]},{"@type":"WebSite","@id":"https:\/\/www.cannamm.com\/fr\/#website","url":"https:\/\/www.cannamm.com\/fr\/","name":"CannAmm Occupational Testing Services","description":"Occupational &amp; Employment Drug Testing Services Canada","publisher":{"@id":"https:\/\/www.cannamm.com\/fr\/#organization"},"potentialAction":[{"@type":"SearchAction","target":{"@type":"EntryPoint","urlTemplate":"https:\/\/www.cannamm.com\/fr\/?s={search_term_string}"},"query-input":{"@type":"PropertyValueSpecification","valueRequired":true,"valueName":"search_term_string"}}],"inLanguage":"fr-FR"},{"@type":"Organization","@id":"https:\/\/www.cannamm.com\/fr\/#organization","name":"CannAmm Occupational Testing","url":"https:\/\/www.cannamm.com\/fr\/","logo":{"@type":"ImageObject","inLanguage":"fr-FR","@id":"https:\/\/www.cannamm.com\/fr\/#\/schema\/logo\/image\/","url":"https:\/\/www.cannamm.com\/wp-content\/uploads\/2021\/04\/CannAmm-Square.jpg","contentUrl":"https:\/\/www.cannamm.com\/wp-content\/uploads\/2021\/04\/CannAmm-Square.jpg","width":400,"height":400,"caption":"CannAmm Occupational Testing"},"image":{"@id":"https:\/\/www.cannamm.com\/fr\/#\/schema\/logo\/image\/"},"sameAs":["https:\/\/www.facebook.com\/CannAmm\/","https:\/\/x.com\/CannAmm","https:\/\/www.linkedin.com\/company\/2537762"]}]}},"_links":{"self":[{"href":"https:\/\/www.cannamm.com\/fr\/wp-json\/wp\/v2\/pages\/6036","targetHints":{"allow":["GET"]}}],"collection":[{"href":"https:\/\/www.cannamm.com\/fr\/wp-json\/wp\/v2\/pages"}],"about":[{"href":"https:\/\/www.cannamm.com\/fr\/wp-json\/wp\/v2\/types\/page"}],"author":[{"embeddable":true,"href":"https:\/\/www.cannamm.com\/fr\/wp-json\/wp\/v2\/users\/26"}],"replies":[{"embeddable":true,"href":"https:\/\/www.cannamm.com\/fr\/wp-json\/wp\/v2\/comments?post=6036"}],"version-history":[{"count":0,"href":"https:\/\/www.cannamm.com\/fr\/wp-json\/wp\/v2\/pages\/6036\/revisions"}],"up":[{"embeddable":true,"href":"https:\/\/www.cannamm.com\/fr\/wp-json\/wp\/v2\/pages\/5997"}],"wp:featuredmedia":[{"embeddable":true,"href":"https:\/\/www.cannamm.com\/fr\/wp-json\/wp\/v2\/media\/6037"}],"wp:attachment":[{"href":"https:\/\/www.cannamm.com\/fr\/wp-json\/wp\/v2\/media?parent=6036"}],"curies":[{"name":"wp","href":"https:\/\/api.w.org\/{rel}","templated":true}]}}