{"id":6033,"date":"2013-10-17T01:30:02","date_gmt":"2013-10-17T01:30:02","guid":{"rendered":"https:\/\/www.cannamm.com\/formation-sur-le-dispositif-lifeloc-phoenix-6-0-bt\/"},"modified":"2024-05-09T16:42:49","modified_gmt":"2024-05-09T22:42:49","slug":"formation-sur-le-dispositif-lifeloc-phoenix-6-0-bt","status":"publish","type":"page","link":"https:\/\/www.cannamm.com\/fr\/services\/formation\/formation-aux-tests-de-depistage-de-drogue-et-dalcool\/formation-sur-le-dispositif-lifeloc-phoenix-6-0-bt\/","title":{"rendered":"FORMATION SUR LE DISPOSITIF LIFELOC PHOENIX 6.0 BT"},"content":{"rendered":"<p><strong>Objectif de la formation<\/strong><\/p>\n<p>Cette formation pr\u00e9pare les techniciens d&rsquo;alcootest \u00e0 l&rsquo;utilisation du dispositif d&rsquo;alcootest probant Lifeloc Phoenix 6.0 BT et au calibrage ad\u00e9quat de l&rsquo;appareil, conform\u00e9ment au plan d&rsquo;assurance qualit\u00e9 du fabricant.<\/p>\n<p><strong>Formation pr\u00e9alable<\/strong><\/p>\n<p>Les participants doivent avoir suivi une formation pour technicien d&rsquo;alcootest avant de suivre la formation sur le dispositif Lifeloc Phoenix 6.0\u00a0BT.<\/p>\n<p><strong>Objectifs de la formation<\/strong><\/p>\n<p>Apr\u00e8s avoir suivi la formation sur le dispositif Lifeloc, vous serez en mesure de\u00a0:<\/p>\n<ul>\n<li>calibrer l&rsquo;appareil et v\u00e9rifier son calibrage,<\/li>\n<li>montrer les proc\u00e9dures pour obtenir un \u00e9chantillon d&rsquo;haleine, d&rsquo;interpr\u00e9ter les r\u00e9sultats de l&rsquo;\u00e9thylom\u00e8tre de constat et les inscrire sur un formulaire de d\u00e9pistage d&rsquo;alcool.<\/li>\n<\/ul>\n<p><strong>Plan de la formation<\/strong><\/p>\n<ul>\n<li>Aper\u00e7u de l&rsquo;\u00e9quipement<\/li>\n<li>Utilisation de l&rsquo;\u00e9quipement<\/li>\n<li>Comp\u00e9tences requises pour le calibrage et la v\u00e9rification du calibrage de l&rsquo;appareil<\/li>\n<\/ul>\n<p><strong>Dur\u00e9e de la formation<\/strong><\/p>\n<p>Deux heures de formation en classe.<\/p>\n<p><strong>Certification<\/strong><\/p>\n<p>Certificat valide pour cinq ans d\u00e9livr\u00e9 apr\u00e8s avoir r\u00e9ussi la formation.<\/p>\n<a href=\"https:\/\/www.cannamm.com\/fr\/contact\/\" class=\"slashes red\"><strong>Communiquez avec nous pour planifier une s\u00e9ance de formation sur le dispositif Lifeloc Phoenix 6.0 BT.<\/strong><\/a>\n","protected":false},"excerpt":{"rendered":"<p>Objectif de la formation Cette formation pr\u00e9pare les techniciens d&rsquo;alcootest \u00e0 l&rsquo;utilisation du dispositif d&rsquo;alcootest probant<\/p>\n","protected":false},"author":27,"featured_media":5961,"parent":6029,"menu_order":0,"comment_status":"closed","ping_status":"closed","template":"page-sidebar.php","meta":{"_acf_changed":false,"inline_featured_image":false,"iawp_total_views":29,"footnotes":""},"class_list":["post-6033","page","type-page","status-publish","has-post-thumbnail","hentry"],"acf":[],"yoast_head":"<!-- This site is optimized with the Yoast SEO plugin v27.5 - https:\/\/yoast.com\/product\/yoast-seo-wordpress\/ -->\n<title>FORMATION SUR LE DISPOSITIF LIFELOC PHOENIX 6.0 BT | CannAmm<\/title>\n<meta name=\"description\" content=\"CannAmm propose une formation aux tests d&#039;alcool\u00e9mie pour des certifications sp\u00e9cifiques. Apprenez-en davantage sur nos formations.\" \/>\n<meta name=\"robots\" content=\"index, follow, max-snippet:-1, max-image-preview:large, max-video-preview:-1\" \/>\n<link rel=\"canonical\" href=\"https:\/\/www.cannamm.com\/fr\/services\/formation\/formation-aux-tests-de-depistage-de-drogue-et-dalcool\/formation-sur-le-dispositif-lifeloc-phoenix-6-0-bt\/\" \/>\n<meta property=\"og:locale\" content=\"fr_FR\" \/>\n<meta property=\"og:type\" content=\"article\" \/>\n<meta property=\"og:title\" content=\"FORMATION SUR LE DISPOSITIF LIFELOC PHOENIX 6.0 BT | CannAmm\" \/>\n<meta property=\"og:description\" content=\"CannAmm propose une formation aux tests d&#039;alcool\u00e9mie pour des certifications sp\u00e9cifiques. Apprenez-en davantage sur nos formations.\" \/>\n<meta property=\"og:url\" content=\"https:\/\/www.cannamm.com\/fr\/services\/formation\/formation-aux-tests-de-depistage-de-drogue-et-dalcool\/formation-sur-le-dispositif-lifeloc-phoenix-6-0-bt\/\" \/>\n<meta property=\"og:site_name\" content=\"CannAmm Occupational Testing Services\" \/>\n<meta property=\"article:publisher\" content=\"https:\/\/www.facebook.com\/CannAmm\/\" \/>\n<meta property=\"article:modified_time\" content=\"2024-05-09T22:42:49+00:00\" \/>\n<meta property=\"og:image\" content=\"https:\/\/www.cannamm.com\/wp-content\/uploads\/2013\/10\/Book.jpg\" \/>\n\t<meta property=\"og:image:width\" content=\"1440\" \/>\n\t<meta property=\"og:image:height\" content=\"249\" \/>\n\t<meta property=\"og:image:type\" content=\"image\/jpeg\" \/>\n<meta name=\"twitter:card\" content=\"summary_large_image\" \/>\n<meta name=\"twitter:site\" content=\"@CannAmm\" \/>\n<meta name=\"twitter:label1\" content=\"Dur\u00e9e de lecture estim\u00e9e\" \/>\n\t<meta name=\"twitter:data1\" content=\"1 minute\" \/>\n<script type=\"application\/ld+json\" class=\"yoast-schema-graph\">{\"@context\":\"https:\\\/\\\/schema.org\",\"@graph\":[{\"@type\":\"WebPage\",\"@id\":\"https:\\\/\\\/www.cannamm.com\\\/fr\\\/services\\\/formation\\\/formation-aux-tests-de-depistage-de-drogue-et-dalcool\\\/formation-sur-le-dispositif-lifeloc-phoenix-6-0-bt\\\/\",\"url\":\"https:\\\/\\\/www.cannamm.com\\\/fr\\\/services\\\/formation\\\/formation-aux-tests-de-depistage-de-drogue-et-dalcool\\\/formation-sur-le-dispositif-lifeloc-phoenix-6-0-bt\\\/\",\"name\":\"FORMATION SUR LE DISPOSITIF LIFELOC PHOENIX 6.0 BT | CannAmm\",\"isPartOf\":{\"@id\":\"https:\\\/\\\/www.cannamm.com\\\/fr\\\/#website\"},\"primaryImageOfPage\":{\"@id\":\"https:\\\/\\\/www.cannamm.com\\\/fr\\\/services\\\/formation\\\/formation-aux-tests-de-depistage-de-drogue-et-dalcool\\\/formation-sur-le-dispositif-lifeloc-phoenix-6-0-bt\\\/#primaryimage\"},\"image\":{\"@id\":\"https:\\\/\\\/www.cannamm.com\\\/fr\\\/services\\\/formation\\\/formation-aux-tests-de-depistage-de-drogue-et-dalcool\\\/formation-sur-le-dispositif-lifeloc-phoenix-6-0-bt\\\/#primaryimage\"},\"thumbnailUrl\":\"https:\\\/\\\/www.cannamm.com\\\/wp-content\\\/uploads\\\/2013\\\/10\\\/Book.jpg\",\"datePublished\":\"2013-10-17T01:30:02+00:00\",\"dateModified\":\"2024-05-09T22:42:49+00:00\",\"description\":\"CannAmm propose une formation aux tests d'alcool\u00e9mie pour des certifications sp\u00e9cifiques. Apprenez-en davantage sur nos formations.\",\"breadcrumb\":{\"@id\":\"https:\\\/\\\/www.cannamm.com\\\/fr\\\/services\\\/formation\\\/formation-aux-tests-de-depistage-de-drogue-et-dalcool\\\/formation-sur-le-dispositif-lifeloc-phoenix-6-0-bt\\\/#breadcrumb\"},\"inLanguage\":\"fr-FR\",\"potentialAction\":[{\"@type\":\"ReadAction\",\"target\":[\"https:\\\/\\\/www.cannamm.com\\\/fr\\\/services\\\/formation\\\/formation-aux-tests-de-depistage-de-drogue-et-dalcool\\\/formation-sur-le-dispositif-lifeloc-phoenix-6-0-bt\\\/\"]}]},{\"@type\":\"ImageObject\",\"inLanguage\":\"fr-FR\",\"@id\":\"https:\\\/\\\/www.cannamm.com\\\/fr\\\/services\\\/formation\\\/formation-aux-tests-de-depistage-de-drogue-et-dalcool\\\/formation-sur-le-dispositif-lifeloc-phoenix-6-0-bt\\\/#primaryimage\",\"url\":\"https:\\\/\\\/www.cannamm.com\\\/wp-content\\\/uploads\\\/2013\\\/10\\\/Book.jpg\",\"contentUrl\":\"https:\\\/\\\/www.cannamm.com\\\/wp-content\\\/uploads\\\/2013\\\/10\\\/Book.jpg\",\"width\":1440,\"height\":249},{\"@type\":\"BreadcrumbList\",\"@id\":\"https:\\\/\\\/www.cannamm.com\\\/fr\\\/services\\\/formation\\\/formation-aux-tests-de-depistage-de-drogue-et-dalcool\\\/formation-sur-le-dispositif-lifeloc-phoenix-6-0-bt\\\/#breadcrumb\",\"itemListElement\":[{\"@type\":\"ListItem\",\"position\":1,\"name\":\"Services\",\"item\":\"https:\\\/\\\/www.cannamm.com\\\/fr\\\/services\\\/\"},{\"@type\":\"ListItem\",\"position\":2,\"name\":\"Formation\",\"item\":\"https:\\\/\\\/www.cannamm.com\\\/fr\\\/services\\\/formation\\\/\"},{\"@type\":\"ListItem\",\"position\":3,\"name\":\"Formation aux Tests de D\u00e9pistage de Drogue et D&#8217;alcool\",\"item\":\"https:\\\/\\\/www.cannamm.com\\\/fr\\\/services\\\/formation\\\/formation-aux-tests-de-depistage-de-drogue-et-dalcool\\\/\"},{\"@type\":\"ListItem\",\"position\":4,\"name\":\"FORMATION SUR LE DISPOSITIF LIFELOC PHOENIX 6.0 BT\"}]},{\"@type\":\"WebSite\",\"@id\":\"https:\\\/\\\/www.cannamm.com\\\/fr\\\/#website\",\"url\":\"https:\\\/\\\/www.cannamm.com\\\/fr\\\/\",\"name\":\"CannAmm Occupational Testing Services\",\"description\":\"Occupational &amp; Employment Drug Testing Services Canada\",\"publisher\":{\"@id\":\"https:\\\/\\\/www.cannamm.com\\\/fr\\\/#organization\"},\"potentialAction\":[{\"@type\":\"SearchAction\",\"target\":{\"@type\":\"EntryPoint\",\"urlTemplate\":\"https:\\\/\\\/www.cannamm.com\\\/fr\\\/?s={search_term_string}\"},\"query-input\":{\"@type\":\"PropertyValueSpecification\",\"valueRequired\":true,\"valueName\":\"search_term_string\"}}],\"inLanguage\":\"fr-FR\"},{\"@type\":\"Organization\",\"@id\":\"https:\\\/\\\/www.cannamm.com\\\/fr\\\/#organization\",\"name\":\"CannAmm Occupational Testing\",\"url\":\"https:\\\/\\\/www.cannamm.com\\\/fr\\\/\",\"logo\":{\"@type\":\"ImageObject\",\"inLanguage\":\"fr-FR\",\"@id\":\"https:\\\/\\\/www.cannamm.com\\\/fr\\\/#\\\/schema\\\/logo\\\/image\\\/\",\"url\":\"https:\\\/\\\/www.cannamm.com\\\/wp-content\\\/uploads\\\/2021\\\/04\\\/CannAmm-Square.jpg\",\"contentUrl\":\"https:\\\/\\\/www.cannamm.com\\\/wp-content\\\/uploads\\\/2021\\\/04\\\/CannAmm-Square.jpg\",\"width\":400,\"height\":400,\"caption\":\"CannAmm Occupational Testing\"},\"image\":{\"@id\":\"https:\\\/\\\/www.cannamm.com\\\/fr\\\/#\\\/schema\\\/logo\\\/image\\\/\"},\"sameAs\":[\"https:\\\/\\\/www.facebook.com\\\/CannAmm\\\/\",\"https:\\\/\\\/x.com\\\/CannAmm\",\"https:\\\/\\\/www.linkedin.com\\\/company\\\/2537762\"]}]}<\/script>\n<!-- \/ Yoast SEO plugin. -->","yoast_head_json":{"title":"FORMATION SUR LE DISPOSITIF LIFELOC PHOENIX 6.0 BT | CannAmm","description":"CannAmm propose une formation aux tests d'alcool\u00e9mie pour des certifications sp\u00e9cifiques. Apprenez-en davantage sur nos formations.","robots":{"index":"index","follow":"follow","max-snippet":"max-snippet:-1","max-image-preview":"max-image-preview:large","max-video-preview":"max-video-preview:-1"},"canonical":"https:\/\/www.cannamm.com\/fr\/services\/formation\/formation-aux-tests-de-depistage-de-drogue-et-dalcool\/formation-sur-le-dispositif-lifeloc-phoenix-6-0-bt\/","og_locale":"fr_FR","og_type":"article","og_title":"FORMATION SUR LE DISPOSITIF LIFELOC PHOENIX 6.0 BT | CannAmm","og_description":"CannAmm propose une formation aux tests d'alcool\u00e9mie pour des certifications sp\u00e9cifiques. Apprenez-en davantage sur nos formations.","og_url":"https:\/\/www.cannamm.com\/fr\/services\/formation\/formation-aux-tests-de-depistage-de-drogue-et-dalcool\/formation-sur-le-dispositif-lifeloc-phoenix-6-0-bt\/","og_site_name":"CannAmm Occupational Testing Services","article_publisher":"https:\/\/www.facebook.com\/CannAmm\/","article_modified_time":"2024-05-09T22:42:49+00:00","og_image":[{"width":1440,"height":249,"url":"https:\/\/www.cannamm.com\/wp-content\/uploads\/2013\/10\/Book.jpg","type":"image\/jpeg"}],"twitter_card":"summary_large_image","twitter_site":"@CannAmm","twitter_misc":{"Dur\u00e9e de lecture estim\u00e9e":"1 minute"},"schema":{"@context":"https:\/\/schema.org","@graph":[{"@type":"WebPage","@id":"https:\/\/www.cannamm.com\/fr\/services\/formation\/formation-aux-tests-de-depistage-de-drogue-et-dalcool\/formation-sur-le-dispositif-lifeloc-phoenix-6-0-bt\/","url":"https:\/\/www.cannamm.com\/fr\/services\/formation\/formation-aux-tests-de-depistage-de-drogue-et-dalcool\/formation-sur-le-dispositif-lifeloc-phoenix-6-0-bt\/","name":"FORMATION SUR LE DISPOSITIF LIFELOC PHOENIX 6.0 BT | CannAmm","isPartOf":{"@id":"https:\/\/www.cannamm.com\/fr\/#website"},"primaryImageOfPage":{"@id":"https:\/\/www.cannamm.com\/fr\/services\/formation\/formation-aux-tests-de-depistage-de-drogue-et-dalcool\/formation-sur-le-dispositif-lifeloc-phoenix-6-0-bt\/#primaryimage"},"image":{"@id":"https:\/\/www.cannamm.com\/fr\/services\/formation\/formation-aux-tests-de-depistage-de-drogue-et-dalcool\/formation-sur-le-dispositif-lifeloc-phoenix-6-0-bt\/#primaryimage"},"thumbnailUrl":"https:\/\/www.cannamm.com\/wp-content\/uploads\/2013\/10\/Book.jpg","datePublished":"2013-10-17T01:30:02+00:00","dateModified":"2024-05-09T22:42:49+00:00","description":"CannAmm propose une formation aux tests d'alcool\u00e9mie pour des certifications sp\u00e9cifiques. Apprenez-en davantage sur nos formations.","breadcrumb":{"@id":"https:\/\/www.cannamm.com\/fr\/services\/formation\/formation-aux-tests-de-depistage-de-drogue-et-dalcool\/formation-sur-le-dispositif-lifeloc-phoenix-6-0-bt\/#breadcrumb"},"inLanguage":"fr-FR","potentialAction":[{"@type":"ReadAction","target":["https:\/\/www.cannamm.com\/fr\/services\/formation\/formation-aux-tests-de-depistage-de-drogue-et-dalcool\/formation-sur-le-dispositif-lifeloc-phoenix-6-0-bt\/"]}]},{"@type":"ImageObject","inLanguage":"fr-FR","@id":"https:\/\/www.cannamm.com\/fr\/services\/formation\/formation-aux-tests-de-depistage-de-drogue-et-dalcool\/formation-sur-le-dispositif-lifeloc-phoenix-6-0-bt\/#primaryimage","url":"https:\/\/www.cannamm.com\/wp-content\/uploads\/2013\/10\/Book.jpg","contentUrl":"https:\/\/www.cannamm.com\/wp-content\/uploads\/2013\/10\/Book.jpg","width":1440,"height":249},{"@type":"BreadcrumbList","@id":"https:\/\/www.cannamm.com\/fr\/services\/formation\/formation-aux-tests-de-depistage-de-drogue-et-dalcool\/formation-sur-le-dispositif-lifeloc-phoenix-6-0-bt\/#breadcrumb","itemListElement":[{"@type":"ListItem","position":1,"name":"Services","item":"https:\/\/www.cannamm.com\/fr\/services\/"},{"@type":"ListItem","position":2,"name":"Formation","item":"https:\/\/www.cannamm.com\/fr\/services\/formation\/"},{"@type":"ListItem","position":3,"name":"Formation aux Tests de D\u00e9pistage de Drogue et D&#8217;alcool","item":"https:\/\/www.cannamm.com\/fr\/services\/formation\/formation-aux-tests-de-depistage-de-drogue-et-dalcool\/"},{"@type":"ListItem","position":4,"name":"FORMATION SUR LE DISPOSITIF LIFELOC PHOENIX 6.0 BT"}]},{"@type":"WebSite","@id":"https:\/\/www.cannamm.com\/fr\/#website","url":"https:\/\/www.cannamm.com\/fr\/","name":"CannAmm Occupational Testing Services","description":"Occupational &amp; Employment Drug Testing Services Canada","publisher":{"@id":"https:\/\/www.cannamm.com\/fr\/#organization"},"potentialAction":[{"@type":"SearchAction","target":{"@type":"EntryPoint","urlTemplate":"https:\/\/www.cannamm.com\/fr\/?s={search_term_string}"},"query-input":{"@type":"PropertyValueSpecification","valueRequired":true,"valueName":"search_term_string"}}],"inLanguage":"fr-FR"},{"@type":"Organization","@id":"https:\/\/www.cannamm.com\/fr\/#organization","name":"CannAmm Occupational Testing","url":"https:\/\/www.cannamm.com\/fr\/","logo":{"@type":"ImageObject","inLanguage":"fr-FR","@id":"https:\/\/www.cannamm.com\/fr\/#\/schema\/logo\/image\/","url":"https:\/\/www.cannamm.com\/wp-content\/uploads\/2021\/04\/CannAmm-Square.jpg","contentUrl":"https:\/\/www.cannamm.com\/wp-content\/uploads\/2021\/04\/CannAmm-Square.jpg","width":400,"height":400,"caption":"CannAmm Occupational Testing"},"image":{"@id":"https:\/\/www.cannamm.com\/fr\/#\/schema\/logo\/image\/"},"sameAs":["https:\/\/www.facebook.com\/CannAmm\/","https:\/\/x.com\/CannAmm","https:\/\/www.linkedin.com\/company\/2537762"]}]}},"_links":{"self":[{"href":"https:\/\/www.cannamm.com\/fr\/wp-json\/wp\/v2\/pages\/6033","targetHints":{"allow":["GET"]}}],"collection":[{"href":"https:\/\/www.cannamm.com\/fr\/wp-json\/wp\/v2\/pages"}],"about":[{"href":"https:\/\/www.cannamm.com\/fr\/wp-json\/wp\/v2\/types\/page"}],"author":[{"embeddable":true,"href":"https:\/\/www.cannamm.com\/fr\/wp-json\/wp\/v2\/users\/27"}],"replies":[{"embeddable":true,"href":"https:\/\/www.cannamm.com\/fr\/wp-json\/wp\/v2\/comments?post=6033"}],"version-history":[{"count":0,"href":"https:\/\/www.cannamm.com\/fr\/wp-json\/wp\/v2\/pages\/6033\/revisions"}],"up":[{"embeddable":true,"href":"https:\/\/www.cannamm.com\/fr\/wp-json\/wp\/v2\/pages\/6029"}],"wp:featuredmedia":[{"embeddable":true,"href":"https:\/\/www.cannamm.com\/fr\/wp-json\/wp\/v2\/media\/5961"}],"wp:attachment":[{"href":"https:\/\/www.cannamm.com\/fr\/wp-json\/wp\/v2\/media?parent=6033"}],"curies":[{"name":"wp","href":"https:\/\/api.w.org\/{rel}","templated":true}]}}