{"id":6032,"date":"2013-10-17T01:29:34","date_gmt":"2013-10-17T01:29:34","guid":{"rendered":"https:\/\/www.cannamm.com\/formation-de-technicien-dalcootest\/"},"modified":"2024-05-09T16:45:17","modified_gmt":"2024-05-09T22:45:17","slug":"formation-de-technicien-dalcootest","status":"publish","type":"page","link":"https:\/\/www.cannamm.com\/fr\/services\/formation\/formation-aux-tests-de-depistage-de-drogue-et-dalcool\/formation-de-technicien-dalcootest\/","title":{"rendered":"FORMATION DE TECHNICIEN D&rsquo;ALCOOTEST"},"content":{"rendered":"<p><strong>Objectif de la formation<\/strong><\/p>\n<p>Cette formation pr\u00e9pare les techniciens d&rsquo;alcootest \u00e0 effectuer des tests d&rsquo;haleine conformes \u00e0 la section 40 du document 49 CFR, relative aux proc\u00e9dures de d\u00e9pistage d&rsquo;alcool du minist\u00e8re des transports (DOT) des \u00c9tats-Unis et aux normes de l&rsquo;industrie. Elle comprend les r\u00e8gles de proc\u00e9dure et de manipulation des dispositifs de test d&rsquo;haleine probants, sp\u00e9cifique au fabricant.<\/p>\n<p><strong>Objectifs de la formation<\/strong><\/p>\n<p>Apr\u00e8s avoir suivi la formation de technicien d&rsquo;alcootest, vous serez en mesure de\u00a0:<\/p>\n<ul>\n<li>d&rsquo;expliquer la m\u00e9thode et la r\u00e9alisation d&rsquo;une \u00e9preuve respiratoire (\u00e9thylom\u00e8tre de constat), ainsi que les v\u00e9rifications de calibrage.<\/li>\n<li>d&rsquo;interpr\u00e9ter une analyse d&rsquo;haleine pour conna\u00eetre son contenu en alcool.<\/li>\n<li>d&rsquo;expliquer le programme de transport de test de d\u00e9pistage d&rsquo;alcool en milieu de travail.<\/li>\n<li>d\u00e9montrer les proc\u00e9dures pour obtenir un \u00e9chantillon d&rsquo;haleine, d&rsquo;interpr\u00e9ter les r\u00e9sultats de l&rsquo;\u00e9thylom\u00e8tre de constat et les inscrire sur un formulaire de d\u00e9pistage d&rsquo;alcool.<\/li>\n<\/ul>\n<p><strong>Plan de la formation<\/strong><\/p>\n<ul>\n<li>Introduction et aper\u00e7u<\/li>\n<li>M\u00e9thodologie de l&rsquo;\u00e9thylom\u00e8tre de constat<\/li>\n<li>Pr\u00e9paration du test<\/li>\n<li>Proc\u00e9dure de d\u00e9pistage<\/li>\n<li>Proc\u00e9dure de confirmation du d\u00e9pistage<\/li>\n<li>Les obstacles \u00e0 la r\u00e9alisation d&rsquo;un test de d\u00e9pistage<\/li>\n<li>Divulgation d&rsquo;information et conservation des dossiers<\/li>\n<li>Comp\u00e9tences requises pour l&rsquo;utilisation d&rsquo;un \u00e9thylom\u00e8tre de constat<\/li>\n<\/ul>\n<p><strong>Dur\u00e9e de la formation<\/strong><\/p>\n<p>Huit heures de formation en classe<\/p>\n<p><strong>Certification<\/strong><\/p>\n<p>Certificat valide pour cinq ans d\u00e9livr\u00e9 apr\u00e8s avoir r\u00e9ussi la formation.<\/p>\n<a href=\"https:\/\/www.cannamm.com\/fr\/contact\/\" class=\"slashes red\"><strong>Communiquez avec nous pour planifier votre s\u00e9ance de formation de technicien d&rsquo;alcootest.<\/strong><\/a>\n","protected":false},"excerpt":{"rendered":"<p>Objectif de la formation Cette formation pr\u00e9pare les techniciens d&rsquo;alcootest \u00e0 effectuer des tests d&rsquo;haleine conformes<\/p>\n","protected":false},"author":26,"featured_media":5961,"parent":6029,"menu_order":0,"comment_status":"closed","ping_status":"closed","template":"page-sidebar.php","meta":{"_acf_changed":false,"inline_featured_image":false,"iawp_total_views":50,"footnotes":""},"class_list":["post-6032","page","type-page","status-publish","has-post-thumbnail","hentry"],"acf":[],"yoast_head":"<!-- This site is optimized with the Yoast SEO plugin v27.4 - https:\/\/yoast.com\/product\/yoast-seo-wordpress\/ -->\n<title>FORMATION DE TECHNICIEN D&#039;ALCOOTEST | CannAmm<\/title>\n<meta name=\"description\" content=\"Ce cours pr\u00e9pare les techniciens en alcootest (BAT) \u00e0 effectuer des tests d&#039;alcool\u00e9mie conform\u00e9ment \u00e0 la r\u00e9glementation am\u00e9ricaine DOT.\" \/>\n<meta name=\"robots\" content=\"index, follow, max-snippet:-1, max-image-preview:large, max-video-preview:-1\" \/>\n<link rel=\"canonical\" href=\"https:\/\/www.cannamm.com\/fr\/services\/formation\/formation-aux-tests-de-depistage-de-drogue-et-dalcool\/formation-de-technicien-dalcootest\/\" \/>\n<meta property=\"og:locale\" content=\"fr_FR\" \/>\n<meta property=\"og:type\" content=\"article\" \/>\n<meta property=\"og:title\" content=\"FORMATION DE TECHNICIEN D&#039;ALCOOTEST | CannAmm\" \/>\n<meta property=\"og:description\" content=\"Ce cours pr\u00e9pare les techniciens en alcootest (BAT) \u00e0 effectuer des tests d&#039;alcool\u00e9mie conform\u00e9ment \u00e0 la r\u00e9glementation am\u00e9ricaine DOT.\" \/>\n<meta property=\"og:url\" content=\"https:\/\/www.cannamm.com\/fr\/services\/formation\/formation-aux-tests-de-depistage-de-drogue-et-dalcool\/formation-de-technicien-dalcootest\/\" \/>\n<meta property=\"og:site_name\" content=\"CannAmm Occupational Testing Services\" \/>\n<meta property=\"article:publisher\" content=\"https:\/\/www.facebook.com\/CannAmm\/\" \/>\n<meta property=\"article:modified_time\" content=\"2024-05-09T22:45:17+00:00\" \/>\n<meta property=\"og:image\" content=\"https:\/\/www.cannamm.com\/wp-content\/uploads\/2013\/10\/Book.jpg\" \/>\n\t<meta property=\"og:image:width\" content=\"1440\" \/>\n\t<meta property=\"og:image:height\" content=\"249\" \/>\n\t<meta property=\"og:image:type\" content=\"image\/jpeg\" \/>\n<meta name=\"twitter:card\" content=\"summary_large_image\" \/>\n<meta name=\"twitter:site\" content=\"@CannAmm\" \/>\n<meta name=\"twitter:label1\" content=\"Dur\u00e9e de lecture estim\u00e9e\" \/>\n\t<meta name=\"twitter:data1\" content=\"2 minutes\" \/>\n<script type=\"application\/ld+json\" class=\"yoast-schema-graph\">{\"@context\":\"https:\\\/\\\/schema.org\",\"@graph\":[{\"@type\":\"WebPage\",\"@id\":\"https:\\\/\\\/www.cannamm.com\\\/fr\\\/services\\\/formation\\\/formation-aux-tests-de-depistage-de-drogue-et-dalcool\\\/formation-de-technicien-dalcootest\\\/\",\"url\":\"https:\\\/\\\/www.cannamm.com\\\/fr\\\/services\\\/formation\\\/formation-aux-tests-de-depistage-de-drogue-et-dalcool\\\/formation-de-technicien-dalcootest\\\/\",\"name\":\"FORMATION DE TECHNICIEN D'ALCOOTEST | CannAmm\",\"isPartOf\":{\"@id\":\"https:\\\/\\\/www.cannamm.com\\\/fr\\\/#website\"},\"primaryImageOfPage\":{\"@id\":\"https:\\\/\\\/www.cannamm.com\\\/fr\\\/services\\\/formation\\\/formation-aux-tests-de-depistage-de-drogue-et-dalcool\\\/formation-de-technicien-dalcootest\\\/#primaryimage\"},\"image\":{\"@id\":\"https:\\\/\\\/www.cannamm.com\\\/fr\\\/services\\\/formation\\\/formation-aux-tests-de-depistage-de-drogue-et-dalcool\\\/formation-de-technicien-dalcootest\\\/#primaryimage\"},\"thumbnailUrl\":\"https:\\\/\\\/www.cannamm.com\\\/wp-content\\\/uploads\\\/2013\\\/10\\\/Book.jpg\",\"datePublished\":\"2013-10-17T01:29:34+00:00\",\"dateModified\":\"2024-05-09T22:45:17+00:00\",\"description\":\"Ce cours pr\u00e9pare les techniciens en alcootest (BAT) \u00e0 effectuer des tests d'alcool\u00e9mie conform\u00e9ment \u00e0 la r\u00e9glementation am\u00e9ricaine DOT.\",\"breadcrumb\":{\"@id\":\"https:\\\/\\\/www.cannamm.com\\\/fr\\\/services\\\/formation\\\/formation-aux-tests-de-depistage-de-drogue-et-dalcool\\\/formation-de-technicien-dalcootest\\\/#breadcrumb\"},\"inLanguage\":\"fr-FR\",\"potentialAction\":[{\"@type\":\"ReadAction\",\"target\":[\"https:\\\/\\\/www.cannamm.com\\\/fr\\\/services\\\/formation\\\/formation-aux-tests-de-depistage-de-drogue-et-dalcool\\\/formation-de-technicien-dalcootest\\\/\"]}]},{\"@type\":\"ImageObject\",\"inLanguage\":\"fr-FR\",\"@id\":\"https:\\\/\\\/www.cannamm.com\\\/fr\\\/services\\\/formation\\\/formation-aux-tests-de-depistage-de-drogue-et-dalcool\\\/formation-de-technicien-dalcootest\\\/#primaryimage\",\"url\":\"https:\\\/\\\/www.cannamm.com\\\/wp-content\\\/uploads\\\/2013\\\/10\\\/Book.jpg\",\"contentUrl\":\"https:\\\/\\\/www.cannamm.com\\\/wp-content\\\/uploads\\\/2013\\\/10\\\/Book.jpg\",\"width\":1440,\"height\":249},{\"@type\":\"BreadcrumbList\",\"@id\":\"https:\\\/\\\/www.cannamm.com\\\/fr\\\/services\\\/formation\\\/formation-aux-tests-de-depistage-de-drogue-et-dalcool\\\/formation-de-technicien-dalcootest\\\/#breadcrumb\",\"itemListElement\":[{\"@type\":\"ListItem\",\"position\":1,\"name\":\"Services\",\"item\":\"https:\\\/\\\/www.cannamm.com\\\/fr\\\/services\\\/\"},{\"@type\":\"ListItem\",\"position\":2,\"name\":\"Formation\",\"item\":\"https:\\\/\\\/www.cannamm.com\\\/fr\\\/services\\\/formation\\\/\"},{\"@type\":\"ListItem\",\"position\":3,\"name\":\"Formation aux Tests de D\u00e9pistage de Drogue et D&#8217;alcool\",\"item\":\"https:\\\/\\\/www.cannamm.com\\\/fr\\\/services\\\/formation\\\/formation-aux-tests-de-depistage-de-drogue-et-dalcool\\\/\"},{\"@type\":\"ListItem\",\"position\":4,\"name\":\"FORMATION DE TECHNICIEN D&#8217;ALCOOTEST\"}]},{\"@type\":\"WebSite\",\"@id\":\"https:\\\/\\\/www.cannamm.com\\\/fr\\\/#website\",\"url\":\"https:\\\/\\\/www.cannamm.com\\\/fr\\\/\",\"name\":\"CannAmm Occupational Testing Services\",\"description\":\"Occupational &amp; Employment Drug Testing Services Canada\",\"publisher\":{\"@id\":\"https:\\\/\\\/www.cannamm.com\\\/fr\\\/#organization\"},\"potentialAction\":[{\"@type\":\"SearchAction\",\"target\":{\"@type\":\"EntryPoint\",\"urlTemplate\":\"https:\\\/\\\/www.cannamm.com\\\/fr\\\/?s={search_term_string}\"},\"query-input\":{\"@type\":\"PropertyValueSpecification\",\"valueRequired\":true,\"valueName\":\"search_term_string\"}}],\"inLanguage\":\"fr-FR\"},{\"@type\":\"Organization\",\"@id\":\"https:\\\/\\\/www.cannamm.com\\\/fr\\\/#organization\",\"name\":\"CannAmm Occupational Testing\",\"url\":\"https:\\\/\\\/www.cannamm.com\\\/fr\\\/\",\"logo\":{\"@type\":\"ImageObject\",\"inLanguage\":\"fr-FR\",\"@id\":\"https:\\\/\\\/www.cannamm.com\\\/fr\\\/#\\\/schema\\\/logo\\\/image\\\/\",\"url\":\"https:\\\/\\\/www.cannamm.com\\\/wp-content\\\/uploads\\\/2021\\\/04\\\/CannAmm-Square.jpg\",\"contentUrl\":\"https:\\\/\\\/www.cannamm.com\\\/wp-content\\\/uploads\\\/2021\\\/04\\\/CannAmm-Square.jpg\",\"width\":400,\"height\":400,\"caption\":\"CannAmm Occupational Testing\"},\"image\":{\"@id\":\"https:\\\/\\\/www.cannamm.com\\\/fr\\\/#\\\/schema\\\/logo\\\/image\\\/\"},\"sameAs\":[\"https:\\\/\\\/www.facebook.com\\\/CannAmm\\\/\",\"https:\\\/\\\/x.com\\\/CannAmm\",\"https:\\\/\\\/www.linkedin.com\\\/company\\\/2537762\"]}]}<\/script>\n<!-- \/ Yoast SEO plugin. -->","yoast_head_json":{"title":"FORMATION DE TECHNICIEN D'ALCOOTEST | CannAmm","description":"Ce cours pr\u00e9pare les techniciens en alcootest (BAT) \u00e0 effectuer des tests d'alcool\u00e9mie conform\u00e9ment \u00e0 la r\u00e9glementation am\u00e9ricaine DOT.","robots":{"index":"index","follow":"follow","max-snippet":"max-snippet:-1","max-image-preview":"max-image-preview:large","max-video-preview":"max-video-preview:-1"},"canonical":"https:\/\/www.cannamm.com\/fr\/services\/formation\/formation-aux-tests-de-depistage-de-drogue-et-dalcool\/formation-de-technicien-dalcootest\/","og_locale":"fr_FR","og_type":"article","og_title":"FORMATION DE TECHNICIEN D'ALCOOTEST | CannAmm","og_description":"Ce cours pr\u00e9pare les techniciens en alcootest (BAT) \u00e0 effectuer des tests d'alcool\u00e9mie conform\u00e9ment \u00e0 la r\u00e9glementation am\u00e9ricaine DOT.","og_url":"https:\/\/www.cannamm.com\/fr\/services\/formation\/formation-aux-tests-de-depistage-de-drogue-et-dalcool\/formation-de-technicien-dalcootest\/","og_site_name":"CannAmm Occupational Testing Services","article_publisher":"https:\/\/www.facebook.com\/CannAmm\/","article_modified_time":"2024-05-09T22:45:17+00:00","og_image":[{"width":1440,"height":249,"url":"https:\/\/www.cannamm.com\/wp-content\/uploads\/2013\/10\/Book.jpg","type":"image\/jpeg"}],"twitter_card":"summary_large_image","twitter_site":"@CannAmm","twitter_misc":{"Dur\u00e9e de lecture estim\u00e9e":"2 minutes"},"schema":{"@context":"https:\/\/schema.org","@graph":[{"@type":"WebPage","@id":"https:\/\/www.cannamm.com\/fr\/services\/formation\/formation-aux-tests-de-depistage-de-drogue-et-dalcool\/formation-de-technicien-dalcootest\/","url":"https:\/\/www.cannamm.com\/fr\/services\/formation\/formation-aux-tests-de-depistage-de-drogue-et-dalcool\/formation-de-technicien-dalcootest\/","name":"FORMATION DE TECHNICIEN D'ALCOOTEST | CannAmm","isPartOf":{"@id":"https:\/\/www.cannamm.com\/fr\/#website"},"primaryImageOfPage":{"@id":"https:\/\/www.cannamm.com\/fr\/services\/formation\/formation-aux-tests-de-depistage-de-drogue-et-dalcool\/formation-de-technicien-dalcootest\/#primaryimage"},"image":{"@id":"https:\/\/www.cannamm.com\/fr\/services\/formation\/formation-aux-tests-de-depistage-de-drogue-et-dalcool\/formation-de-technicien-dalcootest\/#primaryimage"},"thumbnailUrl":"https:\/\/www.cannamm.com\/wp-content\/uploads\/2013\/10\/Book.jpg","datePublished":"2013-10-17T01:29:34+00:00","dateModified":"2024-05-09T22:45:17+00:00","description":"Ce cours pr\u00e9pare les techniciens en alcootest (BAT) \u00e0 effectuer des tests d'alcool\u00e9mie conform\u00e9ment \u00e0 la r\u00e9glementation am\u00e9ricaine DOT.","breadcrumb":{"@id":"https:\/\/www.cannamm.com\/fr\/services\/formation\/formation-aux-tests-de-depistage-de-drogue-et-dalcool\/formation-de-technicien-dalcootest\/#breadcrumb"},"inLanguage":"fr-FR","potentialAction":[{"@type":"ReadAction","target":["https:\/\/www.cannamm.com\/fr\/services\/formation\/formation-aux-tests-de-depistage-de-drogue-et-dalcool\/formation-de-technicien-dalcootest\/"]}]},{"@type":"ImageObject","inLanguage":"fr-FR","@id":"https:\/\/www.cannamm.com\/fr\/services\/formation\/formation-aux-tests-de-depistage-de-drogue-et-dalcool\/formation-de-technicien-dalcootest\/#primaryimage","url":"https:\/\/www.cannamm.com\/wp-content\/uploads\/2013\/10\/Book.jpg","contentUrl":"https:\/\/www.cannamm.com\/wp-content\/uploads\/2013\/10\/Book.jpg","width":1440,"height":249},{"@type":"BreadcrumbList","@id":"https:\/\/www.cannamm.com\/fr\/services\/formation\/formation-aux-tests-de-depistage-de-drogue-et-dalcool\/formation-de-technicien-dalcootest\/#breadcrumb","itemListElement":[{"@type":"ListItem","position":1,"name":"Services","item":"https:\/\/www.cannamm.com\/fr\/services\/"},{"@type":"ListItem","position":2,"name":"Formation","item":"https:\/\/www.cannamm.com\/fr\/services\/formation\/"},{"@type":"ListItem","position":3,"name":"Formation aux Tests de D\u00e9pistage de Drogue et D&#8217;alcool","item":"https:\/\/www.cannamm.com\/fr\/services\/formation\/formation-aux-tests-de-depistage-de-drogue-et-dalcool\/"},{"@type":"ListItem","position":4,"name":"FORMATION DE TECHNICIEN D&#8217;ALCOOTEST"}]},{"@type":"WebSite","@id":"https:\/\/www.cannamm.com\/fr\/#website","url":"https:\/\/www.cannamm.com\/fr\/","name":"CannAmm Occupational Testing Services","description":"Occupational &amp; Employment Drug Testing Services Canada","publisher":{"@id":"https:\/\/www.cannamm.com\/fr\/#organization"},"potentialAction":[{"@type":"SearchAction","target":{"@type":"EntryPoint","urlTemplate":"https:\/\/www.cannamm.com\/fr\/?s={search_term_string}"},"query-input":{"@type":"PropertyValueSpecification","valueRequired":true,"valueName":"search_term_string"}}],"inLanguage":"fr-FR"},{"@type":"Organization","@id":"https:\/\/www.cannamm.com\/fr\/#organization","name":"CannAmm Occupational Testing","url":"https:\/\/www.cannamm.com\/fr\/","logo":{"@type":"ImageObject","inLanguage":"fr-FR","@id":"https:\/\/www.cannamm.com\/fr\/#\/schema\/logo\/image\/","url":"https:\/\/www.cannamm.com\/wp-content\/uploads\/2021\/04\/CannAmm-Square.jpg","contentUrl":"https:\/\/www.cannamm.com\/wp-content\/uploads\/2021\/04\/CannAmm-Square.jpg","width":400,"height":400,"caption":"CannAmm Occupational Testing"},"image":{"@id":"https:\/\/www.cannamm.com\/fr\/#\/schema\/logo\/image\/"},"sameAs":["https:\/\/www.facebook.com\/CannAmm\/","https:\/\/x.com\/CannAmm","https:\/\/www.linkedin.com\/company\/2537762"]}]}},"_links":{"self":[{"href":"https:\/\/www.cannamm.com\/fr\/wp-json\/wp\/v2\/pages\/6032","targetHints":{"allow":["GET"]}}],"collection":[{"href":"https:\/\/www.cannamm.com\/fr\/wp-json\/wp\/v2\/pages"}],"about":[{"href":"https:\/\/www.cannamm.com\/fr\/wp-json\/wp\/v2\/types\/page"}],"author":[{"embeddable":true,"href":"https:\/\/www.cannamm.com\/fr\/wp-json\/wp\/v2\/users\/26"}],"replies":[{"embeddable":true,"href":"https:\/\/www.cannamm.com\/fr\/wp-json\/wp\/v2\/comments?post=6032"}],"version-history":[{"count":0,"href":"https:\/\/www.cannamm.com\/fr\/wp-json\/wp\/v2\/pages\/6032\/revisions"}],"up":[{"embeddable":true,"href":"https:\/\/www.cannamm.com\/fr\/wp-json\/wp\/v2\/pages\/6029"}],"wp:featuredmedia":[{"embeddable":true,"href":"https:\/\/www.cannamm.com\/fr\/wp-json\/wp\/v2\/media\/5961"}],"wp:attachment":[{"href":"https:\/\/www.cannamm.com\/fr\/wp-json\/wp\/v2\/media?parent=6032"}],"curies":[{"name":"wp","href":"https:\/\/api.w.org\/{rel}","templated":true}]}}