{"id":6029,"date":"2013-10-17T01:27:34","date_gmt":"2013-10-17T01:27:34","guid":{"rendered":"https:\/\/www.cannamm.com\/formation-aux-tests-de-depistage-de-drogue-et-dalcool\/"},"modified":"2024-07-23T15:35:16","modified_gmt":"2024-07-23T21:35:16","slug":"formation-aux-tests-de-depistage-de-drogue-et-dalcool","status":"publish","type":"page","link":"https:\/\/www.cannamm.com\/fr\/services\/formation\/formation-aux-tests-de-depistage-de-drogue-et-dalcool\/","title":{"rendered":"Formation aux Tests de D\u00e9pistage de Drogue et D&rsquo;alcool"},"content":{"rendered":"<p>Il convient d&rsquo;effectuer correctement les tests de d\u00e9pistage de drogue et d&rsquo;alcool pour la protection tant des employeurs que des employ\u00e9s. Il est indispensable \u00e0 cet effet de recourir aux meilleures pratiques et de veiller au respect des proc\u00e9dures ad\u00e9quates avec chaque test.<\/p>\n<p>Tous les programmes de formation aux tests de d\u00e9pistage de drogue et d&rsquo;alcool sont \u00e9labor\u00e9s et dispens\u00e9s par certaines des personnes parmi les plus exp\u00e9riment\u00e9es et comp\u00e9tentes en la mati\u00e8re.<\/p>\n<h3><span style=\"text-decoration: underline;\"><a title=\"Urine Collector Training\" href=\"https:\/\/www.cannamm.com\/services\/training\/drug-and-alcohol-testing-training\/urine-collector-training\/\">Formation \u00e0 la collecte d&rsquo;urine<\/a><\/span><\/h3>\n<p>Ce cours est sugg\u00e9r\u00e9 pour les personnes qui ont besoin d&rsquo;une certification en mati\u00e8re de collecte d&rsquo;urine valable devant un tribunal. Cette formation enseigne aux agents de collecte les proc\u00e9dures ad\u00e9quates pour la collecte, la manipulation et le transfert des \u00e9chantillons en assurant des collectes sans erreur et incontestables, conformes aux exigences du DOT am\u00e9ricain et aux normes de la branche. La formation comprend la proc\u00e9dure et le perfectionnement.<\/p>\n<h3><span style=\"text-decoration: underline;\"><a title=\"Urine POCT Training\" href=\"https:\/\/www.cannamm.com\/services\/training\/drug-and-alcohol-testing-training\/urine-poct-training\/\">Formation au test d&rsquo;urine d\u00e9localis\u00e9<\/a><\/span><\/h3>\n<p>Ce cours est sugg\u00e9r\u00e9 aux personnes qui ont besoin d&rsquo;une certification en mati\u00e8re de test d\u00e9localis\u00e9 valable devant un tribunal. Pr\u00e9requis : Formation de collecteur d&rsquo;urine. Seuls peuvent participer \u00e0 ce cours les clients de CannAmm et les membres du r\u00e9seau de sites de collecte CannAmm.<\/p>\n<p>Les agents collecteurs d&rsquo;urine qualifi\u00e9s apprendront les bonnes proc\u00e9dures pour effectuer la collecte d&rsquo;\u00e9chantillons d&rsquo;urine non conforme aux exigences du DOT pour les tests d\u00e9localis\u00e9s, la manipulation et le transfert afin de garantir des collectes sans erreurs et incontestables, conformes aux normes de la branche.<\/p>\n<h3><span style=\"text-decoration: underline;\"><a title=\"Oral Fluid Collector Training\" href=\"https:\/\/www.cannamm.com\/services\/training\/drug-and-alcohol-testing-training\/oral-fluid-collector-training\/\">Formation de collecteur pour le d\u00e9pistage par voie orale<\/a><\/span><\/h3>\n<p>Ce cours est sugg\u00e9r\u00e9 pour les personnes qui ont besoin d&rsquo;une certification en mati\u00e8re de collecte pour le d\u00e9pistage de drogue par voie orale test\u00e9e en laboratoire.<\/p>\n<h3><span style=\"text-decoration: underline;\"><a title=\"Breath Alcohol Technician Training\" href=\"https:\/\/www.cannamm.com\/services\/training\/drug-and-alcohol-testing-training\/breath-alcohol-technician-training\/\">Formation de technicien d&rsquo;alcootest<\/a><\/span><\/h3>\n<p>Ce cours est sugg\u00e9r\u00e9 aux personnes qui ont besoin d&rsquo;une certification en mati\u00e8re de collecte d&rsquo;alcootest valable devant un tribunal. Cette formation pr\u00e9pare les techniciens d&rsquo;alcootest \u00e0 effectuer des tests d&rsquo;haleine conformes \u00e0 la r\u00e8gle 49 CFR Part 40 relative aux proc\u00e9dures de d\u00e9pistage d&rsquo;alcool du DOT et aux normes de la branche. Elle comprend les r\u00e8gles de proc\u00e9dure et de manipulation des dispositifs de test d&rsquo;haleine probants sp\u00e9cifique au fabricant.<\/p>\n<h3><span style=\"text-decoration: underline;\"><a title=\"Lifeloc Phoenix 6.0 BT Equipment Training\" href=\"https:\/\/www.cannamm.com\/services\/training\/drug-and-alcohol-testing-training\/lifeloc-phoenix-6-0-bt-equipment-training\/\">Formation au dispositif Lifeloc Phoenix 6.0 BT <\/a><\/span><\/h3>\n<p>Ce cours est sugg\u00e9r\u00e9 aux personnes qui ont besoin d&rsquo;une certification en mati\u00e8re de collecte d&rsquo;alcootest valable devant un tribunal sur dispositif de test d&rsquo;haleine probant <a title=\"Evidentiary Breath Testers (EBT)\" href=\"https:\/\/www.cannamm.com\/products-supplies\/purchase-breath-alcohol-supplies\/evidentiary-breath-testers-ebt\/\">Lifeloc Phoenix 6.0 BT<\/a>\u00a0. Pr\u00e9requis\u00a0: Formation de technicien d&rsquo;alcootest.\u00a0 Cette formation pr\u00e9pare les techniciens d&rsquo;alcootest \u00e0 l&rsquo;utilisation du dispositif d&rsquo;alcootest probant Lifeloc Phoenix 6.0 BT et aux proc\u00e9dures d&rsquo;\u00e9talonnage du dispositif en accord avec le plan d&rsquo;assurance qualit\u00e9 du fabricant.<\/p>\n<a href=\"https:\/\/www.cannamm.com\/fr\/contact\/\" class=\"slashes red\">Contactez-nous d\u00e8s aujourd&rsquo;hui pour en savoir plus ou pour vous inscrire \u00e0 une formation.<\/a>\n","protected":false},"excerpt":{"rendered":"<p>Il convient d&rsquo;effectuer correctement les tests de d\u00e9pistage de drogue et d&rsquo;alcool pour la protection tant<\/p>\n","protected":false},"author":27,"featured_media":5961,"parent":5975,"menu_order":0,"comment_status":"closed","ping_status":"closed","template":"page-sidebar.php","meta":{"_acf_changed":false,"inline_featured_image":false,"iawp_total_views":98,"footnotes":""},"class_list":["post-6029","page","type-page","status-publish","has-post-thumbnail","hentry"],"acf":[],"yoast_head":"<!-- This site is optimized with the Yoast SEO plugin v27.5 - https:\/\/yoast.com\/product\/yoast-seo-wordpress\/ -->\n<title>Formation aux Tests de D\u00e9pistage de Drogue et D&#039;alcool | CannAmm<\/title>\n<meta name=\"description\" content=\"La formation CannAmm enseigne aux collectionneurs les proc\u00e9dures appropri\u00e9es pour la collecte, la manipulation et le transfert des \u00e9chantillons.\" \/>\n<meta name=\"robots\" content=\"index, follow, max-snippet:-1, max-image-preview:large, max-video-preview:-1\" \/>\n<link rel=\"canonical\" href=\"https:\/\/www.cannamm.com\/fr\/services\/formation\/formation-aux-tests-de-depistage-de-drogue-et-dalcool\/\" \/>\n<meta property=\"og:locale\" content=\"fr_FR\" \/>\n<meta property=\"og:type\" content=\"article\" \/>\n<meta property=\"og:title\" content=\"Formation aux Tests de D\u00e9pistage de Drogue et D&#039;alcool | CannAmm\" \/>\n<meta property=\"og:description\" content=\"La formation CannAmm enseigne aux collectionneurs les proc\u00e9dures appropri\u00e9es pour la collecte, la manipulation et le transfert des \u00e9chantillons.\" \/>\n<meta property=\"og:url\" content=\"https:\/\/www.cannamm.com\/fr\/services\/formation\/formation-aux-tests-de-depistage-de-drogue-et-dalcool\/\" \/>\n<meta property=\"og:site_name\" content=\"CannAmm Occupational Testing Services\" \/>\n<meta property=\"article:publisher\" content=\"https:\/\/www.facebook.com\/CannAmm\/\" \/>\n<meta property=\"article:modified_time\" content=\"2024-07-23T21:35:16+00:00\" \/>\n<meta property=\"og:image\" content=\"https:\/\/www.cannamm.com\/wp-content\/uploads\/2013\/10\/Book.jpg\" \/>\n\t<meta property=\"og:image:width\" content=\"1440\" \/>\n\t<meta property=\"og:image:height\" content=\"249\" \/>\n\t<meta property=\"og:image:type\" content=\"image\/jpeg\" \/>\n<meta name=\"twitter:card\" content=\"summary_large_image\" \/>\n<meta name=\"twitter:site\" content=\"@CannAmm\" \/>\n<meta name=\"twitter:label1\" content=\"Dur\u00e9e de lecture estim\u00e9e\" \/>\n\t<meta name=\"twitter:data1\" content=\"3 minutes\" \/>\n<script type=\"application\/ld+json\" class=\"yoast-schema-graph\">{\"@context\":\"https:\\\/\\\/schema.org\",\"@graph\":[{\"@type\":\"WebPage\",\"@id\":\"https:\\\/\\\/www.cannamm.com\\\/fr\\\/services\\\/formation\\\/formation-aux-tests-de-depistage-de-drogue-et-dalcool\\\/\",\"url\":\"https:\\\/\\\/www.cannamm.com\\\/fr\\\/services\\\/formation\\\/formation-aux-tests-de-depistage-de-drogue-et-dalcool\\\/\",\"name\":\"Formation aux Tests de D\u00e9pistage de Drogue et D'alcool | CannAmm\",\"isPartOf\":{\"@id\":\"https:\\\/\\\/www.cannamm.com\\\/fr\\\/#website\"},\"primaryImageOfPage\":{\"@id\":\"https:\\\/\\\/www.cannamm.com\\\/fr\\\/services\\\/formation\\\/formation-aux-tests-de-depistage-de-drogue-et-dalcool\\\/#primaryimage\"},\"image\":{\"@id\":\"https:\\\/\\\/www.cannamm.com\\\/fr\\\/services\\\/formation\\\/formation-aux-tests-de-depistage-de-drogue-et-dalcool\\\/#primaryimage\"},\"thumbnailUrl\":\"https:\\\/\\\/www.cannamm.com\\\/wp-content\\\/uploads\\\/2013\\\/10\\\/Book.jpg\",\"datePublished\":\"2013-10-17T01:27:34+00:00\",\"dateModified\":\"2024-07-23T21:35:16+00:00\",\"description\":\"La formation CannAmm enseigne aux collectionneurs les proc\u00e9dures appropri\u00e9es pour la collecte, la manipulation et le transfert des \u00e9chantillons.\",\"breadcrumb\":{\"@id\":\"https:\\\/\\\/www.cannamm.com\\\/fr\\\/services\\\/formation\\\/formation-aux-tests-de-depistage-de-drogue-et-dalcool\\\/#breadcrumb\"},\"inLanguage\":\"fr-FR\",\"potentialAction\":[{\"@type\":\"ReadAction\",\"target\":[\"https:\\\/\\\/www.cannamm.com\\\/fr\\\/services\\\/formation\\\/formation-aux-tests-de-depistage-de-drogue-et-dalcool\\\/\"]}]},{\"@type\":\"ImageObject\",\"inLanguage\":\"fr-FR\",\"@id\":\"https:\\\/\\\/www.cannamm.com\\\/fr\\\/services\\\/formation\\\/formation-aux-tests-de-depistage-de-drogue-et-dalcool\\\/#primaryimage\",\"url\":\"https:\\\/\\\/www.cannamm.com\\\/wp-content\\\/uploads\\\/2013\\\/10\\\/Book.jpg\",\"contentUrl\":\"https:\\\/\\\/www.cannamm.com\\\/wp-content\\\/uploads\\\/2013\\\/10\\\/Book.jpg\",\"width\":1440,\"height\":249},{\"@type\":\"BreadcrumbList\",\"@id\":\"https:\\\/\\\/www.cannamm.com\\\/fr\\\/services\\\/formation\\\/formation-aux-tests-de-depistage-de-drogue-et-dalcool\\\/#breadcrumb\",\"itemListElement\":[{\"@type\":\"ListItem\",\"position\":1,\"name\":\"Services\",\"item\":\"https:\\\/\\\/www.cannamm.com\\\/fr\\\/services\\\/\"},{\"@type\":\"ListItem\",\"position\":2,\"name\":\"Formation\",\"item\":\"https:\\\/\\\/www.cannamm.com\\\/fr\\\/services\\\/formation\\\/\"},{\"@type\":\"ListItem\",\"position\":3,\"name\":\"Formation aux Tests de D\u00e9pistage de Drogue et D&#8217;alcool\"}]},{\"@type\":\"WebSite\",\"@id\":\"https:\\\/\\\/www.cannamm.com\\\/fr\\\/#website\",\"url\":\"https:\\\/\\\/www.cannamm.com\\\/fr\\\/\",\"name\":\"CannAmm Occupational Testing Services\",\"description\":\"Occupational &amp; Employment Drug Testing Services Canada\",\"publisher\":{\"@id\":\"https:\\\/\\\/www.cannamm.com\\\/fr\\\/#organization\"},\"potentialAction\":[{\"@type\":\"SearchAction\",\"target\":{\"@type\":\"EntryPoint\",\"urlTemplate\":\"https:\\\/\\\/www.cannamm.com\\\/fr\\\/?s={search_term_string}\"},\"query-input\":{\"@type\":\"PropertyValueSpecification\",\"valueRequired\":true,\"valueName\":\"search_term_string\"}}],\"inLanguage\":\"fr-FR\"},{\"@type\":\"Organization\",\"@id\":\"https:\\\/\\\/www.cannamm.com\\\/fr\\\/#organization\",\"name\":\"CannAmm Occupational Testing\",\"url\":\"https:\\\/\\\/www.cannamm.com\\\/fr\\\/\",\"logo\":{\"@type\":\"ImageObject\",\"inLanguage\":\"fr-FR\",\"@id\":\"https:\\\/\\\/www.cannamm.com\\\/fr\\\/#\\\/schema\\\/logo\\\/image\\\/\",\"url\":\"https:\\\/\\\/www.cannamm.com\\\/wp-content\\\/uploads\\\/2021\\\/04\\\/CannAmm-Square.jpg\",\"contentUrl\":\"https:\\\/\\\/www.cannamm.com\\\/wp-content\\\/uploads\\\/2021\\\/04\\\/CannAmm-Square.jpg\",\"width\":400,\"height\":400,\"caption\":\"CannAmm Occupational Testing\"},\"image\":{\"@id\":\"https:\\\/\\\/www.cannamm.com\\\/fr\\\/#\\\/schema\\\/logo\\\/image\\\/\"},\"sameAs\":[\"https:\\\/\\\/www.facebook.com\\\/CannAmm\\\/\",\"https:\\\/\\\/x.com\\\/CannAmm\",\"https:\\\/\\\/www.linkedin.com\\\/company\\\/2537762\"]}]}<\/script>\n<!-- \/ Yoast SEO plugin. -->","yoast_head_json":{"title":"Formation aux Tests de D\u00e9pistage de Drogue et D'alcool | CannAmm","description":"La formation CannAmm enseigne aux collectionneurs les proc\u00e9dures appropri\u00e9es pour la collecte, la manipulation et le transfert des \u00e9chantillons.","robots":{"index":"index","follow":"follow","max-snippet":"max-snippet:-1","max-image-preview":"max-image-preview:large","max-video-preview":"max-video-preview:-1"},"canonical":"https:\/\/www.cannamm.com\/fr\/services\/formation\/formation-aux-tests-de-depistage-de-drogue-et-dalcool\/","og_locale":"fr_FR","og_type":"article","og_title":"Formation aux Tests de D\u00e9pistage de Drogue et D'alcool | CannAmm","og_description":"La formation CannAmm enseigne aux collectionneurs les proc\u00e9dures appropri\u00e9es pour la collecte, la manipulation et le transfert des \u00e9chantillons.","og_url":"https:\/\/www.cannamm.com\/fr\/services\/formation\/formation-aux-tests-de-depistage-de-drogue-et-dalcool\/","og_site_name":"CannAmm Occupational Testing Services","article_publisher":"https:\/\/www.facebook.com\/CannAmm\/","article_modified_time":"2024-07-23T21:35:16+00:00","og_image":[{"width":1440,"height":249,"url":"https:\/\/www.cannamm.com\/wp-content\/uploads\/2013\/10\/Book.jpg","type":"image\/jpeg"}],"twitter_card":"summary_large_image","twitter_site":"@CannAmm","twitter_misc":{"Dur\u00e9e de lecture estim\u00e9e":"3 minutes"},"schema":{"@context":"https:\/\/schema.org","@graph":[{"@type":"WebPage","@id":"https:\/\/www.cannamm.com\/fr\/services\/formation\/formation-aux-tests-de-depistage-de-drogue-et-dalcool\/","url":"https:\/\/www.cannamm.com\/fr\/services\/formation\/formation-aux-tests-de-depistage-de-drogue-et-dalcool\/","name":"Formation aux Tests de D\u00e9pistage de Drogue et D'alcool | CannAmm","isPartOf":{"@id":"https:\/\/www.cannamm.com\/fr\/#website"},"primaryImageOfPage":{"@id":"https:\/\/www.cannamm.com\/fr\/services\/formation\/formation-aux-tests-de-depistage-de-drogue-et-dalcool\/#primaryimage"},"image":{"@id":"https:\/\/www.cannamm.com\/fr\/services\/formation\/formation-aux-tests-de-depistage-de-drogue-et-dalcool\/#primaryimage"},"thumbnailUrl":"https:\/\/www.cannamm.com\/wp-content\/uploads\/2013\/10\/Book.jpg","datePublished":"2013-10-17T01:27:34+00:00","dateModified":"2024-07-23T21:35:16+00:00","description":"La formation CannAmm enseigne aux collectionneurs les proc\u00e9dures appropri\u00e9es pour la collecte, la manipulation et le transfert des \u00e9chantillons.","breadcrumb":{"@id":"https:\/\/www.cannamm.com\/fr\/services\/formation\/formation-aux-tests-de-depistage-de-drogue-et-dalcool\/#breadcrumb"},"inLanguage":"fr-FR","potentialAction":[{"@type":"ReadAction","target":["https:\/\/www.cannamm.com\/fr\/services\/formation\/formation-aux-tests-de-depistage-de-drogue-et-dalcool\/"]}]},{"@type":"ImageObject","inLanguage":"fr-FR","@id":"https:\/\/www.cannamm.com\/fr\/services\/formation\/formation-aux-tests-de-depistage-de-drogue-et-dalcool\/#primaryimage","url":"https:\/\/www.cannamm.com\/wp-content\/uploads\/2013\/10\/Book.jpg","contentUrl":"https:\/\/www.cannamm.com\/wp-content\/uploads\/2013\/10\/Book.jpg","width":1440,"height":249},{"@type":"BreadcrumbList","@id":"https:\/\/www.cannamm.com\/fr\/services\/formation\/formation-aux-tests-de-depistage-de-drogue-et-dalcool\/#breadcrumb","itemListElement":[{"@type":"ListItem","position":1,"name":"Services","item":"https:\/\/www.cannamm.com\/fr\/services\/"},{"@type":"ListItem","position":2,"name":"Formation","item":"https:\/\/www.cannamm.com\/fr\/services\/formation\/"},{"@type":"ListItem","position":3,"name":"Formation aux Tests de D\u00e9pistage de Drogue et D&#8217;alcool"}]},{"@type":"WebSite","@id":"https:\/\/www.cannamm.com\/fr\/#website","url":"https:\/\/www.cannamm.com\/fr\/","name":"CannAmm Occupational Testing Services","description":"Occupational &amp; Employment Drug Testing Services Canada","publisher":{"@id":"https:\/\/www.cannamm.com\/fr\/#organization"},"potentialAction":[{"@type":"SearchAction","target":{"@type":"EntryPoint","urlTemplate":"https:\/\/www.cannamm.com\/fr\/?s={search_term_string}"},"query-input":{"@type":"PropertyValueSpecification","valueRequired":true,"valueName":"search_term_string"}}],"inLanguage":"fr-FR"},{"@type":"Organization","@id":"https:\/\/www.cannamm.com\/fr\/#organization","name":"CannAmm Occupational Testing","url":"https:\/\/www.cannamm.com\/fr\/","logo":{"@type":"ImageObject","inLanguage":"fr-FR","@id":"https:\/\/www.cannamm.com\/fr\/#\/schema\/logo\/image\/","url":"https:\/\/www.cannamm.com\/wp-content\/uploads\/2021\/04\/CannAmm-Square.jpg","contentUrl":"https:\/\/www.cannamm.com\/wp-content\/uploads\/2021\/04\/CannAmm-Square.jpg","width":400,"height":400,"caption":"CannAmm Occupational Testing"},"image":{"@id":"https:\/\/www.cannamm.com\/fr\/#\/schema\/logo\/image\/"},"sameAs":["https:\/\/www.facebook.com\/CannAmm\/","https:\/\/x.com\/CannAmm","https:\/\/www.linkedin.com\/company\/2537762"]}]}},"_links":{"self":[{"href":"https:\/\/www.cannamm.com\/fr\/wp-json\/wp\/v2\/pages\/6029","targetHints":{"allow":["GET"]}}],"collection":[{"href":"https:\/\/www.cannamm.com\/fr\/wp-json\/wp\/v2\/pages"}],"about":[{"href":"https:\/\/www.cannamm.com\/fr\/wp-json\/wp\/v2\/types\/page"}],"author":[{"embeddable":true,"href":"https:\/\/www.cannamm.com\/fr\/wp-json\/wp\/v2\/users\/27"}],"replies":[{"embeddable":true,"href":"https:\/\/www.cannamm.com\/fr\/wp-json\/wp\/v2\/comments?post=6029"}],"version-history":[{"count":0,"href":"https:\/\/www.cannamm.com\/fr\/wp-json\/wp\/v2\/pages\/6029\/revisions"}],"up":[{"embeddable":true,"href":"https:\/\/www.cannamm.com\/fr\/wp-json\/wp\/v2\/pages\/5975"}],"wp:featuredmedia":[{"embeddable":true,"href":"https:\/\/www.cannamm.com\/fr\/wp-json\/wp\/v2\/media\/5961"}],"wp:attachment":[{"href":"https:\/\/www.cannamm.com\/fr\/wp-json\/wp\/v2\/media?parent=6029"}],"curies":[{"name":"wp","href":"https:\/\/api.w.org\/{rel}","templated":true}]}}