{"id":6023,"date":"2013-10-17T01:17:50","date_gmt":"2013-10-17T01:17:50","guid":{"rendered":"https:\/\/www.cannamm.com\/examens-medicaux-et-tests-daptitude-fonctionnelle\/"},"modified":"2024-05-09T16:12:28","modified_gmt":"2024-05-09T22:12:28","slug":"examens-medicaux-et-tests-daptitude-fonctionnelle","status":"publish","type":"page","link":"https:\/\/www.cannamm.com\/fr\/services\/tests-de-sante-au-travail\/examens-medicaux-et-tests-daptitude-fonctionnelle\/","title":{"rendered":"EXAMENS M\u00c9DICAUX ET TESTS D&rsquo;APTITUDE FONCTIONNELLE"},"content":{"rendered":"<p>L&rsquo;examen physique est la base de l&rsquo;attestation de sant\u00e9 d&rsquo;un employ\u00e9 dont le r\u00f4le touche de pr\u00e8s ou de loin la s\u00e9curit\u00e9. Nos services d&rsquo;examen m\u00e9dical et de test d&rsquo;aptitude fonctionnelle sont con\u00e7us et appliqu\u00e9s par certains des plus grands sp\u00e9cialistes de l&rsquo;industrie. Adaptables pour r\u00e9pondre \u00e0 vos besoins peu importe le lieu de travail au Canada ou \u00e0 l&rsquo;\u00e9tranger, nos services sont con\u00e7us pour prot\u00e9ger les droits de l&#8217;employeur et de l&#8217;employ\u00e9, pour s&rsquo;assurer que l&#8217;employ\u00e9 ne perd pas son emploi injustement, et pour garantir que l&#8217;employeur puisse d\u00e9fendre sa d\u00e9cision, au besoin. De plus, nos \u00e9valuations diminuent les risques qu&rsquo;un mauvais \u00e9tat de sant\u00e9 pourrait entra\u00eener, tant dans l&rsquo;imm\u00e9diat qu&rsquo;\u00e0 long terme.<\/p>\n<p><strong>\u00c9valuations de la condition physique<\/strong><\/p>\n<p>Ces examens aident les organismes qui travaillent dans des industries o\u00f9 la s\u00e9curit\u00e9 est essentielle \u00e0 promouvoir la s\u00e9curit\u00e9 au moyen d&rsquo;une bonne gestion des risques de sant\u00e9 des employ\u00e9s. De plus, ils am\u00e9liorent la sant\u00e9 et le bien-\u00eatre de mani\u00e8re g\u00e9n\u00e9rale dans le milieu de travail en d\u00e9terminant si le personnel est physiquement apte ou non \u00e0 accomplir le travail. Dans certaines industries, comme la construction, le transport et l&rsquo;aviation, des tests de condition physique sont requis, puisqu&rsquo;un mauvais \u00e9tat de sant\u00e9 de l&#8217;employ\u00e9 peut mettre le public en danger.<\/p>\n<p>Notre examen m\u00e9dical complet comprend tous les ant\u00e9c\u00e9dents m\u00e9dicaux et un examen physique de la t\u00eate au pied. Tous les examens m\u00e9dicaux sont r\u00e9alis\u00e9s uniquement par des agents qualifi\u00e9s, et les r\u00e9sultats sont analys\u00e9s par une \u00e9quipe de m\u00e9decins afin de garantir qualit\u00e9 et constance. L&rsquo;\u00e9quipe de m\u00e9decins d\u00e9termine si l&#8217;employ\u00e9 est physiquement apte \u00e0 accomplir le travail, recommande d&rsquo;autres \u00e9valuations le cas \u00e9ch\u00e9ant, et recommande des interventions de suivi au besoin. Au cours de nos 17 ann\u00e9es d&rsquo;exp\u00e9rience en examens m\u00e9dicaux, nous avons cern\u00e9 de graves troubles de la sant\u00e9 non diagnostiqu\u00e9s, notamment le diab\u00e8te, des troubles cardiaques et des cancers.<\/p>\n<p>Optez pour les meilleurs examens de la condition physique :<\/p>\n<ul>\n<li>Normalis\u00e9s, qualit\u00e9 garantie, et propos\u00e9s d&rsquo;un oc\u00e9an \u00e0 l&rsquo;autre<\/li>\n<li>Faciles \u00e0 g\u00e9rer &#8211; planifiez plusieurs examens en une seule demande<\/li>\n<li>Faciles \u00e0 jumeler \u00e0 des tests de d\u00e9pistage de drogue et d&rsquo;alcool<\/li>\n<li>Fond\u00e9s sur des normes accept\u00e9es \u00e0 l&rsquo;\u00e9chelle internationale<\/li>\n<li>Confidentiels et valables devant les tribunaux<\/li>\n<li>Soutenus par de l&rsquo;expertise m\u00e9dicale au besoin<\/li>\n<\/ul>\n<a href=\"https:\/\/www.cannamm.com\/fr\/english-resources\/centre-des-ressources\/factsheets\/\" class=\"slashes red\"><strong>T\u00e9l\u00e9charger la fiche de donn\u00e9es sur les examens m\u00e9dicaux ax\u00e9s sur la s\u00e9curit\u00e9.<\/strong><\/a>\n<p><strong>Nous vous \u00e9paulons.<\/strong><\/p>\n<p>\u00c0 titre de chefs de file en d\u00e9pistage en milieu professionnel au Canada, nous vous garantissons que nous ferons tout notre possible pour prot\u00e9ger la nature confidentielle des renseignements m\u00e9dicaux. De plus, chez CannAmm, nos politiques de conservation de dossiers m\u00e9dicaux d\u00e9passent largement les exigences minimales des lois et r\u00e8glements applicables, et nous fournirons des r\u00e9sultats aux instances l\u00e9gislatives ou aux commissions d&rsquo;enqu\u00eate si n\u00e9cessaire.<\/p>\n<p>Nous collaborerons avec vous et votre \u00e9quipe pour g\u00e9rer les probl\u00e8mes cern\u00e9s, le cas \u00e9ch\u00e9ant, \u00e0 la suite des \u00e9valuations d&rsquo;aptitude fonctionnelle ou de tout autre test de d\u00e9pistage en milieu professionnel. Nous sommes l\u00e0 pour planifier les tests suppl\u00e9mentaires et orienter les personnes concern\u00e9es dans le syst\u00e8me de sant\u00e9 provincial, nous sommes fiers de pouvoir dire que nous avons sauv\u00e9 plusieurs vies. Nous ne sommes pas des h\u00e9ros, mais c&rsquo;est tout de m\u00eame valorisant de faire une diff\u00e9rence.<\/p>\n<a href=\"https:\/\/www.cannamm.com\/fr\/qui-sommes-nous\/\" class=\"slashes red\"><strong>D\u00e9couvrez ce qui distingue CannAmm des autres.<\/strong><\/a>\n<p><strong>La loi vous oblige-t-elle \u00e0 r\u00e9aliser une surveillance de la sant\u00e9 aupr\u00e8s des employ\u00e9s?<\/strong><\/p>\n<p>Dans beaucoup d&rsquo;industries et de postes, les employ\u00e9s sont tenus par la loi de r\u00e9aliser une surveillance de la sant\u00e9. Cette surveillance est applicable \u00e0 de nombreux r\u00f4les, notamment les responsables de la manipulation de mati\u00e8res dangereuses, les conducteurs de v\u00e9hicules utilitaires, les employ\u00e9s dans l&rsquo;industrie mini\u00e8re, les pilotes, les contr\u00f4leurs de la circulation a\u00e9rienne, les m\u00e9caniciens de bord, et les postes essentiels aux activit\u00e9s ferroviaires.<\/p>\n<p>&nbsp;<\/p>\n","protected":false},"excerpt":{"rendered":"<p>L&rsquo;examen physique est la base de l&rsquo;attestation de sant\u00e9 d&rsquo;un employ\u00e9 dont le r\u00f4le touche de<\/p>\n","protected":false},"author":27,"featured_media":5959,"parent":5974,"menu_order":0,"comment_status":"closed","ping_status":"closed","template":"page-sidebar.php","meta":{"_acf_changed":false,"inline_featured_image":false,"iawp_total_views":93,"footnotes":""},"class_list":["post-6023","page","type-page","status-publish","has-post-thumbnail","hentry"],"acf":[],"yoast_head":"<!-- This site is optimized with the Yoast SEO plugin v27.5 - https:\/\/yoast.com\/product\/yoast-seo-wordpress\/ -->\n<title>Examens M\u00e9dicaux et Tests D&#039;aptitude Fonctionnelle | CannAmm<\/title>\n<meta name=\"description\" content=\"CannAmm propose des tests d&#039;aptitude m\u00e9dicale pour les industries sensibles \u00e0 la s\u00e9curit\u00e9 dans tout le pays. Contactez-nous pour des tests complets.\" \/>\n<meta name=\"robots\" content=\"index, follow, max-snippet:-1, max-image-preview:large, max-video-preview:-1\" \/>\n<link rel=\"canonical\" href=\"https:\/\/www.cannamm.com\/fr\/services\/tests-de-sante-au-travail\/examens-medicaux-et-tests-daptitude-fonctionnelle\/\" \/>\n<meta property=\"og:locale\" content=\"fr_FR\" \/>\n<meta property=\"og:type\" content=\"article\" \/>\n<meta property=\"og:title\" content=\"Examens M\u00e9dicaux et Tests D&#039;aptitude Fonctionnelle | CannAmm\" \/>\n<meta property=\"og:description\" content=\"CannAmm propose des tests d&#039;aptitude m\u00e9dicale pour les industries sensibles \u00e0 la s\u00e9curit\u00e9 dans tout le pays. Contactez-nous pour des tests complets.\" \/>\n<meta property=\"og:url\" content=\"https:\/\/www.cannamm.com\/fr\/services\/tests-de-sante-au-travail\/examens-medicaux-et-tests-daptitude-fonctionnelle\/\" \/>\n<meta property=\"og:site_name\" content=\"CannAmm Occupational Testing Services\" \/>\n<meta property=\"article:publisher\" content=\"https:\/\/www.facebook.com\/CannAmm\/\" \/>\n<meta property=\"article:modified_time\" content=\"2024-05-09T22:12:28+00:00\" \/>\n<meta property=\"og:image\" content=\"https:\/\/www.cannamm.com\/wp-content\/uploads\/2013\/12\/Refinery.jpg\" \/>\n\t<meta property=\"og:image:width\" content=\"1440\" \/>\n\t<meta property=\"og:image:height\" content=\"745\" \/>\n\t<meta property=\"og:image:type\" content=\"image\/jpeg\" \/>\n<meta name=\"twitter:card\" content=\"summary_large_image\" \/>\n<meta name=\"twitter:site\" content=\"@CannAmm\" \/>\n<meta name=\"twitter:label1\" content=\"Dur\u00e9e de lecture estim\u00e9e\" \/>\n\t<meta name=\"twitter:data1\" content=\"3 minutes\" \/>\n<script type=\"application\/ld+json\" class=\"yoast-schema-graph\">{\"@context\":\"https:\\\/\\\/schema.org\",\"@graph\":[{\"@type\":\"WebPage\",\"@id\":\"https:\\\/\\\/www.cannamm.com\\\/fr\\\/services\\\/tests-de-sante-au-travail\\\/examens-medicaux-et-tests-daptitude-fonctionnelle\\\/\",\"url\":\"https:\\\/\\\/www.cannamm.com\\\/fr\\\/services\\\/tests-de-sante-au-travail\\\/examens-medicaux-et-tests-daptitude-fonctionnelle\\\/\",\"name\":\"Examens M\u00e9dicaux et Tests D'aptitude Fonctionnelle | CannAmm\",\"isPartOf\":{\"@id\":\"https:\\\/\\\/www.cannamm.com\\\/fr\\\/#website\"},\"primaryImageOfPage\":{\"@id\":\"https:\\\/\\\/www.cannamm.com\\\/fr\\\/services\\\/tests-de-sante-au-travail\\\/examens-medicaux-et-tests-daptitude-fonctionnelle\\\/#primaryimage\"},\"image\":{\"@id\":\"https:\\\/\\\/www.cannamm.com\\\/fr\\\/services\\\/tests-de-sante-au-travail\\\/examens-medicaux-et-tests-daptitude-fonctionnelle\\\/#primaryimage\"},\"thumbnailUrl\":\"https:\\\/\\\/www.cannamm.com\\\/wp-content\\\/uploads\\\/2013\\\/12\\\/Refinery.jpg\",\"datePublished\":\"2013-10-17T01:17:50+00:00\",\"dateModified\":\"2024-05-09T22:12:28+00:00\",\"description\":\"CannAmm propose des tests d'aptitude m\u00e9dicale pour les industries sensibles \u00e0 la s\u00e9curit\u00e9 dans tout le pays. Contactez-nous pour des tests complets.\",\"breadcrumb\":{\"@id\":\"https:\\\/\\\/www.cannamm.com\\\/fr\\\/services\\\/tests-de-sante-au-travail\\\/examens-medicaux-et-tests-daptitude-fonctionnelle\\\/#breadcrumb\"},\"inLanguage\":\"fr-FR\",\"potentialAction\":[{\"@type\":\"ReadAction\",\"target\":[\"https:\\\/\\\/www.cannamm.com\\\/fr\\\/services\\\/tests-de-sante-au-travail\\\/examens-medicaux-et-tests-daptitude-fonctionnelle\\\/\"]}]},{\"@type\":\"ImageObject\",\"inLanguage\":\"fr-FR\",\"@id\":\"https:\\\/\\\/www.cannamm.com\\\/fr\\\/services\\\/tests-de-sante-au-travail\\\/examens-medicaux-et-tests-daptitude-fonctionnelle\\\/#primaryimage\",\"url\":\"https:\\\/\\\/www.cannamm.com\\\/wp-content\\\/uploads\\\/2013\\\/12\\\/Refinery.jpg\",\"contentUrl\":\"https:\\\/\\\/www.cannamm.com\\\/wp-content\\\/uploads\\\/2013\\\/12\\\/Refinery.jpg\",\"width\":1440,\"height\":745},{\"@type\":\"BreadcrumbList\",\"@id\":\"https:\\\/\\\/www.cannamm.com\\\/fr\\\/services\\\/tests-de-sante-au-travail\\\/examens-medicaux-et-tests-daptitude-fonctionnelle\\\/#breadcrumb\",\"itemListElement\":[{\"@type\":\"ListItem\",\"position\":1,\"name\":\"Services\",\"item\":\"https:\\\/\\\/www.cannamm.com\\\/fr\\\/services\\\/\"},{\"@type\":\"ListItem\",\"position\":2,\"name\":\"Tests de Sant\u00e9 au Travail\",\"item\":\"https:\\\/\\\/www.cannamm.com\\\/fr\\\/services\\\/tests-de-sante-au-travail\\\/\"},{\"@type\":\"ListItem\",\"position\":3,\"name\":\"EXAMENS M\u00c9DICAUX ET TESTS D&#8217;APTITUDE FONCTIONNELLE\"}]},{\"@type\":\"WebSite\",\"@id\":\"https:\\\/\\\/www.cannamm.com\\\/fr\\\/#website\",\"url\":\"https:\\\/\\\/www.cannamm.com\\\/fr\\\/\",\"name\":\"CannAmm Occupational Testing Services\",\"description\":\"Occupational &amp; Employment Drug Testing Services Canada\",\"publisher\":{\"@id\":\"https:\\\/\\\/www.cannamm.com\\\/fr\\\/#organization\"},\"potentialAction\":[{\"@type\":\"SearchAction\",\"target\":{\"@type\":\"EntryPoint\",\"urlTemplate\":\"https:\\\/\\\/www.cannamm.com\\\/fr\\\/?s={search_term_string}\"},\"query-input\":{\"@type\":\"PropertyValueSpecification\",\"valueRequired\":true,\"valueName\":\"search_term_string\"}}],\"inLanguage\":\"fr-FR\"},{\"@type\":\"Organization\",\"@id\":\"https:\\\/\\\/www.cannamm.com\\\/fr\\\/#organization\",\"name\":\"CannAmm Occupational Testing\",\"url\":\"https:\\\/\\\/www.cannamm.com\\\/fr\\\/\",\"logo\":{\"@type\":\"ImageObject\",\"inLanguage\":\"fr-FR\",\"@id\":\"https:\\\/\\\/www.cannamm.com\\\/fr\\\/#\\\/schema\\\/logo\\\/image\\\/\",\"url\":\"https:\\\/\\\/www.cannamm.com\\\/wp-content\\\/uploads\\\/2021\\\/04\\\/CannAmm-Square.jpg\",\"contentUrl\":\"https:\\\/\\\/www.cannamm.com\\\/wp-content\\\/uploads\\\/2021\\\/04\\\/CannAmm-Square.jpg\",\"width\":400,\"height\":400,\"caption\":\"CannAmm Occupational Testing\"},\"image\":{\"@id\":\"https:\\\/\\\/www.cannamm.com\\\/fr\\\/#\\\/schema\\\/logo\\\/image\\\/\"},\"sameAs\":[\"https:\\\/\\\/www.facebook.com\\\/CannAmm\\\/\",\"https:\\\/\\\/x.com\\\/CannAmm\",\"https:\\\/\\\/www.linkedin.com\\\/company\\\/2537762\"]}]}<\/script>\n<!-- \/ Yoast SEO plugin. -->","yoast_head_json":{"title":"Examens M\u00e9dicaux et Tests D'aptitude Fonctionnelle | CannAmm","description":"CannAmm propose des tests d'aptitude m\u00e9dicale pour les industries sensibles \u00e0 la s\u00e9curit\u00e9 dans tout le pays. Contactez-nous pour des tests complets.","robots":{"index":"index","follow":"follow","max-snippet":"max-snippet:-1","max-image-preview":"max-image-preview:large","max-video-preview":"max-video-preview:-1"},"canonical":"https:\/\/www.cannamm.com\/fr\/services\/tests-de-sante-au-travail\/examens-medicaux-et-tests-daptitude-fonctionnelle\/","og_locale":"fr_FR","og_type":"article","og_title":"Examens M\u00e9dicaux et Tests D'aptitude Fonctionnelle | CannAmm","og_description":"CannAmm propose des tests d'aptitude m\u00e9dicale pour les industries sensibles \u00e0 la s\u00e9curit\u00e9 dans tout le pays. Contactez-nous pour des tests complets.","og_url":"https:\/\/www.cannamm.com\/fr\/services\/tests-de-sante-au-travail\/examens-medicaux-et-tests-daptitude-fonctionnelle\/","og_site_name":"CannAmm Occupational Testing Services","article_publisher":"https:\/\/www.facebook.com\/CannAmm\/","article_modified_time":"2024-05-09T22:12:28+00:00","og_image":[{"width":1440,"height":745,"url":"https:\/\/www.cannamm.com\/wp-content\/uploads\/2013\/12\/Refinery.jpg","type":"image\/jpeg"}],"twitter_card":"summary_large_image","twitter_site":"@CannAmm","twitter_misc":{"Dur\u00e9e de lecture estim\u00e9e":"3 minutes"},"schema":{"@context":"https:\/\/schema.org","@graph":[{"@type":"WebPage","@id":"https:\/\/www.cannamm.com\/fr\/services\/tests-de-sante-au-travail\/examens-medicaux-et-tests-daptitude-fonctionnelle\/","url":"https:\/\/www.cannamm.com\/fr\/services\/tests-de-sante-au-travail\/examens-medicaux-et-tests-daptitude-fonctionnelle\/","name":"Examens M\u00e9dicaux et Tests D'aptitude Fonctionnelle | CannAmm","isPartOf":{"@id":"https:\/\/www.cannamm.com\/fr\/#website"},"primaryImageOfPage":{"@id":"https:\/\/www.cannamm.com\/fr\/services\/tests-de-sante-au-travail\/examens-medicaux-et-tests-daptitude-fonctionnelle\/#primaryimage"},"image":{"@id":"https:\/\/www.cannamm.com\/fr\/services\/tests-de-sante-au-travail\/examens-medicaux-et-tests-daptitude-fonctionnelle\/#primaryimage"},"thumbnailUrl":"https:\/\/www.cannamm.com\/wp-content\/uploads\/2013\/12\/Refinery.jpg","datePublished":"2013-10-17T01:17:50+00:00","dateModified":"2024-05-09T22:12:28+00:00","description":"CannAmm propose des tests d'aptitude m\u00e9dicale pour les industries sensibles \u00e0 la s\u00e9curit\u00e9 dans tout le pays. Contactez-nous pour des tests complets.","breadcrumb":{"@id":"https:\/\/www.cannamm.com\/fr\/services\/tests-de-sante-au-travail\/examens-medicaux-et-tests-daptitude-fonctionnelle\/#breadcrumb"},"inLanguage":"fr-FR","potentialAction":[{"@type":"ReadAction","target":["https:\/\/www.cannamm.com\/fr\/services\/tests-de-sante-au-travail\/examens-medicaux-et-tests-daptitude-fonctionnelle\/"]}]},{"@type":"ImageObject","inLanguage":"fr-FR","@id":"https:\/\/www.cannamm.com\/fr\/services\/tests-de-sante-au-travail\/examens-medicaux-et-tests-daptitude-fonctionnelle\/#primaryimage","url":"https:\/\/www.cannamm.com\/wp-content\/uploads\/2013\/12\/Refinery.jpg","contentUrl":"https:\/\/www.cannamm.com\/wp-content\/uploads\/2013\/12\/Refinery.jpg","width":1440,"height":745},{"@type":"BreadcrumbList","@id":"https:\/\/www.cannamm.com\/fr\/services\/tests-de-sante-au-travail\/examens-medicaux-et-tests-daptitude-fonctionnelle\/#breadcrumb","itemListElement":[{"@type":"ListItem","position":1,"name":"Services","item":"https:\/\/www.cannamm.com\/fr\/services\/"},{"@type":"ListItem","position":2,"name":"Tests de Sant\u00e9 au Travail","item":"https:\/\/www.cannamm.com\/fr\/services\/tests-de-sante-au-travail\/"},{"@type":"ListItem","position":3,"name":"EXAMENS M\u00c9DICAUX ET TESTS D&#8217;APTITUDE FONCTIONNELLE"}]},{"@type":"WebSite","@id":"https:\/\/www.cannamm.com\/fr\/#website","url":"https:\/\/www.cannamm.com\/fr\/","name":"CannAmm Occupational Testing Services","description":"Occupational &amp; Employment Drug Testing Services Canada","publisher":{"@id":"https:\/\/www.cannamm.com\/fr\/#organization"},"potentialAction":[{"@type":"SearchAction","target":{"@type":"EntryPoint","urlTemplate":"https:\/\/www.cannamm.com\/fr\/?s={search_term_string}"},"query-input":{"@type":"PropertyValueSpecification","valueRequired":true,"valueName":"search_term_string"}}],"inLanguage":"fr-FR"},{"@type":"Organization","@id":"https:\/\/www.cannamm.com\/fr\/#organization","name":"CannAmm Occupational Testing","url":"https:\/\/www.cannamm.com\/fr\/","logo":{"@type":"ImageObject","inLanguage":"fr-FR","@id":"https:\/\/www.cannamm.com\/fr\/#\/schema\/logo\/image\/","url":"https:\/\/www.cannamm.com\/wp-content\/uploads\/2021\/04\/CannAmm-Square.jpg","contentUrl":"https:\/\/www.cannamm.com\/wp-content\/uploads\/2021\/04\/CannAmm-Square.jpg","width":400,"height":400,"caption":"CannAmm Occupational Testing"},"image":{"@id":"https:\/\/www.cannamm.com\/fr\/#\/schema\/logo\/image\/"},"sameAs":["https:\/\/www.facebook.com\/CannAmm\/","https:\/\/x.com\/CannAmm","https:\/\/www.linkedin.com\/company\/2537762"]}]}},"_links":{"self":[{"href":"https:\/\/www.cannamm.com\/fr\/wp-json\/wp\/v2\/pages\/6023","targetHints":{"allow":["GET"]}}],"collection":[{"href":"https:\/\/www.cannamm.com\/fr\/wp-json\/wp\/v2\/pages"}],"about":[{"href":"https:\/\/www.cannamm.com\/fr\/wp-json\/wp\/v2\/types\/page"}],"author":[{"embeddable":true,"href":"https:\/\/www.cannamm.com\/fr\/wp-json\/wp\/v2\/users\/27"}],"replies":[{"embeddable":true,"href":"https:\/\/www.cannamm.com\/fr\/wp-json\/wp\/v2\/comments?post=6023"}],"version-history":[{"count":0,"href":"https:\/\/www.cannamm.com\/fr\/wp-json\/wp\/v2\/pages\/6023\/revisions"}],"up":[{"embeddable":true,"href":"https:\/\/www.cannamm.com\/fr\/wp-json\/wp\/v2\/pages\/5974"}],"wp:featuredmedia":[{"embeddable":true,"href":"https:\/\/www.cannamm.com\/fr\/wp-json\/wp\/v2\/media\/5959"}],"wp:attachment":[{"href":"https:\/\/www.cannamm.com\/fr\/wp-json\/wp\/v2\/media?parent=6023"}],"curies":[{"name":"wp","href":"https:\/\/api.w.org\/{rel}","templated":true}]}}