{"id":6022,"date":"2013-10-17T01:09:05","date_gmt":"2013-10-17T01:09:05","guid":{"rendered":"https:\/\/www.cannamm.com\/tests-daudition\/"},"modified":"2021-01-06T15:47:15","modified_gmt":"2021-01-06T22:47:15","slug":"tests-daudition","status":"publish","type":"page","link":"https:\/\/www.cannamm.com\/fr\/services\/tests-de-sante-au-travail\/tests-daudition\/","title":{"rendered":"TESTS D&rsquo;AUDITION"},"content":{"rendered":"<p>&nbsp;<\/p>\n<p>Saviez-vous que la perte auditive associ\u00e9e au bruit est maintenant la maladie professionnelle non mortelle qui entra\u00eene le plus de r\u00e9clamations?<\/p>\n<p>On se doit de pr\u00e9venir la perte auditive au moyen d&rsquo;une d\u00e9tection pr\u00e9coce par <strong>examen audiom\u00e9trique ou autre examen de l&rsquo;audition<\/strong> afin de respecter les exigences r\u00e9glementaires, mais cette pr\u00e9vention a d&rsquo;autres avantages importants, notamment l&rsquo;\u00e9valuation de l&rsquo;efficacit\u00e9 de votre syst\u00e8me de gestion de l&rsquo;exposition au bruit, et l&rsquo;identification des personnes ayant une d\u00e9ficience auditive, car une telle d\u00e9ficience peut provoquer un incident grave.<\/p>\n<p>Notre service cl\u00e9 en main d&rsquo;examen audiom\u00e9trique\/de l&rsquo;audition permet de vous conformer facilement \u00e0 la l\u00e9gislation et d&rsquo;am\u00e9liorer la s\u00e9curit\u00e9 dans votre milieu de travail. Si votre entreprise \u0153uvre dans plusieurs provinces, nous nous assurerons que votre programme r\u00e9ponde aux exigences provinciales les plus strictes pour garantir votre conformit\u00e9 lors de transfert de personnel. Comme toujours, nous respectons la nature confidentielle des renseignements fournis et nous maintenons les dossiers m\u00e9dicaux pendant la p\u00e9riode requise.<\/p>\n<p><strong>Examen audiom\u00e9trique avec \u00e9valuation d&rsquo;un m\u00e9decin<\/strong><\/p>\n<p>Un examen audiom\u00e9trique sert \u00e0 \u00e9valuer la capacit\u00e9 d&rsquo;une personne \u00e0 entendre des tons \u00e0 diff\u00e9rentes fr\u00e9quences et divers d\u00e9cibels (volumes). Cet examen aide \u00e0 d\u00e9terminer l&rsquo;efficacit\u00e9 de la protection de l&rsquo;ou\u00efe et le niveau de perte auditive en lien avec l&rsquo;exposition au bruit et une maladie non-professionnelle, le cas \u00e9ch\u00e9ant.<\/p>\n<p>Nos examens audiom\u00e9triques comprennent une documentation compl\u00e8te des ant\u00e9c\u00e9dents d&rsquo;exposition au bruit et la d\u00e9termination de l&rsquo;\u00e9tat auditif actuel au moyen d&rsquo;un examen physique de l&rsquo;oreille et de l&rsquo;analyse des r\u00e9centes expositions au bruit. Ensuite, un technicien r\u00e9alise un examen, lequel utilise six fr\u00e9quences \u00e0 diff\u00e9rents niveaux de d\u00e9cibels. Un m\u00e9decin r\u00e9put\u00e9 \u00e9value les ant\u00e9c\u00e9dents et les renseignements cliniques pour d\u00e9terminer le statut de l&rsquo;examen et effectuer l&rsquo;intervention n\u00e9cessaire, au besoin. Pour terminer, votre repr\u00e9sentant autoris\u00e9 re\u00e7oit un rapport s\u00e9curis\u00e9 et confidentiel des r\u00e9sultats.<\/p>\n<p><strong>Examen audiom\u00e9trique du plus haut calibre possible\u00a0 <\/strong><\/p>\n<ul>\n<li>Des techniciens en SST qualifi\u00e9s et form\u00e9s par une agence valid\u00e9e par la province dans laquelle l&rsquo;examen est r\u00e9alis\u00e9 (selon le besoin)<\/li>\n<li>Des examens con\u00e7us pour r\u00e9pondre aux exigences provinciales ou les d\u00e9passer<\/li>\n<li>Des examens faciles \u00e0 jumeler \u00e0 des tests de d\u00e9pistage de drogue et d&rsquo;alcool, et \u00e0 des tests de condition physique<\/li>\n<li>Les dossiers sont conserv\u00e9s conform\u00e9ment aux exigences de SST, du Coll\u00e8ge des m\u00e9decins et chirurgiens et du minist\u00e8re du Travail de la province en question, selon la plus haute autorit\u00e9.<\/li>\n<\/ul>\n<p><a href=\"https:\/\/www.cannamm.com\/wp-content\/uploads\/2015\/12\/FS-Audiogram-1.pdf\"><strong>T\u00e9l\u00e9charger l&rsquo;audiogramme\/la fiche de donn\u00e9es de l&rsquo;examen audiom\u00e9trique.<\/strong><\/a><\/p>\n<p><a href=\"https:\/\/www.cannamm.com\/contact\/\"><strong>Contactez-nous d\u00e8s aujourd&rsquo;hui pour d\u00e9couvrir comment nous pouvons vous aider ou pour organiser des tests d&rsquo;audition.<\/strong><\/a><\/p>\n<p><strong>B\u00e9n\u00e9fique pour tous.<\/strong><\/p>\n<p>Les examens audiom\u00e9triques aident aussi les employ\u00e9s. Cerner la perte auditive t\u00f4t permet de pr\u00e9venir d&rsquo;autres dommages et incite les gens \u00e0 respecter les mesures de protection de l&rsquo;ou\u00efe. Dans beaucoup de milieux de travail, la capacit\u00e9 auditive peut pr\u00e9venir un accident grave, voire mortel.<\/p>\n<p><strong>Respectez-vous les normes?<\/strong><\/p>\n<p>Les limites d&rsquo;exposition au bruit varient selon la comp\u00e9tence f\u00e9d\u00e9rale ou provinciale, tout comme les exigences r\u00e9glementaires de chaque province et territoire en mati\u00e8re d&rsquo;examen. Renseignez-vous \u00e0 propos des examens audiom\u00e9triques et des exigences \u00e0 leur sujet dans les r\u00e9gions o\u00f9 vos activit\u00e9s se d\u00e9roulent.<\/p>\n<p><a href=\"https:\/\/www.cannamm.com\/contact\/\"><strong>Communiquez avec nous pour obtenir de plus amples renseignements au sujet des diff\u00e9rentes exigences provinciales.<\/strong><\/a><\/p>\n<p>&nbsp;<\/p>\n","protected":false},"excerpt":{"rendered":"<p>&nbsp; Saviez-vous que la perte auditive associ\u00e9e au bruit est maintenant la maladie professionnelle non mortelle<\/p>\n","protected":false},"author":27,"featured_media":5959,"parent":5974,"menu_order":0,"comment_status":"closed","ping_status":"closed","template":"page-sidebar.php","meta":{"_acf_changed":false,"inline_featured_image":false,"iawp_total_views":45,"footnotes":""},"class_list":["post-6022","page","type-page","status-publish","has-post-thumbnail","hentry"],"acf":[],"yoast_head":"<!-- This site is optimized with the Yoast SEO plugin v27.5 - https:\/\/yoast.com\/product\/yoast-seo-wordpress\/ -->\n<title>Tests D&#039;Audition | CannAmm Occupational Testing Services<\/title>\n<meta name=\"description\" content=\"Test audiom\u00e9trique et l&#039;audition permet de d\u00e9terminer l&#039; efficacit\u00e9 de la protection et le degr\u00e9 de perte li\u00e9 \u00e0 l&#039;exposition au bruit entendu audition.\" \/>\n<meta name=\"robots\" content=\"index, follow, max-snippet:-1, max-image-preview:large, max-video-preview:-1\" \/>\n<link rel=\"canonical\" href=\"https:\/\/www.cannamm.com\/fr\/services\/tests-de-sante-au-travail\/tests-daudition\/\" \/>\n<meta property=\"og:locale\" content=\"fr_FR\" \/>\n<meta property=\"og:type\" content=\"article\" \/>\n<meta property=\"og:title\" content=\"Tests D&#039;Audition | CannAmm Occupational Testing Services\" \/>\n<meta property=\"og:description\" content=\"Test audiom\u00e9trique et l&#039;audition permet de d\u00e9terminer l&#039; efficacit\u00e9 de la protection et le degr\u00e9 de perte li\u00e9 \u00e0 l&#039;exposition au bruit entendu audition.\" \/>\n<meta property=\"og:url\" content=\"https:\/\/www.cannamm.com\/fr\/services\/tests-de-sante-au-travail\/tests-daudition\/\" \/>\n<meta property=\"og:site_name\" content=\"CannAmm Occupational Testing Services\" \/>\n<meta property=\"article:publisher\" content=\"https:\/\/www.facebook.com\/CannAmm\/\" \/>\n<meta property=\"article:modified_time\" content=\"2021-01-06T22:47:15+00:00\" \/>\n<meta property=\"og:image\" content=\"https:\/\/www.cannamm.com\/wp-content\/uploads\/2013\/12\/Refinery.jpg\" \/>\n\t<meta property=\"og:image:width\" content=\"1440\" \/>\n\t<meta property=\"og:image:height\" content=\"745\" \/>\n\t<meta property=\"og:image:type\" content=\"image\/jpeg\" \/>\n<meta name=\"twitter:card\" content=\"summary_large_image\" \/>\n<meta name=\"twitter:site\" content=\"@CannAmm\" \/>\n<meta name=\"twitter:label1\" content=\"Dur\u00e9e de lecture estim\u00e9e\" \/>\n\t<meta name=\"twitter:data1\" content=\"3 minutes\" \/>\n<script type=\"application\/ld+json\" class=\"yoast-schema-graph\">{\"@context\":\"https:\\\/\\\/schema.org\",\"@graph\":[{\"@type\":\"WebPage\",\"@id\":\"https:\\\/\\\/www.cannamm.com\\\/fr\\\/services\\\/tests-de-sante-au-travail\\\/tests-daudition\\\/\",\"url\":\"https:\\\/\\\/www.cannamm.com\\\/fr\\\/services\\\/tests-de-sante-au-travail\\\/tests-daudition\\\/\",\"name\":\"Tests D'Audition | CannAmm Occupational Testing Services\",\"isPartOf\":{\"@id\":\"https:\\\/\\\/www.cannamm.com\\\/fr\\\/#website\"},\"primaryImageOfPage\":{\"@id\":\"https:\\\/\\\/www.cannamm.com\\\/fr\\\/services\\\/tests-de-sante-au-travail\\\/tests-daudition\\\/#primaryimage\"},\"image\":{\"@id\":\"https:\\\/\\\/www.cannamm.com\\\/fr\\\/services\\\/tests-de-sante-au-travail\\\/tests-daudition\\\/#primaryimage\"},\"thumbnailUrl\":\"https:\\\/\\\/www.cannamm.com\\\/wp-content\\\/uploads\\\/2013\\\/12\\\/Refinery.jpg\",\"datePublished\":\"2013-10-17T01:09:05+00:00\",\"dateModified\":\"2021-01-06T22:47:15+00:00\",\"description\":\"Test audiom\u00e9trique et l'audition permet de d\u00e9terminer l' efficacit\u00e9 de la protection et le degr\u00e9 de perte li\u00e9 \u00e0 l'exposition au bruit entendu audition.\",\"breadcrumb\":{\"@id\":\"https:\\\/\\\/www.cannamm.com\\\/fr\\\/services\\\/tests-de-sante-au-travail\\\/tests-daudition\\\/#breadcrumb\"},\"inLanguage\":\"fr-FR\",\"potentialAction\":[{\"@type\":\"ReadAction\",\"target\":[\"https:\\\/\\\/www.cannamm.com\\\/fr\\\/services\\\/tests-de-sante-au-travail\\\/tests-daudition\\\/\"]}]},{\"@type\":\"ImageObject\",\"inLanguage\":\"fr-FR\",\"@id\":\"https:\\\/\\\/www.cannamm.com\\\/fr\\\/services\\\/tests-de-sante-au-travail\\\/tests-daudition\\\/#primaryimage\",\"url\":\"https:\\\/\\\/www.cannamm.com\\\/wp-content\\\/uploads\\\/2013\\\/12\\\/Refinery.jpg\",\"contentUrl\":\"https:\\\/\\\/www.cannamm.com\\\/wp-content\\\/uploads\\\/2013\\\/12\\\/Refinery.jpg\",\"width\":1440,\"height\":745},{\"@type\":\"BreadcrumbList\",\"@id\":\"https:\\\/\\\/www.cannamm.com\\\/fr\\\/services\\\/tests-de-sante-au-travail\\\/tests-daudition\\\/#breadcrumb\",\"itemListElement\":[{\"@type\":\"ListItem\",\"position\":1,\"name\":\"Services\",\"item\":\"https:\\\/\\\/www.cannamm.com\\\/fr\\\/services\\\/\"},{\"@type\":\"ListItem\",\"position\":2,\"name\":\"Tests de Sant\u00e9 au Travail\",\"item\":\"https:\\\/\\\/www.cannamm.com\\\/fr\\\/services\\\/tests-de-sante-au-travail\\\/\"},{\"@type\":\"ListItem\",\"position\":3,\"name\":\"TESTS D&rsquo;AUDITION\"}]},{\"@type\":\"WebSite\",\"@id\":\"https:\\\/\\\/www.cannamm.com\\\/fr\\\/#website\",\"url\":\"https:\\\/\\\/www.cannamm.com\\\/fr\\\/\",\"name\":\"CannAmm Occupational Testing Services\",\"description\":\"Occupational &amp; Employment Drug Testing Services Canada\",\"publisher\":{\"@id\":\"https:\\\/\\\/www.cannamm.com\\\/fr\\\/#organization\"},\"potentialAction\":[{\"@type\":\"SearchAction\",\"target\":{\"@type\":\"EntryPoint\",\"urlTemplate\":\"https:\\\/\\\/www.cannamm.com\\\/fr\\\/?s={search_term_string}\"},\"query-input\":{\"@type\":\"PropertyValueSpecification\",\"valueRequired\":true,\"valueName\":\"search_term_string\"}}],\"inLanguage\":\"fr-FR\"},{\"@type\":\"Organization\",\"@id\":\"https:\\\/\\\/www.cannamm.com\\\/fr\\\/#organization\",\"name\":\"CannAmm Occupational Testing\",\"url\":\"https:\\\/\\\/www.cannamm.com\\\/fr\\\/\",\"logo\":{\"@type\":\"ImageObject\",\"inLanguage\":\"fr-FR\",\"@id\":\"https:\\\/\\\/www.cannamm.com\\\/fr\\\/#\\\/schema\\\/logo\\\/image\\\/\",\"url\":\"https:\\\/\\\/www.cannamm.com\\\/wp-content\\\/uploads\\\/2021\\\/04\\\/CannAmm-Square.jpg\",\"contentUrl\":\"https:\\\/\\\/www.cannamm.com\\\/wp-content\\\/uploads\\\/2021\\\/04\\\/CannAmm-Square.jpg\",\"width\":400,\"height\":400,\"caption\":\"CannAmm Occupational Testing\"},\"image\":{\"@id\":\"https:\\\/\\\/www.cannamm.com\\\/fr\\\/#\\\/schema\\\/logo\\\/image\\\/\"},\"sameAs\":[\"https:\\\/\\\/www.facebook.com\\\/CannAmm\\\/\",\"https:\\\/\\\/x.com\\\/CannAmm\",\"https:\\\/\\\/www.linkedin.com\\\/company\\\/2537762\"]}]}<\/script>\n<!-- \/ Yoast SEO plugin. -->","yoast_head_json":{"title":"Tests D'Audition | CannAmm Occupational Testing Services","description":"Test audiom\u00e9trique et l'audition permet de d\u00e9terminer l' efficacit\u00e9 de la protection et le degr\u00e9 de perte li\u00e9 \u00e0 l'exposition au bruit entendu audition.","robots":{"index":"index","follow":"follow","max-snippet":"max-snippet:-1","max-image-preview":"max-image-preview:large","max-video-preview":"max-video-preview:-1"},"canonical":"https:\/\/www.cannamm.com\/fr\/services\/tests-de-sante-au-travail\/tests-daudition\/","og_locale":"fr_FR","og_type":"article","og_title":"Tests D'Audition | CannAmm Occupational Testing Services","og_description":"Test audiom\u00e9trique et l'audition permet de d\u00e9terminer l' efficacit\u00e9 de la protection et le degr\u00e9 de perte li\u00e9 \u00e0 l'exposition au bruit entendu audition.","og_url":"https:\/\/www.cannamm.com\/fr\/services\/tests-de-sante-au-travail\/tests-daudition\/","og_site_name":"CannAmm Occupational Testing Services","article_publisher":"https:\/\/www.facebook.com\/CannAmm\/","article_modified_time":"2021-01-06T22:47:15+00:00","og_image":[{"width":1440,"height":745,"url":"https:\/\/www.cannamm.com\/wp-content\/uploads\/2013\/12\/Refinery.jpg","type":"image\/jpeg"}],"twitter_card":"summary_large_image","twitter_site":"@CannAmm","twitter_misc":{"Dur\u00e9e de lecture estim\u00e9e":"3 minutes"},"schema":{"@context":"https:\/\/schema.org","@graph":[{"@type":"WebPage","@id":"https:\/\/www.cannamm.com\/fr\/services\/tests-de-sante-au-travail\/tests-daudition\/","url":"https:\/\/www.cannamm.com\/fr\/services\/tests-de-sante-au-travail\/tests-daudition\/","name":"Tests D'Audition | CannAmm Occupational Testing Services","isPartOf":{"@id":"https:\/\/www.cannamm.com\/fr\/#website"},"primaryImageOfPage":{"@id":"https:\/\/www.cannamm.com\/fr\/services\/tests-de-sante-au-travail\/tests-daudition\/#primaryimage"},"image":{"@id":"https:\/\/www.cannamm.com\/fr\/services\/tests-de-sante-au-travail\/tests-daudition\/#primaryimage"},"thumbnailUrl":"https:\/\/www.cannamm.com\/wp-content\/uploads\/2013\/12\/Refinery.jpg","datePublished":"2013-10-17T01:09:05+00:00","dateModified":"2021-01-06T22:47:15+00:00","description":"Test audiom\u00e9trique et l'audition permet de d\u00e9terminer l' efficacit\u00e9 de la protection et le degr\u00e9 de perte li\u00e9 \u00e0 l'exposition au bruit entendu audition.","breadcrumb":{"@id":"https:\/\/www.cannamm.com\/fr\/services\/tests-de-sante-au-travail\/tests-daudition\/#breadcrumb"},"inLanguage":"fr-FR","potentialAction":[{"@type":"ReadAction","target":["https:\/\/www.cannamm.com\/fr\/services\/tests-de-sante-au-travail\/tests-daudition\/"]}]},{"@type":"ImageObject","inLanguage":"fr-FR","@id":"https:\/\/www.cannamm.com\/fr\/services\/tests-de-sante-au-travail\/tests-daudition\/#primaryimage","url":"https:\/\/www.cannamm.com\/wp-content\/uploads\/2013\/12\/Refinery.jpg","contentUrl":"https:\/\/www.cannamm.com\/wp-content\/uploads\/2013\/12\/Refinery.jpg","width":1440,"height":745},{"@type":"BreadcrumbList","@id":"https:\/\/www.cannamm.com\/fr\/services\/tests-de-sante-au-travail\/tests-daudition\/#breadcrumb","itemListElement":[{"@type":"ListItem","position":1,"name":"Services","item":"https:\/\/www.cannamm.com\/fr\/services\/"},{"@type":"ListItem","position":2,"name":"Tests de Sant\u00e9 au Travail","item":"https:\/\/www.cannamm.com\/fr\/services\/tests-de-sante-au-travail\/"},{"@type":"ListItem","position":3,"name":"TESTS D&rsquo;AUDITION"}]},{"@type":"WebSite","@id":"https:\/\/www.cannamm.com\/fr\/#website","url":"https:\/\/www.cannamm.com\/fr\/","name":"CannAmm Occupational Testing Services","description":"Occupational &amp; Employment Drug Testing Services Canada","publisher":{"@id":"https:\/\/www.cannamm.com\/fr\/#organization"},"potentialAction":[{"@type":"SearchAction","target":{"@type":"EntryPoint","urlTemplate":"https:\/\/www.cannamm.com\/fr\/?s={search_term_string}"},"query-input":{"@type":"PropertyValueSpecification","valueRequired":true,"valueName":"search_term_string"}}],"inLanguage":"fr-FR"},{"@type":"Organization","@id":"https:\/\/www.cannamm.com\/fr\/#organization","name":"CannAmm Occupational Testing","url":"https:\/\/www.cannamm.com\/fr\/","logo":{"@type":"ImageObject","inLanguage":"fr-FR","@id":"https:\/\/www.cannamm.com\/fr\/#\/schema\/logo\/image\/","url":"https:\/\/www.cannamm.com\/wp-content\/uploads\/2021\/04\/CannAmm-Square.jpg","contentUrl":"https:\/\/www.cannamm.com\/wp-content\/uploads\/2021\/04\/CannAmm-Square.jpg","width":400,"height":400,"caption":"CannAmm Occupational Testing"},"image":{"@id":"https:\/\/www.cannamm.com\/fr\/#\/schema\/logo\/image\/"},"sameAs":["https:\/\/www.facebook.com\/CannAmm\/","https:\/\/x.com\/CannAmm","https:\/\/www.linkedin.com\/company\/2537762"]}]}},"_links":{"self":[{"href":"https:\/\/www.cannamm.com\/fr\/wp-json\/wp\/v2\/pages\/6022","targetHints":{"allow":["GET"]}}],"collection":[{"href":"https:\/\/www.cannamm.com\/fr\/wp-json\/wp\/v2\/pages"}],"about":[{"href":"https:\/\/www.cannamm.com\/fr\/wp-json\/wp\/v2\/types\/page"}],"author":[{"embeddable":true,"href":"https:\/\/www.cannamm.com\/fr\/wp-json\/wp\/v2\/users\/27"}],"replies":[{"embeddable":true,"href":"https:\/\/www.cannamm.com\/fr\/wp-json\/wp\/v2\/comments?post=6022"}],"version-history":[{"count":0,"href":"https:\/\/www.cannamm.com\/fr\/wp-json\/wp\/v2\/pages\/6022\/revisions"}],"up":[{"embeddable":true,"href":"https:\/\/www.cannamm.com\/fr\/wp-json\/wp\/v2\/pages\/5974"}],"wp:featuredmedia":[{"embeddable":true,"href":"https:\/\/www.cannamm.com\/fr\/wp-json\/wp\/v2\/media\/5959"}],"wp:attachment":[{"href":"https:\/\/www.cannamm.com\/fr\/wp-json\/wp\/v2\/media?parent=6022"}],"curies":[{"name":"wp","href":"https:\/\/api.w.org\/{rel}","templated":true}]}}