{"id":6019,"date":"2013-10-17T01:04:21","date_gmt":"2013-10-17T01:04:21","guid":{"rendered":"https:\/\/www.cannamm.com\/depistage-de-drogue-et-dalcool-prealable-a-lacces\/"},"modified":"2024-05-09T16:30:16","modified_gmt":"2024-05-09T22:30:16","slug":"depistage-de-drogue-et-dalcool-prealable-a-lacces","status":"publish","type":"page","link":"https:\/\/www.cannamm.com\/fr\/services\/tests-de-depistage-de-drogue-et-dalcool\/les-raisons-du-depistage\/depistage-de-drogue-et-dalcool-prealable-a-lacces\/","title":{"rendered":"D\u00c9PISTAGE DE DROGUE ET D&rsquo;ALCOOL PR\u00c9ALABLE \u00c0 L&rsquo;ACC\u00c8S"},"content":{"rendered":"<p>Respectez les exigences des propri\u00e9taires du site gr\u00e2ce \u00e0 notre solution rapide et fiable.<\/p>\n<p>Le d\u00e9pistage de drogue et d&rsquo;alcool pr\u00e9alable \u00e0 l&rsquo;acc\u00e8s est r\u00e9alis\u00e9 afin de r\u00e9pondre aux exigences des propri\u00e9taires d&rsquo;un lieu de travail. Les exigences de certains propri\u00e9taires d&rsquo;un lieu de travail peuvent l\u00e9g\u00e8rement varier en ce qui a trait aux substances d\u00e9pist\u00e9es et au temps consacr\u00e9 au d\u00e9pistage, lequel doit \u00eatre r\u00e9alis\u00e9 avant l&rsquo;arriv\u00e9e sur les lieux. Aux fins de conformit\u00e9, il est important de toujours clarifier les exigences en mati\u00e8re de d\u00e9pistage aupr\u00e8s du propri\u00e9taire du site.<\/p>\n<p>Avec plus de 4\u00a0000\u00a0emplacements de collecte au Canada et aux \u00c9tats-Unis, nous sommes en mesure de r\u00e9aliser tous les tests de sant\u00e9 et s\u00e9curit\u00e9 au travail requis, en temps voulu, peu importe l&rsquo;endroit. Nous sommes rapides, chevronn\u00e9s et responsables de nos r\u00e9sultats. Avec nous, vous pouvez envoyer vos employ\u00e9s sur le lieu de travail en sachant que vous contribuez \u00e0 un environnement de travail s\u00e9curis\u00e9.<\/p>\n<p><strong>Fonctionnement du d\u00e9pistage de drogue et d&rsquo;alcool pr\u00e9alable \u00e0 l&rsquo;acc\u00e8s<\/strong><\/p>\n<ul>\n<li>Le propri\u00e9taire du site d\u00e9termine les substances \u00e0 d\u00e9pister et la p\u00e9riode \u00e0 laquelle le d\u00e9pistage doit \u00eatre fait.<\/li>\n<li>Le d\u00e9pistage est r\u00e9alis\u00e9. Tous les r\u00e9sultats non n\u00e9gatifs sont confirm\u00e9s par un laboratoire agr\u00e9\u00e9 pour valider la fiabilit\u00e9 des r\u00e9sultats.<\/li>\n<li>Un avis par courriel sur les nouveaux r\u00e9sultats envoy\u00e9 par notre syst\u00e8me de signalement s\u00e9curis\u00e9 est envoy\u00e9 \u00e0 votre repr\u00e9sentant dans les 36 \u00e0 72 heures de la collecte, lorsque des tests en laboratoire sont utilis\u00e9s, ou dans moins de 4 heures de la collecte lorsqu&rsquo;une autre technologie de collecte est utilis\u00e9e.<\/li>\n<li>Dans l&rsquo;\u00e9ventualit\u00e9 d&rsquo;un r\u00e9sultat non n\u00e9gatif, nous offrons notre appui complet.<\/li>\n<\/ul>\n<a href=\"https:\/\/www.cannamm.com\/fr\/contact\/\" class=\"slashes red\"><strong>Communiquez avec nous d\u00e8s aujourd&rsquo;hui pour planifier votre d\u00e9pistage pr\u00e9alable \u00e0 l&rsquo;acc\u00e8s.<\/strong><\/a>\n","protected":false},"excerpt":{"rendered":"<p>Respectez les exigences des propri\u00e9taires du site gr\u00e2ce \u00e0 notre solution rapide et fiable. Le d\u00e9pistage<\/p>\n","protected":false},"author":26,"featured_media":6016,"parent":6014,"menu_order":0,"comment_status":"closed","ping_status":"closed","template":"page-sidebar.php","meta":{"_acf_changed":false,"inline_featured_image":false,"iawp_total_views":28,"footnotes":""},"class_list":["post-6019","page","type-page","status-publish","has-post-thumbnail","hentry"],"acf":[],"yoast_head":"<!-- This site is optimized with the Yoast SEO plugin v27.4 - https:\/\/yoast.com\/product\/yoast-seo-wordpress\/ -->\n<title>D\u00c9PISTAGE DE DROGUE ET D&#039;ALCOOL PR\u00c9ALABLE \u00c0 L&#039;ACC\u00c8S | CannAmm<\/title>\n<meta name=\"description\" content=\"Contactez CannAmm d\u00e8s aujourd&#039;hui pour r\u00e9server des tests de d\u00e9pistage de drogues et d&#039;alcool avant l&#039;acc\u00e8s sur votre lieu de travail.\" \/>\n<meta name=\"robots\" content=\"index, follow, max-snippet:-1, max-image-preview:large, max-video-preview:-1\" \/>\n<link rel=\"canonical\" href=\"https:\/\/www.cannamm.com\/fr\/services\/tests-de-depistage-de-drogue-et-dalcool\/les-raisons-du-depistage\/depistage-de-drogue-et-dalcool-prealable-a-lacces\/\" \/>\n<meta property=\"og:locale\" content=\"fr_FR\" \/>\n<meta property=\"og:type\" content=\"article\" \/>\n<meta property=\"og:title\" content=\"D\u00c9PISTAGE DE DROGUE ET D&#039;ALCOOL PR\u00c9ALABLE \u00c0 L&#039;ACC\u00c8S | CannAmm\" \/>\n<meta property=\"og:description\" content=\"Contactez CannAmm d\u00e8s aujourd&#039;hui pour r\u00e9server des tests de d\u00e9pistage de drogues et d&#039;alcool avant l&#039;acc\u00e8s sur votre lieu de travail.\" \/>\n<meta property=\"og:url\" content=\"https:\/\/www.cannamm.com\/fr\/services\/tests-de-depistage-de-drogue-et-dalcool\/les-raisons-du-depistage\/depistage-de-drogue-et-dalcool-prealable-a-lacces\/\" \/>\n<meta property=\"og:site_name\" content=\"CannAmm Occupational Testing Services\" \/>\n<meta property=\"article:publisher\" content=\"https:\/\/www.facebook.com\/CannAmm\/\" \/>\n<meta property=\"article:modified_time\" content=\"2024-05-09T22:30:16+00:00\" \/>\n<meta property=\"og:image\" content=\"https:\/\/www.cannamm.com\/wp-content\/uploads\/2013\/12\/Construction_Man3.jpg\" \/>\n\t<meta property=\"og:image:width\" content=\"1440\" \/>\n\t<meta property=\"og:image:height\" content=\"654\" \/>\n\t<meta property=\"og:image:type\" content=\"image\/jpeg\" \/>\n<meta name=\"twitter:card\" content=\"summary_large_image\" \/>\n<meta name=\"twitter:site\" content=\"@CannAmm\" \/>\n<meta name=\"twitter:label1\" content=\"Dur\u00e9e de lecture estim\u00e9e\" \/>\n\t<meta name=\"twitter:data1\" content=\"2 minutes\" \/>\n<script type=\"application\/ld+json\" class=\"yoast-schema-graph\">{\"@context\":\"https:\\\/\\\/schema.org\",\"@graph\":[{\"@type\":\"WebPage\",\"@id\":\"https:\\\/\\\/www.cannamm.com\\\/fr\\\/services\\\/tests-de-depistage-de-drogue-et-dalcool\\\/les-raisons-du-depistage\\\/depistage-de-drogue-et-dalcool-prealable-a-lacces\\\/\",\"url\":\"https:\\\/\\\/www.cannamm.com\\\/fr\\\/services\\\/tests-de-depistage-de-drogue-et-dalcool\\\/les-raisons-du-depistage\\\/depistage-de-drogue-et-dalcool-prealable-a-lacces\\\/\",\"name\":\"D\u00c9PISTAGE DE DROGUE ET D'ALCOOL PR\u00c9ALABLE \u00c0 L'ACC\u00c8S | CannAmm\",\"isPartOf\":{\"@id\":\"https:\\\/\\\/www.cannamm.com\\\/fr\\\/#website\"},\"primaryImageOfPage\":{\"@id\":\"https:\\\/\\\/www.cannamm.com\\\/fr\\\/services\\\/tests-de-depistage-de-drogue-et-dalcool\\\/les-raisons-du-depistage\\\/depistage-de-drogue-et-dalcool-prealable-a-lacces\\\/#primaryimage\"},\"image\":{\"@id\":\"https:\\\/\\\/www.cannamm.com\\\/fr\\\/services\\\/tests-de-depistage-de-drogue-et-dalcool\\\/les-raisons-du-depistage\\\/depistage-de-drogue-et-dalcool-prealable-a-lacces\\\/#primaryimage\"},\"thumbnailUrl\":\"https:\\\/\\\/www.cannamm.com\\\/wp-content\\\/uploads\\\/2013\\\/12\\\/Construction_Man3.jpg\",\"datePublished\":\"2013-10-17T01:04:21+00:00\",\"dateModified\":\"2024-05-09T22:30:16+00:00\",\"description\":\"Contactez CannAmm d\u00e8s aujourd'hui pour r\u00e9server des tests de d\u00e9pistage de drogues et d'alcool avant l'acc\u00e8s sur votre lieu de travail.\",\"breadcrumb\":{\"@id\":\"https:\\\/\\\/www.cannamm.com\\\/fr\\\/services\\\/tests-de-depistage-de-drogue-et-dalcool\\\/les-raisons-du-depistage\\\/depistage-de-drogue-et-dalcool-prealable-a-lacces\\\/#breadcrumb\"},\"inLanguage\":\"fr-FR\",\"potentialAction\":[{\"@type\":\"ReadAction\",\"target\":[\"https:\\\/\\\/www.cannamm.com\\\/fr\\\/services\\\/tests-de-depistage-de-drogue-et-dalcool\\\/les-raisons-du-depistage\\\/depistage-de-drogue-et-dalcool-prealable-a-lacces\\\/\"]}]},{\"@type\":\"ImageObject\",\"inLanguage\":\"fr-FR\",\"@id\":\"https:\\\/\\\/www.cannamm.com\\\/fr\\\/services\\\/tests-de-depistage-de-drogue-et-dalcool\\\/les-raisons-du-depistage\\\/depistage-de-drogue-et-dalcool-prealable-a-lacces\\\/#primaryimage\",\"url\":\"https:\\\/\\\/www.cannamm.com\\\/wp-content\\\/uploads\\\/2013\\\/12\\\/Construction_Man3.jpg\",\"contentUrl\":\"https:\\\/\\\/www.cannamm.com\\\/wp-content\\\/uploads\\\/2013\\\/12\\\/Construction_Man3.jpg\",\"width\":1440,\"height\":654},{\"@type\":\"BreadcrumbList\",\"@id\":\"https:\\\/\\\/www.cannamm.com\\\/fr\\\/services\\\/tests-de-depistage-de-drogue-et-dalcool\\\/les-raisons-du-depistage\\\/depistage-de-drogue-et-dalcool-prealable-a-lacces\\\/#breadcrumb\",\"itemListElement\":[{\"@type\":\"ListItem\",\"position\":1,\"name\":\"Services\",\"item\":\"https:\\\/\\\/www.cannamm.com\\\/fr\\\/services\\\/\"},{\"@type\":\"ListItem\",\"position\":2,\"name\":\"Tests de d\u00e9pistage de drogue et d\u2019alcool\",\"item\":\"https:\\\/\\\/www.cannamm.com\\\/fr\\\/services\\\/tests-de-depistage-de-drogue-et-dalcool\\\/\"},{\"@type\":\"ListItem\",\"position\":3,\"name\":\"Les Raisons du D\u00e9pistage\",\"item\":\"https:\\\/\\\/www.cannamm.com\\\/fr\\\/services\\\/tests-de-depistage-de-drogue-et-dalcool\\\/les-raisons-du-depistage\\\/\"},{\"@type\":\"ListItem\",\"position\":4,\"name\":\"D\u00c9PISTAGE DE DROGUE ET D&#8217;ALCOOL PR\u00c9ALABLE \u00c0 L&#8217;ACC\u00c8S\"}]},{\"@type\":\"WebSite\",\"@id\":\"https:\\\/\\\/www.cannamm.com\\\/fr\\\/#website\",\"url\":\"https:\\\/\\\/www.cannamm.com\\\/fr\\\/\",\"name\":\"CannAmm Occupational Testing Services\",\"description\":\"Occupational &amp; Employment Drug Testing Services Canada\",\"publisher\":{\"@id\":\"https:\\\/\\\/www.cannamm.com\\\/fr\\\/#organization\"},\"potentialAction\":[{\"@type\":\"SearchAction\",\"target\":{\"@type\":\"EntryPoint\",\"urlTemplate\":\"https:\\\/\\\/www.cannamm.com\\\/fr\\\/?s={search_term_string}\"},\"query-input\":{\"@type\":\"PropertyValueSpecification\",\"valueRequired\":true,\"valueName\":\"search_term_string\"}}],\"inLanguage\":\"fr-FR\"},{\"@type\":\"Organization\",\"@id\":\"https:\\\/\\\/www.cannamm.com\\\/fr\\\/#organization\",\"name\":\"CannAmm Occupational Testing\",\"url\":\"https:\\\/\\\/www.cannamm.com\\\/fr\\\/\",\"logo\":{\"@type\":\"ImageObject\",\"inLanguage\":\"fr-FR\",\"@id\":\"https:\\\/\\\/www.cannamm.com\\\/fr\\\/#\\\/schema\\\/logo\\\/image\\\/\",\"url\":\"https:\\\/\\\/www.cannamm.com\\\/wp-content\\\/uploads\\\/2021\\\/04\\\/CannAmm-Square.jpg\",\"contentUrl\":\"https:\\\/\\\/www.cannamm.com\\\/wp-content\\\/uploads\\\/2021\\\/04\\\/CannAmm-Square.jpg\",\"width\":400,\"height\":400,\"caption\":\"CannAmm Occupational Testing\"},\"image\":{\"@id\":\"https:\\\/\\\/www.cannamm.com\\\/fr\\\/#\\\/schema\\\/logo\\\/image\\\/\"},\"sameAs\":[\"https:\\\/\\\/www.facebook.com\\\/CannAmm\\\/\",\"https:\\\/\\\/x.com\\\/CannAmm\",\"https:\\\/\\\/www.linkedin.com\\\/company\\\/2537762\"]}]}<\/script>\n<!-- \/ Yoast SEO plugin. -->","yoast_head_json":{"title":"D\u00c9PISTAGE DE DROGUE ET D'ALCOOL PR\u00c9ALABLE \u00c0 L'ACC\u00c8S | CannAmm","description":"Contactez CannAmm d\u00e8s aujourd'hui pour r\u00e9server des tests de d\u00e9pistage de drogues et d'alcool avant l'acc\u00e8s sur votre lieu de travail.","robots":{"index":"index","follow":"follow","max-snippet":"max-snippet:-1","max-image-preview":"max-image-preview:large","max-video-preview":"max-video-preview:-1"},"canonical":"https:\/\/www.cannamm.com\/fr\/services\/tests-de-depistage-de-drogue-et-dalcool\/les-raisons-du-depistage\/depistage-de-drogue-et-dalcool-prealable-a-lacces\/","og_locale":"fr_FR","og_type":"article","og_title":"D\u00c9PISTAGE DE DROGUE ET D'ALCOOL PR\u00c9ALABLE \u00c0 L'ACC\u00c8S | CannAmm","og_description":"Contactez CannAmm d\u00e8s aujourd'hui pour r\u00e9server des tests de d\u00e9pistage de drogues et d'alcool avant l'acc\u00e8s sur votre lieu de travail.","og_url":"https:\/\/www.cannamm.com\/fr\/services\/tests-de-depistage-de-drogue-et-dalcool\/les-raisons-du-depistage\/depistage-de-drogue-et-dalcool-prealable-a-lacces\/","og_site_name":"CannAmm Occupational Testing Services","article_publisher":"https:\/\/www.facebook.com\/CannAmm\/","article_modified_time":"2024-05-09T22:30:16+00:00","og_image":[{"width":1440,"height":654,"url":"https:\/\/www.cannamm.com\/wp-content\/uploads\/2013\/12\/Construction_Man3.jpg","type":"image\/jpeg"}],"twitter_card":"summary_large_image","twitter_site":"@CannAmm","twitter_misc":{"Dur\u00e9e de lecture estim\u00e9e":"2 minutes"},"schema":{"@context":"https:\/\/schema.org","@graph":[{"@type":"WebPage","@id":"https:\/\/www.cannamm.com\/fr\/services\/tests-de-depistage-de-drogue-et-dalcool\/les-raisons-du-depistage\/depistage-de-drogue-et-dalcool-prealable-a-lacces\/","url":"https:\/\/www.cannamm.com\/fr\/services\/tests-de-depistage-de-drogue-et-dalcool\/les-raisons-du-depistage\/depistage-de-drogue-et-dalcool-prealable-a-lacces\/","name":"D\u00c9PISTAGE DE DROGUE ET D'ALCOOL PR\u00c9ALABLE \u00c0 L'ACC\u00c8S | CannAmm","isPartOf":{"@id":"https:\/\/www.cannamm.com\/fr\/#website"},"primaryImageOfPage":{"@id":"https:\/\/www.cannamm.com\/fr\/services\/tests-de-depistage-de-drogue-et-dalcool\/les-raisons-du-depistage\/depistage-de-drogue-et-dalcool-prealable-a-lacces\/#primaryimage"},"image":{"@id":"https:\/\/www.cannamm.com\/fr\/services\/tests-de-depistage-de-drogue-et-dalcool\/les-raisons-du-depistage\/depistage-de-drogue-et-dalcool-prealable-a-lacces\/#primaryimage"},"thumbnailUrl":"https:\/\/www.cannamm.com\/wp-content\/uploads\/2013\/12\/Construction_Man3.jpg","datePublished":"2013-10-17T01:04:21+00:00","dateModified":"2024-05-09T22:30:16+00:00","description":"Contactez CannAmm d\u00e8s aujourd'hui pour r\u00e9server des tests de d\u00e9pistage de drogues et d'alcool avant l'acc\u00e8s sur votre lieu de travail.","breadcrumb":{"@id":"https:\/\/www.cannamm.com\/fr\/services\/tests-de-depistage-de-drogue-et-dalcool\/les-raisons-du-depistage\/depistage-de-drogue-et-dalcool-prealable-a-lacces\/#breadcrumb"},"inLanguage":"fr-FR","potentialAction":[{"@type":"ReadAction","target":["https:\/\/www.cannamm.com\/fr\/services\/tests-de-depistage-de-drogue-et-dalcool\/les-raisons-du-depistage\/depistage-de-drogue-et-dalcool-prealable-a-lacces\/"]}]},{"@type":"ImageObject","inLanguage":"fr-FR","@id":"https:\/\/www.cannamm.com\/fr\/services\/tests-de-depistage-de-drogue-et-dalcool\/les-raisons-du-depistage\/depistage-de-drogue-et-dalcool-prealable-a-lacces\/#primaryimage","url":"https:\/\/www.cannamm.com\/wp-content\/uploads\/2013\/12\/Construction_Man3.jpg","contentUrl":"https:\/\/www.cannamm.com\/wp-content\/uploads\/2013\/12\/Construction_Man3.jpg","width":1440,"height":654},{"@type":"BreadcrumbList","@id":"https:\/\/www.cannamm.com\/fr\/services\/tests-de-depistage-de-drogue-et-dalcool\/les-raisons-du-depistage\/depistage-de-drogue-et-dalcool-prealable-a-lacces\/#breadcrumb","itemListElement":[{"@type":"ListItem","position":1,"name":"Services","item":"https:\/\/www.cannamm.com\/fr\/services\/"},{"@type":"ListItem","position":2,"name":"Tests de d\u00e9pistage de drogue et d\u2019alcool","item":"https:\/\/www.cannamm.com\/fr\/services\/tests-de-depistage-de-drogue-et-dalcool\/"},{"@type":"ListItem","position":3,"name":"Les Raisons du D\u00e9pistage","item":"https:\/\/www.cannamm.com\/fr\/services\/tests-de-depistage-de-drogue-et-dalcool\/les-raisons-du-depistage\/"},{"@type":"ListItem","position":4,"name":"D\u00c9PISTAGE DE DROGUE ET D&#8217;ALCOOL PR\u00c9ALABLE \u00c0 L&#8217;ACC\u00c8S"}]},{"@type":"WebSite","@id":"https:\/\/www.cannamm.com\/fr\/#website","url":"https:\/\/www.cannamm.com\/fr\/","name":"CannAmm Occupational Testing Services","description":"Occupational &amp; Employment Drug Testing Services Canada","publisher":{"@id":"https:\/\/www.cannamm.com\/fr\/#organization"},"potentialAction":[{"@type":"SearchAction","target":{"@type":"EntryPoint","urlTemplate":"https:\/\/www.cannamm.com\/fr\/?s={search_term_string}"},"query-input":{"@type":"PropertyValueSpecification","valueRequired":true,"valueName":"search_term_string"}}],"inLanguage":"fr-FR"},{"@type":"Organization","@id":"https:\/\/www.cannamm.com\/fr\/#organization","name":"CannAmm Occupational Testing","url":"https:\/\/www.cannamm.com\/fr\/","logo":{"@type":"ImageObject","inLanguage":"fr-FR","@id":"https:\/\/www.cannamm.com\/fr\/#\/schema\/logo\/image\/","url":"https:\/\/www.cannamm.com\/wp-content\/uploads\/2021\/04\/CannAmm-Square.jpg","contentUrl":"https:\/\/www.cannamm.com\/wp-content\/uploads\/2021\/04\/CannAmm-Square.jpg","width":400,"height":400,"caption":"CannAmm Occupational Testing"},"image":{"@id":"https:\/\/www.cannamm.com\/fr\/#\/schema\/logo\/image\/"},"sameAs":["https:\/\/www.facebook.com\/CannAmm\/","https:\/\/x.com\/CannAmm","https:\/\/www.linkedin.com\/company\/2537762"]}]}},"_links":{"self":[{"href":"https:\/\/www.cannamm.com\/fr\/wp-json\/wp\/v2\/pages\/6019","targetHints":{"allow":["GET"]}}],"collection":[{"href":"https:\/\/www.cannamm.com\/fr\/wp-json\/wp\/v2\/pages"}],"about":[{"href":"https:\/\/www.cannamm.com\/fr\/wp-json\/wp\/v2\/types\/page"}],"author":[{"embeddable":true,"href":"https:\/\/www.cannamm.com\/fr\/wp-json\/wp\/v2\/users\/26"}],"replies":[{"embeddable":true,"href":"https:\/\/www.cannamm.com\/fr\/wp-json\/wp\/v2\/comments?post=6019"}],"version-history":[{"count":0,"href":"https:\/\/www.cannamm.com\/fr\/wp-json\/wp\/v2\/pages\/6019\/revisions"}],"up":[{"embeddable":true,"href":"https:\/\/www.cannamm.com\/fr\/wp-json\/wp\/v2\/pages\/6014"}],"wp:featuredmedia":[{"embeddable":true,"href":"https:\/\/www.cannamm.com\/fr\/wp-json\/wp\/v2\/media\/6016"}],"wp:attachment":[{"href":"https:\/\/www.cannamm.com\/fr\/wp-json\/wp\/v2\/media?parent=6019"}],"curies":[{"name":"wp","href":"https:\/\/api.w.org\/{rel}","templated":true}]}}