{"id":6015,"date":"2013-10-17T01:00:00","date_gmt":"2013-10-17T01:00:00","guid":{"rendered":"https:\/\/www.cannamm.com\/cause-raisonnable\/"},"modified":"2024-05-09T16:23:31","modified_gmt":"2024-05-09T22:23:31","slug":"french-reasonable-cause","status":"publish","type":"page","link":"https:\/\/www.cannamm.com\/fr\/services\/tests-de-depistage-de-drogue-et-dalcool\/les-raisons-du-depistage\/french-reasonable-cause\/","title":{"rendered":"CAUSE RAISONNABLE"},"content":{"rendered":"<p>Confirmation ou infirmation rapide de ce qui est observ\u00e9.<\/p>\n<p>Des tests de d\u00e9termination de cause raisonnable sont r\u00e9alis\u00e9s afin d&rsquo;\u00e9liminer la possibilit\u00e9 que la consommation d&rsquo;une substance soit la cause d&rsquo;un comportement observ\u00e9 pouvant mener \u00e0 un superviseur de croire que l&#8217;employ\u00e9 en question n&rsquo;est pas en mesure d&rsquo;accomplir son travail de mani\u00e8re s\u00e9curitaire. Les superviseurs de votre organisme sont form\u00e9s pour cerner les signes d&rsquo;un employ\u00e9 potentiellement sous l&rsquo;influence de drogue ou d&rsquo;alcool et, dans cette situation, pour exiger un test de d\u00e9pistage.<\/p>\n<a href=\"https:\/\/www.cannamm.com\/fr\/services\/formation\/formation-et-sensibilisation-aux-drogues-et-a-lalcool\/\" class=\"slashes grey\"><strong>Informez-vous sur la formation des superviseurs et leur r\u00f4le dans le traitement des employ\u00e9s sous l&rsquo;influence de drogue ou d&rsquo;alcool.<\/strong><\/a>\n<p><strong>Fonctionnement des tests de d\u00e9termination de cause raisonnable<\/strong><\/p>\n<ul>\n<li>Lorsque bien form\u00e9s, le personnel de direction et les superviseurs de votre entreprise sont en mesure de cerner l&rsquo;\u00e9tat d&rsquo;un employ\u00e9 laissant croire qu&rsquo;il a des probl\u00e8mes de toxicomanie ou d&rsquo;alcoolisme.<\/li>\n<li>Le d\u00e9pistage est r\u00e9alis\u00e9 le plus t\u00f4t possible.<\/li>\n<li>Les documents sont remplis et soulignent les raisons justifiant le d\u00e9pistage.<\/li>\n<\/ul>\n<p>Les employ\u00e9s qui font l&rsquo;objet d&rsquo;un test de d\u00e9pistage, en raison de cause ou doute raisonnable, doivent toujours \u00eatre escort\u00e9s \u00e0 l&rsquo;\u00e9tablissement de collecte par un superviseur.<\/p>\n<p><strong>Droit de d\u00e9pistage.<\/strong><\/p>\n<p>Nos programmes de formation aident votre organisme \u00e0 garantir la r\u00e9alisation des tests de d\u00e9termination de cause raisonnable, conform\u00e9ment aux directives et selon le calendrier pr\u00e9vu.<\/p>\n<a href=\"https:\/\/www.cannamm.com\/fr\/contact\/\" class=\"slashes red\"><strong>Communiquez avec nous d\u00e8s aujourd&rsquo;hui pour planifier la formation de vos superviseurs ou des tests de d\u00e9termination de cause raisonnable.<\/strong><\/a>\n<p>Si vous avez besoin d&rsquo;un d\u00e9pistage imm\u00e9diatement, veuillez nous t\u00e9l\u00e9phoner au 1-800-440-0023, et choisissez l&rsquo;option 3.<\/p>\n","protected":false},"excerpt":{"rendered":"<p>Confirmation ou infirmation rapide de ce qui est observ\u00e9. Des tests de d\u00e9termination de cause raisonnable<\/p>\n","protected":false},"author":27,"featured_media":6016,"parent":6014,"menu_order":0,"comment_status":"closed","ping_status":"closed","template":"page-sidebar.php","meta":{"_acf_changed":false,"inline_featured_image":false,"iawp_total_views":69,"footnotes":""},"class_list":["post-6015","page","type-page","status-publish","has-post-thumbnail","hentry"],"acf":[],"yoast_head":"<!-- This site is optimized with the Yoast SEO plugin v27.5 - https:\/\/yoast.com\/product\/yoast-seo-wordpress\/ -->\n<title>CAUSE RAISONNABLE | CannAmm<\/title>\n<meta name=\"description\" content=\"Contactez CannAmm pour r\u00e9server une formation de superviseur ou des tests de d\u00e9pistage de drogues et d&#039;alcool pour des motifs raisonnables.\" \/>\n<meta name=\"robots\" content=\"index, follow, max-snippet:-1, max-image-preview:large, max-video-preview:-1\" \/>\n<link rel=\"canonical\" href=\"https:\/\/www.cannamm.com\/fr\/services\/tests-de-depistage-de-drogue-et-dalcool\/les-raisons-du-depistage\/french-reasonable-cause\/\" \/>\n<meta property=\"og:locale\" content=\"fr_FR\" \/>\n<meta property=\"og:type\" content=\"article\" \/>\n<meta property=\"og:title\" content=\"CAUSE RAISONNABLE | CannAmm\" \/>\n<meta property=\"og:description\" content=\"Contactez CannAmm pour r\u00e9server une formation de superviseur ou des tests de d\u00e9pistage de drogues et d&#039;alcool pour des motifs raisonnables.\" \/>\n<meta property=\"og:url\" content=\"https:\/\/www.cannamm.com\/fr\/services\/tests-de-depistage-de-drogue-et-dalcool\/les-raisons-du-depistage\/french-reasonable-cause\/\" \/>\n<meta property=\"og:site_name\" content=\"CannAmm Occupational Testing Services\" \/>\n<meta property=\"article:publisher\" content=\"https:\/\/www.facebook.com\/CannAmm\/\" \/>\n<meta property=\"article:modified_time\" content=\"2024-05-09T22:23:31+00:00\" \/>\n<meta property=\"og:image\" content=\"https:\/\/www.cannamm.com\/wp-content\/uploads\/2013\/12\/Construction_Man3.jpg\" \/>\n\t<meta property=\"og:image:width\" content=\"1440\" \/>\n\t<meta property=\"og:image:height\" content=\"654\" \/>\n\t<meta property=\"og:image:type\" content=\"image\/jpeg\" \/>\n<meta name=\"twitter:card\" content=\"summary_large_image\" \/>\n<meta name=\"twitter:site\" content=\"@CannAmm\" \/>\n<meta name=\"twitter:label1\" content=\"Dur\u00e9e de lecture estim\u00e9e\" \/>\n\t<meta name=\"twitter:data1\" content=\"2 minutes\" \/>\n<script type=\"application\/ld+json\" class=\"yoast-schema-graph\">{\"@context\":\"https:\\\/\\\/schema.org\",\"@graph\":[{\"@type\":\"WebPage\",\"@id\":\"https:\\\/\\\/www.cannamm.com\\\/fr\\\/services\\\/tests-de-depistage-de-drogue-et-dalcool\\\/les-raisons-du-depistage\\\/french-reasonable-cause\\\/\",\"url\":\"https:\\\/\\\/www.cannamm.com\\\/fr\\\/services\\\/tests-de-depistage-de-drogue-et-dalcool\\\/les-raisons-du-depistage\\\/french-reasonable-cause\\\/\",\"name\":\"CAUSE RAISONNABLE | CannAmm\",\"isPartOf\":{\"@id\":\"https:\\\/\\\/www.cannamm.com\\\/fr\\\/#website\"},\"primaryImageOfPage\":{\"@id\":\"https:\\\/\\\/www.cannamm.com\\\/fr\\\/services\\\/tests-de-depistage-de-drogue-et-dalcool\\\/les-raisons-du-depistage\\\/french-reasonable-cause\\\/#primaryimage\"},\"image\":{\"@id\":\"https:\\\/\\\/www.cannamm.com\\\/fr\\\/services\\\/tests-de-depistage-de-drogue-et-dalcool\\\/les-raisons-du-depistage\\\/french-reasonable-cause\\\/#primaryimage\"},\"thumbnailUrl\":\"https:\\\/\\\/www.cannamm.com\\\/wp-content\\\/uploads\\\/2013\\\/12\\\/Construction_Man3.jpg\",\"datePublished\":\"2013-10-17T01:00:00+00:00\",\"dateModified\":\"2024-05-09T22:23:31+00:00\",\"description\":\"Contactez CannAmm pour r\u00e9server une formation de superviseur ou des tests de d\u00e9pistage de drogues et d'alcool pour des motifs raisonnables.\",\"breadcrumb\":{\"@id\":\"https:\\\/\\\/www.cannamm.com\\\/fr\\\/services\\\/tests-de-depistage-de-drogue-et-dalcool\\\/les-raisons-du-depistage\\\/french-reasonable-cause\\\/#breadcrumb\"},\"inLanguage\":\"fr-FR\",\"potentialAction\":[{\"@type\":\"ReadAction\",\"target\":[\"https:\\\/\\\/www.cannamm.com\\\/fr\\\/services\\\/tests-de-depistage-de-drogue-et-dalcool\\\/les-raisons-du-depistage\\\/french-reasonable-cause\\\/\"]}]},{\"@type\":\"ImageObject\",\"inLanguage\":\"fr-FR\",\"@id\":\"https:\\\/\\\/www.cannamm.com\\\/fr\\\/services\\\/tests-de-depistage-de-drogue-et-dalcool\\\/les-raisons-du-depistage\\\/french-reasonable-cause\\\/#primaryimage\",\"url\":\"https:\\\/\\\/www.cannamm.com\\\/wp-content\\\/uploads\\\/2013\\\/12\\\/Construction_Man3.jpg\",\"contentUrl\":\"https:\\\/\\\/www.cannamm.com\\\/wp-content\\\/uploads\\\/2013\\\/12\\\/Construction_Man3.jpg\",\"width\":1440,\"height\":654},{\"@type\":\"BreadcrumbList\",\"@id\":\"https:\\\/\\\/www.cannamm.com\\\/fr\\\/services\\\/tests-de-depistage-de-drogue-et-dalcool\\\/les-raisons-du-depistage\\\/french-reasonable-cause\\\/#breadcrumb\",\"itemListElement\":[{\"@type\":\"ListItem\",\"position\":1,\"name\":\"Services\",\"item\":\"https:\\\/\\\/www.cannamm.com\\\/fr\\\/services\\\/\"},{\"@type\":\"ListItem\",\"position\":2,\"name\":\"Tests de d\u00e9pistage de drogue et d\u2019alcool\",\"item\":\"https:\\\/\\\/www.cannamm.com\\\/fr\\\/services\\\/tests-de-depistage-de-drogue-et-dalcool\\\/\"},{\"@type\":\"ListItem\",\"position\":3,\"name\":\"Les Raisons du D\u00e9pistage\",\"item\":\"https:\\\/\\\/www.cannamm.com\\\/fr\\\/services\\\/tests-de-depistage-de-drogue-et-dalcool\\\/les-raisons-du-depistage\\\/\"},{\"@type\":\"ListItem\",\"position\":4,\"name\":\"CAUSE RAISONNABLE\"}]},{\"@type\":\"WebSite\",\"@id\":\"https:\\\/\\\/www.cannamm.com\\\/fr\\\/#website\",\"url\":\"https:\\\/\\\/www.cannamm.com\\\/fr\\\/\",\"name\":\"CannAmm Occupational Testing Services\",\"description\":\"Occupational &amp; Employment Drug Testing Services Canada\",\"publisher\":{\"@id\":\"https:\\\/\\\/www.cannamm.com\\\/fr\\\/#organization\"},\"potentialAction\":[{\"@type\":\"SearchAction\",\"target\":{\"@type\":\"EntryPoint\",\"urlTemplate\":\"https:\\\/\\\/www.cannamm.com\\\/fr\\\/?s={search_term_string}\"},\"query-input\":{\"@type\":\"PropertyValueSpecification\",\"valueRequired\":true,\"valueName\":\"search_term_string\"}}],\"inLanguage\":\"fr-FR\"},{\"@type\":\"Organization\",\"@id\":\"https:\\\/\\\/www.cannamm.com\\\/fr\\\/#organization\",\"name\":\"CannAmm Occupational Testing\",\"url\":\"https:\\\/\\\/www.cannamm.com\\\/fr\\\/\",\"logo\":{\"@type\":\"ImageObject\",\"inLanguage\":\"fr-FR\",\"@id\":\"https:\\\/\\\/www.cannamm.com\\\/fr\\\/#\\\/schema\\\/logo\\\/image\\\/\",\"url\":\"https:\\\/\\\/www.cannamm.com\\\/wp-content\\\/uploads\\\/2021\\\/04\\\/CannAmm-Square.jpg\",\"contentUrl\":\"https:\\\/\\\/www.cannamm.com\\\/wp-content\\\/uploads\\\/2021\\\/04\\\/CannAmm-Square.jpg\",\"width\":400,\"height\":400,\"caption\":\"CannAmm Occupational Testing\"},\"image\":{\"@id\":\"https:\\\/\\\/www.cannamm.com\\\/fr\\\/#\\\/schema\\\/logo\\\/image\\\/\"},\"sameAs\":[\"https:\\\/\\\/www.facebook.com\\\/CannAmm\\\/\",\"https:\\\/\\\/x.com\\\/CannAmm\",\"https:\\\/\\\/www.linkedin.com\\\/company\\\/2537762\"]}]}<\/script>\n<!-- \/ Yoast SEO plugin. -->","yoast_head_json":{"title":"CAUSE RAISONNABLE | CannAmm","description":"Contactez CannAmm pour r\u00e9server une formation de superviseur ou des tests de d\u00e9pistage de drogues et d'alcool pour des motifs raisonnables.","robots":{"index":"index","follow":"follow","max-snippet":"max-snippet:-1","max-image-preview":"max-image-preview:large","max-video-preview":"max-video-preview:-1"},"canonical":"https:\/\/www.cannamm.com\/fr\/services\/tests-de-depistage-de-drogue-et-dalcool\/les-raisons-du-depistage\/french-reasonable-cause\/","og_locale":"fr_FR","og_type":"article","og_title":"CAUSE RAISONNABLE | CannAmm","og_description":"Contactez CannAmm pour r\u00e9server une formation de superviseur ou des tests de d\u00e9pistage de drogues et d'alcool pour des motifs raisonnables.","og_url":"https:\/\/www.cannamm.com\/fr\/services\/tests-de-depistage-de-drogue-et-dalcool\/les-raisons-du-depistage\/french-reasonable-cause\/","og_site_name":"CannAmm Occupational Testing Services","article_publisher":"https:\/\/www.facebook.com\/CannAmm\/","article_modified_time":"2024-05-09T22:23:31+00:00","og_image":[{"width":1440,"height":654,"url":"https:\/\/www.cannamm.com\/wp-content\/uploads\/2013\/12\/Construction_Man3.jpg","type":"image\/jpeg"}],"twitter_card":"summary_large_image","twitter_site":"@CannAmm","twitter_misc":{"Dur\u00e9e de lecture estim\u00e9e":"2 minutes"},"schema":{"@context":"https:\/\/schema.org","@graph":[{"@type":"WebPage","@id":"https:\/\/www.cannamm.com\/fr\/services\/tests-de-depistage-de-drogue-et-dalcool\/les-raisons-du-depistage\/french-reasonable-cause\/","url":"https:\/\/www.cannamm.com\/fr\/services\/tests-de-depistage-de-drogue-et-dalcool\/les-raisons-du-depistage\/french-reasonable-cause\/","name":"CAUSE RAISONNABLE | CannAmm","isPartOf":{"@id":"https:\/\/www.cannamm.com\/fr\/#website"},"primaryImageOfPage":{"@id":"https:\/\/www.cannamm.com\/fr\/services\/tests-de-depistage-de-drogue-et-dalcool\/les-raisons-du-depistage\/french-reasonable-cause\/#primaryimage"},"image":{"@id":"https:\/\/www.cannamm.com\/fr\/services\/tests-de-depistage-de-drogue-et-dalcool\/les-raisons-du-depistage\/french-reasonable-cause\/#primaryimage"},"thumbnailUrl":"https:\/\/www.cannamm.com\/wp-content\/uploads\/2013\/12\/Construction_Man3.jpg","datePublished":"2013-10-17T01:00:00+00:00","dateModified":"2024-05-09T22:23:31+00:00","description":"Contactez CannAmm pour r\u00e9server une formation de superviseur ou des tests de d\u00e9pistage de drogues et d'alcool pour des motifs raisonnables.","breadcrumb":{"@id":"https:\/\/www.cannamm.com\/fr\/services\/tests-de-depistage-de-drogue-et-dalcool\/les-raisons-du-depistage\/french-reasonable-cause\/#breadcrumb"},"inLanguage":"fr-FR","potentialAction":[{"@type":"ReadAction","target":["https:\/\/www.cannamm.com\/fr\/services\/tests-de-depistage-de-drogue-et-dalcool\/les-raisons-du-depistage\/french-reasonable-cause\/"]}]},{"@type":"ImageObject","inLanguage":"fr-FR","@id":"https:\/\/www.cannamm.com\/fr\/services\/tests-de-depistage-de-drogue-et-dalcool\/les-raisons-du-depistage\/french-reasonable-cause\/#primaryimage","url":"https:\/\/www.cannamm.com\/wp-content\/uploads\/2013\/12\/Construction_Man3.jpg","contentUrl":"https:\/\/www.cannamm.com\/wp-content\/uploads\/2013\/12\/Construction_Man3.jpg","width":1440,"height":654},{"@type":"BreadcrumbList","@id":"https:\/\/www.cannamm.com\/fr\/services\/tests-de-depistage-de-drogue-et-dalcool\/les-raisons-du-depistage\/french-reasonable-cause\/#breadcrumb","itemListElement":[{"@type":"ListItem","position":1,"name":"Services","item":"https:\/\/www.cannamm.com\/fr\/services\/"},{"@type":"ListItem","position":2,"name":"Tests de d\u00e9pistage de drogue et d\u2019alcool","item":"https:\/\/www.cannamm.com\/fr\/services\/tests-de-depistage-de-drogue-et-dalcool\/"},{"@type":"ListItem","position":3,"name":"Les Raisons du D\u00e9pistage","item":"https:\/\/www.cannamm.com\/fr\/services\/tests-de-depistage-de-drogue-et-dalcool\/les-raisons-du-depistage\/"},{"@type":"ListItem","position":4,"name":"CAUSE RAISONNABLE"}]},{"@type":"WebSite","@id":"https:\/\/www.cannamm.com\/fr\/#website","url":"https:\/\/www.cannamm.com\/fr\/","name":"CannAmm Occupational Testing Services","description":"Occupational &amp; Employment Drug Testing Services Canada","publisher":{"@id":"https:\/\/www.cannamm.com\/fr\/#organization"},"potentialAction":[{"@type":"SearchAction","target":{"@type":"EntryPoint","urlTemplate":"https:\/\/www.cannamm.com\/fr\/?s={search_term_string}"},"query-input":{"@type":"PropertyValueSpecification","valueRequired":true,"valueName":"search_term_string"}}],"inLanguage":"fr-FR"},{"@type":"Organization","@id":"https:\/\/www.cannamm.com\/fr\/#organization","name":"CannAmm Occupational Testing","url":"https:\/\/www.cannamm.com\/fr\/","logo":{"@type":"ImageObject","inLanguage":"fr-FR","@id":"https:\/\/www.cannamm.com\/fr\/#\/schema\/logo\/image\/","url":"https:\/\/www.cannamm.com\/wp-content\/uploads\/2021\/04\/CannAmm-Square.jpg","contentUrl":"https:\/\/www.cannamm.com\/wp-content\/uploads\/2021\/04\/CannAmm-Square.jpg","width":400,"height":400,"caption":"CannAmm Occupational Testing"},"image":{"@id":"https:\/\/www.cannamm.com\/fr\/#\/schema\/logo\/image\/"},"sameAs":["https:\/\/www.facebook.com\/CannAmm\/","https:\/\/x.com\/CannAmm","https:\/\/www.linkedin.com\/company\/2537762"]}]}},"_links":{"self":[{"href":"https:\/\/www.cannamm.com\/fr\/wp-json\/wp\/v2\/pages\/6015","targetHints":{"allow":["GET"]}}],"collection":[{"href":"https:\/\/www.cannamm.com\/fr\/wp-json\/wp\/v2\/pages"}],"about":[{"href":"https:\/\/www.cannamm.com\/fr\/wp-json\/wp\/v2\/types\/page"}],"author":[{"embeddable":true,"href":"https:\/\/www.cannamm.com\/fr\/wp-json\/wp\/v2\/users\/27"}],"replies":[{"embeddable":true,"href":"https:\/\/www.cannamm.com\/fr\/wp-json\/wp\/v2\/comments?post=6015"}],"version-history":[{"count":0,"href":"https:\/\/www.cannamm.com\/fr\/wp-json\/wp\/v2\/pages\/6015\/revisions"}],"up":[{"embeddable":true,"href":"https:\/\/www.cannamm.com\/fr\/wp-json\/wp\/v2\/pages\/6014"}],"wp:featuredmedia":[{"embeddable":true,"href":"https:\/\/www.cannamm.com\/fr\/wp-json\/wp\/v2\/media\/6016"}],"wp:attachment":[{"href":"https:\/\/www.cannamm.com\/fr\/wp-json\/wp\/v2\/media?parent=6015"}],"curies":[{"name":"wp","href":"https:\/\/api.w.org\/{rel}","templated":true}]}}