{"id":6008,"date":"2013-10-12T00:00:39","date_gmt":"2013-10-12T00:00:39","guid":{"rendered":"https:\/\/www.cannamm.com\/tests-de-depistage-de-drogue-mobile\/"},"modified":"2020-12-17T11:25:08","modified_gmt":"2020-12-17T18:25:08","slug":"tests-de-depistage-de-drogue-mobile","status":"publish","type":"page","link":"https:\/\/www.cannamm.com\/fr\/services\/tests-de-depistage-de-drogue-et-dalcool\/tests-de-depistage-de-drogue-mobile\/","title":{"rendered":"Tests de d\u00e9pistage de drogue mobile"},"content":{"rendered":"<p>Les tests de d\u00e9pistage de drogue mobiles s&rsquo;imposent lorsqu&rsquo;il n&rsquo;est pas possible d&rsquo;amener votre personnel vers un de nos sites de collecte. Par exemple, si vous \u00eates situ\u00e9 dans un lieu recul\u00e9 ou si vous avez un grand nombre d&#8217;employ\u00e9s \u00e0 tester sur site en un jour ou deux. Les tests de d\u00e9pistage de drogue mobiles permettent de r\u00e9duire les temps d&rsquo;absence des employ\u00e9s du site et les temps d&rsquo;arr\u00eat tout en assurant que les tests sont effectu\u00e9s en temps opportun.<\/p>\n<p><img loading=\"lazy\" decoding=\"async\" src=\"https:\/\/www.cannamm.com\/wp-content\/uploads\/2013\/10\/VehicleSample-01.png\" alt=\"\" width=\"274\" height=\"164\" \/><\/p>\n<p>Nos unit\u00e9s du parc mobile d&rsquo;Edmonton, de Grande Prairie et de Fort McMurray peuvent se rendre \u00e0 vos portes si vous \u00eates situ\u00e9 dans le centre ou le nord de l&rsquo;Alberta, le nord-est de la Colombie-Britannique (y compris Dawson Creek et Fort St. John, dans certaines parties de la Saskatchewan) pendant les heures ouvr\u00e9es normales.<\/p>\n<p>Les tests de d\u00e9pistage apr\u00e8s les heures de travail sont possibles par le biais de notre r\u00e9seau externe, selon votre emplacement. Notre personnel form\u00e9 et certifi\u00e9 peut fournir une gamme compl\u00e8te de services de tests de d\u00e9pistage au travail destin\u00e9s \u00e0 r\u00e9pondre \u00e0 vos r\u00e8glements d&rsquo;entreprise et aux prescriptions l\u00e9gales.<\/p>\n<h3>Rapide et fiable pour ne pas g\u00eaner votre activit\u00e9<\/h3>\n<p>Tous les r\u00e9sultats de test positifs confirm\u00e9s par le laboratoire sont contr\u00f4l\u00e9s par un m\u00e9decin examinateur qualifi\u00e9, et pour la grande majorit\u00e9 des tests un courriel d&rsquo;avis est envoy\u00e9 \u00e0 votre repr\u00e9sentant dans les 36 \u00e0 72 heures apr\u00e8s la collecte s&rsquo;agissant de r\u00e9sultats n\u00e9gatifs aux tests de d\u00e9pistage en laboratoire, et en moins de 3 heures apr\u00e8s la collecte s&rsquo;agissant de technologies de collecte\u00a0<a title=\"Express Testing\/POCT\" href=\"https:\/\/www.cannamm.com\/services\/drug-alcohol-testing\/urine\/express-testingpoct\/\">expresse\/d\u00e9localis\u00e9e<\/a>\u00a0. Comme nous sommes aussi responsables de nos r\u00e9sultats, nous assurons un soutien int\u00e9gral en cas de r\u00e9sultats non n\u00e9gatifs ou si votre entreprise est confront\u00e9e \u00e0 une action judiciaire li\u00e9e \u00e0 une r\u00e9siliation fautive.<\/p>\n<h3>Autres services de d\u00e9pistage mobile<\/h3>\n<p>Nos services de d\u00e9pistage mobile r\u00e9pondent aussi \u00e0 divers besoins de test de sant\u00e9 au travail tels qu&rsquo;audiogrammes et tests d&rsquo;adaptation de masque (sous r\u00e9serve de limitations g\u00e9ographiques et de disponibilit\u00e9 du parc de v\u00e9hicules).<\/p>\n<a href=\"https:\/\/www.cannamm.com\/fr\/contact\/\" class=\"slashes red\">Communiquez avec nous d\u00e8s aujourd&rsquo;hui pour savoir en quoi nous pouvons vous aider ou pour organiser des tests de d\u00e9pistage par voie orale en laboratoire.<\/a>\n","protected":false},"excerpt":{"rendered":"<p>Les tests de d\u00e9pistage de drogue mobiles s&rsquo;imposent lorsqu&rsquo;il n&rsquo;est pas possible d&rsquo;amener votre personnel vers<\/p>\n","protected":false},"author":26,"featured_media":5970,"parent":5969,"menu_order":0,"comment_status":"closed","ping_status":"closed","template":"page-sidebar.php","meta":{"_acf_changed":false,"inline_featured_image":false,"iawp_total_views":48,"footnotes":""},"class_list":["post-6008","page","type-page","status-publish","has-post-thumbnail","hentry"],"acf":[],"yoast_head":"<!-- This site is optimized with the Yoast SEO plugin v27.4 - https:\/\/yoast.com\/product\/yoast-seo-wordpress\/ -->\n<title>Tests de d\u00e9pistage de drogue mobile | CannAmm Occupational Testing Services<\/title>\n<meta name=\"description\" content=\"{:en}We offer convenient mobile drug testing to organizations located in rural, as well as, urban locations. Call to learn about this service.{:fr}Nous offrons des tests mobiles de la drogue \u00e0 des organisations situ\u00e9es dans les r\u00e9gions rurales et les urbaines . Appellez nous pour en apprendre plus.{:}Site titleTitlePrimary categorySeparator\" \/>\n<meta name=\"robots\" content=\"index, follow, max-snippet:-1, max-image-preview:large, max-video-preview:-1\" \/>\n<link rel=\"canonical\" href=\"https:\/\/www.cannamm.com\/fr\/services\/tests-de-depistage-de-drogue-et-dalcool\/tests-de-depistage-de-drogue-mobile\/\" \/>\n<meta property=\"og:locale\" content=\"fr_FR\" \/>\n<meta property=\"og:type\" content=\"article\" \/>\n<meta property=\"og:title\" content=\"Tests de d\u00e9pistage de drogue mobile | CannAmm Occupational Testing Services\" \/>\n<meta property=\"og:description\" content=\"{:en}We offer convenient mobile drug testing to organizations located in rural, as well as, urban locations. Call to learn about this service.{:fr}Nous offrons des tests mobiles de la drogue \u00e0 des organisations situ\u00e9es dans les r\u00e9gions rurales et les urbaines . Appellez nous pour en apprendre plus.{:}Site titleTitlePrimary categorySeparator\" \/>\n<meta property=\"og:url\" content=\"https:\/\/www.cannamm.com\/fr\/services\/tests-de-depistage-de-drogue-et-dalcool\/tests-de-depistage-de-drogue-mobile\/\" \/>\n<meta property=\"og:site_name\" content=\"CannAmm Occupational Testing Services\" \/>\n<meta property=\"article:publisher\" content=\"https:\/\/www.facebook.com\/CannAmm\/\" \/>\n<meta property=\"article:modified_time\" content=\"2020-12-17T18:25:08+00:00\" \/>\n<meta property=\"og:image\" content=\"https:\/\/www.cannamm.com\/wp-content\/uploads\/2013\/12\/Hardhat.jpg\" \/>\n\t<meta property=\"og:image:width\" content=\"1440\" \/>\n\t<meta property=\"og:image:height\" content=\"677\" \/>\n\t<meta property=\"og:image:type\" content=\"image\/jpeg\" \/>\n<meta name=\"twitter:card\" content=\"summary_large_image\" \/>\n<meta name=\"twitter:site\" content=\"@CannAmm\" \/>\n<meta name=\"twitter:label1\" content=\"Dur\u00e9e de lecture estim\u00e9e\" \/>\n\t<meta name=\"twitter:data1\" content=\"2 minutes\" \/>\n<script type=\"application\/ld+json\" class=\"yoast-schema-graph\">{\"@context\":\"https:\\\/\\\/schema.org\",\"@graph\":[{\"@type\":\"WebPage\",\"@id\":\"https:\\\/\\\/www.cannamm.com\\\/fr\\\/services\\\/tests-de-depistage-de-drogue-et-dalcool\\\/tests-de-depistage-de-drogue-mobile\\\/\",\"url\":\"https:\\\/\\\/www.cannamm.com\\\/fr\\\/services\\\/tests-de-depistage-de-drogue-et-dalcool\\\/tests-de-depistage-de-drogue-mobile\\\/\",\"name\":\"Tests de d\u00e9pistage de drogue mobile | CannAmm Occupational Testing Services\",\"isPartOf\":{\"@id\":\"https:\\\/\\\/www.cannamm.com\\\/fr\\\/#website\"},\"primaryImageOfPage\":{\"@id\":\"https:\\\/\\\/www.cannamm.com\\\/fr\\\/services\\\/tests-de-depistage-de-drogue-et-dalcool\\\/tests-de-depistage-de-drogue-mobile\\\/#primaryimage\"},\"image\":{\"@id\":\"https:\\\/\\\/www.cannamm.com\\\/fr\\\/services\\\/tests-de-depistage-de-drogue-et-dalcool\\\/tests-de-depistage-de-drogue-mobile\\\/#primaryimage\"},\"thumbnailUrl\":\"https:\\\/\\\/www.cannamm.com\\\/wp-content\\\/uploads\\\/2013\\\/12\\\/Hardhat.jpg\",\"datePublished\":\"2013-10-12T00:00:39+00:00\",\"dateModified\":\"2020-12-17T18:25:08+00:00\",\"description\":\"{:en}We offer convenient mobile drug testing to organizations located in rural, as well as, urban locations. Call to learn about this service.{:fr}Nous offrons des tests mobiles de la drogue \u00e0 des organisations situ\u00e9es dans les r\u00e9gions rurales et les urbaines . Appellez nous pour en apprendre plus.{:}Site titleTitlePrimary categorySeparator\",\"breadcrumb\":{\"@id\":\"https:\\\/\\\/www.cannamm.com\\\/fr\\\/services\\\/tests-de-depistage-de-drogue-et-dalcool\\\/tests-de-depistage-de-drogue-mobile\\\/#breadcrumb\"},\"inLanguage\":\"fr-FR\",\"potentialAction\":[{\"@type\":\"ReadAction\",\"target\":[\"https:\\\/\\\/www.cannamm.com\\\/fr\\\/services\\\/tests-de-depistage-de-drogue-et-dalcool\\\/tests-de-depistage-de-drogue-mobile\\\/\"]}]},{\"@type\":\"ImageObject\",\"inLanguage\":\"fr-FR\",\"@id\":\"https:\\\/\\\/www.cannamm.com\\\/fr\\\/services\\\/tests-de-depistage-de-drogue-et-dalcool\\\/tests-de-depistage-de-drogue-mobile\\\/#primaryimage\",\"url\":\"https:\\\/\\\/www.cannamm.com\\\/wp-content\\\/uploads\\\/2013\\\/12\\\/Hardhat.jpg\",\"contentUrl\":\"https:\\\/\\\/www.cannamm.com\\\/wp-content\\\/uploads\\\/2013\\\/12\\\/Hardhat.jpg\",\"width\":1440,\"height\":677},{\"@type\":\"BreadcrumbList\",\"@id\":\"https:\\\/\\\/www.cannamm.com\\\/fr\\\/services\\\/tests-de-depistage-de-drogue-et-dalcool\\\/tests-de-depistage-de-drogue-mobile\\\/#breadcrumb\",\"itemListElement\":[{\"@type\":\"ListItem\",\"position\":1,\"name\":\"Services\",\"item\":\"https:\\\/\\\/www.cannamm.com\\\/fr\\\/services\\\/\"},{\"@type\":\"ListItem\",\"position\":2,\"name\":\"Tests de d\u00e9pistage de drogue et d\u2019alcool\",\"item\":\"https:\\\/\\\/www.cannamm.com\\\/fr\\\/services\\\/tests-de-depistage-de-drogue-et-dalcool\\\/\"},{\"@type\":\"ListItem\",\"position\":3,\"name\":\"Tests de d\u00e9pistage de drogue mobile\"}]},{\"@type\":\"WebSite\",\"@id\":\"https:\\\/\\\/www.cannamm.com\\\/fr\\\/#website\",\"url\":\"https:\\\/\\\/www.cannamm.com\\\/fr\\\/\",\"name\":\"CannAmm Occupational Testing Services\",\"description\":\"Occupational &amp; Employment Drug Testing Services Canada\",\"publisher\":{\"@id\":\"https:\\\/\\\/www.cannamm.com\\\/fr\\\/#organization\"},\"potentialAction\":[{\"@type\":\"SearchAction\",\"target\":{\"@type\":\"EntryPoint\",\"urlTemplate\":\"https:\\\/\\\/www.cannamm.com\\\/fr\\\/?s={search_term_string}\"},\"query-input\":{\"@type\":\"PropertyValueSpecification\",\"valueRequired\":true,\"valueName\":\"search_term_string\"}}],\"inLanguage\":\"fr-FR\"},{\"@type\":\"Organization\",\"@id\":\"https:\\\/\\\/www.cannamm.com\\\/fr\\\/#organization\",\"name\":\"CannAmm Occupational Testing\",\"url\":\"https:\\\/\\\/www.cannamm.com\\\/fr\\\/\",\"logo\":{\"@type\":\"ImageObject\",\"inLanguage\":\"fr-FR\",\"@id\":\"https:\\\/\\\/www.cannamm.com\\\/fr\\\/#\\\/schema\\\/logo\\\/image\\\/\",\"url\":\"https:\\\/\\\/www.cannamm.com\\\/wp-content\\\/uploads\\\/2021\\\/04\\\/CannAmm-Square.jpg\",\"contentUrl\":\"https:\\\/\\\/www.cannamm.com\\\/wp-content\\\/uploads\\\/2021\\\/04\\\/CannAmm-Square.jpg\",\"width\":400,\"height\":400,\"caption\":\"CannAmm Occupational Testing\"},\"image\":{\"@id\":\"https:\\\/\\\/www.cannamm.com\\\/fr\\\/#\\\/schema\\\/logo\\\/image\\\/\"},\"sameAs\":[\"https:\\\/\\\/www.facebook.com\\\/CannAmm\\\/\",\"https:\\\/\\\/x.com\\\/CannAmm\",\"https:\\\/\\\/www.linkedin.com\\\/company\\\/2537762\"]}]}<\/script>\n<!-- \/ Yoast SEO plugin. -->","yoast_head_json":{"title":"Tests de d\u00e9pistage de drogue mobile | CannAmm Occupational Testing Services","description":"{:en}We offer convenient mobile drug testing to organizations located in rural, as well as, urban locations. Call to learn about this service.{:fr}Nous offrons des tests mobiles de la drogue \u00e0 des organisations situ\u00e9es dans les r\u00e9gions rurales et les urbaines . Appellez nous pour en apprendre plus.{:}Site titleTitlePrimary categorySeparator","robots":{"index":"index","follow":"follow","max-snippet":"max-snippet:-1","max-image-preview":"max-image-preview:large","max-video-preview":"max-video-preview:-1"},"canonical":"https:\/\/www.cannamm.com\/fr\/services\/tests-de-depistage-de-drogue-et-dalcool\/tests-de-depistage-de-drogue-mobile\/","og_locale":"fr_FR","og_type":"article","og_title":"Tests de d\u00e9pistage de drogue mobile | CannAmm Occupational Testing Services","og_description":"{:en}We offer convenient mobile drug testing to organizations located in rural, as well as, urban locations. Call to learn about this service.{:fr}Nous offrons des tests mobiles de la drogue \u00e0 des organisations situ\u00e9es dans les r\u00e9gions rurales et les urbaines . Appellez nous pour en apprendre plus.{:}Site titleTitlePrimary categorySeparator","og_url":"https:\/\/www.cannamm.com\/fr\/services\/tests-de-depistage-de-drogue-et-dalcool\/tests-de-depistage-de-drogue-mobile\/","og_site_name":"CannAmm Occupational Testing Services","article_publisher":"https:\/\/www.facebook.com\/CannAmm\/","article_modified_time":"2020-12-17T18:25:08+00:00","og_image":[{"width":1440,"height":677,"url":"https:\/\/www.cannamm.com\/wp-content\/uploads\/2013\/12\/Hardhat.jpg","type":"image\/jpeg"}],"twitter_card":"summary_large_image","twitter_site":"@CannAmm","twitter_misc":{"Dur\u00e9e de lecture estim\u00e9e":"2 minutes"},"schema":{"@context":"https:\/\/schema.org","@graph":[{"@type":"WebPage","@id":"https:\/\/www.cannamm.com\/fr\/services\/tests-de-depistage-de-drogue-et-dalcool\/tests-de-depistage-de-drogue-mobile\/","url":"https:\/\/www.cannamm.com\/fr\/services\/tests-de-depistage-de-drogue-et-dalcool\/tests-de-depistage-de-drogue-mobile\/","name":"Tests de d\u00e9pistage de drogue mobile | CannAmm Occupational Testing Services","isPartOf":{"@id":"https:\/\/www.cannamm.com\/fr\/#website"},"primaryImageOfPage":{"@id":"https:\/\/www.cannamm.com\/fr\/services\/tests-de-depistage-de-drogue-et-dalcool\/tests-de-depistage-de-drogue-mobile\/#primaryimage"},"image":{"@id":"https:\/\/www.cannamm.com\/fr\/services\/tests-de-depistage-de-drogue-et-dalcool\/tests-de-depistage-de-drogue-mobile\/#primaryimage"},"thumbnailUrl":"https:\/\/www.cannamm.com\/wp-content\/uploads\/2013\/12\/Hardhat.jpg","datePublished":"2013-10-12T00:00:39+00:00","dateModified":"2020-12-17T18:25:08+00:00","description":"{:en}We offer convenient mobile drug testing to organizations located in rural, as well as, urban locations. Call to learn about this service.{:fr}Nous offrons des tests mobiles de la drogue \u00e0 des organisations situ\u00e9es dans les r\u00e9gions rurales et les urbaines . Appellez nous pour en apprendre plus.{:}Site titleTitlePrimary categorySeparator","breadcrumb":{"@id":"https:\/\/www.cannamm.com\/fr\/services\/tests-de-depistage-de-drogue-et-dalcool\/tests-de-depistage-de-drogue-mobile\/#breadcrumb"},"inLanguage":"fr-FR","potentialAction":[{"@type":"ReadAction","target":["https:\/\/www.cannamm.com\/fr\/services\/tests-de-depistage-de-drogue-et-dalcool\/tests-de-depistage-de-drogue-mobile\/"]}]},{"@type":"ImageObject","inLanguage":"fr-FR","@id":"https:\/\/www.cannamm.com\/fr\/services\/tests-de-depistage-de-drogue-et-dalcool\/tests-de-depistage-de-drogue-mobile\/#primaryimage","url":"https:\/\/www.cannamm.com\/wp-content\/uploads\/2013\/12\/Hardhat.jpg","contentUrl":"https:\/\/www.cannamm.com\/wp-content\/uploads\/2013\/12\/Hardhat.jpg","width":1440,"height":677},{"@type":"BreadcrumbList","@id":"https:\/\/www.cannamm.com\/fr\/services\/tests-de-depistage-de-drogue-et-dalcool\/tests-de-depistage-de-drogue-mobile\/#breadcrumb","itemListElement":[{"@type":"ListItem","position":1,"name":"Services","item":"https:\/\/www.cannamm.com\/fr\/services\/"},{"@type":"ListItem","position":2,"name":"Tests de d\u00e9pistage de drogue et d\u2019alcool","item":"https:\/\/www.cannamm.com\/fr\/services\/tests-de-depistage-de-drogue-et-dalcool\/"},{"@type":"ListItem","position":3,"name":"Tests de d\u00e9pistage de drogue mobile"}]},{"@type":"WebSite","@id":"https:\/\/www.cannamm.com\/fr\/#website","url":"https:\/\/www.cannamm.com\/fr\/","name":"CannAmm Occupational Testing Services","description":"Occupational &amp; Employment Drug Testing Services Canada","publisher":{"@id":"https:\/\/www.cannamm.com\/fr\/#organization"},"potentialAction":[{"@type":"SearchAction","target":{"@type":"EntryPoint","urlTemplate":"https:\/\/www.cannamm.com\/fr\/?s={search_term_string}"},"query-input":{"@type":"PropertyValueSpecification","valueRequired":true,"valueName":"search_term_string"}}],"inLanguage":"fr-FR"},{"@type":"Organization","@id":"https:\/\/www.cannamm.com\/fr\/#organization","name":"CannAmm Occupational Testing","url":"https:\/\/www.cannamm.com\/fr\/","logo":{"@type":"ImageObject","inLanguage":"fr-FR","@id":"https:\/\/www.cannamm.com\/fr\/#\/schema\/logo\/image\/","url":"https:\/\/www.cannamm.com\/wp-content\/uploads\/2021\/04\/CannAmm-Square.jpg","contentUrl":"https:\/\/www.cannamm.com\/wp-content\/uploads\/2021\/04\/CannAmm-Square.jpg","width":400,"height":400,"caption":"CannAmm Occupational Testing"},"image":{"@id":"https:\/\/www.cannamm.com\/fr\/#\/schema\/logo\/image\/"},"sameAs":["https:\/\/www.facebook.com\/CannAmm\/","https:\/\/x.com\/CannAmm","https:\/\/www.linkedin.com\/company\/2537762"]}]}},"_links":{"self":[{"href":"https:\/\/www.cannamm.com\/fr\/wp-json\/wp\/v2\/pages\/6008","targetHints":{"allow":["GET"]}}],"collection":[{"href":"https:\/\/www.cannamm.com\/fr\/wp-json\/wp\/v2\/pages"}],"about":[{"href":"https:\/\/www.cannamm.com\/fr\/wp-json\/wp\/v2\/types\/page"}],"author":[{"embeddable":true,"href":"https:\/\/www.cannamm.com\/fr\/wp-json\/wp\/v2\/users\/26"}],"replies":[{"embeddable":true,"href":"https:\/\/www.cannamm.com\/fr\/wp-json\/wp\/v2\/comments?post=6008"}],"version-history":[{"count":0,"href":"https:\/\/www.cannamm.com\/fr\/wp-json\/wp\/v2\/pages\/6008\/revisions"}],"up":[{"embeddable":true,"href":"https:\/\/www.cannamm.com\/fr\/wp-json\/wp\/v2\/pages\/5969"}],"wp:featuredmedia":[{"embeddable":true,"href":"https:\/\/www.cannamm.com\/fr\/wp-json\/wp\/v2\/media\/5970"}],"wp:attachment":[{"href":"https:\/\/www.cannamm.com\/fr\/wp-json\/wp\/v2\/media?parent=6008"}],"curies":[{"name":"wp","href":"https:\/\/api.w.org\/{rel}","templated":true}]}}