{"id":6002,"date":"2013-10-11T18:22:18","date_gmt":"2013-10-11T18:22:18","guid":{"rendered":"https:\/\/www.cannamm.com\/qui-sommes-nous\/"},"modified":"2024-07-23T15:49:44","modified_gmt":"2024-07-23T21:49:44","slug":"qui-sommes-nous","status":"publish","type":"page","link":"https:\/\/www.cannamm.com\/fr\/qui-sommes-nous\/","title":{"rendered":"Qui Sommes-Nous"},"content":{"rendered":"<\/div><\/div><div class=\"ten columns\"><div>\n<h3>Le leader du test de d\u00e9pistage en milieu professionnel <!--?xml:namespace prefix = \"o\" ns = \"urn:schemas-microsoft-com:office:office\" \/--><\/h3>\n<blockquote>\n<p>Des solutions simples \u00e0 vos probl\u00e8mes complexes.<\/p>\n<\/blockquote>\n<p>CannAmm Occupational Testing Services propose des <a href=\"https:\/\/www.cannamm.com\/fr\/services\/\">services<\/a>, des solutions et une expertise afin de vous aider \u00e0 constituer et g\u00e9rer un effectif sans drogue. Nos tests pr\u00e9sentent toutes les garanties de qualit\u00e9 et sont ex\u00e9cut\u00e9s de mani\u00e8re compr\u00e9hensive et professionnelle, pour des r\u00e9sultats valables devant un tribunal.<\/p>\n<p>Nous prot\u00e9geons votre personnel, votre activit\u00e9 et votre rentabilit\u00e9 avec empathie, une expertise incontestable et des solutions \u00e9prouv\u00e9es. Si notre activit\u00e9 n&rsquo;a rien de simple, nous veillons \u00e0 n&rsquo;en rien laisser para\u00eetre \u00e0 nos clients et aux personnes que nous testons gr\u00e2ce \u00e0 notre offre de solutions professionnelles cl\u00e9 en main, en laissant tout le monde acc\u00e9der \u00e0 nos installations de test et les quitter &#8211; pour revenir au travail s&rsquo;il y a lieu &#8211; dans les plus brefs d\u00e9lais.<\/p>\n<p>Si vous ne nous connaissez pas encore, <a title=\"Contactez Nous\" href=\"https:\/\/www.cannamm.com\/contact\/\">contactez nous<\/a> par le site ou donnez-nous un coup de fil. Nous serions heureux de discuter avec votre entreprise des moyens d&rsquo;assurer un environnement de travail s\u00e9curis\u00e9, favorable \u00e0 la productivit\u00e9.<\/p>\n<p><strong>Nous sommes fiers d&rsquo;exercer cette activit\u00e9. Fiers de nos valeurs et de notre int\u00e9grit\u00e9. Fiers de nos r\u00e9sultats.<\/strong><\/p>\n<p>CannAmm est revendeur\/fournisseur agr\u00e9\u00e9 d&rsquo;ISNetworld\u00ae, ComplyWorks\u00ae et PICS.<\/p>\n<\/div><\/div><div class=\"twelve columns\"><div>\n<\/div><div class=\"four columns alpha\">\n<p><a title=\"ISN\" href=\"http:\/\/www.isnetworld.com\/default.aspx\"><img loading=\"lazy\" decoding=\"async\" src=\"https:\/\/www.cannamm.com\/wp-content\/uploads\/2013\/10\/ISN_Logo_Fullsize.png\" alt=\"ISN_Logo_Fullsize\" width=\"232\" height=\"65\" \/><\/a><\/p>\n<\/div><div class=\"four columns\">\n<p><a title=\"Complyworks\" href=\"http:\/\/www.complyworks.com\/en\/\"><img loading=\"lazy\" decoding=\"async\" src=\"https:\/\/www.cannamm.com\/wp-content\/uploads\/2013\/10\/ComplyWorks_Logo.jpg\" alt=\"ComplyWorks_Logo\" width=\"218\" height=\"62\" \/><\/a><\/p>\n<\/div><div class=\"four columns omega\">\n<p><img loading=\"lazy\" decoding=\"async\" class=\"alignnone\" src=\"https:\/\/www.cannamm.com\/wp-content\/uploads\/2013\/10\/logo-pics.png\" alt=\"logo-pics\" width=\"164\" height=\"72\" \/><\/p>\n<p>&nbsp;<\/p>\n","protected":false},"excerpt":{"rendered":"<p>Le leader du test de d\u00e9pistage en milieu professionnel Des solutions simples \u00e0 vos probl\u00e8mes complexes.<\/p>\n","protected":false},"author":27,"featured_media":5999,"parent":0,"menu_order":0,"comment_status":"closed","ping_status":"closed","template":"page-sidebar.php","meta":{"_acf_changed":false,"inline_featured_image":false,"iawp_total_views":65,"footnotes":""},"class_list":["post-6002","page","type-page","status-publish","has-post-thumbnail","hentry"],"acf":[],"yoast_head":"<!-- This site is optimized with the Yoast SEO plugin v27.5 - https:\/\/yoast.com\/product\/yoast-seo-wordpress\/ -->\n<title>Fournisseur test de d\u00e9pistage en milieu professionnel - CannAmm<\/title>\n<meta name=\"description\" content=\"Nous nous effor\u00e7ons d&#039;am\u00e9liorer les normes professionnelles en mati\u00e8re de s\u00e9curit\u00e9 et de la sant\u00e9 en fournissant des tests de d\u00e9pistage au milieu professionel.\" \/>\n<meta name=\"robots\" content=\"index, follow, max-snippet:-1, max-image-preview:large, max-video-preview:-1\" \/>\n<link rel=\"canonical\" href=\"https:\/\/www.cannamm.com\/fr\/qui-sommes-nous\/\" \/>\n<meta property=\"og:locale\" content=\"fr_FR\" \/>\n<meta property=\"og:type\" content=\"article\" \/>\n<meta property=\"og:title\" content=\"Fournisseur test de d\u00e9pistage en milieu professionnel - CannAmm\" \/>\n<meta property=\"og:description\" content=\"Nous nous effor\u00e7ons d&#039;am\u00e9liorer les normes professionnelles en mati\u00e8re de s\u00e9curit\u00e9 et de la sant\u00e9 en fournissant des tests de d\u00e9pistage au milieu professionel.\" \/>\n<meta property=\"og:url\" content=\"https:\/\/www.cannamm.com\/fr\/qui-sommes-nous\/\" \/>\n<meta property=\"og:site_name\" content=\"CannAmm Occupational Testing Services\" \/>\n<meta property=\"article:publisher\" content=\"https:\/\/www.facebook.com\/CannAmm\/\" \/>\n<meta property=\"article:modified_time\" content=\"2024-07-23T21:49:44+00:00\" \/>\n<meta property=\"og:image\" content=\"https:\/\/www.cannamm.com\/wp-content\/uploads\/2013\/10\/Silhouette_Construction2.jpg\" \/>\n\t<meta property=\"og:image:width\" content=\"1440\" \/>\n\t<meta property=\"og:image:height\" content=\"466\" \/>\n\t<meta property=\"og:image:type\" content=\"image\/jpeg\" \/>\n<meta name=\"twitter:card\" content=\"summary_large_image\" \/>\n<meta name=\"twitter:site\" content=\"@CannAmm\" \/>\n<meta name=\"twitter:label1\" content=\"Dur\u00e9e de lecture estim\u00e9e\" \/>\n\t<meta name=\"twitter:data1\" content=\"2 minutes\" \/>\n<script type=\"application\/ld+json\" class=\"yoast-schema-graph\">{\"@context\":\"https:\\\/\\\/schema.org\",\"@graph\":[{\"@type\":\"WebPage\",\"@id\":\"https:\\\/\\\/www.cannamm.com\\\/fr\\\/qui-sommes-nous\\\/\",\"url\":\"https:\\\/\\\/www.cannamm.com\\\/fr\\\/qui-sommes-nous\\\/\",\"name\":\"Fournisseur test de d\u00e9pistage en milieu professionnel - CannAmm\",\"isPartOf\":{\"@id\":\"https:\\\/\\\/www.cannamm.com\\\/fr\\\/#website\"},\"primaryImageOfPage\":{\"@id\":\"https:\\\/\\\/www.cannamm.com\\\/fr\\\/qui-sommes-nous\\\/#primaryimage\"},\"image\":{\"@id\":\"https:\\\/\\\/www.cannamm.com\\\/fr\\\/qui-sommes-nous\\\/#primaryimage\"},\"thumbnailUrl\":\"https:\\\/\\\/www.cannamm.com\\\/wp-content\\\/uploads\\\/2013\\\/10\\\/Silhouette_Construction2.jpg\",\"datePublished\":\"2013-10-11T18:22:18+00:00\",\"dateModified\":\"2024-07-23T21:49:44+00:00\",\"description\":\"Nous nous effor\u00e7ons d'am\u00e9liorer les normes professionnelles en mati\u00e8re de s\u00e9curit\u00e9 et de la sant\u00e9 en fournissant des tests de d\u00e9pistage au milieu professionel.\",\"inLanguage\":\"fr-FR\",\"potentialAction\":[{\"@type\":\"ReadAction\",\"target\":[\"https:\\\/\\\/www.cannamm.com\\\/fr\\\/qui-sommes-nous\\\/\"]}]},{\"@type\":\"ImageObject\",\"inLanguage\":\"fr-FR\",\"@id\":\"https:\\\/\\\/www.cannamm.com\\\/fr\\\/qui-sommes-nous\\\/#primaryimage\",\"url\":\"https:\\\/\\\/www.cannamm.com\\\/wp-content\\\/uploads\\\/2013\\\/10\\\/Silhouette_Construction2.jpg\",\"contentUrl\":\"https:\\\/\\\/www.cannamm.com\\\/wp-content\\\/uploads\\\/2013\\\/10\\\/Silhouette_Construction2.jpg\",\"width\":1440,\"height\":466},{\"@type\":\"WebSite\",\"@id\":\"https:\\\/\\\/www.cannamm.com\\\/fr\\\/#website\",\"url\":\"https:\\\/\\\/www.cannamm.com\\\/fr\\\/\",\"name\":\"CannAmm Occupational Testing Services\",\"description\":\"Occupational &amp; Employment Drug Testing Services Canada\",\"publisher\":{\"@id\":\"https:\\\/\\\/www.cannamm.com\\\/fr\\\/#organization\"},\"potentialAction\":[{\"@type\":\"SearchAction\",\"target\":{\"@type\":\"EntryPoint\",\"urlTemplate\":\"https:\\\/\\\/www.cannamm.com\\\/fr\\\/?s={search_term_string}\"},\"query-input\":{\"@type\":\"PropertyValueSpecification\",\"valueRequired\":true,\"valueName\":\"search_term_string\"}}],\"inLanguage\":\"fr-FR\"},{\"@type\":\"Organization\",\"@id\":\"https:\\\/\\\/www.cannamm.com\\\/fr\\\/#organization\",\"name\":\"CannAmm Occupational Testing\",\"url\":\"https:\\\/\\\/www.cannamm.com\\\/fr\\\/\",\"logo\":{\"@type\":\"ImageObject\",\"inLanguage\":\"fr-FR\",\"@id\":\"https:\\\/\\\/www.cannamm.com\\\/fr\\\/#\\\/schema\\\/logo\\\/image\\\/\",\"url\":\"https:\\\/\\\/www.cannamm.com\\\/wp-content\\\/uploads\\\/2021\\\/04\\\/CannAmm-Square.jpg\",\"contentUrl\":\"https:\\\/\\\/www.cannamm.com\\\/wp-content\\\/uploads\\\/2021\\\/04\\\/CannAmm-Square.jpg\",\"width\":400,\"height\":400,\"caption\":\"CannAmm Occupational Testing\"},\"image\":{\"@id\":\"https:\\\/\\\/www.cannamm.com\\\/fr\\\/#\\\/schema\\\/logo\\\/image\\\/\"},\"sameAs\":[\"https:\\\/\\\/www.facebook.com\\\/CannAmm\\\/\",\"https:\\\/\\\/x.com\\\/CannAmm\",\"https:\\\/\\\/www.linkedin.com\\\/company\\\/2537762\"]}]}<\/script>\n<!-- \/ Yoast SEO plugin. -->","yoast_head_json":{"title":"Fournisseur test de d\u00e9pistage en milieu professionnel - CannAmm","description":"Nous nous effor\u00e7ons d'am\u00e9liorer les normes professionnelles en mati\u00e8re de s\u00e9curit\u00e9 et de la sant\u00e9 en fournissant des tests de d\u00e9pistage au milieu professionel.","robots":{"index":"index","follow":"follow","max-snippet":"max-snippet:-1","max-image-preview":"max-image-preview:large","max-video-preview":"max-video-preview:-1"},"canonical":"https:\/\/www.cannamm.com\/fr\/qui-sommes-nous\/","og_locale":"fr_FR","og_type":"article","og_title":"Fournisseur test de d\u00e9pistage en milieu professionnel - CannAmm","og_description":"Nous nous effor\u00e7ons d'am\u00e9liorer les normes professionnelles en mati\u00e8re de s\u00e9curit\u00e9 et de la sant\u00e9 en fournissant des tests de d\u00e9pistage au milieu professionel.","og_url":"https:\/\/www.cannamm.com\/fr\/qui-sommes-nous\/","og_site_name":"CannAmm Occupational Testing Services","article_publisher":"https:\/\/www.facebook.com\/CannAmm\/","article_modified_time":"2024-07-23T21:49:44+00:00","og_image":[{"width":1440,"height":466,"url":"https:\/\/www.cannamm.com\/wp-content\/uploads\/2013\/10\/Silhouette_Construction2.jpg","type":"image\/jpeg"}],"twitter_card":"summary_large_image","twitter_site":"@CannAmm","twitter_misc":{"Dur\u00e9e de lecture estim\u00e9e":"2 minutes"},"schema":{"@context":"https:\/\/schema.org","@graph":[{"@type":"WebPage","@id":"https:\/\/www.cannamm.com\/fr\/qui-sommes-nous\/","url":"https:\/\/www.cannamm.com\/fr\/qui-sommes-nous\/","name":"Fournisseur test de d\u00e9pistage en milieu professionnel - CannAmm","isPartOf":{"@id":"https:\/\/www.cannamm.com\/fr\/#website"},"primaryImageOfPage":{"@id":"https:\/\/www.cannamm.com\/fr\/qui-sommes-nous\/#primaryimage"},"image":{"@id":"https:\/\/www.cannamm.com\/fr\/qui-sommes-nous\/#primaryimage"},"thumbnailUrl":"https:\/\/www.cannamm.com\/wp-content\/uploads\/2013\/10\/Silhouette_Construction2.jpg","datePublished":"2013-10-11T18:22:18+00:00","dateModified":"2024-07-23T21:49:44+00:00","description":"Nous nous effor\u00e7ons d'am\u00e9liorer les normes professionnelles en mati\u00e8re de s\u00e9curit\u00e9 et de la sant\u00e9 en fournissant des tests de d\u00e9pistage au milieu professionel.","inLanguage":"fr-FR","potentialAction":[{"@type":"ReadAction","target":["https:\/\/www.cannamm.com\/fr\/qui-sommes-nous\/"]}]},{"@type":"ImageObject","inLanguage":"fr-FR","@id":"https:\/\/www.cannamm.com\/fr\/qui-sommes-nous\/#primaryimage","url":"https:\/\/www.cannamm.com\/wp-content\/uploads\/2013\/10\/Silhouette_Construction2.jpg","contentUrl":"https:\/\/www.cannamm.com\/wp-content\/uploads\/2013\/10\/Silhouette_Construction2.jpg","width":1440,"height":466},{"@type":"WebSite","@id":"https:\/\/www.cannamm.com\/fr\/#website","url":"https:\/\/www.cannamm.com\/fr\/","name":"CannAmm Occupational Testing Services","description":"Occupational &amp; Employment Drug Testing Services Canada","publisher":{"@id":"https:\/\/www.cannamm.com\/fr\/#organization"},"potentialAction":[{"@type":"SearchAction","target":{"@type":"EntryPoint","urlTemplate":"https:\/\/www.cannamm.com\/fr\/?s={search_term_string}"},"query-input":{"@type":"PropertyValueSpecification","valueRequired":true,"valueName":"search_term_string"}}],"inLanguage":"fr-FR"},{"@type":"Organization","@id":"https:\/\/www.cannamm.com\/fr\/#organization","name":"CannAmm Occupational Testing","url":"https:\/\/www.cannamm.com\/fr\/","logo":{"@type":"ImageObject","inLanguage":"fr-FR","@id":"https:\/\/www.cannamm.com\/fr\/#\/schema\/logo\/image\/","url":"https:\/\/www.cannamm.com\/wp-content\/uploads\/2021\/04\/CannAmm-Square.jpg","contentUrl":"https:\/\/www.cannamm.com\/wp-content\/uploads\/2021\/04\/CannAmm-Square.jpg","width":400,"height":400,"caption":"CannAmm Occupational Testing"},"image":{"@id":"https:\/\/www.cannamm.com\/fr\/#\/schema\/logo\/image\/"},"sameAs":["https:\/\/www.facebook.com\/CannAmm\/","https:\/\/x.com\/CannAmm","https:\/\/www.linkedin.com\/company\/2537762"]}]}},"_links":{"self":[{"href":"https:\/\/www.cannamm.com\/fr\/wp-json\/wp\/v2\/pages\/6002","targetHints":{"allow":["GET"]}}],"collection":[{"href":"https:\/\/www.cannamm.com\/fr\/wp-json\/wp\/v2\/pages"}],"about":[{"href":"https:\/\/www.cannamm.com\/fr\/wp-json\/wp\/v2\/types\/page"}],"author":[{"embeddable":true,"href":"https:\/\/www.cannamm.com\/fr\/wp-json\/wp\/v2\/users\/27"}],"replies":[{"embeddable":true,"href":"https:\/\/www.cannamm.com\/fr\/wp-json\/wp\/v2\/comments?post=6002"}],"version-history":[{"count":0,"href":"https:\/\/www.cannamm.com\/fr\/wp-json\/wp\/v2\/pages\/6002\/revisions"}],"wp:featuredmedia":[{"embeddable":true,"href":"https:\/\/www.cannamm.com\/fr\/wp-json\/wp\/v2\/media\/5999"}],"wp:attachment":[{"href":"https:\/\/www.cannamm.com\/fr\/wp-json\/wp\/v2\/media?parent=6002"}],"curies":[{"name":"wp","href":"https:\/\/api.w.org\/{rel}","templated":true}]}}