{"id":5997,"date":"2013-10-11T16:11:28","date_gmt":"2013-10-11T16:11:28","guid":{"rendered":"https:\/\/www.cannamm.com\/gestion-de-vos-programmes-de-sante-et-securite\/"},"modified":"2024-04-17T08:54:23","modified_gmt":"2024-04-17T14:54:23","slug":"english-managing-your-health-safety-programs","status":"publish","type":"page","link":"https:\/\/www.cannamm.com\/fr\/english-managing-your-health-safety-programs\/","title":{"rendered":"Gestion de vos Programmes de Sant\u00e9 et S\u00e9curit\u00e9"},"content":{"rendered":"","protected":false},"excerpt":{"rendered":"","protected":false},"author":26,"featured_media":0,"parent":0,"menu_order":0,"comment_status":"closed","ping_status":"closed","template":"page-sidebar.php","meta":{"_acf_changed":false,"inline_featured_image":false,"iawp_total_views":35,"footnotes":""},"class_list":["post-5997","page","type-page","status-publish","hentry"],"acf":[],"yoast_head":"<!-- This site is optimized with the Yoast SEO plugin v27.4 - https:\/\/yoast.com\/product\/yoast-seo-wordpress\/ -->\n<title>Gestion de vos Programmes de Sant\u00e9 et S\u00e9curit\u00e9 | CannAmm<\/title>\n<meta name=\"description\" content=\"Chez CannAmm, nous sommes des experts de confiance et des leaders pour aider votre lieu de travail \u00e0 mettre en \u0153uvre et \u00e0 g\u00e9rer vos programmes HSE.\" \/>\n<meta name=\"robots\" content=\"index, follow, max-snippet:-1, max-image-preview:large, max-video-preview:-1\" \/>\n<link rel=\"canonical\" href=\"https:\/\/www.cannamm.com\/fr\/english-managing-your-health-safety-programs\/\" \/>\n<meta property=\"og:locale\" content=\"fr_FR\" \/>\n<meta property=\"og:type\" content=\"article\" \/>\n<meta property=\"og:title\" content=\"Gestion de vos Programmes de Sant\u00e9 et S\u00e9curit\u00e9 | CannAmm\" \/>\n<meta property=\"og:description\" content=\"Chez CannAmm, nous sommes des experts de confiance et des leaders pour aider votre lieu de travail \u00e0 mettre en \u0153uvre et \u00e0 g\u00e9rer vos programmes HSE.\" \/>\n<meta property=\"og:url\" content=\"https:\/\/www.cannamm.com\/fr\/english-managing-your-health-safety-programs\/\" \/>\n<meta property=\"og:site_name\" content=\"CannAmm Occupational Testing Services\" \/>\n<meta property=\"article:publisher\" content=\"https:\/\/www.facebook.com\/CannAmm\/\" \/>\n<meta property=\"article:modified_time\" content=\"2024-04-17T14:54:23+00:00\" \/>\n<meta name=\"twitter:card\" content=\"summary_large_image\" \/>\n<meta name=\"twitter:site\" content=\"@CannAmm\" \/>\n<script type=\"application\/ld+json\" class=\"yoast-schema-graph\">{\"@context\":\"https:\\\/\\\/schema.org\",\"@graph\":[{\"@type\":\"WebPage\",\"@id\":\"https:\\\/\\\/www.cannamm.com\\\/fr\\\/english-managing-your-health-safety-programs\\\/\",\"url\":\"https:\\\/\\\/www.cannamm.com\\\/fr\\\/english-managing-your-health-safety-programs\\\/\",\"name\":\"Gestion de vos Programmes de Sant\u00e9 et S\u00e9curit\u00e9 | CannAmm\",\"isPartOf\":{\"@id\":\"https:\\\/\\\/www.cannamm.com\\\/fr\\\/#website\"},\"datePublished\":\"2013-10-11T16:11:28+00:00\",\"dateModified\":\"2024-04-17T14:54:23+00:00\",\"description\":\"Chez CannAmm, nous sommes des experts de confiance et des leaders pour aider votre lieu de travail \u00e0 mettre en \u0153uvre et \u00e0 g\u00e9rer vos programmes HSE.\",\"inLanguage\":\"fr-FR\",\"potentialAction\":[{\"@type\":\"ReadAction\",\"target\":[\"https:\\\/\\\/www.cannamm.com\\\/fr\\\/english-managing-your-health-safety-programs\\\/\"]}]},{\"@type\":\"WebSite\",\"@id\":\"https:\\\/\\\/www.cannamm.com\\\/fr\\\/#website\",\"url\":\"https:\\\/\\\/www.cannamm.com\\\/fr\\\/\",\"name\":\"CannAmm Occupational Testing Services\",\"description\":\"Occupational &amp; Employment Drug Testing Services Canada\",\"publisher\":{\"@id\":\"https:\\\/\\\/www.cannamm.com\\\/fr\\\/#organization\"},\"potentialAction\":[{\"@type\":\"SearchAction\",\"target\":{\"@type\":\"EntryPoint\",\"urlTemplate\":\"https:\\\/\\\/www.cannamm.com\\\/fr\\\/?s={search_term_string}\"},\"query-input\":{\"@type\":\"PropertyValueSpecification\",\"valueRequired\":true,\"valueName\":\"search_term_string\"}}],\"inLanguage\":\"fr-FR\"},{\"@type\":\"Organization\",\"@id\":\"https:\\\/\\\/www.cannamm.com\\\/fr\\\/#organization\",\"name\":\"CannAmm Occupational Testing\",\"url\":\"https:\\\/\\\/www.cannamm.com\\\/fr\\\/\",\"logo\":{\"@type\":\"ImageObject\",\"inLanguage\":\"fr-FR\",\"@id\":\"https:\\\/\\\/www.cannamm.com\\\/fr\\\/#\\\/schema\\\/logo\\\/image\\\/\",\"url\":\"https:\\\/\\\/www.cannamm.com\\\/wp-content\\\/uploads\\\/2021\\\/04\\\/CannAmm-Square.jpg\",\"contentUrl\":\"https:\\\/\\\/www.cannamm.com\\\/wp-content\\\/uploads\\\/2021\\\/04\\\/CannAmm-Square.jpg\",\"width\":400,\"height\":400,\"caption\":\"CannAmm Occupational Testing\"},\"image\":{\"@id\":\"https:\\\/\\\/www.cannamm.com\\\/fr\\\/#\\\/schema\\\/logo\\\/image\\\/\"},\"sameAs\":[\"https:\\\/\\\/www.facebook.com\\\/CannAmm\\\/\",\"https:\\\/\\\/x.com\\\/CannAmm\",\"https:\\\/\\\/www.linkedin.com\\\/company\\\/2537762\"]}]}<\/script>\n<!-- \/ Yoast SEO plugin. -->","yoast_head_json":{"title":"Gestion de vos Programmes de Sant\u00e9 et S\u00e9curit\u00e9 | CannAmm","description":"Chez CannAmm, nous sommes des experts de confiance et des leaders pour aider votre lieu de travail \u00e0 mettre en \u0153uvre et \u00e0 g\u00e9rer vos programmes HSE.","robots":{"index":"index","follow":"follow","max-snippet":"max-snippet:-1","max-image-preview":"max-image-preview:large","max-video-preview":"max-video-preview:-1"},"canonical":"https:\/\/www.cannamm.com\/fr\/english-managing-your-health-safety-programs\/","og_locale":"fr_FR","og_type":"article","og_title":"Gestion de vos Programmes de Sant\u00e9 et S\u00e9curit\u00e9 | CannAmm","og_description":"Chez CannAmm, nous sommes des experts de confiance et des leaders pour aider votre lieu de travail \u00e0 mettre en \u0153uvre et \u00e0 g\u00e9rer vos programmes HSE.","og_url":"https:\/\/www.cannamm.com\/fr\/english-managing-your-health-safety-programs\/","og_site_name":"CannAmm Occupational Testing Services","article_publisher":"https:\/\/www.facebook.com\/CannAmm\/","article_modified_time":"2024-04-17T14:54:23+00:00","twitter_card":"summary_large_image","twitter_site":"@CannAmm","schema":{"@context":"https:\/\/schema.org","@graph":[{"@type":"WebPage","@id":"https:\/\/www.cannamm.com\/fr\/english-managing-your-health-safety-programs\/","url":"https:\/\/www.cannamm.com\/fr\/english-managing-your-health-safety-programs\/","name":"Gestion de vos Programmes de Sant\u00e9 et S\u00e9curit\u00e9 | CannAmm","isPartOf":{"@id":"https:\/\/www.cannamm.com\/fr\/#website"},"datePublished":"2013-10-11T16:11:28+00:00","dateModified":"2024-04-17T14:54:23+00:00","description":"Chez CannAmm, nous sommes des experts de confiance et des leaders pour aider votre lieu de travail \u00e0 mettre en \u0153uvre et \u00e0 g\u00e9rer vos programmes HSE.","inLanguage":"fr-FR","potentialAction":[{"@type":"ReadAction","target":["https:\/\/www.cannamm.com\/fr\/english-managing-your-health-safety-programs\/"]}]},{"@type":"WebSite","@id":"https:\/\/www.cannamm.com\/fr\/#website","url":"https:\/\/www.cannamm.com\/fr\/","name":"CannAmm Occupational Testing Services","description":"Occupational &amp; Employment Drug Testing Services Canada","publisher":{"@id":"https:\/\/www.cannamm.com\/fr\/#organization"},"potentialAction":[{"@type":"SearchAction","target":{"@type":"EntryPoint","urlTemplate":"https:\/\/www.cannamm.com\/fr\/?s={search_term_string}"},"query-input":{"@type":"PropertyValueSpecification","valueRequired":true,"valueName":"search_term_string"}}],"inLanguage":"fr-FR"},{"@type":"Organization","@id":"https:\/\/www.cannamm.com\/fr\/#organization","name":"CannAmm Occupational Testing","url":"https:\/\/www.cannamm.com\/fr\/","logo":{"@type":"ImageObject","inLanguage":"fr-FR","@id":"https:\/\/www.cannamm.com\/fr\/#\/schema\/logo\/image\/","url":"https:\/\/www.cannamm.com\/wp-content\/uploads\/2021\/04\/CannAmm-Square.jpg","contentUrl":"https:\/\/www.cannamm.com\/wp-content\/uploads\/2021\/04\/CannAmm-Square.jpg","width":400,"height":400,"caption":"CannAmm Occupational Testing"},"image":{"@id":"https:\/\/www.cannamm.com\/fr\/#\/schema\/logo\/image\/"},"sameAs":["https:\/\/www.facebook.com\/CannAmm\/","https:\/\/x.com\/CannAmm","https:\/\/www.linkedin.com\/company\/2537762"]}]}},"_links":{"self":[{"href":"https:\/\/www.cannamm.com\/fr\/wp-json\/wp\/v2\/pages\/5997","targetHints":{"allow":["GET"]}}],"collection":[{"href":"https:\/\/www.cannamm.com\/fr\/wp-json\/wp\/v2\/pages"}],"about":[{"href":"https:\/\/www.cannamm.com\/fr\/wp-json\/wp\/v2\/types\/page"}],"author":[{"embeddable":true,"href":"https:\/\/www.cannamm.com\/fr\/wp-json\/wp\/v2\/users\/26"}],"replies":[{"embeddable":true,"href":"https:\/\/www.cannamm.com\/fr\/wp-json\/wp\/v2\/comments?post=5997"}],"version-history":[{"count":0,"href":"https:\/\/www.cannamm.com\/fr\/wp-json\/wp\/v2\/pages\/5997\/revisions"}],"wp:attachment":[{"href":"https:\/\/www.cannamm.com\/fr\/wp-json\/wp\/v2\/media?parent=5997"}],"curies":[{"name":"wp","href":"https:\/\/api.w.org\/{rel}","templated":true}]}}