{"id":5992,"date":"2013-10-02T16:00:51","date_gmt":"2013-10-02T16:00:51","guid":{"rendered":"https:\/\/www.cannamm.com\/sites-de-collecte\/"},"modified":"2025-07-16T11:02:38","modified_gmt":"2025-07-16T17:02:38","slug":"sites-de-collecte","status":"publish","type":"page","link":"https:\/\/www.cannamm.com\/fr\/sites-de-collecte\/","title":{"rendered":"Sites de Collecte"},"content":{"rendered":"<\/div><\/div><div class=\"twelve columns\"><div>\n<h3>Sites de collecte au Canada et aux \u00c9tats-Unis<\/h3>\n<blockquote>\n<p>CannAmm propose une couverture in\u00e9gal\u00e9e de tests de d\u00e9pistage de drogue et d&rsquo;alcool au Canada et aux \u00c9tats-Unis.<\/p>\n<\/blockquote>\n<p>CannAmm exploite des sites de collecte dans l&rsquo;Alberta, le nord de la C.-B. et le nord de l&rsquo;Ontario. Nous disposons en particulier de centres de collecte \u00e0 Edmonton (Alberta), Fort McMurray (Alberta), Grande Prairie (Alberta), Fort St. John (C.-B.) et North Bay (Ontario). Outre ces sites, les points rouges ci-dessous indiquent la localisation des sites de collecte appartenant au r\u00e9seau d&rsquo;agent de collecte form\u00e9s par CannAmm &#8211; le plus vaste r\u00e9seau de collecte du Canada. Une liste des pays, provinces\/\u00e9tats et villes o\u00f9 CannAmm dispose d&rsquo;agents de collecte est disponible. <strong>Les tests de d\u00e9pistage de drogue et d&rsquo;alcool sont disponibles aupr\u00e8s de tous nos sites. Pour d\u00e9terminer les sites dans votre r\u00e9gion pouvant offrir d&rsquo;autres types de tests, appelez-nous sans frais au 1.800.440.0023 et faites le 2.<\/strong> <\/div><\/div><div class=\"four columns\"><div> <div>\n                    <div class=\"sidebar sidebar-contact\">\n\n                        <div class=\"padder\">\n\n                            Call CannAmm Occupational Testing Services Today<br\/>\n                            <a href=\"https:\/\/www.cannamm.com\/contact\/\" class=\"slashes red\">Get In Touch<\/a>\n\n                        <\/div>\n                        <!-- .padder -->\n\n                    <\/div>\n                    <!-- .sidebar-contact -->\n\n                <\/div><\/p>\n","protected":false},"excerpt":{"rendered":"<p>Sites de collecte au Canada et aux \u00c9tats-Unis CannAmm propose une couverture in\u00e9gal\u00e9e de tests de<\/p>\n","protected":false},"author":27,"featured_media":5994,"parent":0,"menu_order":0,"comment_status":"closed","ping_status":"closed","template":"page-sidebar.php","meta":{"_acf_changed":false,"inline_featured_image":false,"iawp_total_views":218,"footnotes":""},"class_list":["post-5992","page","type-page","status-publish","has-post-thumbnail","hentry"],"acf":[],"yoast_head":"<!-- This site is optimized with the Yoast SEO plugin v27.5 - https:\/\/yoast.com\/product\/yoast-seo-wordpress\/ -->\n<title>Sites de Collecte | CannAmm Occupational Testing Services<\/title>\n<meta name=\"description\" content=\"CannAmm est un des plus grandes organisations de tests d&#039;alcool et drogues au Canada avec des lieux de collecte partout au Canada et aux \u00c9tats-Unis.\" \/>\n<meta name=\"robots\" content=\"index, follow, max-snippet:-1, max-image-preview:large, max-video-preview:-1\" \/>\n<link rel=\"canonical\" href=\"https:\/\/www.cannamm.com\/fr\/sites-de-collecte\/\" \/>\n<meta property=\"og:locale\" content=\"fr_FR\" \/>\n<meta property=\"og:type\" content=\"article\" \/>\n<meta property=\"og:title\" content=\"Sites de Collecte | CannAmm Occupational Testing Services\" \/>\n<meta property=\"og:description\" content=\"CannAmm est un des plus grandes organisations de tests d&#039;alcool et drogues au Canada avec des lieux de collecte partout au Canada et aux \u00c9tats-Unis.\" \/>\n<meta property=\"og:url\" content=\"https:\/\/www.cannamm.com\/fr\/sites-de-collecte\/\" \/>\n<meta property=\"og:site_name\" content=\"CannAmm Occupational Testing Services\" \/>\n<meta property=\"article:publisher\" content=\"https:\/\/www.facebook.com\/CannAmm\/\" \/>\n<meta property=\"article:modified_time\" content=\"2025-07-16T17:02:38+00:00\" \/>\n<meta property=\"og:image\" content=\"https:\/\/www.cannamm.com\/wp-content\/uploads\/2013\/10\/Refinery2.jpg\" \/>\n\t<meta property=\"og:image:width\" content=\"1440\" \/>\n\t<meta property=\"og:image:height\" content=\"316\" \/>\n\t<meta property=\"og:image:type\" content=\"image\/jpeg\" \/>\n<meta name=\"twitter:card\" content=\"summary_large_image\" \/>\n<meta name=\"twitter:site\" content=\"@CannAmm\" \/>\n<meta name=\"twitter:label1\" content=\"Dur\u00e9e de lecture estim\u00e9e\" \/>\n\t<meta name=\"twitter:data1\" content=\"1 minute\" \/>\n<script type=\"application\/ld+json\" class=\"yoast-schema-graph\">{\"@context\":\"https:\\\/\\\/schema.org\",\"@graph\":[{\"@type\":\"WebPage\",\"@id\":\"https:\\\/\\\/www.cannamm.com\\\/fr\\\/sites-de-collecte\\\/\",\"url\":\"https:\\\/\\\/www.cannamm.com\\\/fr\\\/sites-de-collecte\\\/\",\"name\":\"Sites de Collecte | CannAmm Occupational Testing Services\",\"isPartOf\":{\"@id\":\"https:\\\/\\\/www.cannamm.com\\\/fr\\\/#website\"},\"primaryImageOfPage\":{\"@id\":\"https:\\\/\\\/www.cannamm.com\\\/fr\\\/sites-de-collecte\\\/#primaryimage\"},\"image\":{\"@id\":\"https:\\\/\\\/www.cannamm.com\\\/fr\\\/sites-de-collecte\\\/#primaryimage\"},\"thumbnailUrl\":\"https:\\\/\\\/www.cannamm.com\\\/wp-content\\\/uploads\\\/2013\\\/10\\\/Refinery2.jpg\",\"datePublished\":\"2013-10-02T16:00:51+00:00\",\"dateModified\":\"2025-07-16T17:02:38+00:00\",\"description\":\"CannAmm est un des plus grandes organisations de tests d'alcool et drogues au Canada avec des lieux de collecte partout au Canada et aux \u00c9tats-Unis.\",\"inLanguage\":\"fr-FR\",\"potentialAction\":[{\"@type\":\"ReadAction\",\"target\":[\"https:\\\/\\\/www.cannamm.com\\\/fr\\\/sites-de-collecte\\\/\"]}]},{\"@type\":\"ImageObject\",\"inLanguage\":\"fr-FR\",\"@id\":\"https:\\\/\\\/www.cannamm.com\\\/fr\\\/sites-de-collecte\\\/#primaryimage\",\"url\":\"https:\\\/\\\/www.cannamm.com\\\/wp-content\\\/uploads\\\/2013\\\/10\\\/Refinery2.jpg\",\"contentUrl\":\"https:\\\/\\\/www.cannamm.com\\\/wp-content\\\/uploads\\\/2013\\\/10\\\/Refinery2.jpg\",\"width\":1440,\"height\":316},{\"@type\":\"WebSite\",\"@id\":\"https:\\\/\\\/www.cannamm.com\\\/fr\\\/#website\",\"url\":\"https:\\\/\\\/www.cannamm.com\\\/fr\\\/\",\"name\":\"CannAmm Occupational Testing Services\",\"description\":\"Occupational &amp; Employment Drug Testing Services Canada\",\"publisher\":{\"@id\":\"https:\\\/\\\/www.cannamm.com\\\/fr\\\/#organization\"},\"potentialAction\":[{\"@type\":\"SearchAction\",\"target\":{\"@type\":\"EntryPoint\",\"urlTemplate\":\"https:\\\/\\\/www.cannamm.com\\\/fr\\\/?s={search_term_string}\"},\"query-input\":{\"@type\":\"PropertyValueSpecification\",\"valueRequired\":true,\"valueName\":\"search_term_string\"}}],\"inLanguage\":\"fr-FR\"},{\"@type\":\"Organization\",\"@id\":\"https:\\\/\\\/www.cannamm.com\\\/fr\\\/#organization\",\"name\":\"CannAmm Occupational Testing\",\"url\":\"https:\\\/\\\/www.cannamm.com\\\/fr\\\/\",\"logo\":{\"@type\":\"ImageObject\",\"inLanguage\":\"fr-FR\",\"@id\":\"https:\\\/\\\/www.cannamm.com\\\/fr\\\/#\\\/schema\\\/logo\\\/image\\\/\",\"url\":\"https:\\\/\\\/www.cannamm.com\\\/wp-content\\\/uploads\\\/2021\\\/04\\\/CannAmm-Square.jpg\",\"contentUrl\":\"https:\\\/\\\/www.cannamm.com\\\/wp-content\\\/uploads\\\/2021\\\/04\\\/CannAmm-Square.jpg\",\"width\":400,\"height\":400,\"caption\":\"CannAmm Occupational Testing\"},\"image\":{\"@id\":\"https:\\\/\\\/www.cannamm.com\\\/fr\\\/#\\\/schema\\\/logo\\\/image\\\/\"},\"sameAs\":[\"https:\\\/\\\/www.facebook.com\\\/CannAmm\\\/\",\"https:\\\/\\\/x.com\\\/CannAmm\",\"https:\\\/\\\/www.linkedin.com\\\/company\\\/2537762\"]}]}<\/script>\n<!-- \/ Yoast SEO plugin. -->","yoast_head_json":{"title":"Sites de Collecte | CannAmm Occupational Testing Services","description":"CannAmm est un des plus grandes organisations de tests d'alcool et drogues au Canada avec des lieux de collecte partout au Canada et aux \u00c9tats-Unis.","robots":{"index":"index","follow":"follow","max-snippet":"max-snippet:-1","max-image-preview":"max-image-preview:large","max-video-preview":"max-video-preview:-1"},"canonical":"https:\/\/www.cannamm.com\/fr\/sites-de-collecte\/","og_locale":"fr_FR","og_type":"article","og_title":"Sites de Collecte | CannAmm Occupational Testing Services","og_description":"CannAmm est un des plus grandes organisations de tests d'alcool et drogues au Canada avec des lieux de collecte partout au Canada et aux \u00c9tats-Unis.","og_url":"https:\/\/www.cannamm.com\/fr\/sites-de-collecte\/","og_site_name":"CannAmm Occupational Testing Services","article_publisher":"https:\/\/www.facebook.com\/CannAmm\/","article_modified_time":"2025-07-16T17:02:38+00:00","og_image":[{"width":1440,"height":316,"url":"https:\/\/www.cannamm.com\/wp-content\/uploads\/2013\/10\/Refinery2.jpg","type":"image\/jpeg"}],"twitter_card":"summary_large_image","twitter_site":"@CannAmm","twitter_misc":{"Dur\u00e9e de lecture estim\u00e9e":"1 minute"},"schema":{"@context":"https:\/\/schema.org","@graph":[{"@type":"WebPage","@id":"https:\/\/www.cannamm.com\/fr\/sites-de-collecte\/","url":"https:\/\/www.cannamm.com\/fr\/sites-de-collecte\/","name":"Sites de Collecte | CannAmm Occupational Testing Services","isPartOf":{"@id":"https:\/\/www.cannamm.com\/fr\/#website"},"primaryImageOfPage":{"@id":"https:\/\/www.cannamm.com\/fr\/sites-de-collecte\/#primaryimage"},"image":{"@id":"https:\/\/www.cannamm.com\/fr\/sites-de-collecte\/#primaryimage"},"thumbnailUrl":"https:\/\/www.cannamm.com\/wp-content\/uploads\/2013\/10\/Refinery2.jpg","datePublished":"2013-10-02T16:00:51+00:00","dateModified":"2025-07-16T17:02:38+00:00","description":"CannAmm est un des plus grandes organisations de tests d'alcool et drogues au Canada avec des lieux de collecte partout au Canada et aux \u00c9tats-Unis.","inLanguage":"fr-FR","potentialAction":[{"@type":"ReadAction","target":["https:\/\/www.cannamm.com\/fr\/sites-de-collecte\/"]}]},{"@type":"ImageObject","inLanguage":"fr-FR","@id":"https:\/\/www.cannamm.com\/fr\/sites-de-collecte\/#primaryimage","url":"https:\/\/www.cannamm.com\/wp-content\/uploads\/2013\/10\/Refinery2.jpg","contentUrl":"https:\/\/www.cannamm.com\/wp-content\/uploads\/2013\/10\/Refinery2.jpg","width":1440,"height":316},{"@type":"WebSite","@id":"https:\/\/www.cannamm.com\/fr\/#website","url":"https:\/\/www.cannamm.com\/fr\/","name":"CannAmm Occupational Testing Services","description":"Occupational &amp; Employment Drug Testing Services Canada","publisher":{"@id":"https:\/\/www.cannamm.com\/fr\/#organization"},"potentialAction":[{"@type":"SearchAction","target":{"@type":"EntryPoint","urlTemplate":"https:\/\/www.cannamm.com\/fr\/?s={search_term_string}"},"query-input":{"@type":"PropertyValueSpecification","valueRequired":true,"valueName":"search_term_string"}}],"inLanguage":"fr-FR"},{"@type":"Organization","@id":"https:\/\/www.cannamm.com\/fr\/#organization","name":"CannAmm Occupational Testing","url":"https:\/\/www.cannamm.com\/fr\/","logo":{"@type":"ImageObject","inLanguage":"fr-FR","@id":"https:\/\/www.cannamm.com\/fr\/#\/schema\/logo\/image\/","url":"https:\/\/www.cannamm.com\/wp-content\/uploads\/2021\/04\/CannAmm-Square.jpg","contentUrl":"https:\/\/www.cannamm.com\/wp-content\/uploads\/2021\/04\/CannAmm-Square.jpg","width":400,"height":400,"caption":"CannAmm Occupational Testing"},"image":{"@id":"https:\/\/www.cannamm.com\/fr\/#\/schema\/logo\/image\/"},"sameAs":["https:\/\/www.facebook.com\/CannAmm\/","https:\/\/x.com\/CannAmm","https:\/\/www.linkedin.com\/company\/2537762"]}]}},"_links":{"self":[{"href":"https:\/\/www.cannamm.com\/fr\/wp-json\/wp\/v2\/pages\/5992","targetHints":{"allow":["GET"]}}],"collection":[{"href":"https:\/\/www.cannamm.com\/fr\/wp-json\/wp\/v2\/pages"}],"about":[{"href":"https:\/\/www.cannamm.com\/fr\/wp-json\/wp\/v2\/types\/page"}],"author":[{"embeddable":true,"href":"https:\/\/www.cannamm.com\/fr\/wp-json\/wp\/v2\/users\/27"}],"replies":[{"embeddable":true,"href":"https:\/\/www.cannamm.com\/fr\/wp-json\/wp\/v2\/comments?post=5992"}],"version-history":[{"count":0,"href":"https:\/\/www.cannamm.com\/fr\/wp-json\/wp\/v2\/pages\/5992\/revisions"}],"wp:featuredmedia":[{"embeddable":true,"href":"https:\/\/www.cannamm.com\/fr\/wp-json\/wp\/v2\/media\/5994"}],"wp:attachment":[{"href":"https:\/\/www.cannamm.com\/fr\/wp-json\/wp\/v2\/media?parent=5992"}],"curies":[{"name":"wp","href":"https:\/\/api.w.org\/{rel}","templated":true}]}}