{"id":5974,"date":"2013-10-02T15:58:55","date_gmt":"2013-10-02T15:58:55","guid":{"rendered":"https:\/\/www.cannamm.com\/tests-de-sante-au-travail\/"},"modified":"2024-04-16T10:13:16","modified_gmt":"2024-04-16T16:13:16","slug":"tests-de-sante-au-travail","status":"publish","type":"page","link":"https:\/\/www.cannamm.com\/fr\/services\/tests-de-sante-au-travail\/","title":{"rendered":"Tests de Sant\u00e9 au Travail"},"content":{"rendered":"<p>&nbsp;<\/p>\n<p>La sant\u00e9 et la s\u00e9curit\u00e9 au travail sont de plus en plus importantes. Les tests de sant\u00e9 au travail v\u00e9rifient l&rsquo;aptitude de chaque employ\u00e9 \u00e0 l&#8217;emploi sur le plan m\u00e9dical, en augmentant la sant\u00e9 sur le lieu de travail et la s\u00e9curit\u00e9 publique et en favorisant une culture privil\u00e9giant les valeurs de sant\u00e9 et de s\u00e9curit\u00e9.<\/p>\n<p>CannAmm propose des tests de sant\u00e9 au travail complets et totalement personnalisables dans toute l&rsquo;Am\u00e9rique du Nord qui r\u00e9pondent aux besoins particuliers de votre branche, partout o\u00f9 vous emm\u00e8ne votre activit\u00e9. Notre \u00e9quipe exp\u00e9riment\u00e9e vous aidera \u00e0 d\u00e9terminer les tests les mieux \u00e0 m\u00eame de r\u00e9aliser vos objectifs de sant\u00e9 et de s\u00e9curit\u00e9 au travail et\/ou de r\u00e9pondre aux prescriptions l\u00e9gales de mani\u00e8re \u00e9conomique et efficace.<\/p>\n<p>Nos services de tests en milieu professionnel incluent\u00a0:<\/p>\n<ul>\n<li><a href=\"https:\/\/www.cannamm.com\/fr\/services\/tests-de-sante-au-travail\/examens-medicaux-et-tests-daptitude-fonctionnelle\/\">Tests de condition physique<\/a><\/li>\n<li><a title=\"Hearing Testing\" href=\"https:\/\/www.cannamm.com\/fr\/services\/tests-de-sante-au-travail\/tests-daudition\/\">Tests d&rsquo;audition<\/a><\/li>\n<li><a title=\"Respiratory Testing\" href=\"https:\/\/www.cannamm.com\/fr\/services\/tests-de-sante-au-travail\/tests-respiratoires\/\">Tests respiratoires<\/a><\/li>\n<li><a title=\"Workplace Hazardous Exposure Monitoring\" href=\"https:\/\/www.cannamm.com\/fr\/services\/tests-de-sante-au-travail\/surveillance-dexposition-au-risque-en-milieu-de-travail\/\">Surveillance d&rsquo;exposition au risque sur le lieu de travail<\/a><\/li>\n<\/ul>\n<h3>Pourquoi choisir CannAmm pour vous aider \u00e0 \u00e9valuer et am\u00e9liorer la sant\u00e9 sur le lieu de travail\u00a0?<\/h3>\n<ul>\n<li><strong>Des r\u00e9sultats fiables.<\/strong>\u00a0En tant que premi\u00e8re entreprise canadienne \u00e0 proposer des programmes d&rsquo;aptitude au travail, nous disposons de l&rsquo;exp\u00e9rience et l&rsquo;expertise n\u00e9cessaires pour bien faire ce travail.<\/li>\n<li><strong>Nous nous en chargeons.<\/strong>\u00a0Lorsque nous rencontrons un r\u00e9sultat anormal ou critique, nous organisons des contre-tests par le biais du syst\u00e8me de sant\u00e9 provincial.<\/li>\n<li><strong>Nous vous retrouverons.<\/strong>\u00a0Nos pratiques et proc\u00e9dures d&rsquo;archivage sont bien sup\u00e9rieures \u00e0 celles l\u00e9galement prescrites et notre responsabilit\u00e9 est engag\u00e9e s&rsquo;il s&rsquo;av\u00e8re qu&rsquo;un test a \u00e9t\u00e9 mal effectu\u00e9. Enfin, nous avons mis en place des syst\u00e8mes permettant de garantir la confidentialit\u00e9 d&rsquo;informations m\u00e9dicales d&rsquo;ordre priv\u00e9.<\/li>\n<li><strong>Nous pouvons intervenir dans tout le pays.<\/strong>\u00a0Nos tests r\u00e9pondent \u00e0 tous les minima provinciaux pour vous laisser toute la souplesse pour satisfaire aux besoins en effectifs.<\/li>\n<\/ul>\n<blockquote>\n<p>Quel que soit votre besoin, nous pouvons \u00eatre utiles.<i><\/i><\/p>\n<\/blockquote>\n<p>Quel que soit le test de d\u00e9pistage au travail qu&rsquo;il vous faut, nous pouvons \u00eatre utiles. Nos syst\u00e8mes innovants et \u00e9prouv\u00e9s nous permettent d&rsquo;adapter votre programme de d\u00e9pistage aux besoins de votre entreprise, notamment en veillant \u00e0 ne transmettre les r\u00e9sultats qu&rsquo;aux personnes concern\u00e9es des diff\u00e9rents sites et projets. Si vous devez tester 50 personnes par jour, soyez assur\u00e9 que le travail sera fait.<\/p>\n<a href=\"https:\/\/www.cannamm.com\/fr\/contact\/\" class=\"slashes red\">Contactez-nous d\u00e8s aujourd&rsquo;hui pour d\u00e9couvrir comment nous pouvons vous aider ou pour organiser des tests.<\/a>\n<p>&nbsp;<\/p>\n","protected":false},"excerpt":{"rendered":"<p>&nbsp; La sant\u00e9 et la s\u00e9curit\u00e9 au travail sont de plus en plus importantes. Les tests<\/p>\n","protected":false},"author":26,"featured_media":5959,"parent":5967,"menu_order":0,"comment_status":"closed","ping_status":"closed","template":"page-sidebar.php","meta":{"_acf_changed":false,"inline_featured_image":false,"iawp_total_views":173,"footnotes":""},"class_list":["post-5974","page","type-page","status-publish","has-post-thumbnail","hentry"],"acf":[],"yoast_head":"<!-- This site is optimized with the Yoast SEO plugin v27.3 - https:\/\/yoast.com\/product\/yoast-seo-wordpress\/ -->\n<title>Tests de Sant\u00e9 au Travail | CannAmm Occupational Testing Services<\/title>\n<meta name=\"description\" content=\"CannAmm propose des tests de sant\u00e9 au travail, notamment des tests PFT, des audiogrammes et d&#039;autres tests de sant\u00e9. Appelez pour en savoir plus.\" \/>\n<meta name=\"robots\" content=\"index, follow, max-snippet:-1, max-image-preview:large, max-video-preview:-1\" \/>\n<link rel=\"canonical\" href=\"https:\/\/www.cannamm.com\/fr\/services\/tests-de-sante-au-travail\/\" \/>\n<meta property=\"og:locale\" content=\"fr_FR\" \/>\n<meta property=\"og:type\" content=\"article\" \/>\n<meta property=\"og:title\" content=\"Tests de Sant\u00e9 au Travail | CannAmm Occupational Testing Services\" \/>\n<meta property=\"og:description\" content=\"CannAmm propose des tests de sant\u00e9 au travail, notamment des tests PFT, des audiogrammes et d&#039;autres tests de sant\u00e9. Appelez pour en savoir plus.\" \/>\n<meta property=\"og:url\" content=\"https:\/\/www.cannamm.com\/fr\/services\/tests-de-sante-au-travail\/\" \/>\n<meta property=\"og:site_name\" content=\"CannAmm Occupational Testing Services\" \/>\n<meta property=\"article:publisher\" content=\"https:\/\/www.facebook.com\/CannAmm\/\" \/>\n<meta property=\"article:modified_time\" content=\"2024-04-16T16:13:16+00:00\" \/>\n<meta property=\"og:image\" content=\"https:\/\/www.cannamm.com\/wp-content\/uploads\/2013\/12\/Refinery.jpg\" \/>\n\t<meta property=\"og:image:width\" content=\"1440\" \/>\n\t<meta property=\"og:image:height\" content=\"745\" \/>\n\t<meta property=\"og:image:type\" content=\"image\/jpeg\" \/>\n<meta name=\"twitter:card\" content=\"summary_large_image\" \/>\n<meta name=\"twitter:site\" content=\"@CannAmm\" \/>\n<meta name=\"twitter:label1\" content=\"Dur\u00e9e de lecture estim\u00e9e\" \/>\n\t<meta name=\"twitter:data1\" content=\"2 minutes\" \/>\n<script type=\"application\/ld+json\" class=\"yoast-schema-graph\">{\"@context\":\"https:\\\/\\\/schema.org\",\"@graph\":[{\"@type\":\"WebPage\",\"@id\":\"https:\\\/\\\/www.cannamm.com\\\/fr\\\/services\\\/tests-de-sante-au-travail\\\/\",\"url\":\"https:\\\/\\\/www.cannamm.com\\\/fr\\\/services\\\/tests-de-sante-au-travail\\\/\",\"name\":\"Tests de Sant\u00e9 au Travail | CannAmm Occupational Testing Services\",\"isPartOf\":{\"@id\":\"https:\\\/\\\/www.cannamm.com\\\/fr\\\/#website\"},\"primaryImageOfPage\":{\"@id\":\"https:\\\/\\\/www.cannamm.com\\\/fr\\\/services\\\/tests-de-sante-au-travail\\\/#primaryimage\"},\"image\":{\"@id\":\"https:\\\/\\\/www.cannamm.com\\\/fr\\\/services\\\/tests-de-sante-au-travail\\\/#primaryimage\"},\"thumbnailUrl\":\"https:\\\/\\\/www.cannamm.com\\\/wp-content\\\/uploads\\\/2013\\\/12\\\/Refinery.jpg\",\"datePublished\":\"2013-10-02T15:58:55+00:00\",\"dateModified\":\"2024-04-16T16:13:16+00:00\",\"description\":\"CannAmm propose des tests de sant\u00e9 au travail, notamment des tests PFT, des audiogrammes et d'autres tests de sant\u00e9. Appelez pour en savoir plus.\",\"breadcrumb\":{\"@id\":\"https:\\\/\\\/www.cannamm.com\\\/fr\\\/services\\\/tests-de-sante-au-travail\\\/#breadcrumb\"},\"inLanguage\":\"fr-FR\",\"potentialAction\":[{\"@type\":\"ReadAction\",\"target\":[\"https:\\\/\\\/www.cannamm.com\\\/fr\\\/services\\\/tests-de-sante-au-travail\\\/\"]}]},{\"@type\":\"ImageObject\",\"inLanguage\":\"fr-FR\",\"@id\":\"https:\\\/\\\/www.cannamm.com\\\/fr\\\/services\\\/tests-de-sante-au-travail\\\/#primaryimage\",\"url\":\"https:\\\/\\\/www.cannamm.com\\\/wp-content\\\/uploads\\\/2013\\\/12\\\/Refinery.jpg\",\"contentUrl\":\"https:\\\/\\\/www.cannamm.com\\\/wp-content\\\/uploads\\\/2013\\\/12\\\/Refinery.jpg\",\"width\":1440,\"height\":745},{\"@type\":\"BreadcrumbList\",\"@id\":\"https:\\\/\\\/www.cannamm.com\\\/fr\\\/services\\\/tests-de-sante-au-travail\\\/#breadcrumb\",\"itemListElement\":[{\"@type\":\"ListItem\",\"position\":1,\"name\":\"Services\",\"item\":\"https:\\\/\\\/www.cannamm.com\\\/fr\\\/services\\\/\"},{\"@type\":\"ListItem\",\"position\":2,\"name\":\"Tests de Sant\u00e9 au Travail\"}]},{\"@type\":\"WebSite\",\"@id\":\"https:\\\/\\\/www.cannamm.com\\\/fr\\\/#website\",\"url\":\"https:\\\/\\\/www.cannamm.com\\\/fr\\\/\",\"name\":\"CannAmm Occupational Testing Services\",\"description\":\"Occupational &amp; Employment Drug Testing Services Canada\",\"publisher\":{\"@id\":\"https:\\\/\\\/www.cannamm.com\\\/fr\\\/#organization\"},\"potentialAction\":[{\"@type\":\"SearchAction\",\"target\":{\"@type\":\"EntryPoint\",\"urlTemplate\":\"https:\\\/\\\/www.cannamm.com\\\/fr\\\/?s={search_term_string}\"},\"query-input\":{\"@type\":\"PropertyValueSpecification\",\"valueRequired\":true,\"valueName\":\"search_term_string\"}}],\"inLanguage\":\"fr-FR\"},{\"@type\":\"Organization\",\"@id\":\"https:\\\/\\\/www.cannamm.com\\\/fr\\\/#organization\",\"name\":\"CannAmm Occupational Testing\",\"url\":\"https:\\\/\\\/www.cannamm.com\\\/fr\\\/\",\"logo\":{\"@type\":\"ImageObject\",\"inLanguage\":\"fr-FR\",\"@id\":\"https:\\\/\\\/www.cannamm.com\\\/fr\\\/#\\\/schema\\\/logo\\\/image\\\/\",\"url\":\"https:\\\/\\\/www.cannamm.com\\\/wp-content\\\/uploads\\\/2021\\\/04\\\/CannAmm-Square.jpg\",\"contentUrl\":\"https:\\\/\\\/www.cannamm.com\\\/wp-content\\\/uploads\\\/2021\\\/04\\\/CannAmm-Square.jpg\",\"width\":400,\"height\":400,\"caption\":\"CannAmm Occupational Testing\"},\"image\":{\"@id\":\"https:\\\/\\\/www.cannamm.com\\\/fr\\\/#\\\/schema\\\/logo\\\/image\\\/\"},\"sameAs\":[\"https:\\\/\\\/www.facebook.com\\\/CannAmm\\\/\",\"https:\\\/\\\/x.com\\\/CannAmm\",\"https:\\\/\\\/www.linkedin.com\\\/company\\\/2537762\"]}]}<\/script>\n<!-- \/ Yoast SEO plugin. -->","yoast_head_json":{"title":"Tests de Sant\u00e9 au Travail | CannAmm Occupational Testing Services","description":"CannAmm propose des tests de sant\u00e9 au travail, notamment des tests PFT, des audiogrammes et d'autres tests de sant\u00e9. Appelez pour en savoir plus.","robots":{"index":"index","follow":"follow","max-snippet":"max-snippet:-1","max-image-preview":"max-image-preview:large","max-video-preview":"max-video-preview:-1"},"canonical":"https:\/\/www.cannamm.com\/fr\/services\/tests-de-sante-au-travail\/","og_locale":"fr_FR","og_type":"article","og_title":"Tests de Sant\u00e9 au Travail | CannAmm Occupational Testing Services","og_description":"CannAmm propose des tests de sant\u00e9 au travail, notamment des tests PFT, des audiogrammes et d'autres tests de sant\u00e9. Appelez pour en savoir plus.","og_url":"https:\/\/www.cannamm.com\/fr\/services\/tests-de-sante-au-travail\/","og_site_name":"CannAmm Occupational Testing Services","article_publisher":"https:\/\/www.facebook.com\/CannAmm\/","article_modified_time":"2024-04-16T16:13:16+00:00","og_image":[{"width":1440,"height":745,"url":"https:\/\/www.cannamm.com\/wp-content\/uploads\/2013\/12\/Refinery.jpg","type":"image\/jpeg"}],"twitter_card":"summary_large_image","twitter_site":"@CannAmm","twitter_misc":{"Dur\u00e9e de lecture estim\u00e9e":"2 minutes"},"schema":{"@context":"https:\/\/schema.org","@graph":[{"@type":"WebPage","@id":"https:\/\/www.cannamm.com\/fr\/services\/tests-de-sante-au-travail\/","url":"https:\/\/www.cannamm.com\/fr\/services\/tests-de-sante-au-travail\/","name":"Tests de Sant\u00e9 au Travail | CannAmm Occupational Testing Services","isPartOf":{"@id":"https:\/\/www.cannamm.com\/fr\/#website"},"primaryImageOfPage":{"@id":"https:\/\/www.cannamm.com\/fr\/services\/tests-de-sante-au-travail\/#primaryimage"},"image":{"@id":"https:\/\/www.cannamm.com\/fr\/services\/tests-de-sante-au-travail\/#primaryimage"},"thumbnailUrl":"https:\/\/www.cannamm.com\/wp-content\/uploads\/2013\/12\/Refinery.jpg","datePublished":"2013-10-02T15:58:55+00:00","dateModified":"2024-04-16T16:13:16+00:00","description":"CannAmm propose des tests de sant\u00e9 au travail, notamment des tests PFT, des audiogrammes et d'autres tests de sant\u00e9. Appelez pour en savoir plus.","breadcrumb":{"@id":"https:\/\/www.cannamm.com\/fr\/services\/tests-de-sante-au-travail\/#breadcrumb"},"inLanguage":"fr-FR","potentialAction":[{"@type":"ReadAction","target":["https:\/\/www.cannamm.com\/fr\/services\/tests-de-sante-au-travail\/"]}]},{"@type":"ImageObject","inLanguage":"fr-FR","@id":"https:\/\/www.cannamm.com\/fr\/services\/tests-de-sante-au-travail\/#primaryimage","url":"https:\/\/www.cannamm.com\/wp-content\/uploads\/2013\/12\/Refinery.jpg","contentUrl":"https:\/\/www.cannamm.com\/wp-content\/uploads\/2013\/12\/Refinery.jpg","width":1440,"height":745},{"@type":"BreadcrumbList","@id":"https:\/\/www.cannamm.com\/fr\/services\/tests-de-sante-au-travail\/#breadcrumb","itemListElement":[{"@type":"ListItem","position":1,"name":"Services","item":"https:\/\/www.cannamm.com\/fr\/services\/"},{"@type":"ListItem","position":2,"name":"Tests de Sant\u00e9 au Travail"}]},{"@type":"WebSite","@id":"https:\/\/www.cannamm.com\/fr\/#website","url":"https:\/\/www.cannamm.com\/fr\/","name":"CannAmm Occupational Testing Services","description":"Occupational &amp; Employment Drug Testing Services Canada","publisher":{"@id":"https:\/\/www.cannamm.com\/fr\/#organization"},"potentialAction":[{"@type":"SearchAction","target":{"@type":"EntryPoint","urlTemplate":"https:\/\/www.cannamm.com\/fr\/?s={search_term_string}"},"query-input":{"@type":"PropertyValueSpecification","valueRequired":true,"valueName":"search_term_string"}}],"inLanguage":"fr-FR"},{"@type":"Organization","@id":"https:\/\/www.cannamm.com\/fr\/#organization","name":"CannAmm Occupational Testing","url":"https:\/\/www.cannamm.com\/fr\/","logo":{"@type":"ImageObject","inLanguage":"fr-FR","@id":"https:\/\/www.cannamm.com\/fr\/#\/schema\/logo\/image\/","url":"https:\/\/www.cannamm.com\/wp-content\/uploads\/2021\/04\/CannAmm-Square.jpg","contentUrl":"https:\/\/www.cannamm.com\/wp-content\/uploads\/2021\/04\/CannAmm-Square.jpg","width":400,"height":400,"caption":"CannAmm Occupational Testing"},"image":{"@id":"https:\/\/www.cannamm.com\/fr\/#\/schema\/logo\/image\/"},"sameAs":["https:\/\/www.facebook.com\/CannAmm\/","https:\/\/x.com\/CannAmm","https:\/\/www.linkedin.com\/company\/2537762"]}]}},"_links":{"self":[{"href":"https:\/\/www.cannamm.com\/fr\/wp-json\/wp\/v2\/pages\/5974","targetHints":{"allow":["GET"]}}],"collection":[{"href":"https:\/\/www.cannamm.com\/fr\/wp-json\/wp\/v2\/pages"}],"about":[{"href":"https:\/\/www.cannamm.com\/fr\/wp-json\/wp\/v2\/types\/page"}],"author":[{"embeddable":true,"href":"https:\/\/www.cannamm.com\/fr\/wp-json\/wp\/v2\/users\/26"}],"replies":[{"embeddable":true,"href":"https:\/\/www.cannamm.com\/fr\/wp-json\/wp\/v2\/comments?post=5974"}],"version-history":[{"count":0,"href":"https:\/\/www.cannamm.com\/fr\/wp-json\/wp\/v2\/pages\/5974\/revisions"}],"up":[{"embeddable":true,"href":"https:\/\/www.cannamm.com\/fr\/wp-json\/wp\/v2\/pages\/5967"}],"wp:featuredmedia":[{"embeddable":true,"href":"https:\/\/www.cannamm.com\/fr\/wp-json\/wp\/v2\/media\/5959"}],"wp:attachment":[{"href":"https:\/\/www.cannamm.com\/fr\/wp-json\/wp\/v2\/media?parent=5974"}],"curies":[{"name":"wp","href":"https:\/\/api.w.org\/{rel}","templated":true}]}}