{"id":5971,"date":"2013-10-02T15:55:56","date_gmt":"2013-10-02T15:55:56","guid":{"rendered":"https:\/\/www.cannamm.com\/test-de-depistage-de-drogue-dans-lurine\/"},"modified":"2024-05-09T16:19:01","modified_gmt":"2024-05-09T22:19:01","slug":"test-de-depistage-de-drogue-dans-lurine","status":"publish","type":"page","link":"https:\/\/www.cannamm.com\/fr\/services\/tests-de-depistage-de-drogue-et-dalcool\/test-de-depistage-de-drogue-dans-lurine\/","title":{"rendered":"Test de D\u00e9pistage de Drogue dans L&rsquo;urine"},"content":{"rendered":"<p>&nbsp;<\/p>\n<h3>Vos experts des tests de d\u00e9pistage de drogue dans l&rsquo;urine<\/h3>\n<p>Nos services de test de d\u00e9pistage de drogue dans l&rsquo;urine offrent des r\u00e9sultats tr\u00e8s pr\u00e9cis et sur lesquels vous pouvez vous fier. Puisqu&rsquo;un test de d\u00e9pistage de drogue dans l&rsquo;urine effectu\u00e9 en laboratoire est plus pr\u00e9cis <strong>que les autres types de test de d\u00e9pistage de drogue dans l&rsquo;urine, nous recommandons que les test de d\u00e9pistage de drogue dans l&rsquo;urine soient effectu\u00e9s en laboratoire,<\/strong> \u00e9tant la solution la plus fiable, si vous pouvez toutefois attendre pour les r\u00e9sultats des tests de d\u00e9pistage de drogue dans l&rsquo;urine. Nos tests de d\u00e9pistage de drogue dans l&rsquo;urine effectu\u00e9s en laboratoire vous offrent le type de r\u00e9sultats qui sont les plus d\u00e9fendables l\u00e9galement, ils sont reconnus par la <a href=\"https:\/\/www.cannamm.com\/fr\/employeurs\/reglementation-canadienne-en-matiere-de-depistage\/\">Construction Owners Association of Alberta (COAA), par Canadian Model<\/a> et par<a href=\"https:\/\/www.cannamm.com\/fr\/employeurs\/reglementation-canadienne-en-matiere-de-depistage\/\"> le d\u00e9partement am\u00e9ricain des transports (DOT) <\/a>comme \u00e9tant la meilleure pratique au sein de l&rsquo;industrie des tests de d\u00e9pistage. Nous offrons trois types de tests de d\u00e9pistage de drogue dans l&rsquo;urine : \uf0a7<\/p>\n<ul>\n<li>Test \u00e0 5 panneaux et \u00e0 panneaux \u00e9tendus \uf0a7<\/li>\n<li><a href=\"https:\/\/www.cannamm.com\/fr\/services\/tests-de-depistage-de-drogue-et-dalcool\/test-de-depistage-de-drogue-dans-lurine\/test-express-tpc\/\">Test express\/test au point de collecte (POCT)<\/a><\/li>\n<\/ul>\n<h3>Pourquoi choisir CannAmm pour un test de d\u00e9pistage de drogue dans l&rsquo;urine ?<\/h3>\n<ul>\n<li>\u00a0Pour un acc\u00e8s \u00e0 des milliers de <a title=\"Collection Sites\" href=\"https:\/\/www.cannamm.com\/fr\/sites-de-collecte\/\">sites de collecte<\/a>, au Canada et aux \u00c9tats-Unis, et <a title=\"Mobile Drug Testing\" href=\"https:\/\/www.cannamm.com\/fr\/services\/tests-de-depistage-de-drogue-et-dalcool\/tests-de-depistage-de-drogue-mobile\/\">\u00e0 des tests mobiles de d\u00e9pistage de drogue<\/a>\u00a0disponibles \u00e0 votre lieu de travail<\/li>\n<li>Une conformit\u00e9 avec les normes les plus strictes en mati\u00e8re de test et \u00e0 des cadres de politiques con\u00e7ues pour vous assurer que vos programmes de d\u00e9pistage seront d\u00e9fendables l\u00e9galement, tant pour les organisations syndiqu\u00e9es que non-syndiqu\u00e9es \uf0a7<\/li>\n<li>Nos techniciens hautement qualifi\u00e9s et enti\u00e8rement certifi\u00e9s, \u00e9quip\u00e9s pour traiter vos gens avec respect et pour assurer que leurs tests seront effectu\u00e9s rapidement aussi pour leur permettre de se rendre au travail<\/li>\n<li>Nous traitons toutes les situations sensibles et de mani\u00e8re appropri\u00e9e, nos syst\u00e8mes et proc\u00e9d\u00e9s sont con\u00e7us pour traiter ad\u00e9quatement l&rsquo;information sensible et confidentielle<\/li>\n<\/ul>\n<a href=\"https:\/\/www.cannamm.com\/fr\/contact\/\" class=\"slashes red\">Communiquez avec nous d\u00e8s aujourd&rsquo;hui pour savoir en quoi nous pouvons vous aider ou pour organiser des tests mobiles de d\u00e9pistage.<\/a>\n<p>&nbsp;<\/p>\n","protected":false},"excerpt":{"rendered":"<p>&nbsp; Vos experts des tests de d\u00e9pistage de drogue dans l&rsquo;urine Nos services de test de<\/p>\n","protected":false},"author":27,"featured_media":5970,"parent":5969,"menu_order":1,"comment_status":"closed","ping_status":"closed","template":"page-sidebar.php","meta":{"_acf_changed":false,"inline_featured_image":false,"iawp_total_views":53,"footnotes":""},"class_list":["post-5971","page","type-page","status-publish","has-post-thumbnail","hentry"],"acf":[],"yoast_head":"<!-- This site is optimized with the Yoast SEO plugin v27.5 - https:\/\/yoast.com\/product\/yoast-seo-wordpress\/ -->\n<title>Test de D\u00e9pistage de Drogue dans L&#039;urine | CannAmm<\/title>\n<meta name=\"description\" content=\"Les services de d\u00e9pistage de drogues dans l&#039;urine de CannAmm fournissent des r\u00e9sultats pr\u00e9cis et juridiquement d\u00e9fendables. Prenez rendez-vous aujourd&#039;hui.\" \/>\n<meta name=\"robots\" content=\"index, follow, max-snippet:-1, max-image-preview:large, max-video-preview:-1\" \/>\n<link rel=\"canonical\" href=\"https:\/\/www.cannamm.com\/fr\/services\/tests-de-depistage-de-drogue-et-dalcool\/test-de-depistage-de-drogue-dans-lurine\/\" \/>\n<meta property=\"og:locale\" content=\"fr_FR\" \/>\n<meta property=\"og:type\" content=\"article\" \/>\n<meta property=\"og:title\" content=\"Test de D\u00e9pistage de Drogue dans L&#039;urine | CannAmm\" \/>\n<meta property=\"og:description\" content=\"Les services de d\u00e9pistage de drogues dans l&#039;urine de CannAmm fournissent des r\u00e9sultats pr\u00e9cis et juridiquement d\u00e9fendables. Prenez rendez-vous aujourd&#039;hui.\" \/>\n<meta property=\"og:url\" content=\"https:\/\/www.cannamm.com\/fr\/services\/tests-de-depistage-de-drogue-et-dalcool\/test-de-depistage-de-drogue-dans-lurine\/\" \/>\n<meta property=\"og:site_name\" content=\"CannAmm Occupational Testing Services\" \/>\n<meta property=\"article:publisher\" content=\"https:\/\/www.facebook.com\/CannAmm\/\" \/>\n<meta property=\"article:modified_time\" content=\"2024-05-09T22:19:01+00:00\" \/>\n<meta property=\"og:image\" content=\"https:\/\/www.cannamm.com\/wp-content\/uploads\/2013\/12\/Hardhat.jpg\" \/>\n\t<meta property=\"og:image:width\" content=\"1440\" \/>\n\t<meta property=\"og:image:height\" content=\"677\" \/>\n\t<meta property=\"og:image:type\" content=\"image\/jpeg\" \/>\n<meta name=\"twitter:card\" content=\"summary_large_image\" \/>\n<meta name=\"twitter:site\" content=\"@CannAmm\" \/>\n<meta name=\"twitter:label1\" content=\"Dur\u00e9e de lecture estim\u00e9e\" \/>\n\t<meta name=\"twitter:data1\" content=\"2 minutes\" \/>\n<script type=\"application\/ld+json\" class=\"yoast-schema-graph\">{\"@context\":\"https:\\\/\\\/schema.org\",\"@graph\":[{\"@type\":\"WebPage\",\"@id\":\"https:\\\/\\\/www.cannamm.com\\\/fr\\\/services\\\/tests-de-depistage-de-drogue-et-dalcool\\\/test-de-depistage-de-drogue-dans-lurine\\\/\",\"url\":\"https:\\\/\\\/www.cannamm.com\\\/fr\\\/services\\\/tests-de-depistage-de-drogue-et-dalcool\\\/test-de-depistage-de-drogue-dans-lurine\\\/\",\"name\":\"Test de D\u00e9pistage de Drogue dans L'urine | CannAmm\",\"isPartOf\":{\"@id\":\"https:\\\/\\\/www.cannamm.com\\\/fr\\\/#website\"},\"primaryImageOfPage\":{\"@id\":\"https:\\\/\\\/www.cannamm.com\\\/fr\\\/services\\\/tests-de-depistage-de-drogue-et-dalcool\\\/test-de-depistage-de-drogue-dans-lurine\\\/#primaryimage\"},\"image\":{\"@id\":\"https:\\\/\\\/www.cannamm.com\\\/fr\\\/services\\\/tests-de-depistage-de-drogue-et-dalcool\\\/test-de-depistage-de-drogue-dans-lurine\\\/#primaryimage\"},\"thumbnailUrl\":\"https:\\\/\\\/www.cannamm.com\\\/wp-content\\\/uploads\\\/2013\\\/12\\\/Hardhat.jpg\",\"datePublished\":\"2013-10-02T15:55:56+00:00\",\"dateModified\":\"2024-05-09T22:19:01+00:00\",\"description\":\"Les services de d\u00e9pistage de drogues dans l'urine de CannAmm fournissent des r\u00e9sultats pr\u00e9cis et juridiquement d\u00e9fendables. Prenez rendez-vous aujourd'hui.\",\"breadcrumb\":{\"@id\":\"https:\\\/\\\/www.cannamm.com\\\/fr\\\/services\\\/tests-de-depistage-de-drogue-et-dalcool\\\/test-de-depistage-de-drogue-dans-lurine\\\/#breadcrumb\"},\"inLanguage\":\"fr-FR\",\"potentialAction\":[{\"@type\":\"ReadAction\",\"target\":[\"https:\\\/\\\/www.cannamm.com\\\/fr\\\/services\\\/tests-de-depistage-de-drogue-et-dalcool\\\/test-de-depistage-de-drogue-dans-lurine\\\/\"]}]},{\"@type\":\"ImageObject\",\"inLanguage\":\"fr-FR\",\"@id\":\"https:\\\/\\\/www.cannamm.com\\\/fr\\\/services\\\/tests-de-depistage-de-drogue-et-dalcool\\\/test-de-depistage-de-drogue-dans-lurine\\\/#primaryimage\",\"url\":\"https:\\\/\\\/www.cannamm.com\\\/wp-content\\\/uploads\\\/2013\\\/12\\\/Hardhat.jpg\",\"contentUrl\":\"https:\\\/\\\/www.cannamm.com\\\/wp-content\\\/uploads\\\/2013\\\/12\\\/Hardhat.jpg\",\"width\":1440,\"height\":677},{\"@type\":\"BreadcrumbList\",\"@id\":\"https:\\\/\\\/www.cannamm.com\\\/fr\\\/services\\\/tests-de-depistage-de-drogue-et-dalcool\\\/test-de-depistage-de-drogue-dans-lurine\\\/#breadcrumb\",\"itemListElement\":[{\"@type\":\"ListItem\",\"position\":1,\"name\":\"Services\",\"item\":\"https:\\\/\\\/www.cannamm.com\\\/fr\\\/services\\\/\"},{\"@type\":\"ListItem\",\"position\":2,\"name\":\"Tests de d\u00e9pistage de drogue et d\u2019alcool\",\"item\":\"https:\\\/\\\/www.cannamm.com\\\/fr\\\/services\\\/tests-de-depistage-de-drogue-et-dalcool\\\/\"},{\"@type\":\"ListItem\",\"position\":3,\"name\":\"Test de D\u00e9pistage de Drogue dans L&#8217;urine\"}]},{\"@type\":\"WebSite\",\"@id\":\"https:\\\/\\\/www.cannamm.com\\\/fr\\\/#website\",\"url\":\"https:\\\/\\\/www.cannamm.com\\\/fr\\\/\",\"name\":\"CannAmm Occupational Testing Services\",\"description\":\"Occupational &amp; Employment Drug Testing Services Canada\",\"publisher\":{\"@id\":\"https:\\\/\\\/www.cannamm.com\\\/fr\\\/#organization\"},\"potentialAction\":[{\"@type\":\"SearchAction\",\"target\":{\"@type\":\"EntryPoint\",\"urlTemplate\":\"https:\\\/\\\/www.cannamm.com\\\/fr\\\/?s={search_term_string}\"},\"query-input\":{\"@type\":\"PropertyValueSpecification\",\"valueRequired\":true,\"valueName\":\"search_term_string\"}}],\"inLanguage\":\"fr-FR\"},{\"@type\":\"Organization\",\"@id\":\"https:\\\/\\\/www.cannamm.com\\\/fr\\\/#organization\",\"name\":\"CannAmm Occupational Testing\",\"url\":\"https:\\\/\\\/www.cannamm.com\\\/fr\\\/\",\"logo\":{\"@type\":\"ImageObject\",\"inLanguage\":\"fr-FR\",\"@id\":\"https:\\\/\\\/www.cannamm.com\\\/fr\\\/#\\\/schema\\\/logo\\\/image\\\/\",\"url\":\"https:\\\/\\\/www.cannamm.com\\\/wp-content\\\/uploads\\\/2021\\\/04\\\/CannAmm-Square.jpg\",\"contentUrl\":\"https:\\\/\\\/www.cannamm.com\\\/wp-content\\\/uploads\\\/2021\\\/04\\\/CannAmm-Square.jpg\",\"width\":400,\"height\":400,\"caption\":\"CannAmm Occupational Testing\"},\"image\":{\"@id\":\"https:\\\/\\\/www.cannamm.com\\\/fr\\\/#\\\/schema\\\/logo\\\/image\\\/\"},\"sameAs\":[\"https:\\\/\\\/www.facebook.com\\\/CannAmm\\\/\",\"https:\\\/\\\/x.com\\\/CannAmm\",\"https:\\\/\\\/www.linkedin.com\\\/company\\\/2537762\"]}]}<\/script>\n<!-- \/ Yoast SEO plugin. -->","yoast_head_json":{"title":"Test de D\u00e9pistage de Drogue dans L'urine | CannAmm","description":"Les services de d\u00e9pistage de drogues dans l'urine de CannAmm fournissent des r\u00e9sultats pr\u00e9cis et juridiquement d\u00e9fendables. Prenez rendez-vous aujourd'hui.","robots":{"index":"index","follow":"follow","max-snippet":"max-snippet:-1","max-image-preview":"max-image-preview:large","max-video-preview":"max-video-preview:-1"},"canonical":"https:\/\/www.cannamm.com\/fr\/services\/tests-de-depistage-de-drogue-et-dalcool\/test-de-depistage-de-drogue-dans-lurine\/","og_locale":"fr_FR","og_type":"article","og_title":"Test de D\u00e9pistage de Drogue dans L'urine | CannAmm","og_description":"Les services de d\u00e9pistage de drogues dans l'urine de CannAmm fournissent des r\u00e9sultats pr\u00e9cis et juridiquement d\u00e9fendables. Prenez rendez-vous aujourd'hui.","og_url":"https:\/\/www.cannamm.com\/fr\/services\/tests-de-depistage-de-drogue-et-dalcool\/test-de-depistage-de-drogue-dans-lurine\/","og_site_name":"CannAmm Occupational Testing Services","article_publisher":"https:\/\/www.facebook.com\/CannAmm\/","article_modified_time":"2024-05-09T22:19:01+00:00","og_image":[{"width":1440,"height":677,"url":"https:\/\/www.cannamm.com\/wp-content\/uploads\/2013\/12\/Hardhat.jpg","type":"image\/jpeg"}],"twitter_card":"summary_large_image","twitter_site":"@CannAmm","twitter_misc":{"Dur\u00e9e de lecture estim\u00e9e":"2 minutes"},"schema":{"@context":"https:\/\/schema.org","@graph":[{"@type":"WebPage","@id":"https:\/\/www.cannamm.com\/fr\/services\/tests-de-depistage-de-drogue-et-dalcool\/test-de-depistage-de-drogue-dans-lurine\/","url":"https:\/\/www.cannamm.com\/fr\/services\/tests-de-depistage-de-drogue-et-dalcool\/test-de-depistage-de-drogue-dans-lurine\/","name":"Test de D\u00e9pistage de Drogue dans L'urine | CannAmm","isPartOf":{"@id":"https:\/\/www.cannamm.com\/fr\/#website"},"primaryImageOfPage":{"@id":"https:\/\/www.cannamm.com\/fr\/services\/tests-de-depistage-de-drogue-et-dalcool\/test-de-depistage-de-drogue-dans-lurine\/#primaryimage"},"image":{"@id":"https:\/\/www.cannamm.com\/fr\/services\/tests-de-depistage-de-drogue-et-dalcool\/test-de-depistage-de-drogue-dans-lurine\/#primaryimage"},"thumbnailUrl":"https:\/\/www.cannamm.com\/wp-content\/uploads\/2013\/12\/Hardhat.jpg","datePublished":"2013-10-02T15:55:56+00:00","dateModified":"2024-05-09T22:19:01+00:00","description":"Les services de d\u00e9pistage de drogues dans l'urine de CannAmm fournissent des r\u00e9sultats pr\u00e9cis et juridiquement d\u00e9fendables. Prenez rendez-vous aujourd'hui.","breadcrumb":{"@id":"https:\/\/www.cannamm.com\/fr\/services\/tests-de-depistage-de-drogue-et-dalcool\/test-de-depistage-de-drogue-dans-lurine\/#breadcrumb"},"inLanguage":"fr-FR","potentialAction":[{"@type":"ReadAction","target":["https:\/\/www.cannamm.com\/fr\/services\/tests-de-depistage-de-drogue-et-dalcool\/test-de-depistage-de-drogue-dans-lurine\/"]}]},{"@type":"ImageObject","inLanguage":"fr-FR","@id":"https:\/\/www.cannamm.com\/fr\/services\/tests-de-depistage-de-drogue-et-dalcool\/test-de-depistage-de-drogue-dans-lurine\/#primaryimage","url":"https:\/\/www.cannamm.com\/wp-content\/uploads\/2013\/12\/Hardhat.jpg","contentUrl":"https:\/\/www.cannamm.com\/wp-content\/uploads\/2013\/12\/Hardhat.jpg","width":1440,"height":677},{"@type":"BreadcrumbList","@id":"https:\/\/www.cannamm.com\/fr\/services\/tests-de-depistage-de-drogue-et-dalcool\/test-de-depistage-de-drogue-dans-lurine\/#breadcrumb","itemListElement":[{"@type":"ListItem","position":1,"name":"Services","item":"https:\/\/www.cannamm.com\/fr\/services\/"},{"@type":"ListItem","position":2,"name":"Tests de d\u00e9pistage de drogue et d\u2019alcool","item":"https:\/\/www.cannamm.com\/fr\/services\/tests-de-depistage-de-drogue-et-dalcool\/"},{"@type":"ListItem","position":3,"name":"Test de D\u00e9pistage de Drogue dans L&#8217;urine"}]},{"@type":"WebSite","@id":"https:\/\/www.cannamm.com\/fr\/#website","url":"https:\/\/www.cannamm.com\/fr\/","name":"CannAmm Occupational Testing Services","description":"Occupational &amp; Employment Drug Testing Services Canada","publisher":{"@id":"https:\/\/www.cannamm.com\/fr\/#organization"},"potentialAction":[{"@type":"SearchAction","target":{"@type":"EntryPoint","urlTemplate":"https:\/\/www.cannamm.com\/fr\/?s={search_term_string}"},"query-input":{"@type":"PropertyValueSpecification","valueRequired":true,"valueName":"search_term_string"}}],"inLanguage":"fr-FR"},{"@type":"Organization","@id":"https:\/\/www.cannamm.com\/fr\/#organization","name":"CannAmm Occupational Testing","url":"https:\/\/www.cannamm.com\/fr\/","logo":{"@type":"ImageObject","inLanguage":"fr-FR","@id":"https:\/\/www.cannamm.com\/fr\/#\/schema\/logo\/image\/","url":"https:\/\/www.cannamm.com\/wp-content\/uploads\/2021\/04\/CannAmm-Square.jpg","contentUrl":"https:\/\/www.cannamm.com\/wp-content\/uploads\/2021\/04\/CannAmm-Square.jpg","width":400,"height":400,"caption":"CannAmm Occupational Testing"},"image":{"@id":"https:\/\/www.cannamm.com\/fr\/#\/schema\/logo\/image\/"},"sameAs":["https:\/\/www.facebook.com\/CannAmm\/","https:\/\/x.com\/CannAmm","https:\/\/www.linkedin.com\/company\/2537762"]}]}},"_links":{"self":[{"href":"https:\/\/www.cannamm.com\/fr\/wp-json\/wp\/v2\/pages\/5971","targetHints":{"allow":["GET"]}}],"collection":[{"href":"https:\/\/www.cannamm.com\/fr\/wp-json\/wp\/v2\/pages"}],"about":[{"href":"https:\/\/www.cannamm.com\/fr\/wp-json\/wp\/v2\/types\/page"}],"author":[{"embeddable":true,"href":"https:\/\/www.cannamm.com\/fr\/wp-json\/wp\/v2\/users\/27"}],"replies":[{"embeddable":true,"href":"https:\/\/www.cannamm.com\/fr\/wp-json\/wp\/v2\/comments?post=5971"}],"version-history":[{"count":0,"href":"https:\/\/www.cannamm.com\/fr\/wp-json\/wp\/v2\/pages\/5971\/revisions"}],"up":[{"embeddable":true,"href":"https:\/\/www.cannamm.com\/fr\/wp-json\/wp\/v2\/pages\/5969"}],"wp:featuredmedia":[{"embeddable":true,"href":"https:\/\/www.cannamm.com\/fr\/wp-json\/wp\/v2\/media\/5970"}],"wp:attachment":[{"href":"https:\/\/www.cannamm.com\/fr\/wp-json\/wp\/v2\/media?parent=5971"}],"curies":[{"name":"wp","href":"https:\/\/api.w.org\/{rel}","templated":true}]}}