{"id":5969,"date":"2013-10-02T15:55:44","date_gmt":"2013-10-02T15:55:44","guid":{"rendered":"https:\/\/www.cannamm.com\/tests-de-depistage-de-drogue-et-dalcool\/"},"modified":"2023-01-13T16:00:02","modified_gmt":"2023-01-13T23:00:02","slug":"tests-de-depistage-de-drogue-et-dalcool","status":"publish","type":"page","link":"https:\/\/www.cannamm.com\/fr\/services\/tests-de-depistage-de-drogue-et-dalcool\/","title":{"rendered":"Tests de d\u00e9pistage de drogue et d\u2019alcool"},"content":{"rendered":"<p>&nbsp;<\/p>\n<blockquote>\n<p>Quand les r\u00e9sultats importent.<\/p>\n<\/blockquote>\n<p>Les tests de d\u00e9pistage de drogue et d&rsquo;alcool att\u00e9nuent le risque de dommage corporel et mat\u00e9riel, et aident les entreprises \u00e0 instaurer une solide culture de la s\u00e9curit\u00e9. Nous aidons \u00e0 assurer que votre personnel soit vigilant au travail gr\u00e2ce \u00e0 une palette \u00e9tendue de technologies de d\u00e9pistage de drogue et de services de d\u00e9pistage de drogue et d&rsquo;alcool, notamment <a href=\"https:\/\/www.cannamm.com\/fr\/services\/tests-de-depistage-de-drogue-et-dalcool\/les-raisons-du-depistage\/depistage-prealable-a-lembauche\/\">\u00a0des tests de d\u00e9pistage de drogue avant embauche <\/a>,\u00a0<a href=\"https:\/\/www.cannamm.com\/fr\/services\/tests-de-depistage-de-drogue-et-dalcool\/les-raisons-du-depistage\/depistage-de-drogue-et-dalcool-prealable-a-lacces\/\">des tests d&rsquo;acc\u00e8s sur site <\/a>et\u00a0<a title=\"Random Drug and Alcohol Testing\" href=\"https:\/\/www.cannamm.com\/fr\/services\/tests-de-depistage-de-drogue-et-dalcool\/les-raisons-du-depistage\/tests-aleatoires-de-depistage-de-drogue-et-dalcool\/\">des tests de d\u00e9pistage de drogue inopin\u00e9s<\/a>. Avec des milliers de sites de d\u00e9pistage au Canada et aux \u00c9tats-Unis, vous avez acc\u00e8s aux tests qu&rsquo;il vous faut, l\u00e0 o\u00f9 il vous les faut. CannAmm fut une des toutes premi\u00e8res entreprises de d\u00e9pistage au Canada \u00e0 proposer des programmes de d\u00e9pistage de drogue et d&rsquo;alcool en milieu professionnel hors agr\u00e9ment du minist\u00e8re des Transports am\u00e9ricains (DOT). Aujourd&rsquo;hui, nous sommes la plus importante entreprise d&rsquo;administration externe de tests de d\u00e9pistage de drogue au travail du Canada, avec la meilleure offre de sa cat\u00e9gorie de programmes conformes au DOT am\u00e9ricain ainsi que de programmes de d\u00e9pistage en milieu professionnel hors agr\u00e9ment du DOT destin\u00e9s \u00e0 aider les entreprises \u00e0 appliquer les pratiques exemplaires de l&rsquo;industrie. Forts d&rsquo;ann\u00e9es d&rsquo;exp\u00e9rience et de la pr\u00e9sence dans notre entreprise de nombreuses personnes parmi les plus comp\u00e9tentes du Canada en mati\u00e8re de d\u00e9pistage des drogues, nous livrons des r\u00e9sultats fiables. Nos services de d\u00e9pistage de drogue et d&rsquo;alcool comprennent :<\/p>\n<ul>\n<li><a href=\"https:\/\/www.cannamm.com\/fr\/services\/tests-de-depistage-de-drogue-et-dalcool\/test-de-depistage-de-drogue-dans-lurine\/\">D\u00e9pistage de drogue dans l&rsquo;urine<\/a><\/li>\n<li><a title=\"Oral Fluid\/Saliva Drug Testing\" href=\"https:\/\/www.cannamm.com\/fr\/services\/tests-de-depistage-de-drogue-et-dalcool\/tests-de-depistage-de-drogue-par-voie-oralesalivaire\/\">Tests de d\u00e9pistage de drogue par voie orale\/salivaire<\/a><\/li>\n<li><a title=\"Breath Alcohol Testing\" href=\"https:\/\/www.cannamm.com\/fr\/services\/tests-de-depistage-de-drogue-et-dalcool\/alcootest-analyse-dhaleine\/\">Alcootest<\/a><\/li>\n<li><a title=\"Emergency\/After Hours Testing\" href=\"https:\/\/www.cannamm.com\/fr\/services\/tests-de-depistage-de-drogue-et-dalcool\/tests-durgenceen-dehors-des-heures-de-travail\/\">Tests d&rsquo;urgence\/en dehors des heures de travail<\/a><\/li>\n<li><a title=\"Mobile Drug Testing\" href=\"https:\/\/www.cannamm.com\/fr\/services\/tests-de-depistage-de-drogue-et-dalcool\/tests-de-depistage-de-drogue-mobile\/\">D\u00e9pistage de drogue mobile<\/a><\/li>\n<\/ul>\n<p><strong>Rapide et fiable pour ne pas g\u00eaner votre activit\u00e9.<\/strong> Tous les r\u00e9sultats des tests sont contr\u00f4l\u00e9s par un m\u00e9decin examinateur qualifi\u00e9 et mis en ligne sur notre site de rapport s\u00e9curis\u00e9. Sauf dans de rares cas ou localisations de d\u00e9pistage tr\u00e8s \u00e9loign\u00e9es, les tests n\u00e9gatifs sont communiqu\u00e9s entre 6 \u00e0 72 heures apr\u00e8s la collecte dans le cas de tests de laboratoire, moins de 3 heures apr\u00e8s la collecte dans le cas de technologies de collecte expresses\/d\u00e9localis\u00e9es. Comme nous sommes aussi responsables de nos r\u00e9sultats, nous assurons un soutien int\u00e9gral en cas de r\u00e9sultats non n\u00e9gatifs ou si votre entreprise est confront\u00e9e \u00e0 une contestation li\u00e9e \u00e0 r\u00e9sultat de test. <strong>Quel que soit votre besoin, nous pouvons \u00eatre utiles.<\/strong> Quel que soit le test de d\u00e9pistage de drogue ou d&rsquo;alcool qu&rsquo;il vous faut, nous pouvons \u00eatre utiles. Nos syst\u00e8mes novateurs et \u00e9prouv\u00e9s nous permettent d&rsquo;adapter votre programme de d\u00e9pistage aux besoins de votre entreprise, notamment en veillant \u00e0 ne transmettre les r\u00e9sultats qu&rsquo;aux personnes concern\u00e9es des diff\u00e9rents sites et projets. Si vous avez besoin de faire tester 200 personnes pour d\u00e9marrer une t\u00e2che, nous garantissons une intervention rapide, efficace et fiable. <a href=\"https:\/\/www.cannamm.com\/fr\/contact\/\" class=\"slashes red\">Communiquez avec nous d\u00e8s aujourd&rsquo;hui pour savoir en quoi nous pouvons vous aider ou pour organiser des tests de d\u00e9pistage de drogue et d&rsquo;alcool.<\/a><\/p>\n<p>&nbsp;<\/p>\n","protected":false},"excerpt":{"rendered":"<p>&nbsp; Quand les r\u00e9sultats importent. Les tests de d\u00e9pistage de drogue et d&rsquo;alcool att\u00e9nuent le risque<\/p>\n","protected":false},"author":27,"featured_media":5970,"parent":5967,"menu_order":0,"comment_status":"closed","ping_status":"closed","template":"page-sidebar.php","meta":{"_acf_changed":false,"inline_featured_image":false,"iawp_total_views":184,"footnotes":""},"class_list":["post-5969","page","type-page","status-publish","has-post-thumbnail","hentry"],"acf":[],"yoast_head":"<!-- This site is optimized with the Yoast SEO plugin v27.5 - https:\/\/yoast.com\/product\/yoast-seo-wordpress\/ -->\n<title>Tests de d\u00e9pistage de drogue et d&#039;alcool - CannAmm<\/title>\n<meta name=\"description\" content=\"Nous sp\u00e9cialisons dans le d\u00e9pistage des drogues et de l&#039;alcool avant l&#039;emploi et les services de d\u00e9pistage des drogues au hasard. Appelez CannAmm aujourd&#039;hui.\" \/>\n<meta name=\"robots\" content=\"index, follow, max-snippet:-1, max-image-preview:large, max-video-preview:-1\" \/>\n<link rel=\"canonical\" href=\"https:\/\/www.cannamm.com\/fr\/services\/tests-de-depistage-de-drogue-et-dalcool\/\" \/>\n<meta property=\"og:locale\" content=\"fr_FR\" \/>\n<meta property=\"og:type\" content=\"article\" \/>\n<meta property=\"og:title\" content=\"Tests de d\u00e9pistage de drogue et d&#039;alcool - CannAmm\" \/>\n<meta property=\"og:description\" content=\"Nous sp\u00e9cialisons dans le d\u00e9pistage des drogues et de l&#039;alcool avant l&#039;emploi et les services de d\u00e9pistage des drogues au hasard. Appelez CannAmm aujourd&#039;hui.\" \/>\n<meta property=\"og:url\" content=\"https:\/\/www.cannamm.com\/fr\/services\/tests-de-depistage-de-drogue-et-dalcool\/\" \/>\n<meta property=\"og:site_name\" content=\"CannAmm Occupational Testing Services\" \/>\n<meta property=\"article:publisher\" content=\"https:\/\/www.facebook.com\/CannAmm\/\" \/>\n<meta property=\"article:modified_time\" content=\"2023-01-13T23:00:02+00:00\" \/>\n<meta property=\"og:image\" content=\"https:\/\/www.cannamm.com\/wp-content\/uploads\/2013\/12\/Hardhat.jpg\" \/>\n\t<meta property=\"og:image:width\" content=\"1440\" \/>\n\t<meta property=\"og:image:height\" content=\"677\" \/>\n\t<meta property=\"og:image:type\" content=\"image\/jpeg\" \/>\n<meta name=\"twitter:card\" content=\"summary_large_image\" \/>\n<meta name=\"twitter:site\" content=\"@CannAmm\" \/>\n<meta name=\"twitter:label1\" content=\"Dur\u00e9e de lecture estim\u00e9e\" \/>\n\t<meta name=\"twitter:data1\" content=\"3 minutes\" \/>\n<script type=\"application\/ld+json\" class=\"yoast-schema-graph\">{\"@context\":\"https:\\\/\\\/schema.org\",\"@graph\":[{\"@type\":\"WebPage\",\"@id\":\"https:\\\/\\\/www.cannamm.com\\\/fr\\\/services\\\/tests-de-depistage-de-drogue-et-dalcool\\\/\",\"url\":\"https:\\\/\\\/www.cannamm.com\\\/fr\\\/services\\\/tests-de-depistage-de-drogue-et-dalcool\\\/\",\"name\":\"Tests de d\u00e9pistage de drogue et d'alcool - CannAmm\",\"isPartOf\":{\"@id\":\"https:\\\/\\\/www.cannamm.com\\\/fr\\\/#website\"},\"primaryImageOfPage\":{\"@id\":\"https:\\\/\\\/www.cannamm.com\\\/fr\\\/services\\\/tests-de-depistage-de-drogue-et-dalcool\\\/#primaryimage\"},\"image\":{\"@id\":\"https:\\\/\\\/www.cannamm.com\\\/fr\\\/services\\\/tests-de-depistage-de-drogue-et-dalcool\\\/#primaryimage\"},\"thumbnailUrl\":\"https:\\\/\\\/www.cannamm.com\\\/wp-content\\\/uploads\\\/2013\\\/12\\\/Hardhat.jpg\",\"datePublished\":\"2013-10-02T15:55:44+00:00\",\"dateModified\":\"2023-01-13T23:00:02+00:00\",\"description\":\"Nous sp\u00e9cialisons dans le d\u00e9pistage des drogues et de l'alcool avant l'emploi et les services de d\u00e9pistage des drogues au hasard. Appelez CannAmm aujourd'hui.\",\"breadcrumb\":{\"@id\":\"https:\\\/\\\/www.cannamm.com\\\/fr\\\/services\\\/tests-de-depistage-de-drogue-et-dalcool\\\/#breadcrumb\"},\"inLanguage\":\"fr-FR\",\"potentialAction\":[{\"@type\":\"ReadAction\",\"target\":[\"https:\\\/\\\/www.cannamm.com\\\/fr\\\/services\\\/tests-de-depistage-de-drogue-et-dalcool\\\/\"]}]},{\"@type\":\"ImageObject\",\"inLanguage\":\"fr-FR\",\"@id\":\"https:\\\/\\\/www.cannamm.com\\\/fr\\\/services\\\/tests-de-depistage-de-drogue-et-dalcool\\\/#primaryimage\",\"url\":\"https:\\\/\\\/www.cannamm.com\\\/wp-content\\\/uploads\\\/2013\\\/12\\\/Hardhat.jpg\",\"contentUrl\":\"https:\\\/\\\/www.cannamm.com\\\/wp-content\\\/uploads\\\/2013\\\/12\\\/Hardhat.jpg\",\"width\":1440,\"height\":677},{\"@type\":\"BreadcrumbList\",\"@id\":\"https:\\\/\\\/www.cannamm.com\\\/fr\\\/services\\\/tests-de-depistage-de-drogue-et-dalcool\\\/#breadcrumb\",\"itemListElement\":[{\"@type\":\"ListItem\",\"position\":1,\"name\":\"Services\",\"item\":\"https:\\\/\\\/www.cannamm.com\\\/fr\\\/services\\\/\"},{\"@type\":\"ListItem\",\"position\":2,\"name\":\"Tests de d\u00e9pistage de drogue et d\u2019alcool\"}]},{\"@type\":\"WebSite\",\"@id\":\"https:\\\/\\\/www.cannamm.com\\\/fr\\\/#website\",\"url\":\"https:\\\/\\\/www.cannamm.com\\\/fr\\\/\",\"name\":\"CannAmm Occupational Testing Services\",\"description\":\"Occupational &amp; Employment Drug Testing Services Canada\",\"publisher\":{\"@id\":\"https:\\\/\\\/www.cannamm.com\\\/fr\\\/#organization\"},\"potentialAction\":[{\"@type\":\"SearchAction\",\"target\":{\"@type\":\"EntryPoint\",\"urlTemplate\":\"https:\\\/\\\/www.cannamm.com\\\/fr\\\/?s={search_term_string}\"},\"query-input\":{\"@type\":\"PropertyValueSpecification\",\"valueRequired\":true,\"valueName\":\"search_term_string\"}}],\"inLanguage\":\"fr-FR\"},{\"@type\":\"Organization\",\"@id\":\"https:\\\/\\\/www.cannamm.com\\\/fr\\\/#organization\",\"name\":\"CannAmm Occupational Testing\",\"url\":\"https:\\\/\\\/www.cannamm.com\\\/fr\\\/\",\"logo\":{\"@type\":\"ImageObject\",\"inLanguage\":\"fr-FR\",\"@id\":\"https:\\\/\\\/www.cannamm.com\\\/fr\\\/#\\\/schema\\\/logo\\\/image\\\/\",\"url\":\"https:\\\/\\\/www.cannamm.com\\\/wp-content\\\/uploads\\\/2021\\\/04\\\/CannAmm-Square.jpg\",\"contentUrl\":\"https:\\\/\\\/www.cannamm.com\\\/wp-content\\\/uploads\\\/2021\\\/04\\\/CannAmm-Square.jpg\",\"width\":400,\"height\":400,\"caption\":\"CannAmm Occupational Testing\"},\"image\":{\"@id\":\"https:\\\/\\\/www.cannamm.com\\\/fr\\\/#\\\/schema\\\/logo\\\/image\\\/\"},\"sameAs\":[\"https:\\\/\\\/www.facebook.com\\\/CannAmm\\\/\",\"https:\\\/\\\/x.com\\\/CannAmm\",\"https:\\\/\\\/www.linkedin.com\\\/company\\\/2537762\"]}]}<\/script>\n<!-- \/ Yoast SEO plugin. -->","yoast_head_json":{"title":"Tests de d\u00e9pistage de drogue et d'alcool - CannAmm","description":"Nous sp\u00e9cialisons dans le d\u00e9pistage des drogues et de l'alcool avant l'emploi et les services de d\u00e9pistage des drogues au hasard. Appelez CannAmm aujourd'hui.","robots":{"index":"index","follow":"follow","max-snippet":"max-snippet:-1","max-image-preview":"max-image-preview:large","max-video-preview":"max-video-preview:-1"},"canonical":"https:\/\/www.cannamm.com\/fr\/services\/tests-de-depistage-de-drogue-et-dalcool\/","og_locale":"fr_FR","og_type":"article","og_title":"Tests de d\u00e9pistage de drogue et d'alcool - CannAmm","og_description":"Nous sp\u00e9cialisons dans le d\u00e9pistage des drogues et de l'alcool avant l'emploi et les services de d\u00e9pistage des drogues au hasard. Appelez CannAmm aujourd'hui.","og_url":"https:\/\/www.cannamm.com\/fr\/services\/tests-de-depistage-de-drogue-et-dalcool\/","og_site_name":"CannAmm Occupational Testing Services","article_publisher":"https:\/\/www.facebook.com\/CannAmm\/","article_modified_time":"2023-01-13T23:00:02+00:00","og_image":[{"width":1440,"height":677,"url":"https:\/\/www.cannamm.com\/wp-content\/uploads\/2013\/12\/Hardhat.jpg","type":"image\/jpeg"}],"twitter_card":"summary_large_image","twitter_site":"@CannAmm","twitter_misc":{"Dur\u00e9e de lecture estim\u00e9e":"3 minutes"},"schema":{"@context":"https:\/\/schema.org","@graph":[{"@type":"WebPage","@id":"https:\/\/www.cannamm.com\/fr\/services\/tests-de-depistage-de-drogue-et-dalcool\/","url":"https:\/\/www.cannamm.com\/fr\/services\/tests-de-depistage-de-drogue-et-dalcool\/","name":"Tests de d\u00e9pistage de drogue et d'alcool - CannAmm","isPartOf":{"@id":"https:\/\/www.cannamm.com\/fr\/#website"},"primaryImageOfPage":{"@id":"https:\/\/www.cannamm.com\/fr\/services\/tests-de-depistage-de-drogue-et-dalcool\/#primaryimage"},"image":{"@id":"https:\/\/www.cannamm.com\/fr\/services\/tests-de-depistage-de-drogue-et-dalcool\/#primaryimage"},"thumbnailUrl":"https:\/\/www.cannamm.com\/wp-content\/uploads\/2013\/12\/Hardhat.jpg","datePublished":"2013-10-02T15:55:44+00:00","dateModified":"2023-01-13T23:00:02+00:00","description":"Nous sp\u00e9cialisons dans le d\u00e9pistage des drogues et de l'alcool avant l'emploi et les services de d\u00e9pistage des drogues au hasard. Appelez CannAmm aujourd'hui.","breadcrumb":{"@id":"https:\/\/www.cannamm.com\/fr\/services\/tests-de-depistage-de-drogue-et-dalcool\/#breadcrumb"},"inLanguage":"fr-FR","potentialAction":[{"@type":"ReadAction","target":["https:\/\/www.cannamm.com\/fr\/services\/tests-de-depistage-de-drogue-et-dalcool\/"]}]},{"@type":"ImageObject","inLanguage":"fr-FR","@id":"https:\/\/www.cannamm.com\/fr\/services\/tests-de-depistage-de-drogue-et-dalcool\/#primaryimage","url":"https:\/\/www.cannamm.com\/wp-content\/uploads\/2013\/12\/Hardhat.jpg","contentUrl":"https:\/\/www.cannamm.com\/wp-content\/uploads\/2013\/12\/Hardhat.jpg","width":1440,"height":677},{"@type":"BreadcrumbList","@id":"https:\/\/www.cannamm.com\/fr\/services\/tests-de-depistage-de-drogue-et-dalcool\/#breadcrumb","itemListElement":[{"@type":"ListItem","position":1,"name":"Services","item":"https:\/\/www.cannamm.com\/fr\/services\/"},{"@type":"ListItem","position":2,"name":"Tests de d\u00e9pistage de drogue et d\u2019alcool"}]},{"@type":"WebSite","@id":"https:\/\/www.cannamm.com\/fr\/#website","url":"https:\/\/www.cannamm.com\/fr\/","name":"CannAmm Occupational Testing Services","description":"Occupational &amp; Employment Drug Testing Services Canada","publisher":{"@id":"https:\/\/www.cannamm.com\/fr\/#organization"},"potentialAction":[{"@type":"SearchAction","target":{"@type":"EntryPoint","urlTemplate":"https:\/\/www.cannamm.com\/fr\/?s={search_term_string}"},"query-input":{"@type":"PropertyValueSpecification","valueRequired":true,"valueName":"search_term_string"}}],"inLanguage":"fr-FR"},{"@type":"Organization","@id":"https:\/\/www.cannamm.com\/fr\/#organization","name":"CannAmm Occupational Testing","url":"https:\/\/www.cannamm.com\/fr\/","logo":{"@type":"ImageObject","inLanguage":"fr-FR","@id":"https:\/\/www.cannamm.com\/fr\/#\/schema\/logo\/image\/","url":"https:\/\/www.cannamm.com\/wp-content\/uploads\/2021\/04\/CannAmm-Square.jpg","contentUrl":"https:\/\/www.cannamm.com\/wp-content\/uploads\/2021\/04\/CannAmm-Square.jpg","width":400,"height":400,"caption":"CannAmm Occupational Testing"},"image":{"@id":"https:\/\/www.cannamm.com\/fr\/#\/schema\/logo\/image\/"},"sameAs":["https:\/\/www.facebook.com\/CannAmm\/","https:\/\/x.com\/CannAmm","https:\/\/www.linkedin.com\/company\/2537762"]}]}},"_links":{"self":[{"href":"https:\/\/www.cannamm.com\/fr\/wp-json\/wp\/v2\/pages\/5969","targetHints":{"allow":["GET"]}}],"collection":[{"href":"https:\/\/www.cannamm.com\/fr\/wp-json\/wp\/v2\/pages"}],"about":[{"href":"https:\/\/www.cannamm.com\/fr\/wp-json\/wp\/v2\/types\/page"}],"author":[{"embeddable":true,"href":"https:\/\/www.cannamm.com\/fr\/wp-json\/wp\/v2\/users\/27"}],"replies":[{"embeddable":true,"href":"https:\/\/www.cannamm.com\/fr\/wp-json\/wp\/v2\/comments?post=5969"}],"version-history":[{"count":0,"href":"https:\/\/www.cannamm.com\/fr\/wp-json\/wp\/v2\/pages\/5969\/revisions"}],"up":[{"embeddable":true,"href":"https:\/\/www.cannamm.com\/fr\/wp-json\/wp\/v2\/pages\/5967"}],"wp:featuredmedia":[{"embeddable":true,"href":"https:\/\/www.cannamm.com\/fr\/wp-json\/wp\/v2\/media\/5970"}],"wp:attachment":[{"href":"https:\/\/www.cannamm.com\/fr\/wp-json\/wp\/v2\/media?parent=5969"}],"curies":[{"name":"wp","href":"https:\/\/api.w.org\/{rel}","templated":true}]}}