{"id":5965,"date":"2013-10-02T15:53:11","date_gmt":"2013-10-02T15:53:11","guid":{"rendered":"https:\/\/www.cannamm.com\/se-preparer-au-rendez-vous\/"},"modified":"2025-01-17T13:32:28","modified_gmt":"2025-01-17T20:32:28","slug":"se-preparer-au-rendez-vous","status":"publish","type":"page","link":"https:\/\/www.cannamm.com\/fr\/employes\/se-preparer-au-rendez-vous\/","title":{"rendered":"Se Pr\u00e9parer Au Rendez-Vous"},"content":{"rendered":"<p>&nbsp;<\/p>\n<blockquote>\n<p>Tout ce que vous avez besoin de savoir.<\/p>\n<\/blockquote>\n<p>Notre souhait est que votre rendez-vous pour un test de d\u00e9pistage de drogue ou de sant\u00e9 au travail se d\u00e9roule dans les meilleures conditions possibles. Si nous nous chargeons nous-m\u00eames de cet aspect, il vous reste quelques d\u00e9marches \u00e0 faire pour vous pr\u00e9parer au processus de d\u00e9pistage de drogue. Voici ce que vous devez savoir.<\/p>\n<h3>\u00a0Pour toutes les proc\u00e9dures de d\u00e9pistage de drogue :<\/h3>\n<ul>\n<li>Vous aurez besoin de photos d&rsquo;identit\u00e9.<\/li>\n<li>Vous serez test\u00e9 par des professionnels chevronn\u00e9s et respectueux qui comprennent parfaitement l&rsquo;importance de r\u00e9sultats fiables.<\/li>\n<li>Notre personnel est parfaitement form\u00e9 et applique des protocoles de d\u00e9pistage standardis\u00e9s &#8211; chaque personne nous visitant re\u00e7oit le m\u00eame traitement et passe par le m\u00eame processus.<\/li>\n<li>Il importe de bien \u00e9couter l&rsquo;agent collecteur certifi\u00e9 qui proc\u00e8de \u00e0 votre test &#8211; le d\u00e9faut de coop\u00e9ration pendant la collecte ou le processus de d\u00e9pistage constitue un refus de d\u00e9pistage<\/li>\n<li>Nous nous efforcerons d&rsquo;abr\u00e9ger le plus possible votre passage<\/li>\n<\/ul>\n<h3>\u00a0S&rsquo;il s&rsquo;agit d&rsquo;un \u00e9chantillon d&rsquo;urine :<\/h3>\n<ul>\n<li>Il vous faudra retirer vos v\u00eatements d&rsquo;ext\u00e9rieur, vider vos poches et en pr\u00e9senter le contenu. Il est pr\u00e9f\u00e9rable d&rsquo;apporter le moins possible de petits objets sur le site de collecte d&rsquo;\u00e9chantillons.<\/li>\n<li>Nous mettrons sous clef vos objets personnels et les articles ind\u00e9sirables (couteaux, briquets) jusqu&rsquo;\u00e0 la fin du processus.<\/li>\n<li>Vous devrez fournir un \u00e9chantillon d&rsquo;urine frais. L&rsquo;agent de collecte certifi\u00e9 v\u00e9rifiera :\n<ul>\n<li>Temp\u00e9rature anormale<\/li>\n<li>Volume anormal<\/li>\n<li>Couleur inhabituelle<\/li>\n<li>Odeur inhabituelle<\/li>\n<li>Pr\u00e9sence d&rsquo;objets ou de corps \u00e9trangers<\/li>\n<li>Signes de manipulation, falsification ou substitution<\/li>\n<\/ul>\n<\/li>\n<li>En pr\u00e9sence de l&rsquo;un des cas ci-dessus, vous devrez fournir un deuxi\u00e8me \u00e9chantillon d&rsquo;urine ou, \u00e9ventuellement, de proc\u00e9der \u00e0 une collecte contr\u00f4l\u00e9e.<\/li>\n<\/ul>\n<h3>Dans le cas de tests de sant\u00e9 au travail de type examens m\u00e9dicaux :<\/h3>\n<ul>\n<li>Vous serez tenu d&rsquo;apporter votre dossier d&rsquo;ant\u00e9c\u00e9dents m\u00e9dicaux.<\/li>\n<\/ul>\n<p>Notre objectif consiste \u00e0 vous assurer une exp\u00e9rience la plus agr\u00e9able possible tout en r\u00e9pondant aux strictes conditions des tests de d\u00e9pistage de drogue et de sant\u00e9 au travail et des protocoles qui vont avec. Merci de votre patience et votre compr\u00e9hension. Si vous avez des questions ou des pr\u00e9occupations, veuillez <a title=\"Contact\" href=\"https:\/\/www.cannamm.com\/fr\/contact\/\">nous contacter<\/a>.<\/p>\n<p>Pour r\u00e9server un rendez-vous, appelez-nous au 1.800.440.0023.<\/p>\n<ul>\n<li>Pour des tests apr\u00e8s accident ou de d\u00e9termination de cause raisonnable, faites le 3<\/li>\n<li>Pour tout autre rendez-vous \u00e0 un test de d\u00e9pistage de drogue ou d&rsquo;alcool, faites le 2<\/li>\n<li>Pour un examen m\u00e9dical ou un service de sant\u00e9 au travail en rapport, faites le 5<\/li>\n<li>Pour annuler, modifier ou reprogrammer votre rendez-vous, faites le 2<\/li>\n<\/ul>\n<p>&nbsp;<\/p>\n","protected":false},"excerpt":{"rendered":"<p>&nbsp; Tout ce que vous avez besoin de savoir. Notre souhait est que votre rendez-vous pour<\/p>\n","protected":false},"author":27,"featured_media":5964,"parent":5963,"menu_order":0,"comment_status":"closed","ping_status":"closed","template":"page-sidebar.php","meta":{"_acf_changed":false,"inline_featured_image":false,"iawp_total_views":3689,"footnotes":""},"class_list":["post-5965","page","type-page","status-publish","has-post-thumbnail","hentry"],"acf":[],"yoast_head":"<!-- This site is optimized with the Yoast SEO plugin v27.5 - https:\/\/yoast.com\/product\/yoast-seo-wordpress\/ -->\n<title>Se Pr\u00e9parer Au Rendez-Vous | CannAmm<\/title>\n<meta name=\"description\" content=\"D\u00e9couvrez ce que vous pouvez faire pour pr\u00e9parer les tests de d\u00e9pistage de drogues et de sant\u00e9 au travail afin qu&#039;ils se d\u00e9roulent sans probl\u00e8me.\" \/>\n<meta name=\"robots\" content=\"index, follow, max-snippet:-1, max-image-preview:large, max-video-preview:-1\" \/>\n<link rel=\"canonical\" href=\"https:\/\/www.cannamm.com\/fr\/employes\/se-preparer-au-rendez-vous\/\" \/>\n<meta property=\"og:locale\" content=\"fr_FR\" \/>\n<meta property=\"og:type\" content=\"article\" \/>\n<meta property=\"og:title\" content=\"Se Pr\u00e9parer Au Rendez-Vous | CannAmm\" \/>\n<meta property=\"og:description\" content=\"D\u00e9couvrez ce que vous pouvez faire pour pr\u00e9parer les tests de d\u00e9pistage de drogues et de sant\u00e9 au travail afin qu&#039;ils se d\u00e9roulent sans probl\u00e8me.\" \/>\n<meta property=\"og:url\" content=\"https:\/\/www.cannamm.com\/fr\/employes\/se-preparer-au-rendez-vous\/\" \/>\n<meta property=\"og:site_name\" content=\"CannAmm Occupational Testing Services\" \/>\n<meta property=\"article:publisher\" content=\"https:\/\/www.facebook.com\/CannAmm\/\" \/>\n<meta property=\"article:modified_time\" content=\"2025-01-17T20:32:28+00:00\" \/>\n<meta property=\"og:image\" content=\"https:\/\/www.cannamm.com\/wp-content\/uploads\/2013\/12\/Silhouette_Construction.jpg\" \/>\n\t<meta property=\"og:image:width\" content=\"1440\" \/>\n\t<meta property=\"og:image:height\" content=\"721\" \/>\n\t<meta property=\"og:image:type\" content=\"image\/jpeg\" \/>\n<meta name=\"twitter:card\" content=\"summary_large_image\" \/>\n<meta name=\"twitter:site\" content=\"@CannAmm\" \/>\n<meta name=\"twitter:label1\" content=\"Dur\u00e9e de lecture estim\u00e9e\" \/>\n\t<meta name=\"twitter:data1\" content=\"2 minutes\" \/>\n<script type=\"application\/ld+json\" class=\"yoast-schema-graph\">{\"@context\":\"https:\\\/\\\/schema.org\",\"@graph\":[{\"@type\":\"WebPage\",\"@id\":\"https:\\\/\\\/www.cannamm.com\\\/fr\\\/employes\\\/se-preparer-au-rendez-vous\\\/\",\"url\":\"https:\\\/\\\/www.cannamm.com\\\/fr\\\/employes\\\/se-preparer-au-rendez-vous\\\/\",\"name\":\"Se Pr\u00e9parer Au Rendez-Vous | CannAmm\",\"isPartOf\":{\"@id\":\"https:\\\/\\\/www.cannamm.com\\\/fr\\\/#website\"},\"primaryImageOfPage\":{\"@id\":\"https:\\\/\\\/www.cannamm.com\\\/fr\\\/employes\\\/se-preparer-au-rendez-vous\\\/#primaryimage\"},\"image\":{\"@id\":\"https:\\\/\\\/www.cannamm.com\\\/fr\\\/employes\\\/se-preparer-au-rendez-vous\\\/#primaryimage\"},\"thumbnailUrl\":\"https:\\\/\\\/www.cannamm.com\\\/wp-content\\\/uploads\\\/2013\\\/12\\\/Silhouette_Construction.jpg\",\"datePublished\":\"2013-10-02T15:53:11+00:00\",\"dateModified\":\"2025-01-17T20:32:28+00:00\",\"description\":\"D\u00e9couvrez ce que vous pouvez faire pour pr\u00e9parer les tests de d\u00e9pistage de drogues et de sant\u00e9 au travail afin qu'ils se d\u00e9roulent sans probl\u00e8me.\",\"breadcrumb\":{\"@id\":\"https:\\\/\\\/www.cannamm.com\\\/fr\\\/employes\\\/se-preparer-au-rendez-vous\\\/#breadcrumb\"},\"inLanguage\":\"fr-FR\",\"potentialAction\":[{\"@type\":\"ReadAction\",\"target\":[\"https:\\\/\\\/www.cannamm.com\\\/fr\\\/employes\\\/se-preparer-au-rendez-vous\\\/\"]}]},{\"@type\":\"ImageObject\",\"inLanguage\":\"fr-FR\",\"@id\":\"https:\\\/\\\/www.cannamm.com\\\/fr\\\/employes\\\/se-preparer-au-rendez-vous\\\/#primaryimage\",\"url\":\"https:\\\/\\\/www.cannamm.com\\\/wp-content\\\/uploads\\\/2013\\\/12\\\/Silhouette_Construction.jpg\",\"contentUrl\":\"https:\\\/\\\/www.cannamm.com\\\/wp-content\\\/uploads\\\/2013\\\/12\\\/Silhouette_Construction.jpg\",\"width\":1440,\"height\":721},{\"@type\":\"BreadcrumbList\",\"@id\":\"https:\\\/\\\/www.cannamm.com\\\/fr\\\/employes\\\/se-preparer-au-rendez-vous\\\/#breadcrumb\",\"itemListElement\":[{\"@type\":\"ListItem\",\"position\":1,\"name\":\"Employ\u00e9s\",\"item\":\"https:\\\/\\\/www.cannamm.com\\\/fr\\\/employes\\\/\"},{\"@type\":\"ListItem\",\"position\":2,\"name\":\"Se Pr\u00e9parer Au Rendez-Vous\"}]},{\"@type\":\"WebSite\",\"@id\":\"https:\\\/\\\/www.cannamm.com\\\/fr\\\/#website\",\"url\":\"https:\\\/\\\/www.cannamm.com\\\/fr\\\/\",\"name\":\"CannAmm Occupational Testing Services\",\"description\":\"Occupational &amp; Employment Drug Testing Services Canada\",\"publisher\":{\"@id\":\"https:\\\/\\\/www.cannamm.com\\\/fr\\\/#organization\"},\"potentialAction\":[{\"@type\":\"SearchAction\",\"target\":{\"@type\":\"EntryPoint\",\"urlTemplate\":\"https:\\\/\\\/www.cannamm.com\\\/fr\\\/?s={search_term_string}\"},\"query-input\":{\"@type\":\"PropertyValueSpecification\",\"valueRequired\":true,\"valueName\":\"search_term_string\"}}],\"inLanguage\":\"fr-FR\"},{\"@type\":\"Organization\",\"@id\":\"https:\\\/\\\/www.cannamm.com\\\/fr\\\/#organization\",\"name\":\"CannAmm Occupational Testing\",\"url\":\"https:\\\/\\\/www.cannamm.com\\\/fr\\\/\",\"logo\":{\"@type\":\"ImageObject\",\"inLanguage\":\"fr-FR\",\"@id\":\"https:\\\/\\\/www.cannamm.com\\\/fr\\\/#\\\/schema\\\/logo\\\/image\\\/\",\"url\":\"https:\\\/\\\/www.cannamm.com\\\/wp-content\\\/uploads\\\/2021\\\/04\\\/CannAmm-Square.jpg\",\"contentUrl\":\"https:\\\/\\\/www.cannamm.com\\\/wp-content\\\/uploads\\\/2021\\\/04\\\/CannAmm-Square.jpg\",\"width\":400,\"height\":400,\"caption\":\"CannAmm Occupational Testing\"},\"image\":{\"@id\":\"https:\\\/\\\/www.cannamm.com\\\/fr\\\/#\\\/schema\\\/logo\\\/image\\\/\"},\"sameAs\":[\"https:\\\/\\\/www.facebook.com\\\/CannAmm\\\/\",\"https:\\\/\\\/x.com\\\/CannAmm\",\"https:\\\/\\\/www.linkedin.com\\\/company\\\/2537762\"]}]}<\/script>\n<!-- \/ Yoast SEO plugin. -->","yoast_head_json":{"title":"Se Pr\u00e9parer Au Rendez-Vous | CannAmm","description":"D\u00e9couvrez ce que vous pouvez faire pour pr\u00e9parer les tests de d\u00e9pistage de drogues et de sant\u00e9 au travail afin qu'ils se d\u00e9roulent sans probl\u00e8me.","robots":{"index":"index","follow":"follow","max-snippet":"max-snippet:-1","max-image-preview":"max-image-preview:large","max-video-preview":"max-video-preview:-1"},"canonical":"https:\/\/www.cannamm.com\/fr\/employes\/se-preparer-au-rendez-vous\/","og_locale":"fr_FR","og_type":"article","og_title":"Se Pr\u00e9parer Au Rendez-Vous | CannAmm","og_description":"D\u00e9couvrez ce que vous pouvez faire pour pr\u00e9parer les tests de d\u00e9pistage de drogues et de sant\u00e9 au travail afin qu'ils se d\u00e9roulent sans probl\u00e8me.","og_url":"https:\/\/www.cannamm.com\/fr\/employes\/se-preparer-au-rendez-vous\/","og_site_name":"CannAmm Occupational Testing Services","article_publisher":"https:\/\/www.facebook.com\/CannAmm\/","article_modified_time":"2025-01-17T20:32:28+00:00","og_image":[{"width":1440,"height":721,"url":"https:\/\/www.cannamm.com\/wp-content\/uploads\/2013\/12\/Silhouette_Construction.jpg","type":"image\/jpeg"}],"twitter_card":"summary_large_image","twitter_site":"@CannAmm","twitter_misc":{"Dur\u00e9e de lecture estim\u00e9e":"2 minutes"},"schema":{"@context":"https:\/\/schema.org","@graph":[{"@type":"WebPage","@id":"https:\/\/www.cannamm.com\/fr\/employes\/se-preparer-au-rendez-vous\/","url":"https:\/\/www.cannamm.com\/fr\/employes\/se-preparer-au-rendez-vous\/","name":"Se Pr\u00e9parer Au Rendez-Vous | CannAmm","isPartOf":{"@id":"https:\/\/www.cannamm.com\/fr\/#website"},"primaryImageOfPage":{"@id":"https:\/\/www.cannamm.com\/fr\/employes\/se-preparer-au-rendez-vous\/#primaryimage"},"image":{"@id":"https:\/\/www.cannamm.com\/fr\/employes\/se-preparer-au-rendez-vous\/#primaryimage"},"thumbnailUrl":"https:\/\/www.cannamm.com\/wp-content\/uploads\/2013\/12\/Silhouette_Construction.jpg","datePublished":"2013-10-02T15:53:11+00:00","dateModified":"2025-01-17T20:32:28+00:00","description":"D\u00e9couvrez ce que vous pouvez faire pour pr\u00e9parer les tests de d\u00e9pistage de drogues et de sant\u00e9 au travail afin qu'ils se d\u00e9roulent sans probl\u00e8me.","breadcrumb":{"@id":"https:\/\/www.cannamm.com\/fr\/employes\/se-preparer-au-rendez-vous\/#breadcrumb"},"inLanguage":"fr-FR","potentialAction":[{"@type":"ReadAction","target":["https:\/\/www.cannamm.com\/fr\/employes\/se-preparer-au-rendez-vous\/"]}]},{"@type":"ImageObject","inLanguage":"fr-FR","@id":"https:\/\/www.cannamm.com\/fr\/employes\/se-preparer-au-rendez-vous\/#primaryimage","url":"https:\/\/www.cannamm.com\/wp-content\/uploads\/2013\/12\/Silhouette_Construction.jpg","contentUrl":"https:\/\/www.cannamm.com\/wp-content\/uploads\/2013\/12\/Silhouette_Construction.jpg","width":1440,"height":721},{"@type":"BreadcrumbList","@id":"https:\/\/www.cannamm.com\/fr\/employes\/se-preparer-au-rendez-vous\/#breadcrumb","itemListElement":[{"@type":"ListItem","position":1,"name":"Employ\u00e9s","item":"https:\/\/www.cannamm.com\/fr\/employes\/"},{"@type":"ListItem","position":2,"name":"Se Pr\u00e9parer Au Rendez-Vous"}]},{"@type":"WebSite","@id":"https:\/\/www.cannamm.com\/fr\/#website","url":"https:\/\/www.cannamm.com\/fr\/","name":"CannAmm Occupational Testing Services","description":"Occupational &amp; Employment Drug Testing Services Canada","publisher":{"@id":"https:\/\/www.cannamm.com\/fr\/#organization"},"potentialAction":[{"@type":"SearchAction","target":{"@type":"EntryPoint","urlTemplate":"https:\/\/www.cannamm.com\/fr\/?s={search_term_string}"},"query-input":{"@type":"PropertyValueSpecification","valueRequired":true,"valueName":"search_term_string"}}],"inLanguage":"fr-FR"},{"@type":"Organization","@id":"https:\/\/www.cannamm.com\/fr\/#organization","name":"CannAmm Occupational Testing","url":"https:\/\/www.cannamm.com\/fr\/","logo":{"@type":"ImageObject","inLanguage":"fr-FR","@id":"https:\/\/www.cannamm.com\/fr\/#\/schema\/logo\/image\/","url":"https:\/\/www.cannamm.com\/wp-content\/uploads\/2021\/04\/CannAmm-Square.jpg","contentUrl":"https:\/\/www.cannamm.com\/wp-content\/uploads\/2021\/04\/CannAmm-Square.jpg","width":400,"height":400,"caption":"CannAmm Occupational Testing"},"image":{"@id":"https:\/\/www.cannamm.com\/fr\/#\/schema\/logo\/image\/"},"sameAs":["https:\/\/www.facebook.com\/CannAmm\/","https:\/\/x.com\/CannAmm","https:\/\/www.linkedin.com\/company\/2537762"]}]}},"_links":{"self":[{"href":"https:\/\/www.cannamm.com\/fr\/wp-json\/wp\/v2\/pages\/5965","targetHints":{"allow":["GET"]}}],"collection":[{"href":"https:\/\/www.cannamm.com\/fr\/wp-json\/wp\/v2\/pages"}],"about":[{"href":"https:\/\/www.cannamm.com\/fr\/wp-json\/wp\/v2\/types\/page"}],"author":[{"embeddable":true,"href":"https:\/\/www.cannamm.com\/fr\/wp-json\/wp\/v2\/users\/27"}],"replies":[{"embeddable":true,"href":"https:\/\/www.cannamm.com\/fr\/wp-json\/wp\/v2\/comments?post=5965"}],"version-history":[{"count":0,"href":"https:\/\/www.cannamm.com\/fr\/wp-json\/wp\/v2\/pages\/5965\/revisions"}],"up":[{"embeddable":true,"href":"https:\/\/www.cannamm.com\/fr\/wp-json\/wp\/v2\/pages\/5963"}],"wp:featuredmedia":[{"embeddable":true,"href":"https:\/\/www.cannamm.com\/fr\/wp-json\/wp\/v2\/media\/5964"}],"wp:attachment":[{"href":"https:\/\/www.cannamm.com\/fr\/wp-json\/wp\/v2\/media?parent=5965"}],"curies":[{"name":"wp","href":"https:\/\/api.w.org\/{rel}","templated":true}]}}